{"id":11311,"date":"2024-09-11T16:35:29","date_gmt":"2024-09-11T14:35:29","guid":{"rendered":"https:\/\/arvier.eu\/?page_id=11311"},"modified":"2025-05-19T12:04:43","modified_gmt":"2025-05-19T10:04:43","slug":"wp08_mfa","status":"publish","type":"page","link":"https:\/\/arvier.eu\/fr\/attuazione-misure-pnrr\/il-progetto-agile-arvier-la-cultura-del-cambiamento\/wp08_mfa\/","title":{"rendered":"WP08 &#8211; Museo del Futuro Alpino (Castello La Mothe di Arvier)"},"content":{"rendered":"\n<h2 class=\"wp-block-heading\" id=\"block-e3c6884e-3502-496c-b560-a39b9747b135\"><strong>Museo del Futuro Alpino: un faro per l&rsquo;innovazione e la sostenibilit\u00e0 alpina<\/strong><\/h2>\n\n\n\n<p id=\"block-e3c6884e-3502-496c-b560-a39b9747b135\">Il Museo del Futuro Alpino, situato presso il Castello La Mothe ad Arvier, si pone l&rsquo;obiettivo di diventare un punto di riferimento per la promozione della cultura del cambiamento e dell&rsquo;adattamento alle sfide climatiche e ambientali nel contesto alpino. Attraverso tecnologie multimediali e innovative, il museo offrir\u00e0 uno spazio espositivo dinamico e interattivo, dove saranno esplorati i temi della sostenibilit\u00e0, delle trasformazioni del territorio alpino e delle soluzioni innovative sperimentate nei borghi alpini e nell&rsquo;area dell&rsquo;EUSALP.<br><\/p>\n\n\n\n<hr class=\"wp-block-separator has-alpha-channel-opacity\"\/>\n\n\n\n<h2 class=\"wp-block-heading\"><strong>Descrizione dell&rsquo;intervento<\/strong><\/h2>\n\n\n\n<p>Il progetto prevede il restauro e la valorizzazione del Castello La Mothe, con l&rsquo;obiettivo di creare un ambiente espositivo multimediale in grado di ospitare mostre temporanee interattive e digitali. Sar\u00e0 un luogo dove la comunit\u00e0 potr\u00e0 non solo apprendere, ma anche partecipare attivamente alla costruzione di un futuro pi\u00f9 sostenibile. L\u2019intervento mira a rendere visibile e accessibile il lavoro svolto nei vari laboratori locali, con un focus sulle sfide prioritarie del cambiamento climatico e sulle possibili soluzioni applicabili al contesto alpino.<\/p>\n\n\n\n<figure class=\"wp-block-image size-large\"><img loading=\"lazy\" decoding=\"async\" width=\"1024\" height=\"643\" src=\"https:\/\/arvier.eu\/wp-content\/uploads\/2024\/09\/image-1-3-1024x643.jpg\" alt=\"\" class=\"wp-image-11337\" srcset=\"https:\/\/arvier.eu\/wp-content\/uploads\/2024\/09\/image-1-3-1024x643.jpg 1024w, https:\/\/arvier.eu\/wp-content\/uploads\/2024\/09\/image-1-3-300x189.jpg 300w, https:\/\/arvier.eu\/wp-content\/uploads\/2024\/09\/image-1-3-768x483.jpg 768w, https:\/\/arvier.eu\/wp-content\/uploads\/2024\/09\/image-1-3-1536x965.jpg 1536w, https:\/\/arvier.eu\/wp-content\/uploads\/2024\/09\/image-1-3.jpg 1687w\" sizes=\"auto, (max-width: 1024px) 100vw, 1024px\" \/><\/figure>\n\n\n\n<hr class=\"wp-block-separator has-alpha-channel-opacity\"\/>\n\n\n\n<h2 class=\"wp-block-heading\" id=\"block-63f40cc8-3286-47cc-9a64-fe76ac79fb01\"><strong>Obiettivi Specifici<\/strong> dell&rsquo;intervento<\/h2>\n\n\n\n<ul class=\"wp-block-list\">\n<li><strong>Conservazione del patrimonio<\/strong>: Restauro e conservazione del Castello La Mothe, con l\u2019obiettivo di preservare il patrimonio storico e culturale del territorio.<\/li>\n\n\n\n<li><strong>Valorizzazione del territorio<\/strong>: Attraverso mostre ed eventi, il museo diventer\u00e0 un punto di riferimento per la promozione del cambiamento sostenibile e la sensibilizzazione alle sfide ambientali globali e locali.<\/li>\n\n\n\n<li><strong>Innovazione educativa<\/strong>: Creazione di spazi educativi immersivi che coinvolgono la comunit\u00e0 e i visitatori in esperienze di apprendimento attivo attraverso tecnologie innovative.<\/li>\n<\/ul>\n\n\n\n<hr class=\"wp-block-separator has-alpha-channel-opacity\"\/>\n\n\n\n<h2 class=\"wp-block-heading\" id=\"block-344654d6-a387-4aa7-ad7e-a370fb7f951d\">Risultati attesi<\/h2>\n\n\n\n<ul class=\"wp-block-list\">\n<li><strong>Crescita della coesione sociale<\/strong>: Grazie al coinvolgimento della comunit\u00e0, il museo sar\u00e0 un punto di incontro e collaborazione, favorendo la partecipazione attiva di cittadini, esperti e studenti.<\/li>\n\n\n\n<li><strong>Impatto duraturo sul territorio<\/strong>: Il museo contribuir\u00e0 a diffondere una cultura dell\u2019innovazione e della sostenibilit\u00e0, offrendo spunti concreti per affrontare le sfide ambientali future.<\/li>\n\n\n\n<li><strong>Promozione dell&rsquo;identit\u00e0 alpina<\/strong>: L&rsquo;identit\u00e0 culturale e ambientale del territorio alpino sar\u00e0 valorizzata e promossa attraverso eventi e workshop legati al museo .<\/li>\n<\/ul>\n\n\n\n<hr class=\"wp-block-separator has-alpha-channel-opacity\"\/>\n\n\n\n<h2 class=\"wp-block-heading\">Attivit\u00e0 previste<\/h2>\n\n\n\n<ul class=\"wp-block-list\">\n<li><strong>Restauro del Castello La Mothe<\/strong>:\n<ul class=\"wp-block-list\">\n<li>Realizzazione di un percorso accessibile anche a persone diversamente abili, con la possibilit\u00e0 di installare un ascensore verticale.<\/li>\n\n\n\n<li>Riqualificazione degli spazi esistenti con interventi architettonici volti a recuperare la struttura storica del castello.<\/li>\n<\/ul>\n<\/li>\n<\/ul>\n\n\n\n<ul class=\"wp-block-list\">\n<li><strong>Creazione di ambienti multimediali<\/strong>\n<ul class=\"wp-block-list\">\n<li>Installazione di tecnologie per esposizioni temporanee interattive e digitali.<\/li>\n\n\n\n<li>Implementazione di sistemi per la visualizzazione dei dati e per la presentazione di soluzioni innovative legate alla sostenibilit\u00e0 e ai cambiamenti climatici, anche grazie alle collaborazioni attivate con i Partner di Progetto.<\/li>\n<\/ul>\n<\/li>\n<\/ul>\n\n\n\n<h2 class=\"wp-block-heading\">Piano finanziario<\/h2>\n\n\n\n<p><strong>PNRR: \u20ac 6.485.125,82<\/strong><\/p>\n\n\n\n<figure class=\"wp-block-table\"><table class=\"has-fixed-layout\"><tbody><tr><td><strong>Tipologia di spesa<\/strong><\/td><td><strong>Importo<\/strong><\/td><\/tr><tr><td><strong>Lavori<\/strong><\/td><td>4.765.000,00 \u20ac<\/td><\/tr><tr><td><strong>Progettazione e studi<\/strong><\/td><td>1.497.022,11 \u20ac<\/td><\/tr><tr><td><strong>Incentivi per funzioni tecniche<\/strong><\/td><td>105.874,41 \u20ac<\/td><\/tr><tr><td><strong>Imprevisti\/Accantonamenti<\/strong><\/td><td>85.400,00 \u20ac<\/td><\/tr><tr><td><strong>Altre somme a disposizione<\/strong><\/td><td>31.829,30 \u20ac<\/td><\/tr><tr><td><strong>Totale<\/strong><\/td><td>6.485.125,82 \u20ac<\/td><\/tr><\/tbody><\/table><\/figure>\n\n\n\n<hr class=\"wp-block-separator has-alpha-channel-opacity\"\/>\n\n\n\n<h2 class=\"wp-block-heading\">Stato di avanzamento:<\/h2>\n\n\n\n<p><strong><em>PFTE in verifica<\/em><\/strong><\/p>\n\n\n\n<p>Impegni\/Prenotazioni di spesa al 30\/04\/2024: 1.266.968,26\u20ac<br>Spesa sostenuta al 30\/04\/2024: 39.115,71 \u20ac<\/p>\n\n\n\n<h2 class=\"wp-block-heading\">Contratti in essere<\/h2>\n\n\n\n<div class=\"wp-block-group\"><div class=\"wp-block-group__inner-container is-layout-constrained wp-block-group-is-layout-constrained\">\n<hr class=\"wp-block-separator has-alpha-channel-opacity is-style-dots\"\/>\n<\/div><\/div>\n\n\n\n<p><strong>Contratto:<\/strong> SUPPORTO LEGALE AL RESPONSABILE UNICO DEL PROGETTO \u2013 AZIONE 06A \/ AZIONE 08<br><strong>CIG:<\/strong>&nbsp;A007729657<br><strong>Stato:<\/strong>&nbsp;In corso<br><strong>Procedura:<\/strong>&nbsp;Affidamento diretto<br><strong>Affidatario:<\/strong>&nbsp;STUDIO LEGALE ROULLET-SCALISE AVVOCATI<br><strong>Link alla BNCP:<\/strong>&nbsp;<a href=\"https:\/\/arvier.eu\/wp-admin\/Link%20alla%20BNCP\"><\/a><a href=\"https:\/\/dati.anticorruzione.it\/superset\/dashboard\/dettaglio_cig\/?cig=A007729657\">Dettaglio Appalto<\/a><br><strong>Valore base d&rsquo;asta:<\/strong>&nbsp;110.000,00 \u20ac<br><strong>Importo di Aggiudicazione:<\/strong>&nbsp;101.101,52 \u20ac<br><strong>Stato avanzamento spese<\/strong>:&nbsp;5.092,70 \u20ac<br><strong>Documentazione:<\/strong> <a href=\"https:\/\/arvier.eu\/wp-content\/uploads\/2024\/09\/2-WP6-CIG-A00772965-Det-a-contrarre-n.-149-del-25.0.23-1.pdf\">Determina di affidamento n. 149 del 25\/09\/2023<\/a><br><strong>Pagamenti\/Liquidazioni:<\/strong>&nbsp;<a href=\"https:\/\/arvier.eu\/wp-content\/uploads\/2024\/09\/WP06A_CIGA007729657_Liquidazioni.zip\">Atti di liquidazione<\/a><\/p>\n\n\n\n<hr class=\"wp-block-separator has-alpha-channel-opacity is-style-dots\"\/>\n\n\n\n<p><strong>Contratto<\/strong>: SUPPORTO AL RESPONSABILE UNICO DEL PROCEDIMENTO<br><strong>CIG<\/strong>:&nbsp;9786250CF7<br><strong>Stato:<\/strong>&nbsp;Chiuso<br><strong>Procedura:<\/strong>&nbsp;Affidamento diretto<br><strong>Affidatario:<\/strong>&nbsp;MARCHISIO ANDREA<br><strong>Link alla BNCP:<\/strong>&nbsp;<a href=\"https:\/\/dati.anticorruzione.it\/superset\/dashboard\/dettaglio_cig\/?cig=9786250CF7&amp;standalone=2\" target=\"_blank\" rel=\"noreferrer noopener\">Dettaglio appalto<\/a><br><strong>Valore base d&rsquo;asta:<\/strong>&nbsp;19.612,54 \u20ac<br><strong>Importo di Aggiudicazione:<\/strong>&nbsp;19.604,00 \u20ac<br><strong>Stato avanzamento spese:<\/strong>&nbsp;15.354,64 \u20ac<br><strong>Documentazione:<\/strong> <a href=\"https:\/\/arvier.eu\/wp-content\/uploads\/2024\/09\/CIG_9786250CF7_Atti_amm.zip\" target=\"_blank\" rel=\"noreferrer noopener\">Atti amministrativi<\/a><br><strong>Pagamenti\/Liquidazioni:<\/strong> <a href=\"https:\/\/arvier.eu\/wp-content\/uploads\/2024\/09\/CIG_9786250CF7_Spese.zip\" target=\"_blank\" rel=\"noreferrer noopener\">Spese sostenute<\/a><\/p>\n\n\n\n<hr class=\"wp-block-separator has-alpha-channel-opacity is-style-dots\"\/>\n\n\n\n<p><strong>Contratto:<\/strong> SERVIZI ATTINENTI ALL&rsquo;ARCHITETTURA E ALL&rsquo;INGEGNERIA RELATIVI AI LAVORI DI RESTAURO DEL CASTELLO LA MOTHE SITO NEL COMUNE DI ARVIER, CLASSIFICATO QUALE \u2018BENE CULTURALE&rsquo; AI SENSI DEL D.LGS. 42\/2004 (PFTE, PE, DL, CSP e CSE)<br><strong>CIG:<\/strong>&nbsp;B13A05AB83<br><strong>Stato: <\/strong>Appalto aggiudicato<br><strong>Procedura: <\/strong>Procedura aperta<br><strong>Affidatario:<\/strong> RTP ACALE SRL, ACALE STUDIO ASSOCIATO, S.I.T.E.C. ENGINEERING S.R.L., Dott. Geol. Dario Mori, RELEVO SRL, Arch. Alessandro Moriconi<br>Link alla BNCP:&nbsp;<a href=\"https:\/\/dati.anticorruzione.it\/superset\/dashboard\/dettaglio_cig\/?cig=B13A05AB83&amp;standalone=2\" target=\"_blank\" rel=\"noreferrer noopener\">Link alla BNCP<\/a><br>Valore base d&rsquo;asta: 907.709,04 \u20ac<br>Importo di Aggiudicazione: 647.412,67 euro oltre Oneri di Legge (5%) e IVA 22%<br>Pagamenti\/Liquidazioni:&nbsp;0,00 \u20ac<br>Documentazione di gara: <a href=\"https:\/\/place-vda.aflink.it\/portalegare\/index.php\/bandi?getdettaglio=yes&amp;bando=469879&amp;tipobando=Bando&amp;RicQ=NO&amp;VisQ=SI&amp;tipoDoc=BANDO_GARA_PORTALE&amp;xslt=XSLT_BANDO_GARA_PORTALE&amp;scadenzaBando=2024-05-23T12:00:00&amp;jk=\" target=\"_blank\" rel=\"noreferrer noopener\">Link alla sezione Bandi e Avvisi di PlaCe-VdA<\/a><br>Esiti e pubblicazioni: <a href=\"https:\/\/place-vda.aflink.it\/portalegare\/index.php\/bandi?getdettaglio=yes&amp;bando=469879&amp;tipobando=Esito&amp;RicQ=NO&amp;VisQ=SI&amp;tipoDoc=BANDO_GARA_PORTALE&amp;xslt=XSLT_BANDO_GARA_PORTALE&amp;scadenzaBando=2024-05-23T12:00:00&amp;jk=\" target=\"_blank\" rel=\"noreferrer noopener\">Link alla sezione &lsquo;Esiti e pubblicazioni&rsquo; di PlaCe-VdA<\/a><br>Verbali di gara: <a href=\"https:\/\/place-vda.aflink.it\/portalegare\/index.php\/bandi?getdettaglio=yes&amp;bando=469879&amp;tipobando=Esito&amp;RicQ=NO&amp;VisQ=SI&amp;tipoDoc=BANDO_GARA_PORTALE&amp;xslt=XSLT_BANDO_GARA_PORTALE&amp;scadenzaBando=2024-05-23T12:00:00&amp;jk=\" target=\"_blank\" rel=\"noreferrer noopener\">Link a PlaCe-VdA &#8211; Sezione Bandi e Avvisi<\/a><br><br><strong>Obblighi di trasparenza ex art. 15 c.1 del dlgs n. 33\/2013 e art. 28 c.2 del dlgs n. 36\/2023<\/strong><br>Commissione giudicatrice (CV): <a href=\"https:\/\/place-vda.aflink.it\/portale\/index.php\/bandi?getdettaglio=yes&amp;bando=469879&amp;tipobando=Esito&amp;RicQ=NO&amp;VisQ=SI&amp;tipoDoc=BANDO_GARA_PORTALE&amp;xslt=XSLT_BANDO_GARA_PORTALE&amp;scadenzaBando=2024-05-23T12:00:00&amp;jk=\"><\/a><a href=\"https:\/\/place-vda.aflink.it\/portalegare\/index.php\/bandi?getdettaglio=yes&amp;bando=469879&amp;tipobando=Esito&amp;RicQ=NO&amp;VisQ=SI&amp;tipoDoc=BANDO_GARA_PORTALE&amp;xslt=XSLT_BANDO_GARA_PORTALE&amp;scadenzaBando=2024-05-23T12:00:00&amp;jk=\" target=\"_blank\" rel=\"noreferrer noopener\">Link a PlaCe-VdA &#8211; Sezione Bandi e Avvisi<\/a><br>Determina di approvazione e liquidazione dei compensi della Commissione giudicatrice: <a href=\"https:\/\/jcity-arvier.partout.it\/web\/trasparenza\/papca-ap?p_p_id=jcitygovalbopubblicazioni_WAR_jcitygovalbiportlet&amp;p_p_lifecycle=2&amp;p_p_state=pop_up&amp;p_p_mode=view&amp;p_p_resource_id=downloadAllegato&amp;p_p_cacheability=cacheLevelPage&amp;_jcitygovalbopubblicazioni_WAR_jcitygovalbiportlet_downloadSigned=false&amp;_jcitygovalbopubblicazioni_WAR_jcitygovalbiportlet_id=336646&amp;_jcitygovalbopubblicazioni_WAR_jcitygovalbiportlet_action=mostraDettaglio&amp;_jcitygovalbopubblicazioni_WAR_jcitygovalbiportlet_fromAction=recuperaDettaglio\">Determina n. 301\/2024, del 30\/12\/2024<\/a><br>Compensi erogati alla Commissione giudicatrice (incluso rimborso spese di trasferta): euro 6.984,20<br>Costo complessivo sostenuto dall&rsquo;Amministrazione per la Commissione giudicatrice: euro 7.572,40<\/p>\n\n\n\n<hr class=\"wp-block-separator has-alpha-channel-opacity is-style-dots\"\/>\n\n\n\n<p><strong>Contratto:<\/strong> SERVIZIO RELATIVO ALLE INDAGINI SISMICHE E STRUTTURALI DEL CASTELLO LA MOTHE, NELL\u2019AMBITO DELLA WP 08 \u2013 MUSEO DEL FUTURO ALPINO (CLP_REGIS 2.1_ARVIER_MUSEOFUTUROALPINO)<br><strong>CIG:<\/strong>\u00a0<strong>B509621701<\/strong><br><strong>Stato: <\/strong>Chiuso<br><strong>Procedura: <\/strong>Affido diretto<br><strong>Affidatario:<\/strong> TechGea Srl<br><strong>Link alla BNCP<\/strong>:\u00a0<a href=\"https:\/\/dati.anticorruzione.it\/superset\/dashboard\/dettaglio_cig\/?cig=B509621701&amp;standalone=2\">Dettaglio Appalto<\/a><br><strong>Valore base d&rsquo;asta:<\/strong> 7.528,47 euro<br><strong>Importo di Aggiudicazione:<\/strong> 7.528,47 euro<br><strong>Pagamenti\/Liquidazioni:<\/strong>\u00a07.528,47 euro<br><strong>Documentazione di gara:<\/strong> <a href=\"https:\/\/jcity-arvier.partout.it\/web\/trasparenza\/papca-ap?p_p_id=jcitygovalbopubblicazioni_WAR_jcitygovalbiportlet&amp;p_p_lifecycle=2&amp;p_p_state=pop_up&amp;p_p_mode=view&amp;p_p_resource_id=downloadAllegato&amp;p_p_cacheability=cacheLevelPage&amp;_jcitygovalbopubblicazioni_WAR_jcitygovalbiportlet_downloadSigned=false&amp;_jcitygovalbopubblicazioni_WAR_jcitygovalbiportlet_id=340230&amp;_jcitygovalbopubblicazioni_WAR_jcitygovalbiportlet_action=mostraDettaglio&amp;_jcitygovalbopubblicazioni_WAR_jcitygovalbiportlet_fromAction=recuperaDettaglio\">Determina dirigenziale di affidamento n. 03 del 16\/01\/2025<\/a><br><strong>Pagamenti\/Liquidazioni:<\/strong> <a href=\"https:\/\/jcity-arvier.partout.it\/web\/trasparenza\/papca-p?p_p_id=jcitygovalbopubblicazioni_WAR_jcitygovalbiportlet&amp;p_p_lifecycle=2&amp;p_p_state=normal&amp;p_p_mode=view&amp;p_p_resource_id=downloadAllegato&amp;p_p_cacheability=cacheLevelPage&amp;p_p_col_id=column-1&amp;p_p_col_count=1&amp;_jcitygovalbopubblicazioni_WAR_jcitygovalbiportlet_downloadSigned=false&amp;_jcitygovalbopubblicazioni_WAR_jcitygovalbiportlet_id=366038&amp;_jcitygovalbopubblicazioni_WAR_jcitygovalbiportlet_action=mostraDettaglio&amp;_jcitygovalbopubblicazioni_WAR_jcitygovalbiportlet_fromAction=recuperaDettaglio\">Determina dirigenziale n. 50 del 09\/04\/2025<\/a><\/p>\n\n\n\n<hr class=\"wp-block-separator has-alpha-channel-opacity is-style-dots\"\/>\n\n\n\n<p><strong>Contratto:<\/strong>\u00a0 SERVIZIO DI VERIFICA DEL PROGETTO DI FATTIBILIT\u00c0 TECNICA ED ECONOMICA (PFTE) E DEL PROGETTO ESECUTIVO (PE) DEL DEL CASTELLO LA MOTHE, NELL\u2019AMBITO DELLA WP 08 \u2013 MUSEO DEL FUTURO ALPINO (CLP_REGIS 2.1_ARVIER_MUSEOFUTUROALPINO)<br><strong>CIG:<\/strong>\u00a0B576E05BB4<br><strong>Stato:<\/strong>\u00a0In corso<br><strong>Procedura:<\/strong>\u00a0Affido diretto<br><strong>Affidatario:<\/strong>\u00a0Conteco Check srl<br><strong>Link alla BNCP:<\/strong> \u00a0<a href=\"https:\/\/dati.anticorruzione.it\/superset\/dashboard\/dettaglio_cig\/?cig=B576E05BB4&amp;standalone=2\">Dettaglio Appalto<\/a><br><strong>Valore base d\u2019asta:<\/strong>\u00a0euro 96.096,21<br><strong>Importo di Aggiudicazione:<\/strong>\u00a0 euro 96.096,21<br><strong>Stato avanzamento spese:<\/strong>\u00a00 \u20ac<br><strong>Documentazione: <\/strong><a href=\"https:\/\/jcity-arvier.partout.it\/web\/trasparenza\/papca-p?p_p_id=jcitygovalbopubblicazioni_WAR_jcitygovalbiportlet&amp;p_p_lifecycle=2&amp;p_p_state=normal&amp;p_p_mode=view&amp;p_p_resource_id=downloadAllegato&amp;p_p_cacheability=cacheLevelPage&amp;p_p_col_id=column-1&amp;p_p_col_count=1&amp;_jcitygovalbopubblicazioni_WAR_jcitygovalbiportlet_downloadSigned=false&amp;_jcitygovalbopubblicazioni_WAR_jcitygovalbiportlet_id=346599&amp;_jcitygovalbopubblicazioni_WAR_jcitygovalbiportlet_action=mostraDettaglio&amp;_jcitygovalbopubblicazioni_WAR_jcitygovalbiportlet_fromAction=recuperaDettaglio\">Determina di affidamento n. 13 del 06\/02\/2025<\/a> <\/p>\n\n\n\n<hr class=\"wp-block-separator has-alpha-channel-opacity is-style-dots\"\/>\n\n\n\n<p><strong>Contratto:\u00a0<\/strong>SERVIZIO ATTINENTE ALL\u2019INGEGNERIA ED ALL\u2019ARCHITETTURA INERENTE IL SUPPORTO AL RUP DELL\u2019INTERVENTO WP08 &#8211; MUSEO DEL FUTURO ALPINO<br><strong>CIG:<\/strong>\u00a0B5E6327210<br><strong>Stato:<\/strong>\u00a0In corso di esecuzione<br><strong>Procedura:<\/strong>\u00a0Affido diretto<br><strong>Affidatario:<\/strong>\u00a0Ing. Gianluca Guglielmetti<br><strong>Link alla BNCP:<\/strong>\u00a0 <a href=\"https:\/\/dati.anticorruzione.it\/superset\/dashboard\/dettaglio_cig\/?cig=B5E6327210&amp;standalone=2\">Dettaglio Appalto<\/a><br><strong>Valore base d\u2019asta<\/strong>: 83.200,00 euro<br><strong>Importo di Aggiudicazione<\/strong>: 83.200,00 euro<br><strong>Pagamenti\/Liquidazioni<\/strong>:\u00a00 \u20ac<br><strong>Documentazione<\/strong>:\u00a0<a href=\"https:\/\/jcity-arvier.partout.it\/web\/trasparenza\/papca-p?p_p_id=jcitygovalbopubblicazioni_WAR_jcitygovalbiportlet&amp;p_p_lifecycle=2&amp;p_p_state=normal&amp;p_p_mode=view&amp;p_p_resource_id=downloadAllegato&amp;p_p_cacheability=cacheLevelPage&amp;p_p_col_id=column-1&amp;p_p_col_count=1&amp;_jcitygovalbopubblicazioni_WAR_jcitygovalbiportlet_downloadSigned=false&amp;_jcitygovalbopubblicazioni_WAR_jcitygovalbiportlet_id=355515&amp;_jcitygovalbopubblicazioni_WAR_jcitygovalbiportlet_action=mostraDettaglio&amp;_jcitygovalbopubblicazioni_WAR_jcitygovalbiportlet_fromAction=recuperaDettaglio\">Determina dirigenziale di affidamento n. 33 del 10\/03\/2025<\/a> <\/p>\n\n\n\n<div class=\"wp-block-columns is-layout-flex wp-container-core-columns-is-layout-9d6595d7 wp-block-columns-is-layout-flex\">\n<div class=\"wp-block-column is-layout-flow wp-block-column-is-layout-flow\">\n<div class=\"wp-block-group\"><div class=\"wp-block-group__inner-container is-layout-constrained wp-block-group-is-layout-constrained\">\n<figure class=\"wp-block-image size-full\"><img loading=\"lazy\" decoding=\"async\" width=\"417\" height=\"100\" src=\"https:\/\/arvier.eu\/wp-content\/uploads\/2024\/09\/logo-orizzontale-finanziato-ue.png.webp\" alt=\"\" class=\"wp-image-11174\" srcset=\"https:\/\/arvier.eu\/wp-content\/uploads\/2024\/09\/logo-orizzontale-finanziato-ue.png.webp 417w, https:\/\/arvier.eu\/wp-content\/uploads\/2024\/09\/logo-orizzontale-finanziato-ue.png-300x72.webp 300w\" sizes=\"auto, (max-width: 417px) 100vw, 417px\" \/><\/figure>\n<\/div><\/div>\n<\/div>\n\n\n\n<div class=\"wp-block-column is-layout-flow wp-block-column-is-layout-flow\">\n<div class=\"wp-block-group\"><div class=\"wp-block-group__inner-container is-layout-constrained wp-block-group-is-layout-constrained\">\n<figure class=\"wp-block-image size-full\"><img loading=\"lazy\" decoding=\"async\" width=\"616\" height=\"136\" src=\"https:\/\/arvier.eu\/wp-content\/uploads\/2024\/09\/Italia-domani.png\" alt=\"\" class=\"wp-image-11184\" srcset=\"https:\/\/arvier.eu\/wp-content\/uploads\/2024\/09\/Italia-domani.png 616w, https:\/\/arvier.eu\/wp-content\/uploads\/2024\/09\/Italia-domani-300x66.png 300w\" sizes=\"auto, (max-width: 616px) 100vw, 616px\" \/><\/figure>\n<\/div><\/div>\n<\/div>\n\n\n\n<div class=\"wp-block-column is-layout-flow wp-block-column-is-layout-flow\">\n<div class=\"wp-block-group\"><div class=\"wp-block-group__inner-container is-layout-constrained wp-block-group-is-layout-constrained\">\n<figure class=\"wp-block-image size-full is-resized\"><img loading=\"lazy\" decoding=\"async\" width=\"354\" height=\"146\" src=\"https:\/\/arvier.eu\/wp-content\/uploads\/2024\/09\/Ministero-cultura.png\" alt=\"\" class=\"wp-image-11186\" style=\"width:158px;height:auto\" srcset=\"https:\/\/arvier.eu\/wp-content\/uploads\/2024\/09\/Ministero-cultura.png 354w, https:\/\/arvier.eu\/wp-content\/uploads\/2024\/09\/Ministero-cultura-300x124.png 300w\" sizes=\"auto, (max-width: 354px) 100vw, 354px\" \/><\/figure>\n<\/div><\/div>\n<\/div>\n<\/div>\n\n\n\n<h2 class=\"wp-block-heading\" id=\"block-b7a515b3-525e-4301-837d-1c749b3611b3\"><strong>Contatti<\/strong><\/h2>\n\n\n\n<p id=\"block-4c45b219-59bb-49d2-8e98-0726d5ade60a\">Comune di Arvier<br>Struttura temporanea di Progetto PNRR Agile Arvier<br>RUP: Arch. Maurizio Caputo<br>Dirigente Responsabile: Dott. Gianluca Tripodi<\/p>\n\n\n\n<hr class=\"wp-block-separator has-alpha-channel-opacity\"\/>\n","protected":false},"excerpt":{"rendered":"<p>Museo del Futuro Alpino: un faro per l&rsquo;innovazione e la sostenibilit\u00e0 alpina Il Museo del Futuro Alpino, situato presso il Castello La Mothe ad Arvier, si pone l&rsquo;obiettivo di diventare un punto di riferimento per la promozione della cultura del cambiamento e dell&rsquo;adattamento alle sfide climatiche e ambientali nel contesto alpino.<\/p>\n","protected":false},"author":11,"featured_media":0,"parent":11178,"menu_order":8,"comment_status":"closed","ping_status":"closed","template":"","meta":{"footnotes":""},"tags":[],"class_list":["post-11311","page","type-page","status-publish","hentry"],"publishpress_future_action":{"enabled":false,"date":"2026-04-28 22:34:07","action":"change-status","newStatus":"draft","terms":[],"taxonomy":"post_tag","extraData":[]},"publishpress_future_workflow_manual_trigger":{"enabledWorkflows":[]},"_links":{"self":[{"href":"https:\/\/arvier.eu\/fr\/wp-json\/wp\/v2\/pages\/11311","targetHints":{"allow":["GET"]}}],"collection":[{"href":"https:\/\/arvier.eu\/fr\/wp-json\/wp\/v2\/pages"}],"about":[{"href":"https:\/\/arvier.eu\/fr\/wp-json\/wp\/v2\/types\/page"}],"author":[{"embeddable":true,"href":"https:\/\/arvier.eu\/fr\/wp-json\/wp\/v2\/users\/11"}],"replies":[{"embeddable":true,"href":"https:\/\/arvier.eu\/fr\/wp-json\/wp\/v2\/comments?post=11311"}],"version-history":[{"count":0,"href":"https:\/\/arvier.eu\/fr\/wp-json\/wp\/v2\/pages\/11311\/revisions"}],"up":[{"embeddable":true,"href":"https:\/\/arvier.eu\/fr\/wp-json\/wp\/v2\/pages\/11178"}],"wp:attachment":[{"href":"https:\/\/arvier.eu\/fr\/wp-json\/wp\/v2\/media?parent=11311"}],"wp:term":[{"taxonomy":"post_tag","embeddable":true,"href":"https:\/\/arvier.eu\/fr\/wp-json\/wp\/v2\/tags?post=11311"}],"curies":[{"name":"wp","href":"https:\/\/api.w.org\/{rel}","templated":true}]}}