{"id":157,"date":"2011-01-22T12:26:56","date_gmt":"2011-01-22T11:26:56","guid":{"rendered":"https:\/\/arvier.eu\/regolamento-del-servizio-di-refezione-scolastica\/"},"modified":"2021-11-22T18:24:23","modified_gmt":"2021-11-22T17:24:23","slug":"regolamento-del-servizio-di-refezione-scolastica","status":"publish","type":"page","link":"https:\/\/arvier.eu\/fr\/amministrazione\/regolamenti\/regolamento-del-servizio-di-refezione-scolastica\/","title":{"rendered":"Regolamento del servizio di refezione scolastica"},"content":{"rendered":"<h2 style=\"text-align: center;\">REGOLAMENTO COMUNALE DEL SERVIZIO DI REFEZIONE SCOLASTICA<\/h2>\n<p style=\"text-align: center;\"><em>Approvato con deliberazione del Consiglio Comunale n\u00b0 36 del 29\/10\/2009<\/em><\/p>\n<p>\u00a0<\/p>\n<p style=\"text-align: center;\"><strong>Art. &#8211; 1 Obiettivi<\/strong><\/p>\n<ol>\n<li style=\"text-align: justify;\">La refezione scolastica \u00e8 un servizio a domanda individuale finalizzato a favorire l&rsquo;adempimento dell&rsquo;obbligo scolastico e a facilitare la frequenza dei cittadini del sistema scolastico e formativo indipendentemente dalle condizioni economiche, familiari, sociali, psicofisiche e dalle convinzioni religiose.<\/li>\n<li style=\"text-align: justify;\">Al pari di altri momenti della giornata scolastica il tempo mensa ha finalit\u00e0 socio-educative nei confronti degli alunni e assicura il prolungamento dell&rsquo;orario scolastico.<\/li>\n<li style=\"text-align: justify;\">L&rsquo;Amministrazione comunale si impegna affinch\u00e9 la corretta gestione mantenga alto il livello del servizio offerto e vengano promosse iniziative volte a sviluppare una corretta educazione alimentare rivolta a genitori e alunni.<\/li>\n<\/ol>\n<p>\u00a0<\/p>\n<p style=\"text-align: center;\"><strong>Art. 2 &#8211;\u00a0 Funzionamento<\/strong><\/p>\n<ol>\n<li style=\"text-align: justify;\">Il funzionamento della refezione scolastica \u00e8 garantito, con il coordinamento dell&rsquo;Ufficio comunale di Segreteria, in sinergia, secondo le rispettive competenze, dalla Ditta appaltatrice del Servizio, dall&rsquo;Ufficio comunale di Ragioneria, dalla Comunit\u00e0 Montana Grand Paradis, dall&rsquo;Istituzione Scolastica e da ogni altro soggetto ritenuto indispensabile al corretto e regolare svolgimento del servizio stesso.<\/li>\n<\/ol>\n<p style=\"text-align: justify;\">\u00a0<\/p>\n<p style=\"text-align: center;\"><strong>Art. 3 &#8211; Organizzazione del servizio<\/strong><\/p>\n<ol>\n<li style=\"text-align: justify;\">Il men\u00f9 \u00e8 elaborato dai competenti servizi dell&rsquo;Azienda USL (Servizio Igiene degli Alimenti e della Nutrizione).<\/li>\n<li style=\"text-align: justify;\">Rispetto al menu stabilito dai competenti servizi, deroghe e diete particolari sono ammesse nei seguenti casi:\n<ol style=\"list-style-type: lower-alpha;\">\n<li>per motivi di salute, dietro presentazione di certificazione medica all&rsquo;Ufficio Comunale di Segreteria (Tel. 0165\/929001) o all&rsquo;Ufficio Igiene degli Alimenti e della Nutrizione<\/li>\n<li>per motivi di salute, relativamente al cosiddetto menu \u201cin bianco \u201c, su richiesta scritta dei genitori da presentarsi all&rsquo;Ufficio comunale di Segreteria, senza certificazione medica valido per un periodo non superiore a 5 giorni consecutivi<\/li>\n<li>per motivi religiosi, su richiesta scritta dei genitori all&rsquo;Ufficio comunale di Segreteria.<\/li>\n<\/ol>\n<\/li>\n<li style=\"text-align: justify;\">Il servizio \u00e8 erogato in conformit\u00e0 al calendario scolastico regionale ed all&rsquo;articolazione dell&rsquo;orario delle singole scuole.<\/li>\n<li style=\"text-align: justify;\">Ogni plesso scolastico \u00e8 dotato di un locale adibito a sala mensa.<\/li>\n<li style=\"text-align: justify;\">L&rsquo;accesso alle sale mensa \u00e8 consentito, oltre che agli alunni frequentanti, ai Capi d&rsquo;Istituto, al personale docente, al personale e agli amministratori comunali, al personale dell&rsquo;Azienda U.S.L. competente per territorio e della Ditta appaltatrice del servizio, ai rappresentanti dei genitori nelle forme previste dagli accordi interistituzionali vigenti.<\/li>\n<li style=\"text-align: justify;\">Nel refettorio non \u00e8 consentito consumare cibi diversi rispetto a quelli previsti dalle tabelle dietetiche, salvo nei casi di cui al presente articolo. Per motivi igienico-sanitari, nonch\u00e9 per una corretta educazione alimentare, \u00e8 vietato consumare pasti non forniti dall&rsquo;Amministrazione Comunale.<\/li>\n<\/ol>\n<p>\u00a0<\/p>\n<p style=\"text-align: center;\"><strong>Art. 4 &#8211; Assemblee, scioperi<\/strong><\/p>\n<ol>\n<li>In caso di:\n<ol style=\"list-style-type: lower-alpha; text-align: justify;\">\n<li>Assemblea pomeridiana del personale docente: l&rsquo;Amministrazione Comunale garantisce il servizio.<\/li>\n<li>Sciopero del personale docente: l&rsquo;Amministrazione Comunale garantisce il servizio in caso di regolare svolgimento delle lezioni; il servizio \u00e8 garantito anche qualora il regolare svolgimento delle lezioni riguardi soltanto alcune classi o gruppi di alunni.<\/li>\n<li>Sciopero delle cuoche e delle assistenti: l&rsquo;Amministrazione Comunale non garantisce il servizio.<\/li>\n<\/ol>\n<\/li>\n<\/ol>\n<p>\u00a0<\/p>\n<p style=\"text-align: center;\"><strong>Art. 5 &#8211; Servizi offerti<\/strong><\/p>\n<ol>\n<li style=\"text-align: justify;\">Il servizio offerto prevede il pranzo dal luned\u00ec al venerd\u00ec secondo il calendario dell&rsquo;attivit\u00e0 scolastica fissato dalle competenti autorit\u00e0 in materia.<\/li>\n<\/ol>\n<p>\u00a0<\/p>\n<p style=\"text-align: center;\"><strong>Art. 6 &#8211; Utenza<\/strong><\/p>\n<ol>\n<li style=\"text-align: justify;\">Il servizio di refezione scolastica viene offerto agli alunni frequentanti le scuole dell&rsquo;infanzia e primaria presenti sul territorio comunale nonch\u00e9 agli insegnanti e al personale ausiliario aventi diritto al pasto.<\/li>\n<li style=\"text-align: justify;\">E&rsquo; facolt\u00e0 dell&rsquo;Amministrazione ammettere al servizio anche gli alunni frequentanti scuole dell&rsquo;infanzia e primaria di altri Comuni qualora l&rsquo;Istituzione Scolastica proponga progetti formativi rivolti non soltanto agli alunni delle scuole di Arvier, fermo restando l&rsquo;addebito dei relativi costi agli Enti di provenienza dei minori e relativi eventuali accompagnatori aventi diritto al pasto.<\/li>\n<\/ol>\n<p>\u00a0<\/p>\n<p style=\"text-align: center;\"><strong>Art. 7 &#8211; Accesso al servizio<\/strong><\/p>\n<ol>\n<li>Il Comune richiede annualmente l&rsquo;iscrizione al servizio inviando a tutti gli utenti apposita comunicazione contenente le modalit\u00e0 di erogazione del servizio e di pagamento dello stesso nonch\u00e9 per mezzo di appositi avvisi pubblici affissi sul territorio comunale.<\/li>\n<li>La domanda deve essere presentata in forma scritta entro il 31 agosto di ogni anno sul modulo di iscrizione appositamente predisposto dagli Uffici comunali, di norma consegnato alle famiglie durante il mese di agosto e comunque reperibile presso il Comune.<\/li>\n<li>Con la sottoscrizione della domanda di iscrizione la famiglia si impegna a rispettare il regolamento e ad accettare tutte le condizioni e le modalit\u00e0 di pagamento ivi contenute.<\/li>\n<li>L&rsquo;eventuale ritiro dal servizio deve essere comunicato almeno 15 giorni prima in forma scritta con nota da inviare all&rsquo;Ufficio comunale di Segreteria. Qualora il ritiro non venga formalmente comunicato, l&rsquo;eventuale quota fissa mensile (vedi art. 8) stabilita dall&rsquo;Amministrazione continua ad essere dovuta.<\/li>\n<\/ol>\n<p>\u00a0<\/p>\n<p style=\"text-align: center;\"><strong>Art. 8 &#8211; Tariffe<\/strong><\/p>\n<ol>\n<li>Le tariffe vengono determinate ogni anno con deliberazione della Giunta Comunale che fissa la quota del pasto.<\/li>\n<li>E&rsquo; facolt\u00e0 della Giunta stabilire l&rsquo;articolazione tariffaria prevedendo, oltre al pagamento del pasto per l&rsquo;effettiva presenza alla refezione, una quota fissa mensile da corrispondere per l&rsquo;iscrizione al servizio.<\/li>\n<li>L&rsquo;Amministrazione non rilascer\u00e0 alcun buono cartaceo alle famiglie ma provveder\u00e0 alla gestione del servizio con il supporto di apposita procedura informatizzata che avviser\u00e0 i genitori che i pasti pagati sono in via di esaurimento, invitandoli a trasmettere al Comune copia della ricevuto di acquisto di nuovi pasti. I genitori possono rivolgersi all&rsquo;Ufficio comunale di Ragioneria (Tel. 0165\/929829) per conoscere la situazione del\/dei minori iscritti al servizio.<\/li>\n<li>I pasti acquistati hanno scadenza con il termine delle lezioni dell&rsquo;anno scolastico in cui \u00e8 stato effettuato l&rsquo;acquisto. Per quelli non usufruiti sar\u00e0 possibile richiedere il rimborso delle somme versate all&rsquo;Amministrazione entro il 31 luglio di ogni anno oppure la conversione in pasti per l&rsquo;anno scolastico successivo entro il termine per l&rsquo;iscrizione al servizio stesso, fatto salvo il pagamento di eventuali somme a conguaglio.<\/li>\n<\/ol>\n<p>\u00a0<\/p>\n<p style=\"text-align: center;\"><strong>Art. 9 &#8211; Tariffe agevolate<\/strong><\/p>\n<ol>\n<li>Hanno diritto alla riduzioni sulle tariffe annuali fissate per il servizio gli alunni appartenenti a famiglie residenti nel Comune di Arvier che, sulla base dell&rsquo;indicatore IRSEE, si trovino in situazione di disagio, secondo le percentuali di riduzione fissate annualmente dalla Giunta Comunale in occasione della determinazione delle tariffe.<\/li>\n<li>Per poter ottenere le riduzioni di cui sopra \u00e8 indispensabile presentare istanza all&rsquo;Amministrazione all&rsquo;atto dell&rsquo;iscrizione al servizio allegando alla domanda la DSU (dichiarazione sostitutiva unica) e l&rsquo;attestazione IRSEE (indicatore regionale situazione economica equivalente) del nucleo familiare in corso di validit\u00e0. Qualora la documentazione presentata scadesse nel corso dell&rsquo;anno scolastico la famiglia dovr\u00e0 presentare nuova documentazione in corso di validit\u00e0, pena la decadenza del diritto alle riduzioni. L&rsquo;Ufficio comunale di Ragioneria proceder\u00e0 alla richiesta di versamento delle somme eventualmente dovute a conguaglio sulla base delle giornate di utilizzo del servizio e del periodo di validit\u00e0 delle attestazioni presentate al Comune.<\/li>\n<li>Nel caso in cui i genitori del minore non risultino conviventi verr\u00e0 presa in considerazione la media aritmetica tra l&rsquo;IRSEE del nucleo dell&rsquo;utente e l&rsquo;IRSEE del genitore non convivente.<\/li>\n<li>Il Comune si riserva il diritto di verificare la dichiarazione sostitutiva unica resa dall&rsquo;istante anche tramite la collaborazione con il Ministero delle Finanze al fine di valutare la veridicit\u00e0 delle stesse secondo quanto previsto dall&rsquo;art. 4 del D.Lgs. 109\/98 e successive modificazioni e integrazioni.<\/li>\n<li>La Giunta comunale pu\u00f2, inoltre, prevedere tariffe agevolate per nuclei familiari con due o pi\u00f9 minori iscritti al medesimo servizio.<\/li>\n<\/ol>\n<p>\u00a0<\/p>\n<p style=\"text-align: center;\"><strong>Art. 10 &#8211; Modalit\u00e0 di pagamento<\/strong><\/p>\n<ol>\n<li>Il pagamento di pasti va effettuato anticipatamente in pacchetti di minimo 10 pasti.<\/li>\n<li>L&rsquo;eventuale quota fissa mensile va corrisposta entro il primo giorno del mese cui si riferisce (esempio: entro il 01\/10 la quota fissa mensile di ottobre).<\/li>\n<li>I versamenti possono essere effettuati, a scelta del genitore:<br \/>o sul conto corrente postale intestato al Comune di Arvier (c\/c postale n\u00b0 11887114)<br \/>o sul conto di tesoreria intestato al Comune di Arvier<br \/>anche con unico bollettino per tutti gli utenti appartenenti al medesimo nucleo familiare con indicazione dei nominativi dei minori cui si riferisce.<\/li>\n<\/ol>\n<p style=\"text-align: center;\">\u00a0<\/p>\n<p style=\"text-align: center;\"><strong>Art. 11 &#8211; Recupero crediti<\/strong><\/p>\n<ol>\n<li>Il mancato pagamento anticipato dei pasti e della eventuale quota fissa comporter\u00e0 la non ammissione del minore al servizio. I genitori verranno, in primo luogo, invitati con nota scritta a recarsi a scuola a prendere il figlio al termine delle lezioni del mattino per riaccompagnarlo per il proseguimento delle stesse nelle ore pomeridiane.<\/li>\n<li>Qualora il debitore non provveda a regolarizzare la posizione e al ritiro del bambino dal servizio ricever\u00e0 apposita comunicazione di messa in mora con applicazione delle sanzioni e degli interessi di legge nonch\u00e9 comunicazione di sospensione del minore dal servizio. L&rsquo;utente verr\u00e0 nuovamente ammesso al servizio dopo la regolarizzazione della posizione.<\/li>\n<li>Ai soggetti morosi non \u00e8 erogabile il servizio nell&rsquo;anno scolastico successivo fino a quando non avranno regolarizzato il debito con l&rsquo;Amministrazione.<\/li>\n<\/ol>\n<p style=\"text-align: center;\">\u00a0<\/p>\n<p style=\"text-align: center;\"><strong>Art. 12 &#8211; Norme comportamentali<\/strong><\/p>\n<ol>\n<li>Nel caso in cui si dovessero verificare atti di indisciplina da parte degli utenti, le assistenti addette al servizio segnaleranno con nota scritta l&rsquo;accaduto alla famiglia, inviandone copia al Comune. Nel caso si continuassero a verificare atti di indisciplina nonostante il richiamo delle assistenti il Comune potr\u00e0 provvedere a comminare all&rsquo;alunno la sospensione temporanea dal servizio (per un numero di giorni dipendente dalla gravit\u00e0 del fatto) con motivata comunicazione scritta alla famiglia. Dopo due sospensioni temporanee \u00e8 facolt\u00e0 dell&rsquo;Amministrazione sospendere definitivamente l&rsquo;utente dal servizio.<\/li>\n<li>In caso di violazione delle norme del presente regolamento o di compimento di azioni comportanti pericolo, danni e\/o disagi all&rsquo;operativit\u00e0 del servizio da parte dell&rsquo;utenza, su segnalazione dei competenti organi scolastici, il Comune in accordo con questi ultimi e previa informazione agli esercenti la potest\u00e0 o ai genitori affidatari, assume gli opportuni provvedimenti di tutela e di risarcimento.<\/li>\n<\/ol>\n<p style=\"text-align: center;\">\u00a0<\/p>\n<p style=\"text-align: center;\"><strong>Art. 13 &#8211; Disposizioni finali<\/strong><\/p>\n<ol>\n<li>Per quanto non previsto dal presente regolamento si rinvia alle disposizioni legislative e regolamentari vigenti.<\/li>\n<\/ol>\n<p style=\"text-align: center;\">\u00a0<\/p>\n<p style=\"text-align: center;\"><strong>Art. 14 &#8211; Entrata in vigore<\/strong><\/p>\n<ol>\n<li style=\"text-align: justify;\">Il presente Regolamento entra in vigore dalla data di esecutivit\u00e0 della relativa delibera di approvazione.<\/li>\n<\/ol>\n","protected":false},"excerpt":{"rendered":"<p>REGOLAMENTO COMUNALE DEL SERVIZIO DI REFEZIONE SCOLASTICA Approvato con deliberazione del Consiglio Comunale n\u00b0 36 del 29\/10\/2009 \u00a0 Art.<\/p>\n","protected":false},"author":1,"featured_media":0,"parent":812,"menu_order":16,"comment_status":"closed","ping_status":"closed","template":"","meta":{"footnotes":""},"tags":[],"class_list":["post-157","page","type-page","status-publish","hentry"],"publishpress_future_action":{"enabled":false,"date":"2026-04-25 14:23:55","action":"change-status","newStatus":"draft","terms":[],"taxonomy":"post_tag","extraData":[]},"publishpress_future_workflow_manual_trigger":{"enabledWorkflows":[]},"_links":{"self":[{"href":"https:\/\/arvier.eu\/fr\/wp-json\/wp\/v2\/pages\/157","targetHints":{"allow":["GET"]}}],"collection":[{"href":"https:\/\/arvier.eu\/fr\/wp-json\/wp\/v2\/pages"}],"about":[{"href":"https:\/\/arvier.eu\/fr\/wp-json\/wp\/v2\/types\/page"}],"author":[{"embeddable":true,"href":"https:\/\/arvier.eu\/fr\/wp-json\/wp\/v2\/users\/1"}],"replies":[{"embeddable":true,"href":"https:\/\/arvier.eu\/fr\/wp-json\/wp\/v2\/comments?post=157"}],"version-history":[{"count":0,"href":"https:\/\/arvier.eu\/fr\/wp-json\/wp\/v2\/pages\/157\/revisions"}],"up":[{"embeddable":true,"href":"https:\/\/arvier.eu\/fr\/wp-json\/wp\/v2\/pages\/812"}],"wp:attachment":[{"href":"https:\/\/arvier.eu\/fr\/wp-json\/wp\/v2\/media?parent=157"}],"wp:term":[{"taxonomy":"post_tag","embeddable":true,"href":"https:\/\/arvier.eu\/fr\/wp-json\/wp\/v2\/tags?post=157"}],"curies":[{"name":"wp","href":"https:\/\/api.w.org\/{rel}","templated":true}]}}