{"id":160,"date":"2011-01-23T15:47:57","date_gmt":"2011-01-23T14:47:57","guid":{"rendered":"https:\/\/arvier.eu\/regolamento-del-servizio-di-trasporto-scolastico\/"},"modified":"2011-01-23T15:47:57","modified_gmt":"2011-01-23T14:47:57","slug":"regolamento-del-servizio-di-trasporto-scolastico","status":"publish","type":"page","link":"https:\/\/arvier.eu\/fr\/amministrazione\/regolamenti\/regolamento-del-servizio-di-trasporto-scolastico\/","title":{"rendered":"Regolamento del servizio di trasporto scolastico"},"content":{"rendered":"<h2 style=\"text-align: center;\">REGOLAMENTO COMUNALE DEL SERVIZIO DI TRASPORTO SCOLASTICO<\/h2>\n<p style=\"text-align: center;\"><em>Approvato con deliberazione del Consiglio Comunale n\u00b0 37 del 29\/10\/2009<\/em><\/p>\n<p style=\"text-align: center;\"><strong>Art. 1 &#8211; Finalit\u00e0<\/strong><\/p>\n<ol>\n<li style=\"text-align: justify;\">Il trasporto scolastico \u00e8 un servizio non obbligatorio\u00a0 a domanda individuale finalizzato a favorire l&rsquo;adempimento dell&rsquo;obbligo scolastico e a facilitare la frequenza dei cittadini del sistema scolastico e formativo.<\/li>\n<li style=\"text-align: justify;\">Compatibilmente con quanto previsto dal presente regolamento, il servizio oltre che per il tragitto casa\/scuola e scuola\/casa viene fornito alle singole scuole per le uscite didattiche e per altri servizi previsti dal Decreto Ministeriale 31 gennaio 1997 \u201cNuove disposizioni in materia di trasporto scolastico\u201d e dalla relativa Circolare Ministeriale n\u00b0 23\/1997.<\/li>\n<li style=\"text-align: justify;\">Annualmente il Comune istituisce il servizio qualora ne ricorrano le condizioni economiche nonch\u00e9 un numero di iscritti minimo tale di giustificare l&rsquo;istituzione dello stesso.<\/li>\n<li style=\"text-align: justify;\">Il Comune pu\u00f2 organizzare servizi sostitutivi del trasporto scolastico nel caso in cui non ricorrano le condizioni minime per assicurare le stesse finalit\u00e0.<\/li>\n<\/ol>\n<p style=\"text-align: center;\"><strong>Art. 2 &#8211; Aventi diritto<\/strong><\/p>\n<ol>\n<li style=\"text-align: justify;\">L&rsquo;Amministrazione comunale organizza il servizio di trasporto scolastico nell&rsquo;ambito del territorio comunale per gli alunni iscritti alla scuola dell&rsquo; infanzia e alla scuola primaria di Arvier. In linea di principio sono esclusi dal servizio coloro che sono residenti all&rsquo;interno dell&rsquo;area evidenziata nell&rsquo;allegata planimetria.<\/li>\n<li style=\"text-align: justify;\">Hanno diritto all&rsquo;autotrasporto gli alunni residenti nel Comune di Arvier iscritti alle scuole dell&rsquo;infanzia e primaria di Arvier.<\/li>\n<li style=\"text-align: justify;\">In caso di esubero di richieste rispetto alla disponibilit\u00e0 dei posti sullo scuolabus, sar\u00e0 redatta una graduatoria che terr\u00e0 conto della seguente priorit\u00e0: residenza nel Comune di Arvier, bambini portatori di handicap (ove trasportabili con il mezzo in dotazione), distanza abitazione\/scuola, genitori entrambi lavoratori.<\/li>\n<li style=\"text-align: justify;\">Al fine di ottimizzare l&rsquo;uso dei mezzi e di contenere i costi gravanti sulla fiscalit\u00e0 generale il servizio pu\u00f2 ammettere con riserva alunni non residenti nel Comune di Arvier purch\u00e9 vi siano disponibilit\u00e0 di posti sullo scuolabus.<\/li>\n<li style=\"text-align: justify;\">Non avranno diritto ad usufruire del servizio gli utenti che non siano in regola con il pagamento delle quote.<\/li>\n<\/ol>\n<p style=\"text-align: center;\"><strong>Art. 3 &#8211; Modalit\u00e0 di iscrizione al servizio<\/strong><\/p>\n<ol>\n<li style=\"text-align: justify;\">Il Comune richiede annualmente l&rsquo;iscrizione al servizio inviando a tutti gli utenti apposita comunicazione contenente le modalit\u00e0 di erogazione del servizio e di pagamento dello stesso.<\/li>\n<li style=\"text-align: justify;\">La domanda deve essere presentata in forma scritta entro il 31 agosto di ogni anno sul modulo di iscrizione appositamente predisposto dagli Uffici comunali, di norma consegnato alle famiglie durante il mese di agosto e comunque reperibile presso il Comune. <br \/>3. Con la sottoscrizione della domanda di iscrizione la famiglia si impegna a rispettare il regolamento e ad accettare tutte le condizioni e le modalit\u00e0 di pagamento ivi contenute. <br \/>4. I genitori, inoltre, con la sottoscrizione si dichiarano consapevoli che il servizio pu\u00f2 comportare variazioni di orario per cause anche non dipendenti dalle Scuole e dal Comune senza aver nulla a pretendere o recriminare in caso di anticipazioni o ritardi. <br \/>5. La famiglia si impegna con il medesimo modulo ad essere presente alla fermata dello scuolabus al momento del suo rientro da scuola o a comunicare l&rsquo;eventuale persona delegata. <br \/>6. Le eventuali domande pervenute oltre il termine sopra riportato, saranno accolte, in presenza di disponibilit\u00e0 di posti a sedere e soltanto se non comportano modifiche dei percorsi stabiliti e allungamento dei tempi di percorrenza.<br \/>7. Il servizio si intende richiesto per tutta la durata dell&rsquo;anno scolastico, salvo motivate ragioni indipendenti dalla volont\u00e0 della famiglia.<\/li>\n<\/ol>\n<p style=\"text-align: center;\"><strong>Art. 4 &#8211; Organizzazione del servizio<\/strong><\/p>\n<ol>\n<li style=\"text-align: justify;\">Il servizio di trasporto scolastico \u00e8 effettuato mediante l&rsquo;utilizzo di scuolabus di propriet\u00e0 comunale in regola con le normative vigenti in materia, la cui conduzione \u00e8 affidata ad autisti dipendenti dell&rsquo;Amministrazione comunale, fatto salvo quanto previsto all&rsquo;art. 1, comma 4. Il servizio di accompagnamento, obbligatoriamente garantito solo per i bambini della scuola dell&rsquo;infanzia ex art. 2 D.M. 31\/01\/1997, sar\u00e0 di norma svolto da dipendenti del Comune.<\/li>\n<li style=\"text-align: justify;\">Il servizio di trasporto viene espletato per l&rsquo;intero anno scolastico fino al termine delle lezioni della scuola primaria secondo il calendario predisposto dalle competenti autorit\u00e0.<\/li>\n<li style=\"text-align: justify;\">Le modalit\u00e0 di organizzazione del servizio saranno determinate annualmente sulla base del numero di alunni iscritti e della loro residenza.<\/li>\n<li style=\"text-align: justify;\">Il servizio \u00e8 effettuato in orario antimeridiano adeguato a garantire l&rsquo;arrivo a scuola per l&rsquo;inizio delle lezioni e in orario pomeridiano con partenza dal parcheggio adiacente la scuola alle ore 16:30. Il mercoled\u00ec, non essendoci lezioni in orario pomeridiano, il servizio di rientro dalla scuola \u00e8 anticipato alle ore 14:00. Eventuali modifiche all&rsquo;orario scolastico determineranno una modificazione del servizio tale da garantire lo stesso.<\/li>\n<li style=\"text-align: justify;\">Il personale addetto al servizio dovr\u00e0 assicurare:\n<ol style=\"list-style-type: lower-alpha;\">\n<li style=\"text-align: justify;\">che usufruiscano del trasporto i soli minori iscritti al servizio;<\/li>\n<li style=\"text-align: justify;\">che la salita e la discesa degli alunni dall&rsquo;autobus avvenga in modo ordinato e senza incidenti;<\/li>\n<li style=\"text-align: justify;\">che siano in particolare aiutati nelle suddette operazioni i bambini pi\u00f9 piccoli o con maggiori difficolt\u00e0, che dovranno altres\u00ec\u00a0per gli stessi motivi e quando ci\u00f2 si dimostri necessario essere accompagnati sino all&rsquo;ingresso del plesso scolastico. In tali casi la vigilanza sui passeggeri \u00e8 temporaneamente svolta dall&rsquo;autista in considerazione dello stazionamento del mezzo;<\/li>\n<li style=\"text-align: justify;\">che l&rsquo;autobus al termine delle lezioni non lasci le scuole prima dell&rsquo;orario stabilito dopo le operazioni di salita e dopo aver fatto quanto necessario per verificare che tutti gli aventi diritto siano regolarmente presenti, cos\u00ec come dovr\u00e0 assicurare che al termine del tragitto di andata la partenza dell&rsquo;autobus avvenga dopo che gli alunni siano all&rsquo;interno della scuola;<\/li>\n<li style=\"text-align: justify;\">che tutti gli alunni occupino costantemente un posto a sedere;<\/li>\n<li style=\"text-align: justify;\">che siano evitati comportamenti degli alunni da cui possano derivare danni sia agli stessi che ad altri alunni che a terzi o a cose;<\/li>\n<li style=\"text-align: justify;\">che nel caso in cui i genitori o delegati non siano presenti alla fermata di ritorno per prendere in consegna i minori, gli stessi siano mantenuti sull&rsquo;autobus con contestuale avviso telefonico ai genitori stessi o loro delegati, al recapito a tal fine comunicato all&rsquo;atto dell&rsquo;iscrizione. In tali casi il minore deve essere condotto al termine del giro presso l&rsquo;Ufficio comunale.<\/li>\n<\/ol>\n<\/li>\n<li style=\"text-align: justify;\">La responsabilit\u00e0 dei bambini, una volta che essi siano scesi alla fermata non \u00e8 pi\u00f9 a carico degli addetti al servizio, pertanto, l&rsquo;attraversamento di strade o l&rsquo;accompagnamento presso l&rsquo;abitazione non pu\u00f2 costituire onere a loro carico.<\/li>\n<li style=\"text-align: justify;\">Gli utenti saranno prelevati e rilasciati alle fermate che vengono annualmente stabilite dagli Uffici comunali tenendo conto dei seguenti elementi:\n<ol style=\"list-style-type: lower-alpha;\">\n<li style=\"text-align: justify;\">localizzazione delle fermate ove si possono radunare pi\u00f9 utenti;<\/li>\n<li style=\"text-align: justify;\">distanza tra le fermate preferibilmente non inferiore a m. 500;<\/li>\n<li style=\"text-align: justify;\">maggiore sicurezza possibile per bambini e viabilit\u00e0;<\/li>\n<li style=\"text-align: justify;\">minimo intralcio al traffico stradale.<\/li>\n<\/ol>\n<\/li>\n<li style=\"text-align: justify;\">Gli autisti non sono autorizzati a compiere fermate aggiuntive, ma soltanto quelle stabilite dal Comune all&rsquo;inizio di ogni anno scolastico.<\/li>\n<li style=\"text-align: justify;\">In caso di forza maggiore (scioperi del personale addetto al servizio, guasti ai mezzi di trasporto, eventi naturali quali nevicate, frane ecc.) l&rsquo;Amministrazione non garantisce il regolare svolgimento del servizio.<\/li>\n<li style=\"text-align: justify;\">Relativamente ad alcune frazioni &#8211; caratterizzate da difficolt\u00e0 di transito, nonch\u00e9 oggettive situazioni di pericolo lungo le strade e che comporterebbero la partenza del servizio con parecchio anticipo rispetto al normale orario di svolgimento &#8211; la Giunta Comunale, al fine di preservare l&rsquo;incolumit\u00e0 di tutti gli utenti e del personale addetto al servizio, pu\u00f2 prevedere che il servizio venga effettuato con modalit\u00e0 differenti. Qualora il trasporto non venga assicurato, la Giunta Comunale potr\u00e0 prevedere l&rsquo;erogazione di un contributo al nucleo familiare in relazione alla distanza percorsa e ai giorni di effettiva presenza a scuola del minore.<\/li>\n<li style=\"text-align: justify;\">Eventuali casi particolari saranno valutati singolarmente e approvati dall&rsquo;Amministrazione Comunale.<\/li>\n<\/ol>\n<p style=\"text-align: center;\"><strong>Art. 5 &#8211; Uscite anticipate e scioperi<\/strong><\/p>\n<ol>\n<li style=\"text-align: justify;\">Ogni inizio posticipato o termine anticipato delle lezioni generalizzato a tutta la scolaresca ed il conseguente arrivo o rientro anticipato degli alunni dovr\u00e0 essere comunicato per tempo dalla scuola alle famiglie degli alunni e contestualmente agli uffici comunali competenti per permettere l&rsquo;organizzazione del servizio con tali orari.<\/li>\n<li style=\"text-align: justify;\">In caso di proclamazione di scioperi da parte delle organizzazioni sindacali del comparto scuola, in cui non sia garantito il regolare svolgimento delle lezioni, non verr\u00e0 effettuato il servizio di trasporto del mattino (andata) in quanto il Comune non pu\u00f2 assumersi l&rsquo;onere e la responsabilit\u00e0 di custodire e riaccompagnare presso il domicilio gli alunni in caso di assenza degli insegnanti.<\/li>\n<\/ol>\n<p style=\"text-align: center;\"><strong>Art. 6 &#8211; Uscite didattiche<\/strong><\/p>\n<ol>\n<li style=\"text-align: justify;\">L&rsquo;utilizzo dello scuolabus \u00e8 consentivo per attivit\u00e0 scolastiche ed extrascolastiche autorizzate dall&rsquo;Istituzione Scolastica di appartenenza.<\/li>\n<li style=\"text-align: justify;\">La richiesta di utilizzo dello scuolabus avanzata dagli insegnanti e sottoscritta dall&rsquo;Istituzione Scolastica competente dovr\u00e0 essere presentata in forma scritta con congruo anticipo e contenere:\n<ol style=\"list-style-type: lower-alpha;\">\n<li style=\"text-align: justify;\">programma dettagliato con orari e scopo della visita;<\/li>\n<li style=\"text-align: justify;\">nominativo del responsabile della visita con relativo recapito telefonico;<\/li>\n<li style=\"text-align: justify;\">dichiarazione con cui l&rsquo;Istituzione Scolastica si impegna a richiedere i nulla osta dei singoli genitori interessati all&rsquo;iniziativa.<\/li>\n<\/ol>\n<\/li>\n<li style=\"text-align: justify;\">L&rsquo;Amministrazione comunale si riserva di concedere l&rsquo;autorizzazione all&rsquo;utilizzo del mezzo nei casi in cui:\n<ol style=\"list-style-type: lower-alpha;\">\n<li style=\"text-align: justify;\">non sia possibile raggiungere la destinazione a piedi e\/o non sia possibile avvalersi di mezzi del servizio pubblico di linea;<\/li>\n<li style=\"text-align: justify;\">vi sia la disponibilit\u00e0 del mezzo e del personale addetto;<\/li>\n<li style=\"text-align: justify;\">gli orari di svolgimento del servizio richiesto siano compatibili con quelli del servizio;<\/li>\n<\/ol>\n<\/li>\n<li style=\"text-align: justify;\">Qualora le suddette condizioni non dovessero garantire il regolare funzionamento del servizio di cui all&rsquo;art. 4, l&rsquo;uso dello scuolabus non potr\u00e0 essere in alcun modo autorizzato.<\/li>\n<\/ol>\n<p style=\"text-align: center;\"><strong>Art. 7 &#8211; Organizzazione progetti scolastici facoltativi<\/strong><\/p>\n<ol>\n<li style=\"text-align: justify;\">L&rsquo;utilizzo dello scuolabus \u00e8 consentito per il trasporto degli alunni partecipanti a progetti scolastici facoltativi organizzati dalla scuola.<\/li>\n<li style=\"text-align: justify;\">L&rsquo;Istituzione Scolastica dovr\u00e0 comunicare per iscritto il calendario delle lezioni, gli orari e gli alunni partecipanti con almeno 15 giorni di anticipo sulla data prevista per l&rsquo;inizio dell&rsquo;attivit\u00e0.<\/li>\n<li style=\"text-align: justify;\">L&rsquo;Amministrazione comunale si riserva di concedere l&rsquo;autorizzazione all&rsquo;utilizzo del mezzo sulla base della disponibilit\u00e0 dello scuolabus e degli orari degli autisti.<\/li>\n<li style=\"text-align: justify;\">Qualora le suddette condizioni non dovessero garantire il regolare funzionamento del servizio di cui all&rsquo;art. 4, l&rsquo;uso dello scuolabus non potr\u00e0 essere in alcun modo autorizzato.<\/li>\n<\/ol>\n<p style=\"text-align: center;\"><strong>Art. 8 &#8211; Altri usi<\/strong><\/p>\n<ol>\n<li style=\"text-align: justify;\">E&rsquo; facolt\u00e0 dell&rsquo;Amministrazione concedere l&rsquo;utilizzo dello scuolabus per ogni ulteriore attivit\u00e0 non contemplata nei precedenti articoli nel rispetto di quanto previsto dal Decreto Ministeriale 31 gennaio 1997 \u201cNuove disposizioni in materia di trasporto scolastico\u201d e dalla relativa Circolare Ministeriale n\u00b0 23\/1997.<\/li>\n<\/ol>\n<p style=\"text-align: center;\"><strong>Art. 9 &#8211; Norme comportamentali<\/strong><\/p>\n<ol>\n<li style=\"text-align: justify;\">Ogni utente dovr\u00e0 tenere un corretto comportamento civile durante lo svolgimento del servizio di trasporto scolastico tale da consentire e garantire l&rsquo;incolumit\u00e0 degli utenti stessi. In particolare dovranno essere rigorosamente rispettate le seguenti norme:\n<ol style=\"list-style-type: lower-alpha;\">\n<li style=\"text-align: justify;\">stare seduti al posto;<\/li>\n<li style=\"text-align: justify;\">avere le cinture di sicurezza allacciate;<\/li>\n<li style=\"text-align: justify;\">non alzarsi durante il tragitto per nessun motivo;<\/li>\n<li style=\"text-align: justify;\">non disturbare l&rsquo;autista durante la guida;<\/li>\n<li style=\"text-align: justify;\">mantenere un tono di voce e un linguaggio civile.<\/li>\n<\/ol>\n<\/li>\n<li style=\"text-align: justify;\">L&rsquo;inosservanza di una o pi\u00f9 norme del presente articolo autorizzano l&rsquo;autista a fermarsi lungo il tragitto fino al ripristino dell&rsquo;ordine e conseguentemente ad effettuare segnalazioni ai genitori del minore, all&rsquo;Ufficio comunale di Segreteria e, se ritenuto opportuno, all&rsquo;Istituzione Scolastica. Qualora a seguito di tale procedura l&rsquo;orario di ingresso a scuola o di rientro a casa non verr\u00e0 rispettato, l&rsquo;autista \u00e8 sollevato da ogni responsabilit\u00e0.<\/li>\n<li style=\"text-align: justify;\">Qualora l&rsquo;utente persista nella violazione di uno o pi\u00f9 norme di questo articolo l&rsquo;Amministrazione segnaler\u00e0 ai genitori o a chi ne fa le veci gli eventuali comportamenti scorretti tenuti dal minore. Successivamente l&rsquo;Amministrazione comunale potr\u00e0 sospendere il bambino dall&rsquo;utilizzo del servizio. <\/li>\n<li style=\"text-align: justify;\">La sospensione dal servizio per problemi comportamentali non da diritto a rimborsi o riduzioni di tariffe.<\/li>\n<li style=\"text-align: justify;\">In caso di danni arrecati allo scuolabus, l&rsquo;utente che ha provocato il danno dovr\u00e0 risarcire l&rsquo;Amministrazione della somma necessaria alla riparazione, sostituzione o ripristino del danno effettuato.<\/li>\n<\/ol>\n<p style=\"text-align: center;\"><strong>Art. 10 &#8211; Tariffe<\/strong><\/p>\n<ol>\n<li style=\"text-align: justify;\">Le famiglie dei bambini che usufruiscono del trasporto scolastico concorrono alla copertura delle spese sostenute dall&rsquo;Amministrazione comunale, attraverso il pagamento di tariffe annuali, la cui entit\u00e0 viene determinata annualmente con deliberazione della Giunta Comunale, da corrispondersi indipendentemente dal numero di corse effettivamente effettuate.<\/li>\n<\/ol>\n<p style=\"text-align: center;\"><strong>Art. 11 &#8211; Tariffe agevolate<\/strong><\/p>\n<ol>\n<li style=\"text-align: justify;\">Hanno diritto alla riduzioni sulle tariffe annuali fissate per il servizio gli alunni appartenenti a famiglie residenti nel Comune di Arvier che, sulla base dell&rsquo;indicatore IRSEE, si trovino in situazione di disagio, secondo le percentuali di riduzione fissate annualmente dalla Giunta Comunale in occasione della determinazione delle tariffe.<\/li>\n<li style=\"text-align: justify;\">Per poter ottenere le riduzioni di cui sopra \u00e8 indispensabile presentare istanza all&rsquo;Amministrazione all&rsquo;atto dell&rsquo;iscrizione al servizio allegando alla domanda la DSU (dichiarazione sostitutiva unica) e l&rsquo;attestazione IRSEE (indicatore regionale situazione economica equivalente) del nucleo familiare in corso di validit\u00e0. Qualora la documentazione presentata scadesse nel corso dell&rsquo;anno scolastico la famiglia dovr\u00e0 presentare nuova documentazione in corso di validit\u00e0, pena la decadenza del diritto alle riduzioni. L&rsquo;Ufficio comunale di Ragioneria proceder\u00e0 alla richiesta di versamento delle somme eventualmente dovute a conguaglio sulla base delle giornate di utilizzo del servizio e del periodo di validit\u00e0 delle attestazioni presentate al Comune.<\/li>\n<li style=\"text-align: justify;\">Nel caso in cui i genitori del minore non risultino conviventi verr\u00e0 presa in considerazione la media aritmetica tra l&rsquo;IRSEE del nucleo dell&rsquo;utente e l&rsquo;IRSEE del genitore non convivente.<\/li>\n<li style=\"text-align: justify;\">Il Comune si riserva il diritto di verificare la dichiarazione sostitutiva unica resa dall&rsquo;istante anche tramite la collaborazione con il Ministero delle Finanze al fine di valutare la veridicit\u00e0 delle stesse secondo quanto previsto dall&rsquo;art. 4 del D.Lgs. 109\/98 e successive modificazioni e integrazioni.<\/li>\n<li style=\"text-align: justify;\">La Giunta comunale pu\u00f2, inoltre, prevedere tariffe agevolate per nuclei familiari con due o pi\u00f9 minori iscritti al medesimo servizio.<\/li>\n<\/ol>\n<p style=\"text-align: center;\"><strong>Art. 12 &#8211; Modalit\u00e0 di pagamento<\/strong><\/p>\n<ol>\n<li style=\"text-align: justify;\">Il pagamento della tariffa annuale del servizio trasporto scolastico va effettuata secondo le modalit\u00e0 stabilite dalla Giunta comunale.<\/li>\n<li style=\"text-align: justify;\">I versamenti possono essere effettuati, a scelta del genitore:\n<ol style=\"list-style-type: lower-alpha;\">\n<li style=\"text-align: justify;\">sul conto corrente postale intestato al Comune di Arvier (c\/c postale n\u00b0 11887114)<\/li>\n<li style=\"text-align: justify;\">sul conto di tesoreria intestato al Comune di Arvier<\/li>\n<li style=\"text-align: justify;\">anche con unico bollettino per tutti gli utenti appartenenti al medesimo nucleo familiare con indicazione dei nominativi dei minori cui si riferisce.<\/li>\n<\/ol>\n<\/li>\n<\/ol>\n<p style=\"text-align: center;\"><strong>Art. 13 &#8211; Recupero crediti<\/strong><\/p>\n<ol>\n<li style=\"text-align: justify;\">Il mancato pagamento della tariffa comporter\u00e0 la non ammissione del minore al servizio. L&rsquo;Amministrazione consegner\u00e0 apposita comunicazione di sospensione del servizio in favore del minore per morosit\u00e0. L&rsquo;utente potr\u00e0 nuovamente essere ammesso al servizio dopo la regolarizzazione della posizione.<\/li>\n<li style=\"text-align: justify;\">Ai soggetti morosi non \u00e8 erogabile il servizio nell&rsquo;anno scolastico successivo fino a quando non avranno regolarizzato il debito con l&rsquo;Amministrazione.<\/li>\n<li style=\"text-align: justify;\">La comunicazione di messa in mora comporter\u00e0 l&rsquo;applicazione delle sanzioni e degli interessi di legge.<\/li>\n<\/ol>\n<p style=\"text-align: center;\"><strong>Art. 14 &#8211; Rinuncia o variazione<\/strong><\/p>\n<ol>\n<li style=\"text-align: justify;\">La rinuncia al servizio di trasporto o la variazione dei dati dichiarati al momento dell&rsquo;iscrizione dovranno essere tempestivamente comunicate per iscritto all&rsquo;Ufficio comunale di Segreteria.<\/li>\n<li style=\"text-align: justify;\">La rinuncia al servizio sar\u00e0 valida dall&rsquo;accettazione da parte dell&rsquo;Amministrazione e per tutta la durata dell&rsquo;anno scolastico.<\/li>\n<li style=\"text-align: justify;\">La rinuncia al servizio potr\u00e0 dar luogo al rimborso delle quote versate soltanto qualora sia conseguente a motivate ragioni indipendenti dalla volont\u00e0 della famiglia e verr\u00e0 concessa dall&rsquo;Amministrazione sulla base del periodo di effettiva impossibilit\u00e0 all&rsquo;utilizzo del servizio stesso.<\/li>\n<li style=\"text-align: justify;\">L&rsquo;Amministrazione comunale si riserva la valutazione di casi particolari e gravi che comportino la rinuncia al servizio, dietro presentazione di richiesta scritta e documentata, per poter concedere eventuali autorizzazioni in deroga a quanto stabilito.<\/li>\n<\/ol>\n<p style=\"text-align: center;\"><strong>Art. 15 &#8211; Disposizioni finali<\/strong><\/p>\n<ol>\n<li style=\"text-align: justify;\">Per quanto non previsto dal presente regolamento si rinvia alle disposizioni legislative e regolamentari vigenti.<\/li>\n<\/ol>\n<p style=\"text-align: center;\"><strong>Art. 16 &#8211; Entrata in vigore<\/strong><\/p>\n<ol>\n<li style=\"text-align: justify;\">Il presente Regolamento entra in vigore dalla data di esecutivit\u00e0 della relativa delibera di approvazione.<\/li>\n<\/ol>\n","protected":false},"excerpt":{"rendered":"<p>REGOLAMENTO COMUNALE DEL SERVIZIO DI TRASPORTO SCOLASTICO Approvato con deliberazione del Consiglio Comunale n\u00b0 37 del 29\/10\/2009 Art.<\/p>\n","protected":false},"author":1,"featured_media":0,"parent":812,"menu_order":7,"comment_status":"closed","ping_status":"closed","template":"","meta":{"footnotes":""},"tags":[],"class_list":["post-160","page","type-page","status-publish","hentry"],"publishpress_future_action":{"enabled":false,"date":"2026-04-25 14:20:24","action":"change-status","newStatus":"draft","terms":[],"taxonomy":"post_tag","extraData":[]},"publishpress_future_workflow_manual_trigger":{"enabledWorkflows":[]},"_links":{"self":[{"href":"https:\/\/arvier.eu\/fr\/wp-json\/wp\/v2\/pages\/160","targetHints":{"allow":["GET"]}}],"collection":[{"href":"https:\/\/arvier.eu\/fr\/wp-json\/wp\/v2\/pages"}],"about":[{"href":"https:\/\/arvier.eu\/fr\/wp-json\/wp\/v2\/types\/page"}],"author":[{"embeddable":true,"href":"https:\/\/arvier.eu\/fr\/wp-json\/wp\/v2\/users\/1"}],"replies":[{"embeddable":true,"href":"https:\/\/arvier.eu\/fr\/wp-json\/wp\/v2\/comments?post=160"}],"version-history":[{"count":0,"href":"https:\/\/arvier.eu\/fr\/wp-json\/wp\/v2\/pages\/160\/revisions"}],"up":[{"embeddable":true,"href":"https:\/\/arvier.eu\/fr\/wp-json\/wp\/v2\/pages\/812"}],"wp:attachment":[{"href":"https:\/\/arvier.eu\/fr\/wp-json\/wp\/v2\/media?parent=160"}],"wp:term":[{"taxonomy":"post_tag","embeddable":true,"href":"https:\/\/arvier.eu\/fr\/wp-json\/wp\/v2\/tags?post=160"}],"curies":[{"name":"wp","href":"https:\/\/api.w.org\/{rel}","templated":true}]}}