{"id":169,"date":"2011-01-23T17:25:49","date_gmt":"2011-01-23T16:25:49","guid":{"rendered":"https:\/\/arvier.eu\/regolamento-di-gestione-ed-uso-della-sala-consiliare\/"},"modified":"2021-11-22T18:24:23","modified_gmt":"2021-11-22T17:24:23","slug":"regolamento-di-gestione-ed-uso-della-sala-consiliare","status":"publish","type":"page","link":"https:\/\/arvier.eu\/fr\/amministrazione\/regolamenti\/regolamento-di-gestione-ed-uso-della-sala-consiliare\/","title":{"rendered":"Regolamento di gestione ed uso della sala consiliare"},"content":{"rendered":"<h1 style=\"text-align: center;\">REGOLAMENTO DI GESTIONE ED USO DELLA SALA CONSILIARE<\/h1>\n<p style=\"padding-left: 30px;\">Art.  1 &#8211; Oggetto <br \/>Art.  2 &#8211; Gestione<br \/>Art.  3 &#8211; Utenti e limiti di utilizzo<br \/>Art.  4 &#8211; Richieste <br \/>Art.  5 &#8211; Concessione d\u2019uso dell\u2019auditorium <br \/>Art.  6 &#8211; Diniego o rinuncia<br \/>Art.  7 &#8211; Revoca <br \/>Art.  8 &#8211; Ritiro <br \/>Art.  9 &#8211; Responsabilit\u00e0 e doveri dell\u2019utilizzatore<br \/>Art. 10 &#8211; Responsabilit\u00e0 dell\u2019Amministrazione<br \/>Art. 11 &#8211; Riconsegna dei locali e delle attrezzature <br \/>Art. 12 &#8211; Tariffe<br \/>Art. 13 &#8211; Versamento<br \/>Art. 14 &#8211; Esonero dell\u2019Amministrazione da responsabilit\u00e0 per valori, oggetti d\u2019uso o altro lasciati nei locali<\/p>\n<p style=\"text-align: center;\">\n<p style=\"text-align: center;\"><strong>Art. 1 &#8211; Oggetto<\/strong><\/p>\n<ol>\n<li>Il presente regolamento disciplina la gestione e l\u2019uso della sala consiliare in Via Corrado Gex 2 di Arvier, in seguito denominata \u201csala\u201d.<\/li>\n<\/ol>\n<p style=\"text-align: center;\">\n<p style=\"text-align: center;\"><strong>Art. 2 &#8211; Gestione<\/strong><\/p>\n<ol>\n<li>La sala \u00e8 gestita direttamente dal Comune, che si riserva in via esclusiva tutta l\u2019attivit\u00e0 riguardante l\u2019utilizzazione. Al fine di programmare l\u2019utilizzo della sala verr\u00e0 predisposta apposita agenda ove verranno annotate tutte le prenotazioni.<\/li>\n<\/ol>\n<p style=\"text-align: center;\">\n<p style=\"text-align: center;\"><strong>Art. 3 &#8211; Utenti e limiti di utilizzo<\/strong><\/p>\n<ol>\n<li>Possono utilizzare la sala, Associazioni, di natura sia pubblica sia privata, nonch\u00e9, in via subordinata, persone fisiche.<\/li>\n<li>La sala deve essere utilizzata esclusivamente per manifestazioni, convegni, conferenze, celebrazioni, rappresentazioni, concerti, compatibili con la struttura a giudizio insindacabile del Comune. Sono tassativamente esclusi banchetti, danze, rappresentazioni o altre attivit\u00e0 che possano arrecare danni ai locali.<\/li>\n<li>Il numero massimo di spettatori ammissibili \u00e8 di 60 persone sedute.<\/li>\n<\/ol>\n<p style=\"text-align: center;\">\n<p style=\"text-align: center;\"><strong>Art. 4 &#8211; Richieste<\/strong><\/p>\n<ol>\n<li>1.  Chi \u00e8 interessato ad utilizzare la sala dovr\u00e0 farne domanda scritta, di norma con almeno 5 giorni di anticipo.<\/li>\n<li>La domanda dovr\u00e0 indicare il tipo di attivit\u00e0 da svolgere, la durata prevista, le generalit\u00e0 del responsabile dell\u2019iniziativa, sottoscrittore della domanda ed il tipo di attrezzatura che si intende eventualmente utilizzare.<\/li>\n<li>Non potranno esser prese in considerazione domande incomplete ovvero preordinate ad attivit\u00e0 non consentite dal presente regolamento n\u00e9 quelle non conformi col carattere pubblico della struttura.<\/li>\n<li>Il Comune si riserva la valutazione discrezionale della concessione della sala e delle priorit\u00e0 per l\u2019assegnazione in caso di presentazione di pi\u00f9 richieste di uso contemporaneo.<\/li>\n<\/ol>\n<p style=\"text-align: center;\"><strong>Art. 5 &#8211; Concessione d\u2019uso della sala<\/strong><\/p>\n<ol>\n<li>Il Comune esaminata la richiesta e valutatane l\u2019ammissibilit\u00e0, dispone perch\u00e9 il responsabile in essa indicato sia invitato a sottoscrivere l\u2019impegnativa riportata nell\u2019appendice A che costituisce autorizzazione all\u2019uso della sala.<\/li>\n<li>All\u2019atto della sottoscrizione dell\u2019impegnativa il responsabile dell\u2019uso prender\u00e0 visione dei locali e verr\u00e0 edotto sull\u2019uso dei dispositivi di sicurezza nonch\u00e9 del corretto uso degli impianti.<\/li>\n<\/ol>\n<p style=\"text-align: center;\"><strong>Art. 6 &#8211; Diniego o rinuncia<\/strong><\/p>\n<ol>\n<li>Il diniego della concessione verr\u00e0 comunicato per tempo dal Comune al richiedente.<\/li>\n<li>La rinuncia all\u2019uso della sala deve essere tempestivamente comunicata al Comune.<\/li>\n<\/ol>\n<p style=\"text-align: center;\">\n<p style=\"text-align: center;\"><strong>Art. 7 &#8211; Revoca<\/strong><\/p>\n<ol>\n<li>Il Comune pu\u00f2 sempre revocare l\u2019autorizzazione concessa per sopravvenute ragioni di pubblico interesse; di norma non si proceder\u00e0 a revoca nelle ultime quarantotto ore antecedenti l\u2019orario d\u2019inizio della programmata manifestazione.<\/li>\n<li>Nulla \u00e8 dovuto al concessionario in caso di revoca, salvo il rimborso delle somme eventualmente anticipate in seguito alla sottoscrizione dell\u2019impegnativa.<\/li>\n<\/ol>\n<p style=\"text-align: center;\">\n<p style=\"text-align: center;\"><strong>Art. 8 &#8211; Ritiro<\/strong><\/p>\n<ol>\n<li>L\u2019utilizzazione della sala pu\u00f2 essere interrotta (con conseguente immediato ritiro della concessione) dal Comune quando abbia riscontrato scorrettezze nell\u2019utilizzo del fabbricato o dei suoi arredi ed attrezzature.<\/li>\n<\/ol>\n<p style=\"text-align: center;\">\n<p style=\"text-align: center;\"><strong>Art. 9 &#8211; Responsabilit\u00e0 e doveri dell\u2019utilizzatore<\/strong><\/p>\n<ol>\n<li>Chi ottiene l\u2019uso della sala deve porre la massima diligenza per la conservazione dei beni e sar\u00e0 tenuto al risarcimento di ogni eventuale danno prodotto, anche se causato dagli avventori, rimanendo stabilito che l\u2019ordine e la disciplina durante le manifesta-zioni, riunioni ecc. sono a carico degli organizzatori nella persona del responsabile individuato nella richiesta di utilizzo.<\/li>\n<li>Durante l\u2019utilizzazione il responsabile suddetto provveder\u00e0 alla vigilanza, assu-mendosi ogni responsabilit\u00e0 verso il Comune per i danni alle parti edilizie, agli impianti, al contenuto ed ai servizi in genere eventualmente causati dalla presenza e dal comportamento del pubblico. In ogni caso, tutte le responsabilit\u00e0 morali e materiali saranno sempre attribuite al responsabile titolare dell&rsquo;autorizzazione.<\/li>\n<\/ol>\n<p style=\"text-align: center;\">\n<p style=\"text-align: center;\"><strong>Art. 10 &#8211; Responsabilit\u00e0 dell\u2019Amministrazione<\/strong><\/p>\n<ol>\n<li>L\u2019Amministrazione \u00e8 tenuta ad assicurarsi per la responsabilit\u00e0 civile incombente al proprietario del fabbricato e delle attrezzature.<\/li>\n<li>Resta inteso che l\u2019utilizzazione \u00e8 concessa secondo l\u2019agibilit\u00e0 accertata e ricono-sciuta; pertanto, chi ne ha ottenuto l\u2019utilizzazione deve attenersi alle condizioni di agibilit\u00e0, controllando i limiti d\u2019uso e di capienza.<\/li>\n<\/ol>\n<p style=\"text-align: center;\">\n<p style=\"text-align: center;\"><strong>Art. 11 &#8211; Riconsegna dei locali e delle attrezzature<\/strong><\/p>\n<ol>\n<li>Alla conclusione dell\u2019iniziativa, il responsabile deve riconsegnare quanto ricevuto in uso dal Comune, che proceder\u00e0 in contraddittorio alla verifica dello stato dei locali, degli impianti e delle attrezzature.<\/li>\n<\/ol>\n<p style=\"text-align: center;\">\n<p style=\"text-align: center;\"><strong>Art. 12 &#8211; Tariffe<\/strong><\/p>\n<ol>\n<li>Per l\u2019utilizzo della sala viene richiesto un rimborso delle spese di gestione e di manutenzione dello stesso, da versare prima della sottoscrizione dell\u2019impegnativa.<\/li>\n<li>Tale importo comprende anche le spese della pulizia ordinaria che verr\u00e0 eseguita a cura del Comune al termine dell\u2019utilizzo.<\/li>\n<li>L\u2019importo del rimborso spese sar\u00e0 stabilito e aggiornato con apposito provvedimento dell\u2019Ente e sar\u00e0 diversificato a seconda della categoria dell\u2019utilizzatore dei locali chiesti in uso.<\/li>\n<li>Potranno essere previste agevolazioni ed esenzioni per gli Enti pubblici e per le Associazioni, anche private, senza scopo di lucro, privilegiando chi abbia sede nel territorio comunitario.<\/li>\n<li>I richiedenti autorizzati ad utilizzare, oltre ai locali, anche attrezzature di propriet\u00e0 del Comune (proiettore, schermo, ecc.), sono tenuti a versare, in aggiunta alla tariffa stabilita, supplementi le cui misure saranno determinate nello stesso provvedimento di concessione.<\/li>\n<li>Le misure delle tariffe e dei supplementi potranno essere aggiornate annualmente.<\/li>\n<\/ol>\n<p style=\"text-align: center;\"><strong>Art. 13 &#8211; Versamento<\/strong><\/p>\n<ol>\n<li>Le tariffa ed i supplementi dovranno essere versati prima della sottoscrizione dell\u2019impegnativa tramite c\/c bancario presso la tesoreria del Comune.<\/li>\n<\/ol>\n<p style=\"text-align: center;\">\n<p style=\"text-align: center;\"><strong>Art. 14 &#8211; Esonero dell\u2019Amministrazione da responsabilit\u00e0 per valori, oggetti d\u2019uso o altro lasciati nei locali<\/strong><\/p>\n<ol>\n<li>L\u2019Amministrazione non risponder\u00e0 in alcun modo dei valori e degli oggetti d\u2019uso e degli effetti personali che venissero lasciati nei locali utilizzati.<\/li>\n<\/ol>\n","protected":false},"excerpt":{"rendered":"<p>REGOLAMENTO DI GESTIONE ED USO DELLA SALA CONSILIARE Art.<\/p>\n","protected":false},"author":1,"featured_media":0,"parent":812,"menu_order":17,"comment_status":"closed","ping_status":"closed","template":"","meta":{"footnotes":""},"tags":[],"class_list":["post-169","page","type-page","status-publish","hentry"],"publishpress_future_action":{"enabled":false,"date":"2026-04-25 14:30:01","action":"change-status","newStatus":"draft","terms":[],"taxonomy":"post_tag","extraData":[]},"publishpress_future_workflow_manual_trigger":{"enabledWorkflows":[]},"_links":{"self":[{"href":"https:\/\/arvier.eu\/fr\/wp-json\/wp\/v2\/pages\/169","targetHints":{"allow":["GET"]}}],"collection":[{"href":"https:\/\/arvier.eu\/fr\/wp-json\/wp\/v2\/pages"}],"about":[{"href":"https:\/\/arvier.eu\/fr\/wp-json\/wp\/v2\/types\/page"}],"author":[{"embeddable":true,"href":"https:\/\/arvier.eu\/fr\/wp-json\/wp\/v2\/users\/1"}],"replies":[{"embeddable":true,"href":"https:\/\/arvier.eu\/fr\/wp-json\/wp\/v2\/comments?post=169"}],"version-history":[{"count":0,"href":"https:\/\/arvier.eu\/fr\/wp-json\/wp\/v2\/pages\/169\/revisions"}],"up":[{"embeddable":true,"href":"https:\/\/arvier.eu\/fr\/wp-json\/wp\/v2\/pages\/812"}],"wp:attachment":[{"href":"https:\/\/arvier.eu\/fr\/wp-json\/wp\/v2\/media?parent=169"}],"wp:term":[{"taxonomy":"post_tag","embeddable":true,"href":"https:\/\/arvier.eu\/fr\/wp-json\/wp\/v2\/tags?post=169"}],"curies":[{"name":"wp","href":"https:\/\/api.w.org\/{rel}","templated":true}]}}