{"id":7066,"date":"2011-01-06T15:31:12","date_gmt":"2011-01-06T14:31:12","guid":{"rendered":"https:\/\/arvier.eu\/?page_id=7066"},"modified":"2022-03-02T16:05:51","modified_gmt":"2022-03-02T15:05:51","slug":"armes-et-gonfalon","status":"publish","type":"page","link":"https:\/\/arvier.eu\/fr\/administration\/armes-et-gonfalon\/","title":{"rendered":"Armes et gonfalon"},"content":{"rendered":"\n<h1 class=\"wp-block-heading\">ARMOIRIES&nbsp;<\/h1>\n\n\n\n<figure class=\"wp-block-image\"><img decoding=\"async\" src=\"https:\/\/arvier.eu\/images\/stories\/pagine\/stemma.jpg\" alt=\"Stemma Arvier\"\/><\/figure>\n\n\n\n<p>Armoiries : d\u2019azur au lion d\u2019argent lampass\u00e9 de gueules, \u00e0 la fasce brochant d\u2019or, charg\u00e9e de trois roses de gueules. Ornements ext\u00e9rieurs propres aux communes.<\/p>\n\n\n\n<p>Les armoiries d\u2019Arvier reproduisent presque int\u00e9gralement l\u2019\u00e9cu des nobles De La Mothe (qui ne s\u2019en distingue que par ses roses boutonn\u00e9es d\u2019or). Selon l\u2019historien De Tillier, la famille du notaire Aymar \u2013 secr\u00e9taire du comte Philippe de Savoie \u2013 s\u2019\u00e9tablit \u00e0 Arvier \u00e0 la fin du XIIIe si\u00e8cle. En \u00e9pousant la derni\u00e8re descendante des nobles D\u2019Arvier (De Arverio), seigneurs du village qui sont mentionn\u00e9s dans des documents du XIIIe si\u00e8cle, ce dernier leur succ\u00e9da et la juridiction demeura sous le contr\u00f4le de ses descendants jusqu\u2019au d\u00e9but du XVe si\u00e8cle. \u00c0 la mort du dernier descendant m\u00e2le, son h\u00e9riti\u00e8re Jeannette de La Mothe, derni\u00e8re repr\u00e9sentante de la lign\u00e9e, transmit ses droits seigneuriaux \u00e0 la puissante famille de son \u00e9poux, Pierre d\u2019Avise, qui devint ainsi propri\u00e9taire du ch\u00e2teau de La Mothe, lequel domine le chef-lieu d\u2019Arvier, en sus des ch\u00e2teaux de Rochefort, de Montmayeur et de Planaval, qu\u2019elle poss\u00e9dait d\u00e9j\u00e0 sur le territoire de la commune.<\/p>\n\n\n\n<h1 class=\"wp-block-heading\">GONFALON<\/h1>\n\n\n\n<figure class=\"wp-block-image\"><img decoding=\"async\" src=\"https:\/\/arvier.eu\/images\/stories\/pagine\/gonfalone.jpg\" alt=\"gonfalone\"\/><\/figure>\n\n\n\n<p>Gonfalon : drap parti de blanc et de gueules, richement d\u00e9cor\u00e9 de broderies d\u2019argent, et charg\u00e9 des armoiries d\u00e9crites ci-dessus, avec l\u2019inscription cintr\u00e9e d\u2019argent, portant le nom de la commune. Les parties m\u00e9talliques et les cordons sont d\u2019argent. La hampe est couverte de velours des couleurs du drap, altern\u00e9es, avec des broquettes d\u2019argent pos\u00e9es en spirale. La fl\u00e8che repr\u00e9sente les armoiries communales et porte le nom de la commune. Cravate tricolore aux couleurs nationales frang\u00e9e d\u2019argent.<\/p>\n\n\n\n<p>Les armoiries et le gonfalon ont \u00e9t\u00e9 approuv\u00e9s par le d\u00e9cret du pr\u00e9sident de la R\u00e9publique du 4 f\u00e9vrier 1993.&nbsp;<\/p>\n\n\n\n<h1 class=\"wp-block-heading\">REGLEMENT<\/h1>\n\n\n\n<p><a href=\"https:\/\/arvier.eu\/fr\/amministrazione\/regolamenti\/regolamento-per-luso-del-gonfalone-e-dello-stemma\/\" data-type=\"page\" data-id=\"156\">R\u00e8glement d\u2019utilisation du gonfalon et des armoiries<\/a><\/p>\n","protected":false},"excerpt":{"rendered":"<p>ARMOIRIES&nbsp; Armoiries : d\u2019azur au lion d\u2019argent lampass\u00e9 de gueules, \u00e0 la fasce brochant d\u2019or, charg\u00e9e de trois roses de gueules.<\/p>\n","protected":false},"author":1,"featured_media":0,"parent":5866,"menu_order":1,"comment_status":"closed","ping_status":"closed","template":"","meta":{"footnotes":""},"tags":[],"class_list":["post-7066","page","type-page","status-publish","hentry"],"publishpress_future_action":{"enabled":false,"date":"2026-04-24 11:43:38","action":"change-status","newStatus":"draft","terms":[],"taxonomy":"post_tag","extraData":[]},"publishpress_future_workflow_manual_trigger":{"enabledWorkflows":[]},"_links":{"self":[{"href":"https:\/\/arvier.eu\/fr\/wp-json\/wp\/v2\/pages\/7066","targetHints":{"allow":["GET"]}}],"collection":[{"href":"https:\/\/arvier.eu\/fr\/wp-json\/wp\/v2\/pages"}],"about":[{"href":"https:\/\/arvier.eu\/fr\/wp-json\/wp\/v2\/types\/page"}],"author":[{"embeddable":true,"href":"https:\/\/arvier.eu\/fr\/wp-json\/wp\/v2\/users\/1"}],"replies":[{"embeddable":true,"href":"https:\/\/arvier.eu\/fr\/wp-json\/wp\/v2\/comments?post=7066"}],"version-history":[{"count":0,"href":"https:\/\/arvier.eu\/fr\/wp-json\/wp\/v2\/pages\/7066\/revisions"}],"up":[{"embeddable":true,"href":"https:\/\/arvier.eu\/fr\/wp-json\/wp\/v2\/pages\/5866"}],"wp:attachment":[{"href":"https:\/\/arvier.eu\/fr\/wp-json\/wp\/v2\/media?parent=7066"}],"wp:term":[{"taxonomy":"post_tag","embeddable":true,"href":"https:\/\/arvier.eu\/fr\/wp-json\/wp\/v2\/tags?post=7066"}],"curies":[{"name":"wp","href":"https:\/\/api.w.org\/{rel}","templated":true}]}}