{"id":7071,"date":"2011-01-06T17:06:44","date_gmt":"2011-01-06T16:06:44","guid":{"rendered":"https:\/\/arvier.eu\/administration\/vicesindaco\/"},"modified":"2022-03-03T18:09:12","modified_gmt":"2022-03-03T17:09:12","slug":"vicesindaco","status":"publish","type":"page","link":"https:\/\/arvier.eu\/fr\/administration\/vicesindaco\/","title":{"rendered":"Vice-syndic"},"content":{"rendered":"<table border=\"0\">\n<tbody>\n<tr>\n<td>\n<div><a title=\"Foto Vicesindaco - Josianne GODIOZ\" href=\"https:\/\/arvier.eu\/wp-content\/uploads\/2011\/01\/Josianne_GODIOZ_h.jpg\" target=\"_blank\" rel=\"noopener noreferrer\"><img loading=\"lazy\" decoding=\"async\" class=\" alignleft size-full wp-image-260\" style=\"margin-right: 10px; border: 1px solid #000000; float: left;\" src=\"https:\/\/arvier.eu\/wp-content\/uploads\/2011\/01\/Josianne_GODIOZ_low.jpg\" alt=\"Vicesindaco Josianne GODIOZ\" width=\"260\" height=\"346\" \/><\/a><\/div>\n<\/td>\n<td valign=\"top\"><strong>Josianne GODIOZ<\/strong><\/p>\n<p>N\u00e9 \u00e0 Aoste le 3 mai 1969<\/p>\n<p>Residant \u00e0 Arvier hameau Leverogne &#8211; 5, rue Garin<\/p>\n<p>Dipl\u00f4m\u00e9 de l\u2019Institut technique pour comptable, en 1988<\/p>\n<p>Dipl\u00f4me d&rsquo;infirmi\u00e8re professionnelle en 1991<\/p>\n<p>Infirmi\u00e8re \u00e0 l&rsquo;H\u00f4pital r\u00e9gional \u00ab\u00a0Umberto Parini\u00a0\u00bb d&rsquo;Aoste<\/p>\n<p>T\u00e9l\u00e9phone portable: (+39) 339.6157873<\/p>\n<p>Courriel: <a href=\"mailto:j.godioz@gmail.com\">j.godioz@gmail.com<\/a><\/td>\n<\/tr>\n<tr>\n<td><\/td>\n<td><\/td>\n<\/tr>\n<\/tbody>\n<\/table>\n<h2>depuis 2015<\/h2>\n<p>Conseiller communal<br \/>\nVice-syndic<\/p>\n<h2>de 2010 \u00e0 2015<\/h2>\n<p>Conseiller communal<br \/>\nAssesseur communal<br \/>\nRepr\u00e9sentant de la Commune d\u2019Arvier au sein de la commission de biblioth\u00e8que.<\/p>\n<h2>de 2005 \u00e0 2010<\/h2>\n<p>Conseiller communal<\/p>\n","protected":false},"excerpt":{"rendered":"<p>Josianne GODIOZ N\u00e9 \u00e0 Aoste le 3 mai 1969 Residant \u00e0 Arvier hameau Leverogne &#8211; 5, rue Garin Dipl\u00f4m\u00e9 de l\u2019Institut technique pour comptable, en 1988 Dipl\u00f4me d&rsquo;infirmi\u00e8re professionnelle en 1991 Infirmi\u00e8re \u00e0 l&rsquo;H\u00f4pital r\u00e9gional \u00ab\u00a0Umberto Parini\u00a0\u00bb d&rsquo;Aoste T\u00e9l\u00e9phone portable: (+39) 339.<\/p>\n","protected":false},"author":1,"featured_media":0,"parent":5866,"menu_order":4,"comment_status":"closed","ping_status":"closed","template":"","meta":{"footnotes":""},"tags":[],"class_list":["post-7071","page","type-page","status-publish","hentry"],"publishpress_future_action":{"enabled":false,"date":"2026-04-22 01:03:53","action":"change-status","newStatus":"draft","terms":[],"taxonomy":"post_tag","extraData":[]},"publishpress_future_workflow_manual_trigger":{"enabledWorkflows":[]},"_links":{"self":[{"href":"https:\/\/arvier.eu\/fr\/wp-json\/wp\/v2\/pages\/7071","targetHints":{"allow":["GET"]}}],"collection":[{"href":"https:\/\/arvier.eu\/fr\/wp-json\/wp\/v2\/pages"}],"about":[{"href":"https:\/\/arvier.eu\/fr\/wp-json\/wp\/v2\/types\/page"}],"author":[{"embeddable":true,"href":"https:\/\/arvier.eu\/fr\/wp-json\/wp\/v2\/users\/1"}],"replies":[{"embeddable":true,"href":"https:\/\/arvier.eu\/fr\/wp-json\/wp\/v2\/comments?post=7071"}],"version-history":[{"count":0,"href":"https:\/\/arvier.eu\/fr\/wp-json\/wp\/v2\/pages\/7071\/revisions"}],"up":[{"embeddable":true,"href":"https:\/\/arvier.eu\/fr\/wp-json\/wp\/v2\/pages\/5866"}],"wp:attachment":[{"href":"https:\/\/arvier.eu\/fr\/wp-json\/wp\/v2\/media?parent=7071"}],"wp:term":[{"taxonomy":"post_tag","embeddable":true,"href":"https:\/\/arvier.eu\/fr\/wp-json\/wp\/v2\/tags?post=7071"}],"curies":[{"name":"wp","href":"https:\/\/api.w.org\/{rel}","templated":true}]}}