{"id":7075,"date":"2011-01-06T15:30:39","date_gmt":"2011-01-06T14:30:39","guid":{"rendered":"https:\/\/arvier.eu\/?page_id=7075"},"modified":"2022-03-03T18:09:44","modified_gmt":"2022-03-03T17:09:44","slug":"precedentes-administrations","status":"publish","type":"page","link":"https:\/\/arvier.eu\/fr\/administration\/precedentes-administrations\/","title":{"rendered":"Pr\u00e9c\u00e9dentes administrations"},"content":{"rendered":"\n<p><strong>Junte communale nomm\u00e9e par le Comit\u00e9 de Lib\u00e9ration National (C.L.N.) en mai 1945 (Arvier-Avise)<br><\/strong>Syndic :&nbsp;Francesco Barrel * (Arvier)<br>Assesseurs :&nbsp;Francesco Glarey (Arvier) \u2013 Angelo Milliery (Avise) \u2013 Roberto Milliery (Arvier) \u2013 Rodolfo Milliery (Avise)<br><em>* remplac\u00e9 en ao\u00fbt 1945 par Roger Roux<\/em><\/p>\n\n\n\n<p><br><strong>Premi\u00e8re l\u00e9gislature (1946\/1952)<br><\/strong>Syndic :&nbsp;Michele Vallet&nbsp;<br>Assesseurs :&nbsp;Francesco Sage (premier assesseur) \u2013 Fabiano Pellissier &#8211; Roger Roux\u2013 Giuseppe Vection&nbsp;<br>Conseillers :&nbsp;Ferdinando Chevr\u00e8re \u2013 Grato Clusaz * \u2013 Eliseo Gadin &#8211; Francesco Glarey\u2013 Simeone Gerbelle\u2013 Arturo Junin\u2013 Adolfo Luboz &#8211; Fabiano Milliery &#8211; Emilio Pontal \u2013 Maurizio Vection&nbsp;<br>* d\u2019avril \u00e0 octobre 1949, nomm\u00e9 assesseur d\u00e9l\u00e9gu\u00e9, remplace le syndic dans ses fonctions<\/p>\n\n\n\n<p><strong>Deuxi\u00e8me l\u00e9gislature (1952\/1956)<\/strong><br>Syndic:&nbsp;Junin Arturo<br>Assesseurs :&nbsp;Napoleone Arsenio Riblan (premier assesseur) \u2013 Marcello Bovet\u2013 Innocenzo Martin Maurizio &#8211; Giuseppe Vection<br>Conseillers :&nbsp;Roberto Clusaz \u2013 Adolfo Garin \u2013 Arturo Luboz \u2013 Sergio Luboz\u2013 Francesco Milliery &#8211; Isidoro Pellissier &#8211; Giuseppe Rollet \u2013 Giuseppe Roulet\u2013 Michele Vallet &#8211; Giuseppe Vection<\/p>\n\n\n\n<p><strong>Troisi\u00e8me l\u00e9gislature (1956\/1961)<\/strong><br>Syndic :&nbsp;Arturo Junin<br>Assesseurs :&nbsp;Napoleone Arsenio Riblan* (premier assesseur) \u2013 Roberto Clusaz \u2013 Innocenzo Martin \u2013 Maurizio Vection<br>Conseillers :&nbsp;Renato Armand &#8211; Adolfo Garin \u2013 Innocenzo Glarey &#8211; Ettore Gex \u2013 Arturo Luboz \u2013 Sergio Luboz \u2013 Isidoro Pellissier &#8211; Giuseppe Rollet \u2013 Ettore Vallet \u2013 Giuseppe Vection<br><em>* remplac\u00e9 en juin 1960 par Adolfo Garin<\/em><\/p>\n\n\n\n<p><strong>Quatri\u00e8me l\u00e9gislature (1961\/1965)<\/strong><br>Syndic :&nbsp;Roberto Clusaz<br>Assesseurs :&nbsp;Innocenzo Martin (premier aAssesseur) \u2013 Marcello Perrier\u2013 Giuseppe Rollet \u2013 Maurizio Vection<br>Conseillers :&nbsp;Ettore Chevr\u00e8re \u2013 Andrea Dalle \u2013 Ettore Gex \u2013 Innocenzo Glarey \u2013 Sergio Luboz \u2013 Attilio Pellissier \u2013 Giuseppe Pellissier\u2013 Pietro Pivot \u2013 Egidio Rollet &#8211; Maurizio Roux<br><br><strong>Cinqui\u00e8me l\u00e9gislature (1965\/1970)<\/strong><br>Syndic :&nbsp;Roberto Clusaz<br>Assesseurs :&nbsp;Innocenzo Martin (premier assesseur) \u2013 Andrea Dalle \u2013 Sergio Luboz \u2013 Pietro Pivot<br>Conseillers :&nbsp;Ettore Chevr\u00e8re \u2013 Ettore Gex \u2013 Raimondo Glarey \u2013 Maurizio Luboz \u2013 Isidoro Pellissier \u2013 Marcello Perrier \u2013 Egidio Rollet \u2013 Giuseppe Rollet \u2013 Maurizio Roux \u2013 Primo Vection<br><br><strong>Sixi\u00e8me l\u00e9gislature (1970\/1975)<\/strong><br>Syndic :&nbsp;Roberto Clusaz<br>Assesseurs :&nbsp;Innocenzo Martin (premier assesseur) \u2013 Andrea Dalle \u2013 Sergio Luboz \u2013 Pietro Pivot<br>Conseillers :&nbsp;Renato Armand \u2013 Luigi Bacchi \u2013 Luigi Barrel -\u2013 Ettore Chevr\u00e8re \u2013 Ettore Gex \u2013 Gilberto Luboz \u2013 Guido Milliery \u2013 Marcello Perrier \u2013 Egidio Rollet \u2013 Silvio Vallet<br><br><strong>Septi\u00e8me l\u00e9gislature (1975\/1980)<\/strong><br>Syndic :&nbsp;Walter Riblan<br>Assesseurs :&nbsp;Pietro Pivot (premier assesseur) \u2013 Andrea Dalle \u2013 Ubaldo Luboz \u2013 Egidio Rollet<br>Conseillers :&nbsp;Luciano Joris \u2013 Sergio Junin \u2013 Gilberto Luboz \u2013 Guido Milliery \u2013 Giuseppe Ravet \u2013 Remo Roulet \u2013 Bruno Perrier \u2013 Maurizio Roux* \u2013 Giulio Thomain \u2013 Silvio Vallet<br><em>* nomm\u00e9 \u00e0 la suite de la d\u00e9mission de Roberto Clusaz, \u00e9lu conseiller r\u00e9gional<\/em><\/p>\n\n\n\n<p><strong>Huiti\u00e8me l\u00e9gislature (1980\/1985)<\/strong><br>Syndic :\u00a0Walter Riblan<br>Assesseurs :\u00a0Pietro Pivot (premier assesseur) \u2013 Giuseppe Armand \u2013 Franco Godioz \u2013 Guido Milliery<br>Conseillers :\u00a0Ivo Bovet \u2013 Luciano Joris \u2013 Sergio Junin \u2013 Nadir Gex \u2013 Piero Michelin \u2013 Natale Milliery \u2013 Giuseppe Ravet \u2013 Remo Roulet \u2013 Maurizio Roux \u2013 Lorenzo Vinante<br><br><strong>Neuvi\u00e8me l\u00e9gislature (1985\/1990)<\/strong><br>Syndic :\u00a0Walter Riblan<br>Assesseurs :\u00a0Giuseppe Armand (premier assesseur) \u2013 Rik Clusaz \u2013 Franco Godioz \u2013 Guido Milliery<br>Conseillers :\u00a0Giuseppe Glarey \u2013 Luciano Joris \u2013 Sergio Junin \u2013 Ede Luboz \u2013 Piero Michelin \u2013 Natale Milliery \u2013 Giuseppe Ravet \u2013 Remo Roulet \u2013 Maurizio Roux \u2013 Pier Angelo Vallet<br><br><strong>Dixi\u00e8me l\u00e9gislature (1990\/1995)<\/strong><br>Syndic :\u00a0Walter Riblan<br>Vice-syndic :\u00a0Giuseppe Armand<br>Assesseurs :\u00a0Franco Godioz\u2013 Giuseppe Ravet \u2013 Remo Roulet<br>Conseillers :\u00a0Robert Armand \u2013 Claudio Junin \u2013 Ede Luboz\u2013 Natale Milliery \u2013 Graziano Perrier \u2013 Eric Rollet \u2013 Roger Roux \u2013 Agostino Scalfi \u2013 Pier Angelo Vallet \u2013 Manuela Vection<br><br><strong>Onzi\u00e8me l\u00e9gislature (1995\/2000)<\/strong><br>Syndic :\u00a0Walter Riblan<br>Vice-syndic :\u00a0Giuseppe Armand<br>Assesseurs :\u00a0Fausto Ballerini\u2013 Jonny Martin\u2013 Remo Roulet<br>Conseillers :\u00a0Robert Armand \u2013 Gisella Glarey \u2013 Claudio Junin \u2013 Christiane Luboz \u2013 Mauro Lucianaz \u2013 Luca Milliery \u2013 Natale Milliery \u2013 Romeo Pellissier \u2013 Roger Roux \u2013 Mario Ruggeri<a href=\"https:\/\/arvier.eu\/images\/stories\/pagine\/1996_-_Sindaci_H.jpg\"><\/a><em>Quatre syndics pour Arvier (1946-1996)\u00a0de gauche \u00e0 droite :<\/em><br><em>Michele Vallet, Arturo Junin, Roberto Clusaz, Walter Riblan<\/em><\/p>\n\n\n\n<p><strong>Douzi\u00e8me l\u00e9gislature (2000\/2005)<\/strong><br>Syndic :&nbsp;Walter Riblan<br>Vice-syndic :&nbsp;Giuseppe Armand<br>Assesseurs :&nbsp;Fausto Ballerini\u2013 Fulvio Bovet\u2013 Jonny Martin<br>Conseillers :&nbsp;Emilio Gex \u2013 Gisella Glarey \u2013 Cristiane Luboz \u2013 Mauro Lucianaz \u2013 Laura Martinet \u2013 Valeria Rollet \u2013 Agostino Scalfi<\/p>\n\n\n\n<p><strong>Treizi\u00e8me l\u00e9gislature (2005\/2010)<\/strong><br>Syndic :&nbsp;Walter Riblan<br>Vice-syndic :&nbsp;Fulvio Bovet<br>Assesseurs :&nbsp;Christian Alleyson \u2013 Fausto Ballerini \u2013 Mauro Lucianaz<br>Conseillers :&nbsp;Manuel Barrel \u2013 Nella Chabod \u2013 Emilio Gex \u2013 Josianne Godioz \u2013 Elio Luberto \u2013 Jonny Martin \u2013 Gloriana Pellissier \u2013 Agostino Scalfi<\/p>\n\n\n\n<p><strong>Quatorzi\u00e8me l\u00e9gislature (2010\/2015)<\/strong><br>Syndic :&nbsp;Mauro Lucianaz<br>Vice-syndic :&nbsp;Christian Alleyson<br>Assesseurs :&nbsp;Josianne Godioz\u2013Jonny Martin &#8211; Enrico Giovanni Vallet<br>Conseillers :&nbsp;Bernardo B\u00e9thaz \u2013 Claudine Clusaz \u2013 Angelo Franchino \u2013 Nathalie Luboz \u2013 Sara Patat \u2013 Romeo Pellissier \u2013 Eric Rollet \u2013 Marcello Rollet \u2013 Valeria Rollet \u2013 Laurent Fran\u00e7ois Roulet<\/p>\n","protected":false},"excerpt":{"rendered":"<p>Junte communale nomm\u00e9e par le Comit\u00e9 de Lib\u00e9ration National (C.<\/p>\n","protected":false},"author":1,"featured_media":0,"parent":5866,"menu_order":8,"comment_status":"closed","ping_status":"closed","template":"","meta":{"footnotes":""},"tags":[],"class_list":["post-7075","page","type-page","status-publish","hentry"],"publishpress_future_action":{"enabled":false,"date":"2026-04-29 21:33:49","action":"change-status","newStatus":"draft","terms":[],"taxonomy":"post_tag","extraData":[]},"publishpress_future_workflow_manual_trigger":{"enabledWorkflows":[]},"_links":{"self":[{"href":"https:\/\/arvier.eu\/fr\/wp-json\/wp\/v2\/pages\/7075","targetHints":{"allow":["GET"]}}],"collection":[{"href":"https:\/\/arvier.eu\/fr\/wp-json\/wp\/v2\/pages"}],"about":[{"href":"https:\/\/arvier.eu\/fr\/wp-json\/wp\/v2\/types\/page"}],"author":[{"embeddable":true,"href":"https:\/\/arvier.eu\/fr\/wp-json\/wp\/v2\/users\/1"}],"replies":[{"embeddable":true,"href":"https:\/\/arvier.eu\/fr\/wp-json\/wp\/v2\/comments?post=7075"}],"version-history":[{"count":0,"href":"https:\/\/arvier.eu\/fr\/wp-json\/wp\/v2\/pages\/7075\/revisions"}],"up":[{"embeddable":true,"href":"https:\/\/arvier.eu\/fr\/wp-json\/wp\/v2\/pages\/5866"}],"wp:attachment":[{"href":"https:\/\/arvier.eu\/fr\/wp-json\/wp\/v2\/media?parent=7075"}],"wp:term":[{"taxonomy":"post_tag","embeddable":true,"href":"https:\/\/arvier.eu\/fr\/wp-json\/wp\/v2\/tags?post=7075"}],"curies":[{"name":"wp","href":"https:\/\/api.w.org\/{rel}","templated":true}]}}