{"id":7077,"date":"2011-01-06T15:29:00","date_gmt":"2011-01-06T14:29:00","guid":{"rendered":"https:\/\/arvier.eu\/?page_id=7077"},"modified":"2022-03-02T16:26:22","modified_gmt":"2022-03-02T15:26:22","slug":"junte-communale","status":"publish","type":"page","link":"https:\/\/arvier.eu\/fr\/administration\/junte-communale\/","title":{"rendered":"Junte communale"},"content":{"rendered":"\n<figure class=\"wp-block-image\"><img decoding=\"async\" src=\"https:\/\/arvier.eu\/images\/stories\/pagine\/Consiglio2015\/Giunta_Arvier_web.jpg\" alt=\"Giunta Arvier web\"\/><\/figure>\n\n\n\n<h2 class=\"wp-block-heading\">Composition<\/h2>\n\n\n<table>\n<tbody>\n<tr>\n<td style=\"width:200px\"><img decoding=\"async\" class=\"\" style=\"width: 275px;\" src=\"https:\/\/arvier.eu\/images\/stories\/pagine\/Consiglio2015\/Sindaco.jpg\" alt=\"Foto Sindaco di Arvier Mauro LUCIANAZ\" height=\"411\"><\/td>\n<td><strong>Mauro LUCIANAZ &#8211; Syndic<\/strong>N\u00e9 \u00e0 Aoste le 10 janvier 1974<br>R\u00e9sidant \u00e0 Arvier \u2013 97, hameau du Grand-Haury,<br>Dipl\u00f4m\u00e9 de l\u2019Institut technique pour g\u00e9om\u00e8tres \u00ab Jules Brocherel \u00bb d\u2019Aoste en 1993<br>Inscrit au Tableau des g\u00e9om\u00e8tres de la Vall\u00e9e d\u2019Aoste, il exerce la profession lib\u00e9rale<br>T\u00e9l\u00e9phone portable : (+39) 335 6178724<br>Courriel:&nbsp;<a href=\"mailto:sindaco@comune.arvier.ao.it\">sindaco@comune.arvier.ao.it<\/a>&nbsp;&nbsp;&nbsp;<a href=\"mailto:mauro@lucianaz.it\">mauro@lucianaz.it<\/a><em>Re\u00e7oit sur rendez-vous, du lundi au samedi de 8h \u00e0 20h<\/em><\/td>\n<\/tr>\n<tr>\n<td>&nbsp;<\/td>\n<td>&nbsp;<\/td>\n<\/tr>\n<tr>\n<td><img decoding=\"async\" src=\"https:\/\/arvier.eu\/images\/stories\/pagine\/Consiglio2015\/Godioz.jpg\" alt=\"Godioz\"><\/td>\n<td><strong>Josianne GODIOZ &#8211; Vice-syndic<br><\/strong>N\u00e9e \u00e0 Aoste le 3 mai 1969<br>R\u00e9sidant \u00e0 Arvier, au hameau de Leverogne \u2013 5, rue Garin<br>Dipl\u00f4m\u00e9e de l\u2019Institut technique pour comptables, en 1988<br>Dipl\u00f4me d\u2019infirmi\u00e8re professionnelle en 1991<br>Infirmi\u00e8re \u00e0 l\u2019H\u00f4pital r\u00e9gional \u00ab Umberto Parini \u00bb d\u2019Aoste<br>T\u00e9l\u00e9phone portable : (+39) 335 6157873<br>Courriel :&nbsp;<a href=\"mailto:j.godioz@gmail.com\">j.godioz@gmail.com<\/a>&nbsp;<\/td>\n<\/tr>\n<tr>\n<td>&nbsp;<\/td>\n<td>&nbsp;<\/td>\n<\/tr>\n<tr>\n<td><img decoding=\"async\" src=\"https:\/\/arvier.eu\/images\/stories\/pagine\/Consiglio2015\/Martin.jpg\" alt=\"Martin\"><\/td>\n<td><strong>Jonny MARTIN &#8211; Assesseur<br><\/strong>N\u00e9 \u00e0 Aoste le 24 ao\u00fbt 1974<br>R\u00e9sidant \u00e0 Arvier, au hameau de Leverogne \u2013 118, rue C. Gex,<br>Dipl\u00f4m\u00e9 de l\u2019Institut technique pour comptables en 1993<br>Ma\u00eetrise en droit de l\u2019Universit\u00e0 Cattolica de Milan en 1999<br>Fonctionnaire r\u00e9gional<br>T\u00e9l\u00e9phone portable : (+39) 347 4078490<br>Courriel :&nbsp;<a href=\"mailto:martin.arvier@gmail.com\">martin.arvier@gmail.com<\/a>&nbsp;<\/td>\n<\/tr>\n<tr>\n<td>&nbsp;<\/td>\n<td>&nbsp;<\/td>\n<\/tr>\n<tr>\n<td><img decoding=\"async\" src=\"https:\/\/arvier.eu\/images\/stories\/pagine\/Consiglio2015\/Vallet.jpg\" alt=\"Vallet\"><\/td>\n<td><strong>Enrico Giovanni VALLET &#8211;&nbsp;Assesseur<br><\/strong>N\u00e9 \u00e0 Aoste le 2 ao\u00fbt 1959<br>R\u00e9sidant \u00e0 Arvier\u2013 75, rue Corrado Gex<br>Artisan en b\u00e2timent<br>T\u00e9l\u00e9phone portable: (+39) 349 6083001<br>Courriel :&nbsp;<a href=\"mailto:e.vallet@tiscali.it\">e.vallet@tiscali.it<\/a><\/td>\n<\/tr>\n<\/tbody>\n<\/table>","protected":false},"excerpt":{"rendered":"<p>Composition Mauro LUCIANAZ &#8211; SyndicN\u00e9 \u00e0 Aoste le 10 janvier 1974R\u00e9sidant \u00e0 Arvier \u2013 97, hameau du Grand-Haury,Dipl\u00f4m\u00e9 de l\u2019Institut technique pour g\u00e9om\u00e8tres \u00ab Jules Brocherel \u00bb d\u2019Aoste en 1993Inscrit au Tableau des g\u00e9om\u00e8tres de la Vall\u00e9e d\u2019Aoste, il exerce la profession lib\u00e9raleT\u00e9l\u00e9phone portable : (+39) 335 6178724Courriel:&nbsp;sindaco@comune.<\/p>\n","protected":false},"author":1,"featured_media":0,"parent":5866,"menu_order":5,"comment_status":"closed","ping_status":"closed","template":"","meta":{"footnotes":""},"tags":[],"class_list":["post-7077","page","type-page","status-publish","hentry"],"publishpress_future_action":{"enabled":false,"date":"2026-04-26 20:33:03","action":"change-status","newStatus":"draft","terms":[],"taxonomy":"post_tag","extraData":[]},"publishpress_future_workflow_manual_trigger":{"enabledWorkflows":[]},"_links":{"self":[{"href":"https:\/\/arvier.eu\/fr\/wp-json\/wp\/v2\/pages\/7077","targetHints":{"allow":["GET"]}}],"collection":[{"href":"https:\/\/arvier.eu\/fr\/wp-json\/wp\/v2\/pages"}],"about":[{"href":"https:\/\/arvier.eu\/fr\/wp-json\/wp\/v2\/types\/page"}],"author":[{"embeddable":true,"href":"https:\/\/arvier.eu\/fr\/wp-json\/wp\/v2\/users\/1"}],"replies":[{"embeddable":true,"href":"https:\/\/arvier.eu\/fr\/wp-json\/wp\/v2\/comments?post=7077"}],"version-history":[{"count":0,"href":"https:\/\/arvier.eu\/fr\/wp-json\/wp\/v2\/pages\/7077\/revisions"}],"up":[{"embeddable":true,"href":"https:\/\/arvier.eu\/fr\/wp-json\/wp\/v2\/pages\/5866"}],"wp:attachment":[{"href":"https:\/\/arvier.eu\/fr\/wp-json\/wp\/v2\/media?parent=7077"}],"wp:term":[{"taxonomy":"post_tag","embeddable":true,"href":"https:\/\/arvier.eu\/fr\/wp-json\/wp\/v2\/tags?post=7077"}],"curies":[{"name":"wp","href":"https:\/\/api.w.org\/{rel}","templated":true}]}}