{"id":7085,"date":"2011-01-06T15:29:46","date_gmt":"2011-01-06T14:29:46","guid":{"rendered":"https:\/\/arvier.eu\/?page_id=7085"},"modified":"2022-03-02T16:29:06","modified_gmt":"2022-03-02T15:29:06","slug":"conseil-communal","status":"publish","type":"page","link":"https:\/\/arvier.eu\/fr\/administration\/conseil-communal\/","title":{"rendered":"Conseil communal"},"content":{"rendered":"<div id=\"main-2\" class=\"maincomponent\" role=\"main\">\n<div class=\"padding\">\n<div class=\"item-page\">\n<div class=\"article-body\">\n<p><img decoding=\"async\" src=\"https:\/\/arvier.eu\/images\/stories\/pagine\/Consiglio2015\/Consiglio_Arvier_web.jpg\" alt=\"Consiglio Arvier web\" \/><\/p>\n<h2><strong>\u00a0\u00a0Composition<\/strong><\/h2>\n<table border=\"0\" cellspacing=\"5\">\n<tbody>\n<tr>\n<td valign=\"left\">\n<div><em>de gauche \u00e0 droite :<\/em><\/div>\n<\/td>\n<td valign=\"middle\">\n<div>\u00a0<\/div>\n<\/td>\n<td valign=\"middle\">\u00a0<\/td>\n<td valign=\"middle\">\u00a0<\/td>\n<\/tr>\n<tr>\n<td valign=\"middle\">\n<div><strong>Claudine CLUSAZ<\/strong><\/div>\n<\/td>\n<td valign=\"middle\">\n<div>n\u00e9e \u00e0 Aoste<\/div>\n<\/td>\n<td valign=\"middle\">le 23\/04\/1981<\/td>\n<td style=\"text-align: center;\" valign=\"middle\">ing\u00e9nieur &#8211; Employ\u00e9e technique<\/td>\n<\/tr>\n<tr>\n<td valign=\"middle\">\n<div><strong>Enrico Giovanni VALLET<\/strong><\/div>\n<\/td>\n<td valign=\"middle\">\n<div>n\u00e9 \u00e0 Aoste<\/div>\n<\/td>\n<td valign=\"middle\">\n<div>le 02\/08\/1959<\/div>\n<\/td>\n<td style=\"text-align: center;\" valign=\"middle\">artisan en b\u00e2timent<\/td>\n<\/tr>\n<tr>\n<td valign=\"middle\">\n<div><strong>Jonny MARTIN<\/strong><\/div>\n<\/td>\n<td valign=\"middle\">\n<div>n\u00e9 \u00e0 Aoste<\/div>\n<\/td>\n<td valign=\"middle\">le 24\/08\/1974<\/td>\n<td style=\"text-align: center;\" valign=\"middle\">fonctionnaire r\u00e9gional<\/td>\n<\/tr>\n<tr>\n<td valign=\"middle\">\n<div><strong>Josianne GODIOZ<\/strong><\/div>\n<\/td>\n<td valign=\"middle\">\n<div>n\u00e9e \u00e0 Aoste<\/div>\n<\/td>\n<td valign=\"middle\">le 03\/05\/1969<\/td>\n<td style=\"text-align: center;\" valign=\"middle\">infirmi\u00e8re \u00e0 l\u2019H\u00f4pital r\u00e9gional\u00a0<\/td>\n<\/tr>\n<tr>\n<td valign=\"middle\">\n<div><strong>Mauro LUCIANAZ<\/strong><\/div>\n<\/td>\n<td valign=\"middle\">\n<div>n\u00e9 \u00e0 Aoste<\/div>\n<\/td>\n<td valign=\"middle\">le 10\/01\/1974<\/td>\n<td style=\"text-align: center;\" valign=\"middle\">g\u00e9om\u00e8tre professionnel lib\u00e9ral<\/td>\n<\/tr>\n<tr>\n<td valign=\"middle\">\n<div><strong>Vilma THOMAIN<\/strong><\/div>\n<\/td>\n<td valign=\"middle\">\n<div>n\u00e9e \u00e0 Aoste<\/div>\n<\/td>\n<td valign=\"middle\">\n<div>le 04\/07\/1959<\/div>\n<\/td>\n<td style=\"text-align: center;\" valign=\"middle\">enseignante<\/td>\n<\/tr>\n<tr>\n<td valign=\"middle\"><strong>Denise ALLEYSON<\/strong><\/td>\n<td valign=\"middle\">n\u00e9e \u00e0 Aoste<\/td>\n<td valign=\"middle\">le 09\/08\/1981<\/td>\n<td style=\"text-align: center;\" valign=\"middle\">psychomotricienne<\/td>\n<\/tr>\n<tr>\n<td valign=\"middle\">\n<div><strong>Luca MILLIERY<\/strong><\/div>\n<\/td>\n<td valign=\"middle\">\n<div>n\u00e9 \u00e0 Aoste<\/div>\n<\/td>\n<td valign=\"middle\">\n<div>le 30\/11\/1960<\/div>\n<\/td>\n<td style=\"text-align: center;\" valign=\"middle\">enseignant<\/td>\n<\/tr>\n<tr>\n<td valign=\"middle\"><strong>Nicolas VALLET<\/strong><\/td>\n<td valign=\"middle\">\n<div>n\u00e9 \u00e0 Aoste<\/div>\n<\/td>\n<td valign=\"middle\">\n<div>le 30\/12\/1988<\/div>\n<\/td>\n<td align=\"center\" valign=\"middle\">podologue<\/td>\n<\/tr>\n<tr>\n<td valign=\"middle\">\n<div><strong>Valeria ROLLET<\/strong><\/div>\n<\/td>\n<td valign=\"middle\">\n<div>n\u00e9e \u00e0 Aoste<\/div>\n<\/td>\n<td valign=\"middle\">\n<div>le 22\/07\/1966<\/div>\n<\/td>\n<td align=\"center\" valign=\"middle\">employ\u00e9e<\/td>\n<\/tr>\n<tr>\n<td valign=\"middle\">\n<div><strong>Annie GLAREY<\/strong><\/div>\n<\/td>\n<td valign=\"middle\">\n<div>n\u00e9ee \u00e0 Aoste<\/div>\n<\/td>\n<td valign=\"middle\">\n<div>le 03\/01\/1982<\/div>\n<\/td>\n<td align=\"center\" valign=\"middle\">conservatrice scientifique<\/td>\n<\/tr>\n<\/tbody>\n<\/table>\n<p><br \/>Le Conseil Communal a \u00e9t\u00e9 \u00e9lu le\u00a0<a class=\"external-link\" title=\"Risultati elezioni comunali 10 maggio 2015 - Questo \u00e8 un collegamento ad un sito esterno.\" href=\"http:\/\/elezioni.regione.vda.it\/elezioni\/VotiComunali_i.aspx?idele=120&amp;ord=1&amp;setcar=n&amp;idcom=5\" target=\"_blank\" rel=\"noopener\">10 mai 2015<\/a>\u00a0et son installation a eu lieu le 28 mai 2015.<\/p>\n<p>\u00a0<\/p>\n<h2>Statuts de la Commune d\u2019Arvier<\/h2>\n<div><a href=\"https:\/\/arvier.eu\/fr\/statuts.html\">art. 11 &#8211; Conseil communal<\/a><\/div>\n<div><a href=\"https:\/\/arvier.eu\/fr\/statuts.html\">art. 12 &#8211; Comp\u00e9tences du Conseil<\/a><\/div>\n<p>\u00a0<\/p>\n<h2>R\u00e8glement<\/h2>\n<div><a href=\"https:\/\/arvier.eu\/it\/43-regolamenti\/amministrazione1\/94-regolamento-di-funzionamento-del-consiglio-comunale.html\">R\u00e8glement de fonctionnement du Conseil Communal<\/a><\/div>\n<\/div>\n<\/div>\n<\/div>\n<\/div>\n<div role=\"complementary\">\n<div id=\"sidebar-left\">\u00a0<\/div>\n<\/div>\n<div id=\"footer\">\n<div class=\"padding\">\n<div class=\"moduletable\">\n<div class=\"module-content\">\n<div class=\"custom\">\n<div>\u00a0<\/div>\n<\/div>\n<\/div>\n<\/div>\n<\/div>\n<\/div>\n\n\n<p><\/p>\n","protected":false},"excerpt":{"rendered":"<p>\u00a0\u00a0Composition de gauche \u00e0 droite : \u00a0 \u00a0 \u00a0 Claudine CLUSAZ n\u00e9e \u00e0 Aoste le 23\/04\/1981 ing\u00e9nieur &#8211; Employ\u00e9e technique Enrico Giovanni VALLET n\u00e9 \u00e0 Aoste le 02\/08\/1959 artisan en b\u00e2timent Jonny MARTIN n\u00e9 \u00e0 Aoste le 24\/08\/1974 fonctionnaire r\u00e9gional Josianne GODIOZ n\u00e9e \u00e0 Aoste le 03\/05\/1969 infirmi\u00e8re \u00e0 l\u2019H\u00f4pital r\u00e9gional\u00a0 Mauro LUCIANAZ n\u00e9 \u00e0 Aoste le 10\/01\/1974 g\u00e9om\u00e8tre professionnel lib\u00e9ral Vilma THOMAIN n\u00e9e \u00e0 Aoste le 04\/07\/1959 enseignante Denise ALLEYSON n\u00e9e \u00e0 Aoste le 09\/08\/1981 psychomotricienne Luca MILLIERY n\u00e9 \u00e0 Aoste le 30\/11\/1960 enseignant Nicolas VALLET n\u00e9 \u00e0 Aoste le 30\/12\/1988 podologue Valeria ROLLET n\u00e9e \u00e0 Aoste le 22\/07\/1966 employ\u00e9e Annie GLAREY n\u00e9ee \u00e0 Aoste le 03\/01\/1982 conservatrice scientifique Le Conseil Communal a \u00e9t\u00e9 \u00e9lu le\u00a010 mai 2015\u00a0et son installation a eu lieu le 28 mai 2015.<\/p>\n","protected":false},"author":1,"featured_media":0,"parent":5866,"menu_order":6,"comment_status":"closed","ping_status":"closed","template":"","meta":{"footnotes":""},"tags":[],"class_list":["post-7085","page","type-page","status-publish","hentry"],"publishpress_future_action":{"enabled":false,"date":"2026-04-28 10:21:56","action":"change-status","newStatus":"draft","terms":[],"taxonomy":"post_tag","extraData":[]},"publishpress_future_workflow_manual_trigger":{"enabledWorkflows":[]},"_links":{"self":[{"href":"https:\/\/arvier.eu\/fr\/wp-json\/wp\/v2\/pages\/7085","targetHints":{"allow":["GET"]}}],"collection":[{"href":"https:\/\/arvier.eu\/fr\/wp-json\/wp\/v2\/pages"}],"about":[{"href":"https:\/\/arvier.eu\/fr\/wp-json\/wp\/v2\/types\/page"}],"author":[{"embeddable":true,"href":"https:\/\/arvier.eu\/fr\/wp-json\/wp\/v2\/users\/1"}],"replies":[{"embeddable":true,"href":"https:\/\/arvier.eu\/fr\/wp-json\/wp\/v2\/comments?post=7085"}],"version-history":[{"count":0,"href":"https:\/\/arvier.eu\/fr\/wp-json\/wp\/v2\/pages\/7085\/revisions"}],"up":[{"embeddable":true,"href":"https:\/\/arvier.eu\/fr\/wp-json\/wp\/v2\/pages\/5866"}],"wp:attachment":[{"href":"https:\/\/arvier.eu\/fr\/wp-json\/wp\/v2\/media?parent=7085"}],"wp:term":[{"taxonomy":"post_tag","embeddable":true,"href":"https:\/\/arvier.eu\/fr\/wp-json\/wp\/v2\/tags?post=7085"}],"curies":[{"name":"wp","href":"https:\/\/api.w.org\/{rel}","templated":true}]}}