{"id":7098,"date":"2021-12-14T16:55:14","date_gmt":"2021-12-14T15:55:14","guid":{"rendered":"https:\/\/arvier.eu\/?page_id=7098"},"modified":"2022-03-02T16:39:37","modified_gmt":"2022-03-02T15:39:37","slug":"commission-communales","status":"publish","type":"page","link":"https:\/\/arvier.eu\/fr\/administration\/altri-organismi\/commission-communales\/","title":{"rendered":"Commission communales"},"content":{"rendered":"<h3>Commission communale pour la formation des listes de citoyens r\u00e9pondant aux conditions requises pour exercer les fonctions de jur\u00e9 de cour d\u2019assises, en premi\u00e8re et en deuxi\u00e8me instance<\/h3>\n<div><\/div>\n<p><strong>Mauro LUCIANAZ<\/strong>\u00a0&#8211;\u00a0<em>Syndic<\/em><\/p>\n<p><strong>Vilma THOMAIN<\/strong>\u00a0&#8211;\u00a0<em>Repr\u00e9sentant de la majorit\u00e9 au sein du conseil communal<\/em><\/p>\n<p><strong>Nicolas VALLET<\/strong>\u00a0&#8211;\u00a0<em>Repr\u00e9sentant de l\u2019opposition au sein du conseil communal<\/em><\/p>\n<h3>Commission \u00e9lectorale communale (D.P.R. n\u00b0 223\/1967 et L.R. n\u00b0 54\/1998 modifi\u00e9e par la L.R. n\u00b0 8\/2003)<\/h3>\n<div>La commission \u00e9lectorale pourvoit \u00e0 la formation des listes \u00e9lectorales.<\/div>\n<p><strong>Mauro LUCIANAZ\u00a0<\/strong>&#8211; Pr\u00e9sident<\/p>\n<p><strong>Denise\u00a0ALLEYSON\u00a0<\/strong>&#8211; Membre effectif<\/p>\n<p><strong>Luca MILLIERY\u00a0<\/strong>&#8211; Membre effectif<\/p>\n<p><strong>Vilma THOMAIN\u00a0<\/strong>&#8211; Membre effectif<\/p>\n<p><strong>Claudine CLUSAZ\u00a0<\/strong>&#8211; Membre effectif<\/p>\n<p><strong>Jonny MARTIN\u00a0<\/strong>&#8211; Membre effectif<\/p>\n<p><strong>Nicolas VALLET\u00a0<\/strong>&#8211; Membre effectif<\/p>\n<h3>Commission du b\u00e2timent, pr\u00e9vue par la L.R. n\u00b0 11\/1998<\/h3>\n<p>La Commission du b\u00e2timent est l\u2019organe de consultation technique de la commune en mati\u00e8re de b\u00e2timent et d\u2019urbanisme. Elle formule des avis pr\u00e9alables obligatoires et non contraignants dans les cas pr\u00e9vus par la loi. Deux de ses membres de droit sont : un repr\u00e9sentant du service d\u2019hygi\u00e8ne et de sant\u00e9 du territoire et un repr\u00e9sentant du service de pr\u00e9vention des incendies. Les cinq membres \u00e9lectifs sont choisis parmi des citoyens majeurs justifiant de comp\u00e9tences av\u00e9r\u00e9es dans les domaines de l\u2019architecture, de l\u2019urbanisme, de l\u2019environnement et de la construction, l\u2019un des membres devant \u00eatre expert en mati\u00e8re de protection du paysage. La Commission du b\u00e2timent a la facult\u00e9 de soumettre \u00e0 l\u2019administration communale, et aux bureaux comp\u00e9tents, des propositions en mati\u00e8re de construction et d\u2019urbanisme, ainsi que d\u2019organisation et de proc\u00e9dures administratives concernant lesdites mati\u00e8res. Elle peut par ailleurs \u00e9tablir les crit\u00e8res d\u2019interpr\u00e9tation et les r\u00e8gles de comportement qu\u2019elle entend suivre dans l\u2019exercice de ses fonctions et demander \u00e0 l\u2019administration communale de les rendre publics. L\u2019activit\u00e9 de la Commission prend fin lorsque s\u2019ach\u00e8ve le mandat \u00e9lectif des organes de la commune.<\/p>\n<p><strong>Geom. Roger ROUX\u00a0<\/strong>&#8211; Pr\u00e9sident<\/p>\n<p><strong>Ing. Salvina PERRIER\u00a0<\/strong>&#8211; Vice-pr\u00e9sident<\/p>\n<p><strong>Arch. Andrea MARCHISIO\u00a0<\/strong>&#8211; Membre expert en mati\u00e8re de protection du paysage<\/p>\n<p><strong>Geom. Samantha ROSSI<\/strong><\/p>\n<p><strong>Geom. Riccardo DESAYMONET<\/strong><\/p>\n<p><strong>Dott. Alessandro CIPRIANI\u00a0<\/strong>-Membre de droit, choisi par le Service d\u2019hygi\u00e8ne et de sant\u00e9<\/p>\n<h3>Commission de biblioth\u00e8que, pr\u00e9vue par la L.R. n\u00b0 28\/1992<\/h3>\n<p>La Commission de biblioth\u00e8que est charg\u00e9e des fonctions suivantes : \u00e9tablir et approuver le programme des activit\u00e9s de la biblioth\u00e8que, en encourageant la participation de volontaires \u00e0 leur r\u00e9alisation, v\u00e9rifier la mise en \u0153uvre des programmes et le respect du r\u00e8glement, jouer un r\u00f4le de liaison avec les usagers et exprimer leurs exigences, ainsi que leurs propositions.<\/p>\n<p>Les membres ont \u00e9t\u00e9 \u00e9lu par d\u00e9lib\u00e9ration du\u00a0<a class=\"external-link\" title=\"Questo \u00e8 un collegamento ad un sito esterno.\" href=\"http:\/\/www.servizipubblicaamministrazione.it\/siti\/rvr129\/Data\/Delibere\/cc-2015-00039.pdf\">Conseil communal n. 39 du 28\/10\/2015<\/a><\/p>\n<p><strong>Dino VINANTE\u00a0<\/strong>&#8211; Pr\u00e9sidente<\/p>\n<p><strong>Elide SAGE\u00a0<\/strong>&#8211; Vice-pr\u00e9sidente<\/p>\n<p><strong>Josianne GODIOZ\u00a0<\/strong>&#8211; Vice-syndic<\/p>\n<p><strong>Vilma THOMAIN\u00a0<\/strong>&#8211; Repr\u00e9sentant de l\u2019administration communale<\/p>\n<p><strong>Valeria ROLLET\u00a0<\/strong>&#8211; Repr\u00e9sentant de l\u2019administration communale<\/p>\n<p><strong>Ilva GIORGI\u00a0<\/strong>&#8211; Aide-biblioth\u00e9caire<\/p>\n<p><strong>Edmond BETHAZ<\/strong><\/p>\n<p><strong>Nicoletta JORRIOZ<\/strong><\/p>\n<p><strong>Daniela LOMBARD<\/strong><\/p>\n<p><strong>Laura MARTINET<\/strong><\/p>\n<h3>Commission locale des avalanches pr\u00e9vue par la L.R. n\u00b0 29\/2010<\/h3>\n<p>Les Commissions locales des avalanches sont des organes consultatifs qui collaborent avec la R\u00e9gion, les Communes et les gestionnaires de pistes de ski aux activit\u00e9s de pr\u00e9vision et d\u2019\u00e9valuation des conditions nivo-m\u00e9t\u00e9orologiques et de l\u2019\u00e9tat de stabilit\u00e9 des masses neigeuses, de surveillance, de mise en alerte et d\u2019intervention dans les situations de risque, ainsi que de gestion des urgences, et ce, afin d\u2019assurer au niveau local le contr\u00f4le des situations de danger sur le territoire de leur ressort.<\/p>\n<p>Membres nomm\u00e9s par les administrations d\u2019Arvier et de Valgrisenche par d\u00e9lib\u00e9ration du\u00a0<a class=\"external-link\" title=\"Questo \u00e8 un collegamento ad un sito esterno.\" href=\"http:\/\/www.servizipubblicaamministrazione.it\/siti\/rvr129\/Data\/Delibere\/cc-2015-00038.pdf\">Conseil Communal n. 38 du 28\/10\/2015<\/a><\/p>\n<p><strong>Alex CHABOD<\/strong><\/p>\n<p><strong>Abele BLANC<\/strong><\/p>\n<p><strong>Marco CAMANDONA<\/strong><\/p>\n<p><strong>Philippe FAVRE &#8211;\u00a0<\/strong>Membre suppl\u00e9ant<\/p>\n<p><strong>g.a. Ernesto BETHAZ\u00a0<\/strong>&#8211;\u00a0Membre suppl\u00e9ant<\/p>\n<p>Membres de droit :<\/p>\n<p>Le directeur des pistes de ski de Valgrisenche<br \/>\nLe commandant du Poste forestier d\u2019Arvier<\/p>\n","protected":false},"excerpt":{"rendered":"<p>Commission communale pour la formation des listes de citoyens r\u00e9pondant aux conditions requises pour exercer les fonctions de jur\u00e9 de cour d\u2019assises, en premi\u00e8re et en deuxi\u00e8me instance Mauro LUCIANAZ\u00a0&#8211;\u00a0Syndic Vilma THOMAIN\u00a0&#8211;\u00a0Repr\u00e9sentant de la majorit\u00e9 au sein du conseil communal Nicolas VALLET\u00a0&#8211;\u00a0Repr\u00e9sentant de l\u2019opposition au sein du conseil communal Commission \u00e9lectorale communale (D.<\/p>\n","protected":false},"author":1,"featured_media":0,"parent":7093,"menu_order":1,"comment_status":"closed","ping_status":"closed","template":"","meta":{"footnotes":""},"tags":[],"class_list":["post-7098","page","type-page","status-publish","hentry"],"publishpress_future_action":{"enabled":false,"date":"2026-04-28 10:21:51","action":"change-status","newStatus":"draft","terms":[],"taxonomy":"post_tag","extraData":[]},"publishpress_future_workflow_manual_trigger":{"enabledWorkflows":[]},"_links":{"self":[{"href":"https:\/\/arvier.eu\/fr\/wp-json\/wp\/v2\/pages\/7098","targetHints":{"allow":["GET"]}}],"collection":[{"href":"https:\/\/arvier.eu\/fr\/wp-json\/wp\/v2\/pages"}],"about":[{"href":"https:\/\/arvier.eu\/fr\/wp-json\/wp\/v2\/types\/page"}],"author":[{"embeddable":true,"href":"https:\/\/arvier.eu\/fr\/wp-json\/wp\/v2\/users\/1"}],"replies":[{"embeddable":true,"href":"https:\/\/arvier.eu\/fr\/wp-json\/wp\/v2\/comments?post=7098"}],"version-history":[{"count":0,"href":"https:\/\/arvier.eu\/fr\/wp-json\/wp\/v2\/pages\/7098\/revisions"}],"up":[{"embeddable":true,"href":"https:\/\/arvier.eu\/fr\/wp-json\/wp\/v2\/pages\/7093"}],"wp:attachment":[{"href":"https:\/\/arvier.eu\/fr\/wp-json\/wp\/v2\/media?parent=7098"}],"wp:term":[{"taxonomy":"post_tag","embeddable":true,"href":"https:\/\/arvier.eu\/fr\/wp-json\/wp\/v2\/tags?post=7098"}],"curies":[{"name":"wp","href":"https:\/\/api.w.org\/{rel}","templated":true}]}}