{"id":7117,"date":"2011-01-06T18:40:58","date_gmt":"2011-01-06T17:40:58","guid":{"rendered":"https:\/\/arvier.eu\/uffici-comunali\/polizia-locale\/"},"modified":"2022-03-02T16:58:01","modified_gmt":"2022-03-02T15:58:01","slug":"polizia-locale","status":"publish","type":"page","link":"https:\/\/arvier.eu\/fr\/uffici-comunali\/polizia-locale\/","title":{"rendered":"Police locale"},"content":{"rendered":"\n<figure class=\"wp-block-table is-style-stripes\"><table><tbody><tr><td>Responsable du service<\/td><td><p><b>Daniela PIASSOT<\/b><\/p><\/td><\/tr><tr><td>R\u00e9f\u00e9rent du service<\/td><td><div><strong>Antonella BETHAZ<\/strong><\/div> <div><strong>Mauro VALLET<\/strong><\/div><\/td><\/tr><tr><td>Courriel<\/td><td><strong>poliziamunicipale@comune.arvier.ao.it<\/strong><\/td><\/tr><tr><td>Telefono<\/td><td><strong>0165.929001 <\/strong><em>(centralino)<\/em><\/td><\/tr><tr><td>Fax<\/td><td><strong>0165.929003<\/strong><\/td><\/tr><\/tbody><\/table><\/figure>\n\n\n\n<figure class=\"wp-block-table\"><table><tbody><tr><td>Horaire<\/td><td> <div>Lundi<\/div> <div>Mardi<\/div> <div>Mercredi<\/div> <div>Jeudi<\/div> <div>Vendredi<\/div> <\/td><td>\n<div>8:00 &#8211; 12:00&nbsp; 14:00 &#8211; 17:00<\/div>\n<div>8:00 &#8211; 12:00<\/div>\n<div>8:00 &#8211; 12:00<\/div>\n<div>8:00 &#8211; 12:00&nbsp; 14:00 &#8211; 17:00<\/div>\n<div>8:00 &#8211; 12:00<\/div>\n<\/td><\/tr><\/tbody><\/table><\/figure>\n\n\n\n<p>\u00c0 c\u00f4t\u00e9 de son activit\u00e9 de pr\u00e9vention, la police locale exerce des fonctions de v\u00e9rification et de r\u00e9pression d\u2019\u00e9ventuels comportements illicites. Sa comp\u00e9tence est limit\u00e9e au territoire communal (sauf accords ou conventions sign\u00e9s entre la commune et d\u2019autres administrations). La police locale veille \u00e0 ce que les services se d\u00e9roulent r\u00e9guli\u00e8rement et assure les services de notification, d\u2019information et de collecte de donn\u00e9es.<\/p>\n\n\n\n<p>La police locale couvre des fonctions importantes de :<\/p>\n\n\n\n<p><strong>POLICE URBAINE<\/strong><\/p>\n\n\n\n<p>Elle assure que la vie sociale et les activit\u00e9s au coeur du centre urbain se d\u00e9roulent de fa\u00e7on ordonn\u00e9e et pacifique (comme par example le respect du d\u00e9cor des \u00e9difices.<\/p>\n\n\n\n<p><strong>POLICE COMMERCIALE<\/strong><\/p>\n\n\n\n<p>Elle s\u2019occupe de toutes les activit\u00e9s de surveillance et de contr\u00f4le sur l\u2019exercice du commerce : en particulier, elle pr\u00e9vient et r\u00e9prime les abus au d\u00e9triment des consommateurs. Elle veille, par exemple, \u00e0 ce que les commer\u00e7ants respectent les normes hygieniques et sanitaires et la r\u00e8glementation en mati\u00e8re des prix.<\/p>\n\n\n\n<p><strong>POLICE DE LA ROUTE<\/strong><\/p>\n\n\n\n<p>La police de la route veille \u00e0 ce que les usagers de la route respectent les normes de la circulation, c\u2019est-\u00e0-dire du Code de la route.<\/p>\n\n\n\n<p>Tout particuli\u00e8rement, la police locale :<\/p>\n\n\n\n<ul class=\"wp-block-list\"><li>pr\u00e9vient et v\u00e9rifie les violations en mati\u00e8re de circulation routi\u00e8re ;<\/li><li>rel\u00e8ve les sinistres routiers ;<\/li><li>organise et r\u00e9alise des services pour r\u00e9gler la circulation<\/li><li>enregistre et analyse la circulation en collaboration avec d\u2019autres institutions ;<\/li><li>coop\u00e8re aux secours routiers.<\/li><\/ul>\n\n\n\n<p><strong>POLIZIA MORTUAIRE<\/strong><\/p>\n\n\n\n<p><strong>POLICE JUDICIAIRE<\/strong><\/p>\n\n\n\n<p>La police judiciaire fait des contr\u00f4les et des recherches pour trouver le coupable, lorsqu\u2019un d\u00e9lit ou un crime sont commis, c&rsquo;est-\u00e0-dire quand il s\u2019agit d\u2019une infraction p\u00e9nale.<br>La loi attribue aux officiers et aux agents de police locale aussi le statut d\u2019agent de police judiciaire.<\/p>\n\n\n\n<p><strong>S\u00dbRET\u00c9 NATIONALE<\/strong><\/p>\n\n\n\n<p>Il s\u2019agit de maintenir l\u2019ordre public, de contr\u00f4ler le respect des lois et des dispositions des autorit\u00e9s, de s\u2019engager dans des activit\u00e9s de secours et d\u2019assistance en cas de calamit\u00e9 publique ou d\u2019accidents priv\u00e9s.<\/p>\n\n\n\n<p>Les agents et les officiers de police locale sont reconnus, eux aussi, agents et officiers de s\u00fbret\u00e9 nationale dans le territoire communal.<\/p>\n\n\n\n<p><strong>OFFICIER PUBLIC<\/strong><\/p>\n\n\n\n<p>Les devoirs institutionnels des agents de police locale, comme les devoirs de police administrative, judiciaire et de s\u00fbret\u00e9 nationale, attribuent \u00e0 tout agent le statut d\u2019Officier Public.<\/p>\n","protected":false},"excerpt":{"rendered":"<p>Responsable du service Daniela PIASSOT R\u00e9f\u00e9rent du service Antonella BETHAZ Mauro VALLET Courriel poliziamunicipale@comune.<\/p>\n","protected":false},"author":1,"featured_media":0,"parent":7091,"menu_order":5,"comment_status":"closed","ping_status":"closed","template":"","meta":{"footnotes":""},"tags":[],"class_list":["post-7117","page","type-page","status-publish","hentry"],"publishpress_future_action":{"enabled":false,"date":"2026-05-09 18:28:15","action":"change-status","newStatus":"draft","terms":[],"taxonomy":"post_tag","extraData":[]},"publishpress_future_workflow_manual_trigger":{"enabledWorkflows":[]},"_links":{"self":[{"href":"https:\/\/arvier.eu\/fr\/wp-json\/wp\/v2\/pages\/7117","targetHints":{"allow":["GET"]}}],"collection":[{"href":"https:\/\/arvier.eu\/fr\/wp-json\/wp\/v2\/pages"}],"about":[{"href":"https:\/\/arvier.eu\/fr\/wp-json\/wp\/v2\/types\/page"}],"author":[{"embeddable":true,"href":"https:\/\/arvier.eu\/fr\/wp-json\/wp\/v2\/users\/1"}],"replies":[{"embeddable":true,"href":"https:\/\/arvier.eu\/fr\/wp-json\/wp\/v2\/comments?post=7117"}],"version-history":[{"count":0,"href":"https:\/\/arvier.eu\/fr\/wp-json\/wp\/v2\/pages\/7117\/revisions"}],"up":[{"embeddable":true,"href":"https:\/\/arvier.eu\/fr\/wp-json\/wp\/v2\/pages\/7091"}],"wp:attachment":[{"href":"https:\/\/arvier.eu\/fr\/wp-json\/wp\/v2\/media?parent=7117"}],"wp:term":[{"taxonomy":"post_tag","embeddable":true,"href":"https:\/\/arvier.eu\/fr\/wp-json\/wp\/v2\/tags?post=7117"}],"curies":[{"name":"wp","href":"https:\/\/api.w.org\/{rel}","templated":true}]}}