{"id":7123,"date":"2011-01-06T18:42:21","date_gmt":"2011-01-06T17:42:21","guid":{"rendered":"https:\/\/arvier.eu\/uffici-comunali\/servizio-finanziario\/"},"modified":"2022-03-02T17:03:43","modified_gmt":"2022-03-02T16:03:43","slug":"servizio-finanziario","status":"publish","type":"page","link":"https:\/\/arvier.eu\/fr\/uffici-comunali\/servizio-finanziario\/","title":{"rendered":"Services financier"},"content":{"rendered":"\n<figure class=\"wp-block-table is-style-stripes\"><table><tbody><tr><td>Responsable du service<\/td><td><strong>Roberta CORSELLI<br><\/strong><\/td><\/tr><tr><td>T\u00e9l\u00e9phone<\/td><td><strong>0165.929829<\/strong><\/td><\/tr><tr><td>Fax<\/td><td><strong>0165.929003<\/strong><\/td><\/tr><\/tbody><\/table><\/figure>\n\n\n\n<p>Le Service financier \u00e9labore et g\u00e8re les documents de programmation et les comptes financiers ; il assure le suivi et le respect du pacte de stabilit\u00e9, ainsi que la gestion du patrimoine de la commune.<\/p>\n\n\n\n<p>Il g\u00e8re le service de l\u2019\u00e9conomat, qui veille aux menues d\u00e9penses de la Commune, et effectue toutes les op\u00e9rations relatives aux paiements et aux recettes de la Commune ainsi qu\u2019\u00e0 l&rsquo;inventaire des biens communaux.<\/p>\n\n\n\n<p><strong>Service de tr\u00e9sorerie<\/strong><\/p>\n\n\n\n<figure class=\"wp-block-image\"><a class=\"fuori\" href=\"http:\/\/www.valdostana.bcc.it\/\"><img decoding=\"async\" src=\"https:\/\/arvier.eu\/wp-content\/uploads\/2011\/01\/tesoreria.png\" alt=\"tesoreria\" class=\"wp-image-68\"\/><\/a><\/figure>\n\n\n\n<div style=\"text-align: center;\"><\/div>\n\n\n\n<div style=\"text-align: center;\">&nbsp;<em> Coordonn\u00e9es bancaires internationales &#8211; Code IBAN<\/em><\/div>\n\n\n\n<div>&nbsp;<\/div>\n\n\n\n<figure class=\"wp-block-table\"><table><tbody><tr><td>\n<div><em>Cod Paese<\/em><\/div>\n<\/td><td>\n<div><em>Check Digit<\/em><\/div>\n<\/td><td>\n<div><em>Cin<\/em><\/div>\n<\/td><td>\n<div><em>Abi<\/em><\/div>\n<\/td><td>\n<div><em>Cab<\/em><\/div>\n<\/td><td>\n<div><em>Conto Corrente<\/em><\/div>\n<\/td><\/tr><tr><td>\n<div><strong>IT<\/strong><\/div>\n<\/td><td>\n<div><strong>18<\/strong><\/div>\n<\/td><td>\n<div><strong>Q<\/strong><\/div>\n<\/td><td>\n<div><strong>03599<\/strong><\/div>\n<\/td><td>\n<div><strong>01800<\/strong><\/div>\n<\/td><td>\n<div style=\"text-align: center;\"><strong>000000158516<\/strong><\/div>\n<\/td><\/tr><\/tbody><\/table><\/figure>\n\n\n\n<h3 class=\"wp-block-heading\">Facturation \u00e9lectronique<\/h3>\n\n\n\n<figure class=\"wp-block-image\"><a href=\"http:\/\/indicepa.gov.it\/ricerca\/n-dettaglioservfe.php?prg_ou=80359\"><img decoding=\"async\" src=\"https:\/\/arvier.eu\/wp-content\/uploads\/2011\/01\/FatturaPa.jpg\" alt=\"Fatturazione Elettronica PA\" class=\"wp-image-69\"\/><\/a><\/figure>\n\n\n\n<p class=\"has-text-align-center\"><\/p>\n","protected":false},"excerpt":{"rendered":"<p>Responsable du service Roberta CORSELLI T\u00e9l\u00e9phone 0165.<\/p>\n","protected":false},"author":1,"featured_media":0,"parent":7091,"menu_order":6,"comment_status":"closed","ping_status":"closed","template":"","meta":{"footnotes":""},"tags":[],"class_list":["post-7123","page","type-page","status-publish","hentry"],"publishpress_future_action":{"enabled":false,"date":"2026-04-24 11:43:37","action":"change-status","newStatus":"draft","terms":[],"taxonomy":"post_tag","extraData":[]},"publishpress_future_workflow_manual_trigger":{"enabledWorkflows":[]},"_links":{"self":[{"href":"https:\/\/arvier.eu\/fr\/wp-json\/wp\/v2\/pages\/7123","targetHints":{"allow":["GET"]}}],"collection":[{"href":"https:\/\/arvier.eu\/fr\/wp-json\/wp\/v2\/pages"}],"about":[{"href":"https:\/\/arvier.eu\/fr\/wp-json\/wp\/v2\/types\/page"}],"author":[{"embeddable":true,"href":"https:\/\/arvier.eu\/fr\/wp-json\/wp\/v2\/users\/1"}],"replies":[{"embeddable":true,"href":"https:\/\/arvier.eu\/fr\/wp-json\/wp\/v2\/comments?post=7123"}],"version-history":[{"count":0,"href":"https:\/\/arvier.eu\/fr\/wp-json\/wp\/v2\/pages\/7123\/revisions"}],"up":[{"embeddable":true,"href":"https:\/\/arvier.eu\/fr\/wp-json\/wp\/v2\/pages\/7091"}],"wp:attachment":[{"href":"https:\/\/arvier.eu\/fr\/wp-json\/wp\/v2\/media?parent=7123"}],"wp:term":[{"taxonomy":"post_tag","embeddable":true,"href":"https:\/\/arvier.eu\/fr\/wp-json\/wp\/v2\/tags?post=7123"}],"curies":[{"name":"wp","href":"https:\/\/api.w.org\/{rel}","templated":true}]}}