{"id":7130,"date":"2011-01-06T18:44:39","date_gmt":"2011-01-06T17:44:39","guid":{"rendered":"https:\/\/arvier.eu\/uffici-comunali\/servizi-manutentivi\/"},"modified":"2022-03-02T17:21:41","modified_gmt":"2022-03-02T16:21:41","slug":"servizi-manutentivi","status":"publish","type":"page","link":"https:\/\/arvier.eu\/fr\/uffici-comunali\/servizi-manutentivi\/","title":{"rendered":"Services d\u2019entretien"},"content":{"rendered":"\n<figure class=\"wp-block-table is-style-stripes\"><table><tbody><tr><td>Responsable du Service<\/td><td><strong>Daniela PIASSOT<br><\/strong><\/td><\/tr><tr><td>R\u00e9f\u00e9rent du Service<\/td><td>\n<div><strong>Massimo CUNEAZ<\/strong><\/div>\n<\/td><\/tr><tr><td>T\u00e9l\u00e9phone<\/td><td><strong>0165.929001<\/strong><em> (standard)<\/em><strong><br><\/strong><\/td><\/tr><tr><td>Fax<\/td><td><strong>0165.929003<\/strong><\/td><\/tr><\/tbody><\/table><\/figure>\n\n\n\n<p><\/p>\n","protected":false},"excerpt":{"rendered":"<p>Responsable du Service Daniela PIASSOT R\u00e9f\u00e9rent du Service Massimo CUNEAZ T\u00e9l\u00e9phone 0165.<\/p>\n","protected":false},"author":1,"featured_media":0,"parent":7091,"menu_order":9,"comment_status":"closed","ping_status":"closed","template":"","meta":{"footnotes":""},"tags":[],"class_list":["post-7130","page","type-page","status-publish","hentry"],"publishpress_future_action":{"enabled":false,"date":"2026-05-07 20:41:54","action":"change-status","newStatus":"draft","terms":[],"taxonomy":"post_tag","extraData":[]},"publishpress_future_workflow_manual_trigger":{"enabledWorkflows":[]},"_links":{"self":[{"href":"https:\/\/arvier.eu\/fr\/wp-json\/wp\/v2\/pages\/7130","targetHints":{"allow":["GET"]}}],"collection":[{"href":"https:\/\/arvier.eu\/fr\/wp-json\/wp\/v2\/pages"}],"about":[{"href":"https:\/\/arvier.eu\/fr\/wp-json\/wp\/v2\/types\/page"}],"author":[{"embeddable":true,"href":"https:\/\/arvier.eu\/fr\/wp-json\/wp\/v2\/users\/1"}],"replies":[{"embeddable":true,"href":"https:\/\/arvier.eu\/fr\/wp-json\/wp\/v2\/comments?post=7130"}],"version-history":[{"count":0,"href":"https:\/\/arvier.eu\/fr\/wp-json\/wp\/v2\/pages\/7130\/revisions"}],"up":[{"embeddable":true,"href":"https:\/\/arvier.eu\/fr\/wp-json\/wp\/v2\/pages\/7091"}],"wp:attachment":[{"href":"https:\/\/arvier.eu\/fr\/wp-json\/wp\/v2\/media?parent=7130"}],"wp:term":[{"taxonomy":"post_tag","embeddable":true,"href":"https:\/\/arvier.eu\/fr\/wp-json\/wp\/v2\/tags?post=7130"}],"curies":[{"name":"wp","href":"https:\/\/api.w.org\/{rel}","templated":true}]}}