{"id":7133,"date":"2011-01-06T18:44:19","date_gmt":"2011-01-06T17:44:19","guid":{"rendered":"https:\/\/arvier.eu\/uffici-comunali\/ufficio-tecnico\/"},"modified":"2022-03-02T17:25:01","modified_gmt":"2022-03-02T16:25:01","slug":"ufficio-tecnico","status":"publish","type":"page","link":"https:\/\/arvier.eu\/fr\/uffici-comunali\/ufficio-tecnico\/","title":{"rendered":"Bureau technique"},"content":{"rendered":"\n<figure class=\"wp-block-table is-style-stripes\"><table><tbody><tr><td>Responsables du service<\/td><td><strong>Maurizio CAPUTO<br>Leonardo PATRUCCO<br><\/strong><\/td><\/tr><tr><td>R\u00e9f\u00e9rent du service<\/td><td> <div><strong style=\"line-height: 1.3em;\">Marco GRANGE<\/strong><\/div> <div><strong style=\"line-height: 1.3em;\">Cristina MARQUIS<\/strong><\/div> <div><strong>Graziano PERRIER<\/strong><\/div> <\/td><\/tr><tr><td>Courriel<\/td><td><strong>info@comune.arvier.ao.it<\/strong><\/td><\/tr><tr><td>T\u00e9l\u00e9phone<\/td><td><strong>0165.929827<\/strong><\/td><\/tr><tr><td>Fax<\/td><td><strong>0165.929003<\/strong><\/td><\/tr><\/tbody><\/table><\/figure>\n\n\n\n<figure class=\"wp-block-table\"><table><tbody><tr><td>Horaire<\/td><td> <div>Lundi<\/div> <div>Mardi<\/div> <div>Mercredi<\/div> <div>Jeudi<\/div> <div>Vendredi<\/div> <\/td><td> <div>8:00 &#8211; 12:00<\/div> <div>8:00 &#8211; 12:00<\/div> <div>ferm\u00e9<\/div> <div>8:30 &#8211; 12:30<\/div> <div>8:00 &#8211; 12:00<\/div> <\/td><\/tr><\/tbody><\/table><\/figure>\n\n\n\n<p>Les comp\u00e9tences du Bureau technique communal s\u2019\u00e9tendent \u00e0 tous les b\u00e2timents de la commune, priv\u00e9s ou publics.<\/p>\n\n\n\n<p>Sur la base des orientations d\u00e9finies par la Junte communale et apr\u00e8s consultation du service financier, ainsi que des autres services concern\u00e9s, il \u00e9tablit le programme g\u00e9n\u00e9ral des ouvrages publics.<\/p>\n\n\n\n<p>Ledit bureau<\/p>\n\n\n\n<ul class=\"wp-block-list\"><li>collabore \u00e0 la r\u00e9alisation d\u2019ouvrages publics (conception, direction des travaux) ainsi qu\u2019\u00e0 l\u2019entretien ordinaire et extraordinaire des biens communaux ;<\/li><li>supervise les activit\u00e9s relatives \u00e0 la voirie (construction et entretien des routes communales), aux ouvrages hydrauliques (\u00e9gouts, berges des torrents) et aux b\u00e2timents publics (construction et entretien) ;<\/li><li>supervise les activit\u00e9s inh\u00e9rentes \u00e0 la construction priv\u00e9e (d\u00e9livrance d\u2019autorisations et de permis de construire, certificat de conformit\u00e9 et d\u2019habitabilit\u00e9, certificat de destination urbanistique) ;<\/li><li>pourvoit \u00e0 la tenue des registres des concessions, autorisations et ordonnances ;<\/li><li>est comp\u00e9tent en mati\u00e8re de surveillance des b\u00e2timents (en s\u2019appuyant sur la collaboration de la police communale) et d\u2019application des sanctions administratives pr\u00e9vues par la l\u00e9gislation en vigueur pour la<\/li><li>r\u00e9pression des abus en mati\u00e8re de construction, y compris l&rsquo;adoption de toutes les mesures de suspension des travaux, de d\u00e9molition et de remise en \u00e9tat des lieux ;<\/li><li>pourvoit \u00e0 la d\u00e9termination de la taxe de concession ;<\/li><li>d\u00e9livre les autorisations de d\u00e9versement des eaux us\u00e9es;<\/li><li>autorise les particuliers \u00e0 occuper temporairement le sol public dans le cadre de chantiers de construction ;<\/li><li>\u00e9labore des expertises\/estimations aux fins de l&rsquo;achat ou de la vente de biens immeubles ;<\/li><li>pourvoit au contr\u00f4le du territoire communal en mati\u00e8re de protection de l\u2019environnement (en s\u2019appuyant sur la collaboration de la police communale) ;<\/li><li>d\u00e9livre les autorisations n\u00e9cessaires au raccordement aux r\u00e9seaux d\u2019adduction d\u2019eau et des \u00e9gouts.<\/li><\/ul>\n","protected":false},"excerpt":{"rendered":"<p>Responsables du service Maurizio CAPUTOLeonardo PATRUCCO R\u00e9f\u00e9rent du service Marco GRANGE Cristina MARQUIS Graziano PERRIER Courriel info@comune.<\/p>\n","protected":false},"author":1,"featured_media":0,"parent":7091,"menu_order":8,"comment_status":"closed","ping_status":"closed","template":"","meta":{"footnotes":""},"tags":[],"class_list":["post-7133","page","type-page","status-publish","hentry"],"publishpress_future_action":{"enabled":false,"date":"2026-04-24 11:44:11","action":"change-status","newStatus":"draft","terms":[],"taxonomy":"post_tag","extraData":[]},"publishpress_future_workflow_manual_trigger":{"enabledWorkflows":[]},"_links":{"self":[{"href":"https:\/\/arvier.eu\/fr\/wp-json\/wp\/v2\/pages\/7133","targetHints":{"allow":["GET"]}}],"collection":[{"href":"https:\/\/arvier.eu\/fr\/wp-json\/wp\/v2\/pages"}],"about":[{"href":"https:\/\/arvier.eu\/fr\/wp-json\/wp\/v2\/types\/page"}],"author":[{"embeddable":true,"href":"https:\/\/arvier.eu\/fr\/wp-json\/wp\/v2\/users\/1"}],"replies":[{"embeddable":true,"href":"https:\/\/arvier.eu\/fr\/wp-json\/wp\/v2\/comments?post=7133"}],"version-history":[{"count":0,"href":"https:\/\/arvier.eu\/fr\/wp-json\/wp\/v2\/pages\/7133\/revisions"}],"up":[{"embeddable":true,"href":"https:\/\/arvier.eu\/fr\/wp-json\/wp\/v2\/pages\/7091"}],"wp:attachment":[{"href":"https:\/\/arvier.eu\/fr\/wp-json\/wp\/v2\/media?parent=7133"}],"wp:term":[{"taxonomy":"post_tag","embeddable":true,"href":"https:\/\/arvier.eu\/fr\/wp-json\/wp\/v2\/tags?post=7133"}],"curies":[{"name":"wp","href":"https:\/\/api.w.org\/{rel}","templated":true}]}}