{"id":7137,"date":"2011-01-06T18:45:07","date_gmt":"2011-01-06T17:45:07","guid":{"rendered":"https:\/\/arvier.eu\/uffici-comunali\/biblioteca\/"},"modified":"2022-03-03T18:11:26","modified_gmt":"2022-03-03T17:11:26","slug":"biblioteca","status":"publish","type":"page","link":"https:\/\/arvier.eu\/fr\/uffici-comunali\/biblioteca\/","title":{"rendered":"Biblioth\u00e8que"},"content":{"rendered":"\n<figure class=\"wp-block-image size-full is-resized\"><img loading=\"lazy\" decoding=\"async\" src=\"https:\/\/arvier.eu\/wp-content\/uploads\/2021\/11\/Biblioteca.jpg\" alt=\"\" class=\"wp-image-1528\" width=\"701\" height=\"467\"\/><\/figure>\n\n\n\n<figure class=\"wp-block-table is-style-stripes\"><table><tbody><tr><td>Responsable du service<\/td><td><p><strong>Daniela PIASSOT<\/strong><span style=\"font-family: inherit; font-size: inherit; font-weight: inherit; color: initial;\"> <\/span><\/p><\/td><\/tr><tr><td><span style=\"text-align: right;\">R\u00e9f\u00e9rent du service<\/span><\/td><td><strong>Patrizia MORELLI<\/strong><\/td><\/tr><tr><td>Courriel<\/td><td><strong>biblioteca@comune.arvier.ao.it<\/strong><\/td><\/tr><tr><td>T\u00e9l\u00e9phone<\/td><td><strong>0165 99279<\/strong><\/td><\/tr><\/tbody><\/table><\/figure>\n\n\n\n<figure class=\"wp-block-table\"><table><tbody><tr><td>&nbsp;<\/td><td>&nbsp;<\/td><td><strong>ARVIER<\/strong><\/td><td><strong>AVISE<\/strong><\/td><\/tr><tr><td>Horaire<\/td><td><div>Lundi<\/div> <div>Mardi<\/div> <div>Mercredi<\/div> <div>Jeudi<\/div> <div>Vendredi<\/div><\/td><td><div style=\"text-align: center;\">&#8211;<\/div> <div style=\"text-align: center;\">15:00 &#8211; 19:00<\/div> <div style=\"text-align: center;\">&#8211;<\/div> <div style=\"text-align: center;\">15:00 &#8211; 19:00<\/div> <div style=\"text-align: center;\">15:00 &#8211; 19:00<\/div><\/td><td> <div>15:00 &#8211; 18:00<\/div> <div>&#8211;<\/div> <div>15:00 &#8211; 18:00<\/div> <div>&#8211;<\/div> <div>&#8211;<\/div><\/td><\/tr><\/tbody><\/table><\/figure>\n\n\n\n<p><strong>Le patrimoine de la biblioth\u00e8que<\/strong>&nbsp;d\u2019Arvier di Arvier&nbsp;consiste essentiellement en un&nbsp;<strong>fonds de livres<\/strong>&nbsp;\u2013 romans, essais, biographies, livres historiques, recueil de po\u00e9sies et de photographies, guides, bandes dessin\u00e9es, livres pour enfants, quelques audiolivres\u2026 \u2013 en italien, en fran\u00e7ais et, pour une petite partie, en patois ou en anglais.<\/p>\n\n\n\n<p>Le public peut \u00e9galement consulter ici les&nbsp;<strong>p\u00e9riodiques<\/strong>&nbsp;auxquels la biblioth\u00e8que est abonn\u00e9e ou qu\u2019elle re\u00e7oit gratuitement (dont Altroconsumo, Environnement, Focus Junior, l\u2019\u00c9cole vald\u00f4taine, l\u2019Informatore agricolo, Le Nouvel Observateur, Media Duemila, Un pediatra per amico, Art&amp;D\u00e9coration, Ciclismo, Fotografia, Lire, Vita in campagna, etc\u2026).<\/p>\n\n\n\n<p>La biblioth\u00e8que dispose \u00e9galement d\u2019un&nbsp;<strong>fonds musical<\/strong>&nbsp;et d\u2019<strong>un fonds vid\u00e9o<\/strong>, fruit de donations (VHS, notamment).<\/p>\n\n\n\n<p>Ce patrimoine s\u2019enrichit chaque ann\u00e9e de nouvelles acquisitions : la s\u00e9lection est effectu\u00e9e par la biblioth\u00e9caire, mais les achats sont financ\u00e9s par la R\u00e9gion.<\/p>\n\n\n\n<p>Donn\u00e9es relatives au patrimoine (au 31 d\u00e9cembre 2008) :<\/p>\n\n\n\n<p>&#8211; 1 582 livres du fonds vald\u00f4tain (documents d\u2019int\u00e9r\u00eat local) ;<br>&#8211; 5 522 livres destin\u00e9s aux adultes ;<br>&#8211; 3 379 livres destin\u00e9s aux enfants ;<br>&#8211; 652 CD ;<br>&#8211; 221 vid\u00e9os ;<br>&#8211; 10 DVD.<\/p>\n\n\n\n<p>La biblioth\u00e8que d\u2019Arvier fait partie du&nbsp;<strong>Syst\u00e8me r\u00e9gional des biblioth\u00e8ques<\/strong>&nbsp;et, gr\u00e2ce au pr\u00eat entre biblioth\u00e8ques (PIB), les usagers peuvent commander des livres conserv\u00e9s dans d\u2019autres biblioth\u00e8ques. Ces derniers peuvent \u00eatre recherch\u00e9s facilement sur le catalogue collectif publi\u00e9 sur le site du syst\u00e8me r\u00e9gional des biblioth\u00e8ques et consultable \u00e9galement \u00e0 la&nbsp;<a href=\"http:\/\/www.regione.vda.it\/biblioteche\/biblioteca_regionale\/default_i.asp\"><em><\/em>Biblioth\u00e8que r\u00e9gionale d\u2019Aoste<\/a>.<\/p>\n\n\n\n<h2 class=\"wp-block-heading\">Services propos\u00e9s<\/h2>\n\n\n\n<p>\u2013 pr\u00eat entre biblioth\u00e8ques (PIB) ;<br>\u2013 3 postes informatiques ;<br>\u2013 service de consultation-r\u00e9f\u00e9rences ;<br>\u2013 espace consacr\u00e9 aux enfants et aux lectures avec les \u00e9coles ;<br>\u2013 collaboration \u00e0 la publication du bulletin paroissial&nbsp;<a href=\"https:\/\/arvier.eu\/component\/content\/article.html?id=457\">Mon Clocher<\/a>&nbsp;;<br>\u2013 consultation revue de presse sur support papier.&nbsp;<\/p>\n\n\n\n<h2 class=\"wp-block-heading\">Les chiffres de la biblioth\u00e8que<\/h2>\n\n\n\n<p>Ann\u00e9e de fondation : 1977 ;<br>Ann\u00e9e d\u2019ouverture : 1978 ;<br>Inauguration des nouveaux locaux : 2005 ;<br>Personnel : une aide-biblioth\u00e9caire<\/p>\n\n\n\n<h2 class=\"wp-block-heading\">L\u2019inauguration des nouveaux locaux : \u00ab Passons-nous les livres ! \u00bb<\/h2>\n\n\n\n<figure class=\"wp-block-table\"><table><tbody><tr><td class=\"has-text-align-center\" data-align=\"center\">\n<figure><img loading=\"lazy\" decoding=\"async\" class=\" size-full wp-image-81\" style=\"border: 1px solid #000000;\" src=\"https:\/\/arvier.eu\/wp-content\/uploads\/2011\/01\/2005_-_Passa_Libri.jpg\" alt=\"2005_-_Passa_Libri\" width=\"637\" height=\"453\"><\/figure><p style=\"text-align: left;\"><\/p>\n<\/td><\/tr><\/tbody><\/table><\/figure>\n\n\n\n<p>L\u2019inauguration des locaux actuels de la biblioth\u00e8que a \u00e9t\u00e9 un \u00e9v\u00e9nement vraiment sp\u00e9cial. Nous avons d\u00e9cid\u00e9 que cette journ\u00e9e ne devait pas repr\u00e9senter uniquement un passage de t\u00e9moin et que le d\u00e9m\u00e9nagement des anciens locaux aux nouveaux devait constituer un moment symbolique, concret et tangible, auquel tous les Arveleins pouvaient participer en y apportant leur contribution.<br>L\u2019apr\u00e8s-midi du 22 octobre 2005, plus de deux cents personnes ont r\u00e9pondu \u00e0 l&rsquo;appel de la biblioth\u00e8que\u00a0<strong>\u00ab Passons-nous les livres ! \u00bb<\/strong>\u00a0et ont cr\u00e9\u00e9 une cha\u00eene humaine qui a repr\u00e9sent\u00e9 de mani\u00e8re concr\u00e8te le changement de locaux. Un \u00e9norme serpent color\u00e9 et joyeux a anim\u00e9 les rues du village, exemple vivant de cet esprit communautaire qui caract\u00e9rise depuis toujours Arvier et ses habitants.<\/p>\n\n\n\n<figure class=\"wp-block-gallery has-nested-images columns-default is-cropped wp-block-gallery-1 is-layout-flex wp-block-gallery-is-layout-flex\">\n<figure class=\"wp-block-image size-large\"><img decoding=\"async\" data-id=\"1531\" src=\"https:\/\/arvier.eu\/wp-content\/uploads\/2021\/11\/7.jpg\" alt=\"\" class=\"wp-image-1531\"\/><\/figure>\n\n\n\n<figure class=\"wp-block-image size-large\"><img decoding=\"async\" data-id=\"1532\" src=\"https:\/\/arvier.eu\/wp-content\/uploads\/2021\/11\/4.jpg\" alt=\"\" class=\"wp-image-1532\"\/><\/figure>\n\n\n\n<figure class=\"wp-block-image size-large\"><img decoding=\"async\" data-id=\"1533\" src=\"https:\/\/arvier.eu\/wp-content\/uploads\/2021\/11\/3.jpg\" alt=\"\" class=\"wp-image-1533\"\/><\/figure>\n\n\n\n<figure class=\"wp-block-image size-large\"><img decoding=\"async\" data-id=\"1534\" src=\"https:\/\/arvier.eu\/wp-content\/uploads\/2021\/11\/biblioteca2.jpg\" alt=\"\" class=\"wp-image-1534\"\/><\/figure>\n\n\n\n<figure class=\"wp-block-image size-large\"><img decoding=\"async\" data-id=\"1535\" src=\"https:\/\/arvier.eu\/wp-content\/uploads\/2021\/11\/1.jpg\" alt=\"\" class=\"wp-image-1535\"\/><\/figure>\n\n\n\n<figure class=\"wp-block-image size-large\"><img decoding=\"async\" data-id=\"1536\" src=\"https:\/\/arvier.eu\/wp-content\/uploads\/2021\/11\/6.jpg\" alt=\"\" class=\"wp-image-1536\"\/><\/figure>\n\n\n\n<figure class=\"wp-block-image size-large\"><img decoding=\"async\" data-id=\"1537\" src=\"https:\/\/arvier.eu\/wp-content\/uploads\/2021\/11\/5.jpg\" alt=\"\" class=\"wp-image-1537\"\/><\/figure>\n\n\n\n<figure class=\"wp-block-image size-large\"><img decoding=\"async\" data-id=\"1538\" src=\"https:\/\/arvier.eu\/wp-content\/uploads\/2021\/11\/0.jpg\" alt=\"\" class=\"wp-image-1538\"\/><\/figure>\n\n\n\n<figure class=\"wp-block-image size-large\"><img decoding=\"async\" data-id=\"1539\" src=\"https:\/\/arvier.eu\/wp-content\/uploads\/2021\/11\/8.jpg\" alt=\"\" class=\"wp-image-1539\"\/><\/figure>\n<\/figure>\n\n\n\n<p>Cette journ\u00e9e a \u00e9t\u00e9 document\u00e9e par les photographes Francisco de Souza et Davide Bongiovanni, dont les clich\u00e9s ont fait l\u2019objet d\u2019une exposition photographique et d\u2019une \u00e9dition du calendrier d\u2019Arvier.<\/p>\n\n\n\n<p>&nbsp;<\/p>\n\n\n\n<h2 class=\"wp-block-heading\">R\u00e8glement<\/h2>\n\n\n\n<p><a href=\"https:\/\/arvier.eu\/regolamento-per-il-servizio-di-biblioteca\/\">Service de <a href=\"https:\/\/arvier.eu\/it\/altri-organismi\/commissioni-comunali.html\">biblioth\u00e8que<\/a><\/a><\/p>\n\n\n\n<h2 class=\"wp-block-heading\">Commission de biblioth\u00e8que<\/h2>\n\n\n\n<p><a href=\"https:\/\/arvier.eu\/commissioni-comunali\/\">Composition de la Commission de <a href=\"https:\/\/arvier.eu\/it\/altri-organismi\/commissioni-comunali.html\">biblioth\u00e8que<\/a><\/a><\/p>\n","protected":false},"excerpt":{"rendered":"<p>Responsable du service Daniela PIASSOT R\u00e9f\u00e9rent du service Patrizia MORELLI Courriel biblioteca@comune.<\/p>\n","protected":false},"author":1,"featured_media":0,"parent":7091,"menu_order":10,"comment_status":"closed","ping_status":"closed","template":"","meta":{"footnotes":""},"tags":[],"class_list":["post-7137","page","type-page","status-publish","hentry"],"publishpress_future_action":{"enabled":false,"date":"2026-04-24 11:44:52","action":"change-status","newStatus":"draft","terms":[],"taxonomy":"post_tag","extraData":[]},"publishpress_future_workflow_manual_trigger":{"enabledWorkflows":[]},"_links":{"self":[{"href":"https:\/\/arvier.eu\/fr\/wp-json\/wp\/v2\/pages\/7137","targetHints":{"allow":["GET"]}}],"collection":[{"href":"https:\/\/arvier.eu\/fr\/wp-json\/wp\/v2\/pages"}],"about":[{"href":"https:\/\/arvier.eu\/fr\/wp-json\/wp\/v2\/types\/page"}],"author":[{"embeddable":true,"href":"https:\/\/arvier.eu\/fr\/wp-json\/wp\/v2\/users\/1"}],"replies":[{"embeddable":true,"href":"https:\/\/arvier.eu\/fr\/wp-json\/wp\/v2\/comments?post=7137"}],"version-history":[{"count":0,"href":"https:\/\/arvier.eu\/fr\/wp-json\/wp\/v2\/pages\/7137\/revisions"}],"up":[{"embeddable":true,"href":"https:\/\/arvier.eu\/fr\/wp-json\/wp\/v2\/pages\/7091"}],"wp:attachment":[{"href":"https:\/\/arvier.eu\/fr\/wp-json\/wp\/v2\/media?parent=7137"}],"wp:term":[{"taxonomy":"post_tag","embeddable":true,"href":"https:\/\/arvier.eu\/fr\/wp-json\/wp\/v2\/tags?post=7137"}],"curies":[{"name":"wp","href":"https:\/\/api.w.org\/{rel}","templated":true}]}}