{"id":7146,"date":"2011-01-07T14:47:50","date_gmt":"2011-01-07T13:47:50","guid":{"rendered":"https:\/\/arvier.eu\/servizi-comunali\/area-ricreativa\/"},"modified":"2022-03-02T17:44:17","modified_gmt":"2022-03-02T16:44:17","slug":"area-ricreativa","status":"publish","type":"page","link":"https:\/\/arvier.eu\/fr\/servizi-comunali\/area-ricreativa\/","title":{"rendered":"Aire de sports et de loisirs"},"content":{"rendered":"<p>R\u00e9alis\u00e9e derni\u00e8rement, l\u2019aire de sports et de loisirs est l\u2019une des toutes r\u00e9centes structures cr\u00e9\u00e9es par la Commune pour r\u00e9pondre aux exigences de la population et, principalement, des enfants et des familles de ces derniers. Ce parc est, en effet, un lieu o\u00f9 petits et grands peuvent passer ensemble un moment de d\u00e9tente et de loisirs.<br \/>\nSitu\u00e9 \u00e0 deux pas de l\u2019\u00e9glise Saint-Sulpice, dans une zone tranquille et silencieuse, il est plac\u00e9 sous surveillance vid\u00e9o jour et nuit, afin de garantir la s\u00e9curit\u00e9 des usagers et l\u2019int\u00e9grit\u00e9 des structures. Au centre se trouve un lac artificiel, dont la profondeur ne d\u00e9passe pas 50 cm, entour\u00e9 d\u2019un ample espace vert bien entretenu. Le parc est muni des structures suivantes : un terrain synth\u00e9tique de football \u00e0 cinq, r\u00e9cemment r\u00e9alis\u00e9, un autre terrain, en herbe, dont le syst\u00e8me d\u2019\u00e9clairage est en cours de r\u00e9alisation, un bar avec terrasse, des vestiaires munis de douches, des toilettes, une aire de jeux pour enfants munie de toboggans, balan\u00e7oires, etc., des tables \u00e0 pique-niques, ainsi qu\u2019un large parking destin\u00e9 aux usagers, situ\u00e9 pr\u00e8s de l\u2019entr\u00e9e.<\/p>\n<p>Pendant l\u2019\u00e9t\u00e9, cette aire de sports et de loisirs accueille des manifestations, telles que le duathlon, ou \u2013 en soir\u00e9e \u2013 des concerts.<\/p>\n<table border=\"0\">\n<tbody>\n<tr>\n<td>\n<div><img loading=\"lazy\" decoding=\"async\" src=\"https:\/\/arvier.eu\/images\/stories\/pagine\/notizie\/area_verde.jpg\" alt=\"area_verde\" width=\"314\" height=\"235\" \/><\/div>\n<\/td>\n<td><img loading=\"lazy\" decoding=\"async\" title=\"Foto: Andrea VALLET\" src=\"https:\/\/arvier.eu\/images\/stories\/pagine\/area_ricreativa_notte.jpg\" alt=\"area_ricreativa_notte\" width=\"348\" height=\"233\" \/><\/td>\n<td valign=\"top\"><\/td>\n<\/tr>\n<\/tbody>\n<\/table>\n<p><strong>Aire de sports et de loisirs<\/strong><\/p>\n<p>Chef-lieu<br \/>\n11011 ARVIER (AO)<br \/>\nT\u00e9l\u00e9phone: (+39)\u00a0346 9423041 &#8211;\u00a0(+39) 338.4003027<\/p>\n<p><strong>Horaires d&rsquo;ouverture<br \/>\n<\/strong>Du 1<sup>er<\/sup>\u00a0avril au 31 mai et du 1<sup>er<\/sup>\u00a0septembre au 31 octobre:<\/p>\n<table>\n<tbody>\n<tr>\n<td>Lundi<\/td>\n<td>FERME&rsquo;<\/td>\n<\/tr>\n<tr>\n<td>Mardi<\/td>\n<td>de 10h00 \u00e0 20h00<\/td>\n<\/tr>\n<tr>\n<td>Mercredi<\/td>\n<td>de 10h00 \u00e0 20h00<\/td>\n<\/tr>\n<tr>\n<td>Jeudi<\/td>\n<td>de 10h00 \u00e0 20h00<\/td>\n<\/tr>\n<tr>\n<td>Vendredi<\/td>\n<td>de 10h00 \u00e0 22h00<\/td>\n<\/tr>\n<tr>\n<td>Samedi<\/td>\n<td>de 10h00 \u00e0 22h00<\/td>\n<\/tr>\n<tr>\n<td>Dimanche<\/td>\n<td>de 10h00 \u00e0 20h00<\/td>\n<\/tr>\n<\/tbody>\n<\/table>\n<p>Du 1<sup>er<\/sup>\u00a0juin au 31 ao\u00fbt:<\/p>\n<table>\n<tbody>\n<tr>\n<td>Lundi<\/td>\n<td>de 15h00 \u00e0 22h00<\/td>\n<\/tr>\n<tr>\n<td>Mardi<\/td>\n<td>de 10h00 \u00e0 22h00<\/td>\n<\/tr>\n<tr>\n<td>Mercredi<\/td>\n<td>de 10h00 \u00e0 22h00<\/td>\n<\/tr>\n<tr>\n<td>Jeudi<\/td>\n<td>de 10h00 \u00e0 22h00<\/td>\n<\/tr>\n<tr>\n<td>Vendredi<\/td>\n<td>de 10h00 \u00e0 22h00<\/td>\n<\/tr>\n<tr>\n<td>Samedi<\/td>\n<td>de 10h00 \u00e0 22h00<\/td>\n<\/tr>\n<tr>\n<td>Dimanche<\/td>\n<td>de 10h00 \u00e0 22h00<\/td>\n<\/tr>\n<\/tbody>\n<\/table>\n<p><strong>Co\u00fbt<\/strong><br \/>\nGratuit<\/p>\n<h2><a name=\"wifi\"><\/a>Espace wi-fi<\/h2>\n<p><img loading=\"lazy\" decoding=\"async\" src=\"https:\/\/arvier.eu\/images\/stories\/news\/wifiarea.gif\" alt=\"wifiarea\" width=\"200\" height=\"90\" \/><\/p>\n<p>C\u2019est mercredi 27 juillet 2011 qu\u2019 a \u00e9t\u00e9 inaugur\u00e9 le nouveau service wi-fi, mis en place dans<strong>\u00a0l\u2019espace vert<\/strong>\u00a0de la rue Saint-Antoine. Ce syst\u00e8me \u2013 que l\u2019Administration communale a d\u00e9cid\u00e9 d\u2019installer pour que la population puisse se familiariser avec les nouvelles technologies, apr\u00e8s avoir entrepris la r\u00e9alisation du nouveau site institutionnel au moyen de logiciels libres \u2013 permet l\u2019acc\u00e8s gratuit \u00e0 internet, par le biais d\u2019une proc\u00e9dure simple et imm\u00e9diate, qui assure une couverture continue pendant toute la journ\u00e9e et \u00e0 n\u2019importe quelle saison de l\u2019ann\u00e9e. Il est en effet possible, avec tout ordinateur portable, de se connecter \u00e0 internet par le biais d\u2019un simple enregistrement : il suffit d\u2019indiquer son num\u00e9ro de t\u00e9l\u00e9phone portable pour recevoir, en quelques secondes, un mot de passe et un nom d\u2019utilisateur, gr\u00e2ce auxquels proc\u00e9der \u00e0 l\u2019accr\u00e9ditation qui donne acc\u00e8s au r\u00e9seau pour une dur\u00e9e de\u00a0<strong>six mois<\/strong>.<\/p>\n<table border=\"0\" align=\"center\">\n<tbody>\n<tr>\n<td><a title=\"Foto WiFi\" href=\"https:\/\/arvier.eu\/images\/stories\/pagine\/area_verde\/wifi4h.jpg\"><img decoding=\"async\" src=\"https:\/\/arvier.eu\/images\/stories\/pagine\/area_verde\/wifi4.jpg\" alt=\"Foto Wifi\" \/><\/a><\/td>\n<td><a href=\"https:\/\/arvier.eu\/images\/stories\/pagine\/area_verde\/wifi1h.jpg\"><img decoding=\"async\" src=\"https:\/\/arvier.eu\/images\/stories\/pagine\/area_verde\/wifi1.jpg\" alt=\"Foto WiFi\" \/><\/a><\/td>\n<\/tr>\n<\/tbody>\n<\/table>\n<p>Les modalit\u00e9s d\u2019accr\u00e9ditation mises en place, conform\u00e9ment aux dispositions l\u00e9gislatives, rendent cette op\u00e9ration particuli\u00e8rement simple pour l\u2019usager, par rapport \u00e0 d\u2019autres proc\u00e9dures qui comporteraient la r\u00e9alisation de cartes munies de num\u00e9ros de code et distribu\u00e9es par des structures ouvertes au public seulement pendant certaines heures de la journ\u00e9e.<\/p>\n<p>Cette intervention a comport\u00e9 la r\u00e9alisation d\u2019un faisceau hertzien avec le r\u00e9seau internet du b\u00e2timent scolaire situ\u00e9 \u00e0 quelques centaines de m\u00e8tres de l\u2019espace vert, par la mise en place d\u2019antennes-relais sur l\u2019un des pyl\u00f4nes d\u2019\u00e9clairage du terrain de tennis. Les ondes radio \u00e9mises par ces appareils sont absolument inoffensives et ont une fr\u00e9quence tr\u00e8s limit\u00e9e. La zone couverture du signal a essentiellement le m\u00eame p\u00e9rim\u00e8tre que l\u2019espace vert. \u00c0 la \u00abc\u00e9r\u00e9monie\u00bb d\u2019inauguration de ce nouveau service, d\u00e9fini par le syndic Mauro Lucianaz \u00ab \u2026 de plus en plus indispensable et comparable au r\u00e9seau d\u2019adduction d\u2019eau, aux \u00e9gouts et \u00e0 la fourniture d\u2019\u00e9nergie \u00e9lectrique\u2026 \u00bb, ont particip\u00e9 les membres de la junte communale et une importante d\u00e9l\u00e9gation de conseillers communaux, ainsi qu\u2019un certain nombre de citoyens, certainement curieux et contents de pouvoir disposer de ce nouvel outil.<\/p>\n<p>Ce service est \u00e9galement destin\u00e9 aux touristes h\u00e9berg\u00e9s par les structures d\u2019accueil de notre commune ou simplement de passage : voil\u00e0 pourquoi l\u2019Administration communale entend faire conna\u00eetre la pr\u00e9sence sur le territoire communal de cette aire wi-fi, afin que celle-ci s\u2019ajoute aux services qui sont d\u00e9j\u00e0 offerts aux touristes et puisse \u00e9galement constituer un attrait pour ceux qui ne connaissent pas encore notre r\u00e9alit\u00e9.<\/p>\n<table border=\"0\" align=\"center\">\n<tbody>\n<tr>\n<td><a href=\"https:\/\/arvier.eu\/images\/stories\/pagine\/area_verde\/wifi2h.jpg\"><img decoding=\"async\" src=\"https:\/\/arvier.eu\/images\/stories\/pagine\/area_verde\/wifi2.jpg\" alt=\"Foto Wifi\" \/><\/a><\/td>\n<td>\u00a0<a href=\"https:\/\/arvier.eu\/images\/stories\/pagine\/area_verde\/wifi4h.jpg\"><img decoding=\"async\" src=\"https:\/\/arvier.eu\/images\/stories\/pagine\/area_verde\/wifi3.jpg\" alt=\"wifi3\" \/><\/a><\/td>\n<\/tr>\n<\/tbody>\n<\/table>\n","protected":false},"excerpt":{"rendered":"<p>R\u00e9alis\u00e9e derni\u00e8rement, l\u2019aire de sports et de loisirs est l\u2019une des toutes r\u00e9centes structures cr\u00e9\u00e9es par la Commune pour r\u00e9pondre aux exigences de la population et, principalement, des enfants et des familles de ces derniers.<\/p>\n","protected":false},"author":1,"featured_media":0,"parent":7143,"menu_order":1,"comment_status":"closed","ping_status":"closed","template":"","meta":{"footnotes":""},"tags":[],"class_list":["post-7146","page","type-page","status-publish","hentry"],"publishpress_future_action":{"enabled":false,"date":"2026-04-25 10:45:45","action":"change-status","newStatus":"draft","terms":[],"taxonomy":"post_tag","extraData":[]},"publishpress_future_workflow_manual_trigger":{"enabledWorkflows":[]},"_links":{"self":[{"href":"https:\/\/arvier.eu\/fr\/wp-json\/wp\/v2\/pages\/7146","targetHints":{"allow":["GET"]}}],"collection":[{"href":"https:\/\/arvier.eu\/fr\/wp-json\/wp\/v2\/pages"}],"about":[{"href":"https:\/\/arvier.eu\/fr\/wp-json\/wp\/v2\/types\/page"}],"author":[{"embeddable":true,"href":"https:\/\/arvier.eu\/fr\/wp-json\/wp\/v2\/users\/1"}],"replies":[{"embeddable":true,"href":"https:\/\/arvier.eu\/fr\/wp-json\/wp\/v2\/comments?post=7146"}],"version-history":[{"count":0,"href":"https:\/\/arvier.eu\/fr\/wp-json\/wp\/v2\/pages\/7146\/revisions"}],"up":[{"embeddable":true,"href":"https:\/\/arvier.eu\/fr\/wp-json\/wp\/v2\/pages\/7143"}],"wp:attachment":[{"href":"https:\/\/arvier.eu\/fr\/wp-json\/wp\/v2\/media?parent=7146"}],"wp:term":[{"taxonomy":"post_tag","embeddable":true,"href":"https:\/\/arvier.eu\/fr\/wp-json\/wp\/v2\/tags?post=7146"}],"curies":[{"name":"wp","href":"https:\/\/api.w.org\/{rel}","templated":true}]}}