{"id":715,"date":"2013-11-22T10:47:07","date_gmt":"2013-11-22T09:47:07","guid":{"rendered":"https:\/\/arvier.eu\/regolamento-per-l-applicazione-del-tributo-comunale-sui-servizi\/"},"modified":"2013-11-22T10:47:07","modified_gmt":"2013-11-22T09:47:07","slug":"regolamento-per-l-applicazione-del-tributo-comunale-sui-servizi","status":"publish","type":"page","link":"https:\/\/arvier.eu\/fr\/amministrazione\/regolamenti\/regolamento-per-l-applicazione-del-tributo-comunale-sui-servizi\/","title":{"rendered":"Regolamento per l&rsquo;applicazione del tributo comunale sui servizi"},"content":{"rendered":"<h2 style=\"text-align: center;\">REGOLAMENTO &nbsp;PER L&rsquo;APPLICAZIONE DEL TRIBUTO COMUNALE SUI SERVIZI&nbsp;<\/h2>\n<p style=\"text-align: center;\"><strong><em style=\"color: #000000; font-family: 'Trebuchet MS', Verdana, Helvetica, Arial, san-serif; font-size: 13px; line-height: 17px; text-align: center;\">Approvato con deliberazione del Consiglio Comunale n\u00b0 27 del 21\/11\/2013<\/em><\/strong><\/p>\n<p style=\"text-align: center;\"><a class=\"doclink\" href=\"index.php?option=com_docman&amp;task=doc_download&amp;gid=188&amp;Itemid=185\"><img loading=\"lazy\" decoding=\"async\" class=\" size-full wp-image-19\" border=\"0\" src=\"https:\/\/arvier.eu\/wp-content\/uploads\/2011\/01\/pdf.png\" alt=\"icon\" width=\"16\" height=\"16\" \/>&nbsp;Scarica il regolamento (<span class=\"small\">186.86 kB<\/span>)<\/a><\/p>\n<p>&nbsp;<\/p>\n<p>&nbsp;<\/p>\n<p style=\"text-align: left; margin-left: 30px;\"><strong style=\"line-height: 1.3em;\">INDICE<\/strong><\/p>\n<p style=\"margin-left: 30px;\">Art. 1 \u2013 Oggetto e scopo del regolamento<br \/>Art. 2 \u2013 Istituzione del tributo sui servizi<br \/>Art. 3 \u2013 Presupposto oggettivo del tributo sui servizi e determinazione della relativa tariffa<br \/>Art. 4 \u2013 Soggetto attivo del tributo<br \/>Art. 5 \u2013 Soggetto passivo del tributo<br \/>Art. 6 \u2013 Decorrenza del tributo sui servizi<br \/>Art. 7 \u2013 Esclusioni e agevolazioni<br \/>Art. 8 \u2013 Riscossione del tributo sui servizi<br \/>Art. 9 \u2013 Minimi riscuotibili<br \/>Art. 10 \u2013 Sgravio o rimborso del tributo<br \/>Art. 11 \u2013 Funzionario responsabile<br \/>Art. 12 \u2013 Normativa di rinvio<br \/>Art. 13 \u2013 Efficacia del regolamento<\/p>\n<p style=\"text-align: center;\"><strong>Art. 1 \u2013 Oggetto e scopo del regolamento<\/strong><\/p>\n<ol>\n<li>Il presente regolamento disciplina l\u2019istituzione e l\u2019applicazione, nel Comune di Arvier, del Tributo sui servizi di cui all\u2019art. 14 D.L. 201\/2011, convertito in L. 214\/2011, nell\u2019ambito della potest\u00e0 regolamentare prevista dagli artt. 117 e 119 della Costituzione (cos\u00ec come modificati dalla L.C. 18 ottobre 2001 n. 3), dall\u2019art. 52 D.Lgs. 446\/1997 e dalla L.R. 54\/1998 e successive modificazioni ed integrazioni.<\/li>\n<li>Ai fini dell\u2019applicazione del presente regolamento, costituiscono altres\u00ec norme di riferimento le disposizioni di cui all\u2019art. 1, commi da 161 a 170 della L. 296\/2006, la L. 212\/2000, recante norme sullo Statuto dei diritti del contribuente, nonch\u00e9 la vigente legislazione regionale, tra cui in particolare la L.R. 31\/2007 e successive modificazioni, il vigente Statuto comunale e le relative norme di applicazione.<\/li>\n<\/ol>\n<p style=\"text-align: center;\"><strong>Art. 2 \u2013 Istituzione del tributo sui servizi<\/strong><\/p>\n<ol>\n<li style=\"text-align: justify;\">A decorrere dal 1\u00b0 gennaio 2013, \u00e8 istituito il Tributo comunale su rifiuti, a copertura dei costi relativi ai servizi indivisibili prestati dai Comuni.<\/li>\n<li style=\"text-align: justify;\">L\u2019applicazione del tributo sui servizi \u00e8 disciplinata dall\u2019art. 14 D.L. 201\/2011, convertito in L. 214\/2011 e successive modifiche ed integrazioni e segue le modalit\u00e0 applicative del tributo sui rifiuti, sulla base della disciplina dettata dalle relative norme di legge e regolamentari.<\/li>\n<li style=\"text-align: justify;\">Le norme del presente regolamento sono finalizzate ad assicurare che l\u2019attivit\u00e0 amministrativa persegua fini determinati dalla legge, con criteri di economicit\u00e0, efficacia e di pubblicit\u00e0 e con le procedure previste per i singoli procedimenti.<\/li>\n<\/ol>\n<p style=\"text-align: center;\"><strong>Art. 3 \u2013 Presupposto oggettivo del tributo sui servizi e determinazione della relativa tariffa<\/strong><\/p>\n<ol>\n<li style=\"text-align: justify;\">1. Il tributo sui servizi \u00e8 costituito da una maggiorazione standard applicata alla tariffa del tributo sui rifiuti, pari a 0,30 euro per ogni metro quadrato di superficie imponibile, come individuata dalle relative norme di legge e regolamentari.<\/li>\n<\/ol>\n<p style=\"text-align: center;\"><strong>Art. 4 \u2013 Soggetto attivo del tributo<\/strong><\/p>\n<ol>\n<li style=\"text-align: justify;\">Soggetto attivo dell\u2019obbligazione tributaria \u00e8 il Comune nel cui territorio insiste, interamente o prevalentemente, la superficie degli immobili assoggettabili al tributo sui rifiuti.<\/li>\n<li style=\"text-align: justify;\">Il gettito introitato a seguito dell\u2019applicazione della maggiorazione nella misura standard di 0,30 euro per metro quadrato \u00e8 riservato esclusivamente allo Stato, sulla base di quanto disposto dall\u2019art. 10, comma 2, lett. c) D.L. 35\/2013, convertito in L. 64\/2013 ed \u00e8 assicurato al bilancio statale con le procedure previste dall\u2019art. 27 L. 5 maggio 2009 n. 42<\/li>\n<\/ol>\n<p style=\"text-align: center;\"><strong>Art. 5 \u2013 Soggetto passivo del tributo<\/strong><\/p>\n<ol>\n<li style=\"text-align: justify;\">Il tributo sui servizi \u00e8 dovuto dal soggetto tenuto al versamento del tributo sui rifiuti, cos\u00ec come individuato dalle relative norme di legge e regolamentari, sulla base di una tariffa commisurata ad anno solare, cui corrisponde un\u2019autonoma obbligazione tributaria.<\/li>\n<li style=\"text-align: justify;\">Il tributo sui servizi \u00e8 dovuto anche da parte dei soggetti tenuti a provvedere al versamento del tributo giornaliero di smaltimento.<\/li>\n<li style=\"text-align: justify;\">L\u2019importo dovuto a titolo di tributo sui servizi non \u00e8 invece computato ai fini dell\u2019applicazione del tributo provinciale per l\u2019esercizio delle funzioni di tutela, protezione ed igiene dell\u2019ambiente di cui all\u2019art. 19 D.Lgs. 504\/1992, ove applicato.<\/li>\n<\/ol>\n<p style=\"text-align: center;\"><strong>Art. 6 \u2013 Decorrenza del tributo sui servizi<\/strong><\/p>\n<ol>\n<li style=\"text-align: justify;\">L\u2019obbligazione decorre dal giorno in cui ha avuto inizio l\u2019occupazione o la detenzione dei locali e delle aree soggette al tributo sui rifiuti e sussiste sino al giorno di cessazione dell\u2019utenza, purch\u00e9 opportunamente e tempestivamente dichiarata dal soggetto obbligato, e segue le medesime procedure previste ai fini della determinazione del tributo sui rifiuti.<\/li>\n<\/ol>\n<p style=\"text-align: center;\"><strong>Art. 7 \u2013 Esclusioni e agevolazioni<\/strong><\/p>\n<ol>\n<li style=\"text-align: justify;\">Le esclusioni, esenzioni ed agevolazioni previste dalle norme statali e regolamentari in relazione al tributo sui rifiuti si applicano anche alla maggiorazione dovuta a titolo di tributo sui servizi, ad eccezione delle riduzioni tariffarie accordate a fronte delle modalit\u00e0 di smaltimento dei rifiuti adottate dal contribuente, che determinino la riduzione del quantitativo dei rifiuti prodotti ovvero l\u2019avvio autonomo allo smaltimento dei ifiuti.<\/li>\n<li style=\"text-align: justify;\">Ai sensi dell\u2019art. 14, commi 17 e 18 D.L. 201\/2011, convertito in L. 214\/2011, si applicano anche alla maggiorazione dovuta a titolo di tributo sui servizi le riduzioni del tributo sui rifiuti legate al compostaggio domestico ed all\u2019avvio al recupero dei rifiuti assimilati da parte del produttore.<\/li>\n<\/ol>\n<p style=\"text-align: center;\"><strong>Art. 8 \u2013 Riscossione del tributo sui servizi<\/strong><\/p>\n<ol>\n<li style=\"text-align: justify;\">La riscossione del tributo sui servizi \u00e8 effettuata direttamente dal Comune, nell\u2019ambito dell\u2019atto emesso ai fini della riscossione del tributo sui rifiuti.<\/li>\n<li style=\"text-align: justify;\">Sulla base di quanto disposto dall\u2019art. 14, comma 35 D.L. 201\/2011, convertito in L. 214\/2011 e successive modificazioni ed integrazioni, la riscossione della maggiorazione sui servizi avviene mediante versamento in unica soluzione unitamente all\u2019ultima rata del tributo sui rifiuti, secondo le disposizioni di cui all\u2019articolo 17 D.Lgs. 241\/1997, nonch\u00e9 utilizzando apposito bollettino di conto corrente postale, approvato dal Ministero dell\u2019Economia e delle Finanze con decreto 14 maggio 2013.<\/li>\n<\/ol>\n<p style=\"text-align: center;\"><strong>Art. 9 \u2013 Minimi riscuotibili<\/strong><\/p>\n<ol>\n<li style=\"text-align: justify;\">Gli incassi a titolo ordinario del tributo sui servizi non sono soggetti all\u2019applicazione di minimi, trattandosi di tributo che viene riscosso a titolo di maggiorazione del tributo sui rifiuti.<\/li>\n<li style=\"text-align: justify;\">Il versamento del tributo sui servizi non \u00e8 quindi dovuto quando l\u2019importo di tale tributo, sommato a quello dovuto a titolo di tributo sui rifiuti, non superi l\u2019importo minimo previsto dal vigente Regolamento delle entrate, ovvero dallo specifico Regolamento per l\u2019applicazione del tributo comunale sui rifiuti.<\/li>\n<\/ol>\n<p style=\"text-align: center;\"><strong>Art. 10 \u2013 Sgravio o rimborso del tributo<\/strong><\/p>\n<ol>\n<li style=\"text-align: justify;\">Lo sgravio o il rimborso del tributo sui servizi richiesto e riconosciuto non dovuto \u00e8 disposto dall\u2019Ufficio comunale entro novanta giorni dalla ricezione della denuncia di cessazione o dalla denuncia tardiva ai fini del tributo sui rifiuti, che deve essere presentata a pena di decadenza entro sei mesi dalla notifica della cartella di pagamento in cui sia riportato il tributo dovuto.<\/li>\n<li style=\"text-align: justify;\">Il rimborso del tributo sui servizi pu\u00f2 avvenire anche mediante compensazione con quanto dovuto per il medesimo tributo, ovvero a titolo di tributo sui rifiuti, per gli anni successivi, a seguito di apposito provvedimento di sgravio da adottarsi da parte dell\u2019Ufficio comunale.<\/li>\n<li style=\"text-align: justify;\">Sulle somme da rimborsare sono corrisposti gli interessi nella misura fissata dal vigente Regolamento generale delle entrate, a decorrere dalla data di presentazione dell\u2019istanza.<\/li>\n<\/ol>\n<p style=\"text-align: center;\"><strong>Art. 11 \u2013 Funzionario responsabile<\/strong><\/p>\n<ol>\n<li style=\"text-align: justify;\">Tutti i poteri per l\u2019esercizio di ogni attivit\u00e0 organizzativa e gestionale relativa al tributo sui servizi spettano al funzionario responsabile del tributo sui rifiuti.<\/li>\n<\/ol>\n<p style=\"text-align: center;\"><strong>Art. 12 \u2013 Normativa di rinvio<\/strong><\/p>\n<ol>\n<li style=\"text-align: justify;\">Per quanto non previsto dal presente Regolamento, si applicano le vigenti disposizioni del D.L. 201\/2011, convertito in L. 214\/2011 e successive modificazioni ed integrazioni, ove direttamente applicabili, nonch\u00e9 dei vigenti regolamenti comunali in materia tributaria.<\/li>\n<li style=\"text-align: justify;\">Le norme del presente Regolamento si intendono modificate per effetto di sopravvenute norme vincolanti statali e regionali. In tali casi, in attesa della formale modificazione del presente Regolamento, si applica la normativa sopraordinata.<\/li>\n<\/ol>\n<p style=\"text-align: center;\"><strong>Art. 13 \u2013 Efficacia del Regolamento<\/strong><\/p>\n<ol>\n<li style=\"text-align: justify;\">Il presente Regolamento entra in vigore e presta i suoi effetti, in deroga all\u2019art. 3, comma 1 L. 212\/2000, dal 1\u00b0 gennaio 2013, in conformit\u00e0 a quanto disposto dall\u2019art. 8, comma 1 D.L. 31 agosto 2013 n. 102, convertito in L. 124\/2013, in osservanza della disposizione contenuta nell\u2019art. 53, comma 16 L. 23 dicembre 2000 n. 388, poi integrato dall\u2019art. 27, comma 8 L. 28 dicembre 2001 n. 448.<\/li>\n<\/ol>\n<p style=\"text-align: justify;\"><strong>&nbsp;<\/strong><\/p>\n<p style=\"text-align: center;\"><strong>&nbsp;<\/strong><\/p>\n","protected":false},"excerpt":{"rendered":"<p>REGOLAMENTO &nbsp;PER L&rsquo;APPLICAZIONE DEL TRIBUTO COMUNALE SUI SERVIZI&nbsp; Approvato con deliberazione del Consiglio Comunale n\u00b0 27 del 21\/11\/2013 &nbsp;Scarica il regolamento (186.<\/p>\n","protected":false},"author":1,"featured_media":0,"parent":812,"menu_order":2,"comment_status":"closed","ping_status":"closed","template":"","meta":{"footnotes":""},"tags":[],"class_list":["post-715","page","type-page","status-publish","hentry"],"publishpress_future_action":{"enabled":false,"date":"2026-05-10 16:24:42","action":"change-status","newStatus":"draft","terms":[],"taxonomy":"post_tag","extraData":[]},"publishpress_future_workflow_manual_trigger":{"enabledWorkflows":[]},"_links":{"self":[{"href":"https:\/\/arvier.eu\/fr\/wp-json\/wp\/v2\/pages\/715","targetHints":{"allow":["GET"]}}],"collection":[{"href":"https:\/\/arvier.eu\/fr\/wp-json\/wp\/v2\/pages"}],"about":[{"href":"https:\/\/arvier.eu\/fr\/wp-json\/wp\/v2\/types\/page"}],"author":[{"embeddable":true,"href":"https:\/\/arvier.eu\/fr\/wp-json\/wp\/v2\/users\/1"}],"replies":[{"embeddable":true,"href":"https:\/\/arvier.eu\/fr\/wp-json\/wp\/v2\/comments?post=715"}],"version-history":[{"count":0,"href":"https:\/\/arvier.eu\/fr\/wp-json\/wp\/v2\/pages\/715\/revisions"}],"up":[{"embeddable":true,"href":"https:\/\/arvier.eu\/fr\/wp-json\/wp\/v2\/pages\/812"}],"wp:attachment":[{"href":"https:\/\/arvier.eu\/fr\/wp-json\/wp\/v2\/media?parent=715"}],"wp:term":[{"taxonomy":"post_tag","embeddable":true,"href":"https:\/\/arvier.eu\/fr\/wp-json\/wp\/v2\/tags?post=715"}],"curies":[{"name":"wp","href":"https:\/\/api.w.org\/{rel}","templated":true}]}}