{"id":7191,"date":"2011-01-26T18:04:50","date_gmt":"2011-01-26T17:04:50","guid":{"rendered":"https:\/\/arvier.eu\/trasporti-pubblici\/"},"modified":"2022-03-03T18:54:14","modified_gmt":"2022-03-03T17:54:14","slug":"trasporti-pubblici","status":"publish","type":"page","link":"https:\/\/arvier.eu\/fr\/in-paese\/trasporti-pubblici\/","title":{"rendered":"Transports en commun"},"content":{"rendered":"<h2>Lignes de cars<\/h2>\n<p class=\"Testo\"><img loading=\"lazy\" decoding=\"async\" class=\" size-full wp-image-226\" style=\"display: block; margin-left: auto; margin-right: auto;\" src=\"https:\/\/arvier.eu\/wp-content\/uploads\/2011\/01\/mappavda.jpg\" alt=\"mappavda\" width=\"580\" height=\"378\" \/><\/p>\n<p class=\"Testo\" style=\"text-align: center;\">Les lignes suivantes desservent<strong>\u00a0Arvier<\/strong>\u00a0:<\/p>\n<div class=\"Testo\" style=\"text-align: center;\"><a href=\"http:\/\/www.savda.it\/public\/linee\/allegati\/176_it.pdf\" target=\"_blank\" rel=\"noopener\">Aosta &#8211; Courmayeur<\/a><\/div>\n<div class=\"Testo\" style=\"text-align: center;\"><a href=\"http:\/\/www.savda.it\/public\/linee\/allegati\/416_it.pdf\" target=\"_blank\" rel=\"noopener\">Villeneuve &#8211; Valgrisenche<\/a><\/div>\n<div class=\"Testo\" style=\"text-align: center;\"><a href=\"http:\/\/www.savda.it\/public\/linee\/allegati\/407_it.pdf\" target=\"_blank\" rel=\"noopener\">Courmayeur &#8211; Aosta &#8211; Milano<\/a><\/div>\n<div class=\"Testo\" style=\"text-align: center;\"><a href=\"http:\/\/www.savda.it\/public\/linee\/allegati\/412_it.pdf\" target=\"_blank\" rel=\"noopener\">Aosta &#8211; Courmayeur &#8211; Chamonix<\/a><\/div>\n<p class=\"Testo\" style=\"text-align: center;\"><a style=\"line-height: 1.3em;\" href=\"http:\/\/www.savda.it\/\" target=\"_blank\" rel=\"noopener\"><img loading=\"lazy\" decoding=\"async\" class=\" size-full wp-image-227\" style=\"display: block; margin-left: auto; margin-right: auto;\" src=\"https:\/\/arvier.eu\/wp-content\/uploads\/2011\/01\/savda_logo.gif\" alt=\"savda_logo\" width=\"197\" height=\"50\" \/><\/a><\/p>\n<h2>Taxis<\/h2>\n<ul>\n<li><a href=\"http:\/\/www.autonoleggivda.com\/\" target=\"_blank\" rel=\"noopener\"><strong>Autonoleggi VdA di Impieri Roberto<\/strong><\/a><\/li>\n<\/ul>\n<p>Via Lostan, 65 &#8211; 11011 Arvier (AO)<br \/>\nTel (+39) 0165.929013<br \/>\nTel (+39) 335.1978416<br \/>\nTel (+39) 339.6790711<\/p>\n<ul>\n<li><strong>Taxisti Associati Valdostani <\/strong><br \/>\nVia Parigi, 16 &#8211; 11100\u00a0 Aosta (AO)<br \/>\nTel (+39) 0165 31831<\/li>\n<\/ul>\n<h2>Transport sur demande<\/h2>\n<ul>\n<li><a href=\"http:\/\/www.grand-paradis.it\/it\/servizi\/trekbus-gran-paradiso\"><strong>Trekbus Gran Paradiso<\/strong><\/a><\/li>\n<\/ul>\n<p style=\"padding-left: 30px;\"><em>Le TrekBus veut \u00eatre un instrument utile pour les trekking entre les vall\u00e9es en garantissant les liaisons entre les communes de fond de vall\u00e9e (Aymavilles, Villeneuve, Introd et Arvier) et entre les communes des vall\u00e9es du Grand Paradis (Cogne, Valsavarenche, Rh\u00eames-Saint-Georges, Rh\u00eames-Notre-Dame e Valgrisenche).<\/em><br \/>\n<em>Le service compl\u00e8te et ne substitue pas les lignes classiques d\u2019autobus. Il est effectif du 8 juillet au 11 septembre 2016, tous les jours de 6h \u00e0 20h, aux arr\u00eats des autobus.<\/em><br \/>\n<em>Toute personne int\u00e9ress\u00e9e a la possibilit\u00e9 de r\u00e9server le TrekBus par t\u00e9l\u00e9phone aux num\u00e9ros 339-5443364 ou 331-4950951de 6h \u00e0 19h30.<\/em><br \/>\n<em>Le tarif est de 5 euros pour une course entre les communes de fond de vall\u00e9e et de 12 euros pour une course d\u2019une commune de fond de vall\u00e9e \u00e0 une commune de la vall\u00e9e (et vice-versa). Ce tarif est entendu par course et reste donc le m\u00eame dans le cas de r\u00e9servations faites pour des groupes. Le nombre de places disponibles est de 8 au maximum.<\/em><\/p>\n<p style=\"margin-left: 60px;\"><em style=\"line-height: 1.3em;\">\u00a0<\/em><\/p>\n","protected":false},"excerpt":{"rendered":"<p>Lignes de cars Les lignes suivantes desservent\u00a0Arvier\u00a0: Aosta &#8211; Courmayeur Villeneuve &#8211; Valgrisenche Courmayeur &#8211; Aosta &#8211; Milano Aosta &#8211; Courmayeur &#8211; Chamonix Taxis Autonoleggi VdA di Impieri Roberto Via Lostan, 65 &#8211; 11011 Arvier (AO) Tel (+39) 0165.<\/p>\n","protected":false},"author":1,"featured_media":0,"parent":7332,"menu_order":10,"comment_status":"closed","ping_status":"closed","template":"","meta":{"footnotes":""},"tags":[],"class_list":["post-7191","page","type-page","status-publish","hentry"],"publishpress_future_action":{"enabled":false,"date":"2026-04-24 12:06:13","action":"change-status","newStatus":"draft","terms":[],"taxonomy":"post_tag","extraData":[]},"publishpress_future_workflow_manual_trigger":{"enabledWorkflows":[]},"_links":{"self":[{"href":"https:\/\/arvier.eu\/fr\/wp-json\/wp\/v2\/pages\/7191","targetHints":{"allow":["GET"]}}],"collection":[{"href":"https:\/\/arvier.eu\/fr\/wp-json\/wp\/v2\/pages"}],"about":[{"href":"https:\/\/arvier.eu\/fr\/wp-json\/wp\/v2\/types\/page"}],"author":[{"embeddable":true,"href":"https:\/\/arvier.eu\/fr\/wp-json\/wp\/v2\/users\/1"}],"replies":[{"embeddable":true,"href":"https:\/\/arvier.eu\/fr\/wp-json\/wp\/v2\/comments?post=7191"}],"version-history":[{"count":0,"href":"https:\/\/arvier.eu\/fr\/wp-json\/wp\/v2\/pages\/7191\/revisions"}],"up":[{"embeddable":true,"href":"https:\/\/arvier.eu\/fr\/wp-json\/wp\/v2\/pages\/7332"}],"wp:attachment":[{"href":"https:\/\/arvier.eu\/fr\/wp-json\/wp\/v2\/media?parent=7191"}],"wp:term":[{"taxonomy":"post_tag","embeddable":true,"href":"https:\/\/arvier.eu\/fr\/wp-json\/wp\/v2\/tags?post=7191"}],"curies":[{"name":"wp","href":"https:\/\/api.w.org\/{rel}","templated":true}]}}