{"id":7195,"date":"2011-01-25T13:50:22","date_gmt":"2011-01-25T12:50:22","guid":{"rendered":"https:\/\/arvier.eu\/amici-di-yves-bertossi\/"},"modified":"2022-03-03T11:43:29","modified_gmt":"2022-03-03T10:43:29","slug":"amici-di-yves-bertossi","status":"publish","type":"page","link":"https:\/\/arvier.eu\/fr\/associazioni\/amici-di-yves-bertossi\/","title":{"rendered":"Amici di Yves Bertossi"},"content":{"rendered":"\n<div class=\"wp-block-image is-style-default\"><figure class=\"aligncenter\"><img decoding=\"async\" src=\"https:\/\/arvier.eu\/wp-content\/uploads\/2011\/01\/logo_yves.jpg\" alt=\"logo_yves\" class=\"wp-image-544\"\/><\/figure><\/div>\n\n\n\n<figure class=\"wp-block-table is-style-stripes\"><table><tbody><tr><td><img loading=\"lazy\" decoding=\"async\" class=\" size-full wp-image-545\" style=\"display: block; margin-left: auto; margin-right: auto;\" src=\"https:\/\/arvier.eu\/wp-content\/uploads\/2011\/01\/Yves_Bertossi.jpg\" alt=\"Yves_Bertossi\" width=\"199\" height=\"211\" border=\"0\"><\/td><td><span style=\"font-size: 12pt;\">Tu aimais les rochers,<br>les sommets et le silence<br>solennel des montagnes.<br>Ton sourire,<br>ton c\u0153ur g\u00e9n\u00e9reux et<br>ta joie de vivre<br>ne quitteront jamais notre c\u0153ur.<\/span> <\/td><\/tr><\/tbody><\/table><\/figure>\n\n\n\n<p>Apr\u00e8s l\u2019accident mortel en 2006, dont Yves Bertossi a \u00e9t\u00e9 victime, ses amis ont d\u00e9cid\u00e9 d\u2019organiser un \u00e9v\u00e9nement en son honneur, pour rendre hommage \u00e0 cette personne exceptionnelle qu\u2019il \u00e9tait et \u00e0 sa passion pour le sport.<\/p>\n\n\n\n<p>Depuis sa premi\u00e8re \u00e9dition en 2009, la manifestation se d\u00e9roule chaque<strong>&nbsp;deuxi\u00e8me samedi du mois de f\u00e9vrier.<\/strong>&nbsp;Il s\u2019agit d\u2019une course de relais non comp\u00e9titive, dont les \u00e9quipes sont tir\u00e9es au sort par les organisateurs, \u00e0 l\u2019\u00e9ch\u00e9ance du d\u00e9lai fix\u00e9 pour les inscriptions. Ces \u00e9quipes se composent de 4 \u00e0 5 concurrents, qui doivent participer chacun pour l\u2019une des disciplines au programme :<strong>&nbsp;le bob, le VTT, le ski de randonn\u00e9e, le ski de fond et la course\/course en raquettes.<\/strong>&nbsp;Apr\u00e8s le tirage au sort, chaque \u00e9quipe d\u00e9cide qu\u2019elle \u00e9preuve affrontera chacun de ses membres.<\/p>\n\n\n\n<p>Cette manifestation est ouverte \u00e0 tous et sans difficult\u00e9 particuli\u00e8re, de sorte que tout le monde puisse y participer.<\/p>\n\n\n\n<p>Il ne s\u2019agit donc pas d\u2019une v\u00e9ritable comp\u00e9tition, mais plut\u00f4t d\u2019une rencontre, pour honorer un ami qui est, et restera toujours dans les c\u0153urs des personnes qui ont eu la chance de le conna\u00eetre et de l\u2019appr\u00e9cier.<\/p>\n\n\n\n<p>Voici le programme habituel de la journ\u00e9e :<\/p>\n\n\n\n<p>14 h 30 : rendez-vous au parking de Planaval, pour une explication rapide des parcours des diff\u00e9rentes disciplines<br>15 h : d\u00e9part des premiers relayeurs<br>17 h : arriv\u00e9e des derniers relayeurs<br>18 h : messe en souvenir d\u2019Yves<br>18 h 45 : ap\u00e9ritif<br>19 h 30 : d\u00eener convivial<\/p>\n\n\n\n<p>Non esistono classifiche ufficiali, non ci sono tempi e record della pista, non ci sono premiazioni\u2026 l\u2019importante \u00e8 esserci tutti \u2026 per Yves\u2026<\/p>\n\n\n\n<div class=\"wp-block-image is-style-default\"><figure class=\"aligncenter\"><img decoding=\"async\" src=\"https:\/\/arvier.eu\/wp-content\/uploads\/2011\/01\/IV_INCONTRO_AMICI_DI_YVES.jpg\" alt=\"IV_INCONTRO_AMICI_DI_YVES\" class=\"wp-image-546\"\/><\/figure><\/div>\n\n\n\n<p class=\"has-text-align-center\"><\/p>\n\n\n\n<p><span style=\"text-decoration: underline;\">Pour plus d\u2019informations :<\/span><\/p>\n\n\n\n<p>Giorgio 389\/9999002 \u2013 <a href=\"mailto:giorgiobovet@libero.it\">giorgiobovet@libero.it<\/a><\/p>\n\n\n\n<p>Claudine 328\/2827799 &#8211; <a href=\"mailto:claudineclusaz@hotmail.it\">claudineclusaz@hotmail.it<\/a><\/p>\n\n\n\n<p class=\"has-text-align-left\">&nbsp;<\/p>\n\n\n\n<p><span style=\"background-color: #ffffff;\"><strong><strong><span style=\"background-color: #ffffff;\"><strong><strong>VIII\u00b0 Incontro Amici di Yves &#8211;&nbsp;13 febbraio 2016<\/strong><\/strong><\/span><\/strong><\/strong><\/span><\/p>\n\n\n\n<div style=\"text-align: left;\"><span style=\"background-color: #ffffff; color: #ff0000;\"><strong>L&rsquo;VIII Incontro Amici di Yves \u00e8 rinviato a data da destinarsi per motivi organizzativi<\/strong><\/span><\/div>\n\n\n\n<p>&nbsp;<\/p>\n\n\n\n<p><span style=\"background-color: #ffffff;\"><strong><strong>VII\u00b0 Incontro Amici di Yves &#8211;&nbsp;14 febbraio 2015<\/strong><\/strong><\/span><\/p>\n\n\n\n<p class=\"has-text-align-left\">&nbsp;<\/p>\n\n\n\n<p class=\"has-text-align-left\"><span style=\"background-color: #ffffff;\"><strong><strong>VI\u00b0 Incontro Amici di Yves &#8211;&nbsp;15 febbraio 2014<\/strong><\/strong><\/span><\/p>\n\n\n\n<div><strong style=\"line-height: 1.3em;\">V\u00b0 Incontro Amici di Yves &#8211; 9 febbraio 2013<\/strong><\/div>\n\n\n\n<p class=\"has-text-align-left\"><span style=\"background-color: #ffffff;\">Di seguito sono riportate alcuni pensieri di chi ha vissuto le edizioni passate a partire dalle pi\u00f9 recenti&#8230;<\/span><\/p>\n\n\n\n<p class=\"has-text-align-left\">&nbsp;<\/p>\n\n\n\n<figure class=\"wp-block-table\"><table><tbody><tr><td>Video IV\u00b0 Incontro Amici di Yves disponibile su<\/td><td><a href=\"http:\/\/www.youtube.com\/watch?v=RApC7kf7fbc\"><img loading=\"lazy\" decoding=\"async\" class=\" size-full wp-image-547\" src=\"https:\/\/arvier.eu\/wp-content\/uploads\/2011\/01\/logo_youtube.jpg\" alt=\"\" width=\"95\" height=\"46\" border=\"0\"><\/a><\/td><\/tr><\/tbody><\/table><\/figure>\n\n\n\n<p><strong>IV\u00b0 Incontro Amici di Yves \u2013 11 febbraio 2012<\/strong><\/p>\n\n\n\n<p><em>Centoventi \u00ab\u00a0atleti\u00a0\u00bb al via, oltre duecento persone a cena: i numeri pi\u00f9 significativi della quarta edizione dell&rsquo;incontro \u00ab\u00a0Amici di Yves Bertossi\u00a0\u00bb sono questi. I soliti, da un certo punto di vista. Tanta gente nel pomeriggio di sabato 11 febbraio scorso a Planaval, ancora di pi\u00f9 la sera per la cena ai capannoni di Runaz ad Avise.<\/em><br><em>I numeri non sono tutto, questo \u00e8 poco ma sicuro, ma possono spiegare pi\u00f9 di mille parole come un&rsquo;iniziativa nata quasi per caso nell&rsquo;inverno del 2009 possa dirsi cresciuta e migliorata con gli anni. E&rsquo; proprio il caso del Bertossi, che ad ogni anno che passa dimostra che lo spirito di questa iniziativa &#8211; che nulla ha a che fare con la mera competizione sportiva &#8211; \u00e8 il vero collante capace di mettere assieme per un&rsquo;intera giornata tante persone che, altrimenti, avrebbero ben poco da dirsi.<\/em><br><em>Il merito va certamente agli organizzatori di questa manifestazione &#8211; Claudine Clusaz, Vladimir Bertossi, Giorgio Bovet e Gildo Vuillen su tutti &#8211; ma il loro lavoro oscuro sarebbe inutile se non vi fosse una base ricettiva sulla quale lavorare. Quella base \u00e8 la popolazione di Arvier, che dal febbraio del 2009 risponde sempre \u00ab\u00a0presente\u00a0\u00bb a questo appello.<\/em><br><em>Potrebbero sembrare parole di circostanza, queste, ma non lo sono. Perch\u00e8 oggigiorno, in qualsiasi frangente della vita di una comunit\u00e0, riuscire a mettere assieme i numeri del Bertossi \u00e8 sempre pi\u00f9 difficile. Altre iniziative simili muoiono perch\u00e8 manca la volont\u00e0 degli organizzatori di continuare questo lavoro (da qui l&rsquo;appello a Giorgio, Gildo, Claudine e Vladi a non mollare), ma anche e soprattutto perch\u00e8 le gente non risponde pi\u00f9 a questo genere di appelli.<\/em><br><em>Arvier, in questo senso, \u00e8 una mosca bianca, una rarit\u00e0. Avere duecento persone &#8211; uomini e donne di tutte le et\u00e0 &#8211; che si mettono in gioco ogni anno e partecipano al pentatlon pi\u00f9 strampalato della storia \u00e8 un qualcosa di impossibile in tante realt\u00e0 simili a quello di questo paese. L&rsquo;applauso di uno \u201cstraniero\u201d che partecipa sin dalla sua prima edizione al Bertossi va dunque agli organizzatori, ma anche e soprattutto a chi ogni febbraio si mette in gioco di fronte ai propri compaesani per un buon motivo: stare insieme in allegria.<\/em><br><em>Ah, per chi non lo sapesse l&rsquo;ultima edizione del Bertossi \u00e8 stata vinta dalla squadra numero 5 composta da Alice Mondet, Mattia Luboz, Enrico Martello, Emy Maguet e Ars\u00e8ne Riblan: sul podio anche i coscritti del 1976 (Daniela Lombard, Andr\u00e9 Bethaz, Christian Alleyson, Patrick Ravet e Boris Romeo) e i componenti della squadra numero 18 (Mathieu Milliery, Mauro Bethaz, Micaela Garin, Adolfo Usel e Gildo Vuillen). Mera cronaca, anche perch\u00e9 al Bertossi non c&rsquo;\u00e8 classifica, e l&rsquo;agonismo \u00e8 sostituito dalla goliardia. Forse anche per questo, il 9 febbraio 2013, l&rsquo;incontro \u201cAmici di Yves\u201d festegger\u00e0 il suo quinto compleanno.<\/em><\/p>\n\n\n\n<p class=\"has-text-align-right\"><em>Fran\u00e7ois D.<br><\/em><\/p>\n\n\n\n<p><strong>III\u00b0 Incontro Amici di Yves \u2013 12 febbraio 2011<\/strong><\/p>\n\n\n\n<p><em>Molto spesso le ricette pi\u00f9 semplici danno vita ai piatti pi\u00f9 gustosi e prelibati \u2026<\/em><br><em>Il III\u00b0 Incontro \u201cAmici di Yves\u201d , come i precedenti, \u00e8 il risultato di un azzardato miscuglio di fantasia, coraggio, allegria e preoccupazione per la riuscita della manifestazione (Giorgio infatti fino a due settimane prima era sovrastato da una folta chioma, modello \u201cCugini di Campagna\u201d !!).<\/em><br><em>Come consuetudine, cornice di questa giornata \u00e8 Planaval \u2026 Al mattino il villaggio si anima di un brulichio di volenterosi che corrono (dietro a Gildo \u2026 accidenti!!) in ogni dove con l\u2019intento di realizzare i tracciati delle varie discipline. Passano le ore e Planaval si riempie di individui dalle espressioni facciali pi\u00f9 disparate, che spaziano dal divertito al terrorizzato, dal curioso all\u2019esterrefatto e dotati di variopinti oggetti quali sci, ciaspole, biciclette, bob e sacchi delle patate, reperiti al mercato dell\u2019usato, su e-bay o tramite baratto con il vicino di casa. Mentre per alcuni si tratta di attrezzi utilizzati quotidianamente, per molti altri invece, sono veri e propri strumenti di tortura!!<\/em><br><em>L\u2019atmosfera che invade il paese \u00e8 paragonabile a quella che si respira all\u2019arrivo del circo in citt\u00e0: musica, risate e mille chiacchiere riempiono l\u2019aria e gli animi di allegria e spensieratezza.<\/em><br><em>L\u2019apice del folklore lo si raggiunge con l\u2019inizio della \u201cgara\u201d: decine di scalmanati, contraddistinti da magliette multicolori si inseguono in un vortice di grida ed applausi, di sfott\u00f2 ed incitazioni, attraversando confusamente in lungo e in largo vie e prati innevati del villaggio.<\/em><br><em>Terminata la fatica la festa continua a cena ( i nostri impavidi alpini ci hanno deliziato con la loro sublime trifolette), dove gli atleti che hanno leggermente difettato nella prova a squadre possono dare sfoggio delle loro migliori prestazioni.<\/em><br><em>Nel frattempo il silenzio e l\u2019oscurit\u00e0 sono calati su Planaval, il nostro parco giochi, conferendogli un afonico senso di torpore paragonabile alla sensazione che l\u2019assenza del grande amico Yves ha lasciato in tutti noi.<\/em><br><em>Oggi per\u00f2 un inconsueto bagliore ha sovrastato il piccolo borgo montano trasparendo chiaramente sui visi di tutti i presenti la stessa luce che ha sempre accompagnato lo sguardo di Yves e che al suo ricordo risplende sfavillante nei nostri occhi.<\/em><\/p>\n\n\n\n<p class=\"has-text-align-right\"><em>Matteo S.<\/em><\/p>\n\n\n\n<p><strong>II\u00b0 Incontro Amici di Yves \u2013 13 febbraio 2010<\/strong><\/p>\n\n\n\n<p><em>Mi \u00e8 stato chiesto di riassumere in poche righe il II\u00b0 incontro \u201cAmici di Yves\u201d \u2026 beh, non riesco a trovare le parole per esprimere le mie sensazioni, le mie emozioni, le mie paure e le ansie provate nella mattina che precedeva l\u2019incontro\u2026 allora provo a chiudere gli occhi\u2026 rivedo una splendida giornata di sole, un gruppo nutrito di persone che sin dalla prima mattina si ritrovano sul piazzale dell\u2019Hotel Paramont e si danno l\u2019anima per realizzare un palco a cielo aperto che possa contenere una folla di persone pronta a partecipare ad una manifestazione che di sensato onestamente ha ben poco, vedo un gruppo nutrito di curiosi che assiepa ogni angolo di Planaval, vedo in ogni dove magliette multicolori che rappresentano le varie discipline che caratterizzano la gara: il bob, la bici, la corsa, lo sci alpinismo, lo sci di fondo\u2026 e poi vedo il sorriso dei genitori di Yves, felici di essere attorniati da una miriade di persone legate a quel figlio, ragazzo, amico che tutti hanno stimato\u2026 vedo gli abbracci di persone che si ritrovano dopo tanto tempo, gli sguardi innocenti e sinceri di quei bimbi che hanno aperto la manifestazione, cimentandosi allegramente in un\u2019appassionante discesa in bob, vedo alcuni temerari \u201cmeno giovani\u201d che con altrettanta innocenza e sincerit\u00e0, hanno voluto regalare ai presenti un sorriso, vedo le mamme, i pap\u00e0, i nonni orgogliosi di far parte di una comunit\u00e0 in cui la condivisione \u00e8 ancora un valore importante\u2026 e percepisco l\u2019orgoglio gelato nel loro cuore nel sapere che grazie a loro i giovani hanno imparato a conoscere ed apprezzare quel valore, e con semplicit\u00e0 e naturalezza lo hanno messo a servizio di tutti\u2026 e sento i canti ed i sorrisi di persone che incontri tutti i giorni, ma che non smetteresti mai di ascoltare\u2026 Il villaggio di planaval per un giorno \u00e8 stata la cornice di un sogno in cui i protagonisti sono stati tutti coloro che hanno partecipato, anche solo da semplici spettatori\u2026 e non posso che ringraziare tutti coloro che hanno volto partecipare al nostro sogno\u2026 noi probabilmente continueremo a sognare anche il prossimo anno\u2026 sperando che vogliate ancora unirvi a noi\u2026<\/em><\/p>\n\n\n\n<p class=\"has-text-align-right\"><em>Giorgio B.<\/em><\/p>\n\n\n\n<p><strong>I\u00b0 Incontro Amici di Yves \u2013 14 febbraio 2009<\/strong><\/p>\n\n\n\n<p><em>Ci siamo riuniti in quel di Planaval per ricordare un amico, anzi un grande amico: Yves Bertossi.<\/em><br><em>Pi\u00f9 di 150 persone hanno partecipato ad una gara a staffetta: bici, corsa a piedi, sci nordico e sci alpinismo. Il bello di tutto ci\u00f2 \u00e8 che non c\u2019\u00e8 stata competizione tra gli atleti ma solo amicizia, quella vera che Lui Yves dava col cuore in mano e col sorriso sulle labbra.<\/em><br><em>Dopo la gara, la santa messa e poi la giornata si \u00e8 conclusa con la cena di tutti i partecipanti , atleti e tifosi.<\/em><br><em>E\u2019 stata una giornata fantastica senz\u2019altro da ripetere l\u2019anno prossimo!<\/em><br><em>Volevo ringraziare tutti ma soprattutto Lui, Yves, che ha lasciato in mezzo a noi un bagaglio immenso d\u2019amore e di amicizia.<\/em><br><em>\u201cUn amico \u00e8 come il sole, che tu lo veda o no c\u2019\u00e8 sempre\u201d<\/em><br><em>Ancora grazie amico mio<\/em>.<\/p>\n\n\n\n<p class=\"has-text-align-right\"><em>Il tuo chiromante Mario<\/em><\/p>\n\n\n\n<p class=\"has-text-align-right\">&nbsp;<\/p>\n\n\n\n<div class=\"wp-block-image is-style-default\"><figure class=\"aligncenter\"><img decoding=\"async\" src=\"https:\/\/arvier.eu\/wp-content\/uploads\/2011\/01\/Yves.jpg\" alt=\"Yves\" class=\"wp-image-548\"\/><\/figure><\/div>\n\n\n\n<p class=\"has-text-align-center\">&nbsp;<\/p>\n","protected":false},"excerpt":{"rendered":"<p>Tu aimais les rochers,les sommets et le silencesolennel des montagnes.<\/p>\n","protected":false},"author":1,"featured_media":0,"parent":7375,"menu_order":1,"comment_status":"closed","ping_status":"closed","template":"","meta":{"footnotes":""},"tags":[],"class_list":["post-7195","page","type-page","status-publish","hentry"],"publishpress_future_action":{"enabled":false,"date":"2026-04-28 10:21:47","action":"change-status","newStatus":"draft","terms":[],"taxonomy":"post_tag","extraData":[]},"publishpress_future_workflow_manual_trigger":{"enabledWorkflows":[]},"_links":{"self":[{"href":"https:\/\/arvier.eu\/fr\/wp-json\/wp\/v2\/pages\/7195","targetHints":{"allow":["GET"]}}],"collection":[{"href":"https:\/\/arvier.eu\/fr\/wp-json\/wp\/v2\/pages"}],"about":[{"href":"https:\/\/arvier.eu\/fr\/wp-json\/wp\/v2\/types\/page"}],"author":[{"embeddable":true,"href":"https:\/\/arvier.eu\/fr\/wp-json\/wp\/v2\/users\/1"}],"replies":[{"embeddable":true,"href":"https:\/\/arvier.eu\/fr\/wp-json\/wp\/v2\/comments?post=7195"}],"version-history":[{"count":0,"href":"https:\/\/arvier.eu\/fr\/wp-json\/wp\/v2\/pages\/7195\/revisions"}],"up":[{"embeddable":true,"href":"https:\/\/arvier.eu\/fr\/wp-json\/wp\/v2\/pages\/7375"}],"wp:attachment":[{"href":"https:\/\/arvier.eu\/fr\/wp-json\/wp\/v2\/media?parent=7195"}],"wp:term":[{"taxonomy":"post_tag","embeddable":true,"href":"https:\/\/arvier.eu\/fr\/wp-json\/wp\/v2\/tags?post=7195"}],"curies":[{"name":"wp","href":"https:\/\/api.w.org\/{rel}","templated":true}]}}