{"id":7199,"date":"2011-01-25T13:50:50","date_gmt":"2011-01-25T12:50:50","guid":{"rendered":"https:\/\/arvier.eu\/comitato-scacchistico-valdostano\/"},"modified":"2022-03-12T11:57:31","modified_gmt":"2022-03-12T10:57:31","slug":"comite-valdotain-dechecs","status":"publish","type":"page","link":"https:\/\/arvier.eu\/fr\/associazioni\/comite-valdotain-dechecs\/","title":{"rendered":"Comit\u00e9 Vald\u00f4tain d\u2019\u00e9checs"},"content":{"rendered":"\n<figure class=\"wp-block-image\"><a href=\"http:\/\/www.scacchivda.com\"><img decoding=\"async\" src=\"https:\/\/arvier.eu\/wp-content\/uploads\/2011\/01\/Logo_scacchi_-_tagliato.jpg\" alt=\"Logo_scacchi_-_tagliato\" class=\"wp-image-504\"\/><\/a><\/figure>\n\n\n\n<p>L\u2019association sportive \u00ab Comitato Scacchistico Valdostano &#8211; Comit\u00e9 Vald\u00f4tain d\u2019\u00c9checs \u00bb est n\u00e9e en 2000, \u00e0 l\u2019initiative d\u2019Agostino Scalfi, apr\u00e8s les nombreux succ\u00e8s remport\u00e9s dans l\u2019organisation de tournois d\u2019\u00e9checs au cours des ann\u00e9es 1980 et 1990.<br>Depuis la fondation du Comit\u00e9, celui-ci organise des comp\u00e9titions \u00e0 l\u2019\u00e9chelon national et international : c\u2019est ainsi que l\u2019on a pu assister \u00e0 deux \u00e9ditions du championnat italien des moins de 16 ans (ann\u00e9es 2001 et 2003), \u00e0 deux \u00e9ditions du championnat italien absolu (ann\u00e9es 2000 et 2003), \u00e0 la finale nationale des GSS (jeux sportifs des \u00e9tudiants) et au championnat italien par \u00e9quipes des moins de 16 ans, en 2006.<br>Au niveau international, le 1er championnat europ\u00e9en individuel a vu le jour, le traditionnel Open de Saint-Vincent a \u00e9t\u00e9 inclus comme tournoi final dans le circuit du European Grand Prix . De plus, les quatre premi\u00e8res \u00e9ditions du European Senior Championship, trois \u00e9ditions de la Mitropa Cup Junior, la premi\u00e8re Mitropa Cup feminile, la European Club Cup et le World Senior Championship ont \u00e9t\u00e9 organis\u00e9s.<br>Au fil des ann\u00e9es, notre commune a accueilli de nombreux tournois de tr\u00e8s haut niveau, ainsi que des stages pour les jeunes, organis\u00e9s par le Comit\u00e9.<\/p>\n\n\n\n<p>Pour plus d\u2019informations :<\/p>\n\n\n\n<p><strong>Agostino Scalfi:&nbsp;<\/strong>(+39)&nbsp;34 72 51 36 45<\/p>\n\n\n\n<p>Courriel :&nbsp;<a href=\"mailto:a.scalfi@scacchivda.com\">a.scalfi@scacchivda.com<\/a><\/p>\n\n\n\n<p>Agostino Scalfi est responsable du Comit\u00e9 et d\u00e9l\u00e9gu\u00e9 r\u00e9gional de la Federazione Scacchistica Italiana (FSI) ; la FIDE (F\u00e9d\u00e9ration internationale des \u00e9checs) lui a reconnu le titre de International Organizer et le dipl\u00f4me de Teacher in Chess of Young Persons.<\/p>\n\n\n\n<p>Comitato Scacchistico Valdostano &#8211; Comit\u00e9 Vald\u00f4tain d\u2019\u00c9checs<br>9, hameau de Rochefort &#8211; 11011 ARVIER<br>Site :&nbsp;<a href=\"http:\/\/scacchivda.com\/\"><em><\/em>www.scacchivda.com<\/a><\/p>\n\n\n\n<figure class=\"wp-block-table noborder\"><table><tbody><tr><td class=\"has-text-align-center\" data-align=\"center\"><img loading=\"lazy\" decoding=\"async\" class=\" size-full wp-image-505\" src=\"https:\/\/arvier.eu\/wp-content\/uploads\/2011\/01\/Scacchi_2011.jpg\" alt=\"Scacchi_2011\" width=\"300\" height=\"225\"><\/td><td class=\"has-text-align-center\" data-align=\"center\"><img loading=\"lazy\" decoding=\"async\" class=\" size-full wp-image-505\" src=\"https:\/\/arvier.eu\/wp-content\/uploads\/2011\/01\/Stage_Scacchi_Arvier.jpg\" alt=\"Stage_Scacchi_Arvier\" width=\"300\" height=\"225\"><\/td><\/tr><\/tbody><\/table><\/figure>\n\n\n\n<p class=\"has-text-align-center\">&nbsp;<\/p>\n","protected":false},"excerpt":{"rendered":"<p>L\u2019association sportive \u00ab Comitato Scacchistico Valdostano &#8211; Comit\u00e9 Vald\u00f4tain d\u2019\u00c9checs \u00bb est n\u00e9e en 2000, \u00e0 l\u2019initiative d\u2019Agostino Scalfi, apr\u00e8s les nombreux succ\u00e8s remport\u00e9s dans l\u2019organisation de tournois d\u2019\u00e9checs au cours des ann\u00e9es 1980 et 1990.<\/p>\n","protected":false},"author":1,"featured_media":0,"parent":7375,"menu_order":3,"comment_status":"closed","ping_status":"closed","template":"","meta":{"footnotes":""},"tags":[],"class_list":["post-7199","page","type-page","status-publish","hentry"],"publishpress_future_action":{"enabled":false,"date":"2026-05-19 15:24:53","action":"change-status","newStatus":"draft","terms":[],"taxonomy":"post_tag","extraData":[]},"publishpress_future_workflow_manual_trigger":{"enabledWorkflows":[]},"_links":{"self":[{"href":"https:\/\/arvier.eu\/fr\/wp-json\/wp\/v2\/pages\/7199","targetHints":{"allow":["GET"]}}],"collection":[{"href":"https:\/\/arvier.eu\/fr\/wp-json\/wp\/v2\/pages"}],"about":[{"href":"https:\/\/arvier.eu\/fr\/wp-json\/wp\/v2\/types\/page"}],"author":[{"embeddable":true,"href":"https:\/\/arvier.eu\/fr\/wp-json\/wp\/v2\/users\/1"}],"replies":[{"embeddable":true,"href":"https:\/\/arvier.eu\/fr\/wp-json\/wp\/v2\/comments?post=7199"}],"version-history":[{"count":0,"href":"https:\/\/arvier.eu\/fr\/wp-json\/wp\/v2\/pages\/7199\/revisions"}],"up":[{"embeddable":true,"href":"https:\/\/arvier.eu\/fr\/wp-json\/wp\/v2\/pages\/7375"}],"wp:attachment":[{"href":"https:\/\/arvier.eu\/fr\/wp-json\/wp\/v2\/media?parent=7199"}],"wp:term":[{"taxonomy":"post_tag","embeddable":true,"href":"https:\/\/arvier.eu\/fr\/wp-json\/wp\/v2\/tags?post=7199"}],"curies":[{"name":"wp","href":"https:\/\/api.w.org\/{rel}","templated":true}]}}