{"id":7202,"date":"2011-01-25T13:49:43","date_gmt":"2011-01-25T12:49:43","guid":{"rendered":"https:\/\/arvier.eu\/gruppo-ana-arvier\/"},"modified":"2022-03-03T12:12:37","modified_gmt":"2022-03-03T11:12:37","slug":"gruppo-ana-arvier","status":"publish","type":"page","link":"https:\/\/arvier.eu\/fr\/associazioni\/gruppo-ana-arvier\/","title":{"rendered":"Gruppo ANA Arvier"},"content":{"rendered":"<p><img loading=\"lazy\" decoding=\"async\" class=\" size-full wp-image-301\" style=\"display: block; margin-left: auto; margin-right: auto;\" src=\"https:\/\/arvier.eu\/wp-content\/uploads\/2011\/01\/Immagine_1.jpg\" alt=\"Immagine_1\" width=\"603\" height=\"119\" \/><\/p>\n<p>Le Gruppo Alpini \u00ab Giuseppe Chevr\u00e8re \u00bb d\u2019Arvier a \u00e9t\u00e9 constitu\u00e9 en m\u00e9moire de ce chasseur alpin originaire de la commune et mort au combat.<\/p>\n<p>Ann\u00e9e de fondation : 1969.<\/p>\n<p>Fondateurs : Bruno Perrier, Carlo Compagnoni, Guido Milliery, Ivo Pellissier, Fiorenzo Compagnoni, Primo Vection, Anselmo Isidoro Pellissier.<\/p>\n<p>1<sup>er<\/sup>\u00a0chef de groupe : Bruno Perrier, de 1969 \u00e0 1974.<br \/>\n2<sup>e<\/sup>\u00a0chef de groupe : Fiorenzo Compagnoni, de 1974 \u00e0 1992.<br \/>\n3<sup>e<\/sup>\u00a0chef de groupe : Pietro Pivot, de 1992 \u00e0 2014.<br \/>\n4<sup>e<\/sup>\u00a0chef de groupe : Jorrioz Remo, de 2014 \u00e0 ce jour.<\/p>\n<p style=\"text-align: center;\">\n<img loading=\"lazy\" decoding=\"async\" class=\" size-full wp-image-302\" style=\"border: 1px solid #000000;\" src=\"https:\/\/arvier.eu\/wp-content\/uploads\/2011\/01\/1970.jpg\" alt=\"1970\" width=\"665\" height=\"503\" \/><\/p>\n<p style=\"text-align: center;\"><strong>1970 &#8211; F\u00eate des Alpins<\/strong><\/p>\n<p>La premi\u00e8re marraine du Gruppo Alpini \u00ab Giuseppe Chevr\u00e8re \u00bb d\u2019Arvier fut madame Susanna Glarey (de 1969 \u00e0 1971).<br \/>\nDepuis 1993, c\u2019est madame<strong>\u00a0Franca Roux<\/strong>, veuve du chasseur alpin Guido Milliery, qui est la<strong>\u00a0marraine du groupe<\/strong>.<\/p>\n<p><img loading=\"lazy\" decoding=\"async\" class=\" size-full wp-image-303\" style=\"border: 1px solid #000000; display: block; margin-left: auto; margin-right: auto;\" src=\"https:\/\/arvier.eu\/wp-content\/uploads\/2011\/01\/madrina_e_capo_gruppo.jpg\" alt=\"madrina_e_capo_gruppo\" width=\"325\" height=\"246\" \/><\/p>\n<p style=\"text-align: center;\"><strong>Le chef de groupe Piero Pivot et la marraine Franca Roux<\/strong><\/p>\n<p>Le Gruppo Alpini \u00ab Giuseppe Chevr\u00e8re \u00bb d\u2019Arvier organise chaque ann\u00e9e diff\u00e9rentes f\u00eates sur le territoire de la commune et soutient \u00e9galement des initiatives de solidarit\u00e9 (Operazione Stella alpina, collectes de fonds), ainsi que des journ\u00e9es \u00e9cologiques.<\/p>\n<table style=\"margin-left: auto; margin-right: auto;\" border=\"0\">\n<tbody>\n<tr>\n<td><img loading=\"lazy\" decoding=\"async\" class=\" size-full wp-image-304\" style=\"border: 1px solid #000000;\" src=\"https:\/\/arvier.eu\/wp-content\/uploads\/2011\/01\/1990.jpg\" alt=\"1990\" width=\"362\" height=\"228\" \/><\/td>\n<td><img loading=\"lazy\" decoding=\"async\" class=\" size-full wp-image-305\" style=\"border: 1px solid #000000;\" src=\"https:\/\/arvier.eu\/wp-content\/uploads\/2011\/01\/1996_pileo.jpg\" alt=\"1996_pileo\" width=\"325\" height=\"227\" \/><\/td>\n<\/tr>\n<\/tbody>\n<\/table>\n<table style=\"margin-left: auto; margin-right: auto;\" border=\"0\">\n<tbody>\n<tr>\n<td><strong>1990 &#8211; \u00a0F\u00eate des Alpins<\/strong><\/td>\n<td>\u00a0\u00a0\u00a0\u00a0\u00a0\u00a0\u00a0\u00a0\u00a0\u00a0\u00a0\u00a0\u00a0\u00a0\u00a0\u00a0\u00a0\u00a0\u00a0\u00a0\u00a0\u00a0\u00a0\u00a0\u00a0\u00a0\u00a0\u00a0\u00a0\u00a0\u00a0\u00a0\u00a0\u00a0\u00a0\u00a0\u00a0\u00a0\u00a0\u00a0\u00a0\u00a0\u00a0\u00a0\u00a0\u00a0\u00a0\u00a0\u00a0 <strong>1996 &#8211; \u00a0F\u00eate des Alpins &#8211; Pileo<\/strong><\/td>\n<\/tr>\n<\/tbody>\n<\/table>\n<p style=\"text-align: center;\">\n<table style=\"margin-left: auto; margin-right: auto;\" border=\"0\">\n<tbody>\n<tr>\n<td><strong><strong><img loading=\"lazy\" decoding=\"async\" class=\" size-full wp-image-306\" style=\"border: 1px solid #000000;\" src=\"https:\/\/arvier.eu\/wp-content\/uploads\/2011\/01\/adunata_2003.jpg\" alt=\"adunata_2003\" width=\"325\" height=\"239\" \/><\/strong><\/strong><\/td>\n<td><strong><strong><img loading=\"lazy\" decoding=\"async\" class=\" size-full wp-image-307\" style=\"border: 1px solid #000000;\" src=\"https:\/\/arvier.eu\/wp-content\/uploads\/2011\/01\/penna_alpini.jpg\" alt=\"penna_alpini\" width=\"325\" height=\"240\" \/><\/strong><\/strong><\/td>\n<\/tr>\n<\/tbody>\n<\/table>\n<p style=\"text-align: center;\"><strong>2003 &#8211; Rassemblement des Alpins \u00e0 Aoste \u00a0 \u00a0<\/strong><\/p>\n<p><strong>\u00a0<\/strong><\/p>\n<table style=\"margin-left: auto; margin-right: auto;\" border=\"0\">\n<tbody>\n<tr>\n<td style=\"text-align: center;\"><strong><img loading=\"lazy\" decoding=\"async\" class=\" size-full wp-image-308\" style=\"border: 1px solid #000000;\" src=\"https:\/\/arvier.eu\/wp-content\/uploads\/2011\/01\/quarantennale_2010.jpg\" alt=\"quarantennale_2010\" width=\"398\" height=\"291\" \/><\/strong><\/td>\n<td><strong><img loading=\"lazy\" decoding=\"async\" class=\" size-full wp-image-309\" style=\"border: 1px solid #000000;\" src=\"https:\/\/arvier.eu\/wp-content\/uploads\/2011\/01\/2010_fondatori_gruppo.jpg\" alt=\"2010_fondatori_gruppo\" width=\"325\" height=\"292\" \/><\/strong><\/td>\n<\/tr>\n<\/tbody>\n<\/table>\n<table style=\"margin-left: auto; margin-right: auto;\" border=\"0\">\n<tbody>\n<tr>\n<td><strong>2010 &#8211; Quaranti\u00e8me anniversaire du groupe<\/strong><\/td>\n<td style=\"text-align: center;\">\u00a0\u00a0\u00a0\u00a0\u00a0\u00a0\u00a0\u00a0\u00a0\u00a0\u00a0\u00a0\u00a0\u00a0\u00a0\u00a0\u00a0\u00a0\u00a0\u00a0\u00a0\u00a0\u00a0\u00a0\u00a0\u00a0\u00a0\u00a0\u00a0\u00a0\u00a0\u00a0\u00a0\u00a0\u00a0\u00a0\u00a0\u00a0\u00a0\u00a0\u00a0\u00a0\u00a0\u00a0\u00a0\u00a0\u00a0\u00a0\u00a0 <strong>2010 &#8211; Les fondateurs du groupe<\/strong><\/td>\n<\/tr>\n<\/tbody>\n<\/table>\n<p style=\"text-align: left;\">\n<p style=\"text-align: left;\"><em><strong><strong>In ricordo di Piero &#8230;.<\/strong><\/strong><\/em><\/p>\n<p style=\"text-align: justify; line-height: normal;\"><em>Una fiumana di penne nere, di gagliardetti e di amici ha accompagnato il nostro Presidente verso la dimora del Padre.<\/em><\/p>\n<p style=\"text-align: justify; line-height: normal;\"><em>Non voglio qui essere retorico, ma voglio ricordare una persona che aveva saputo dare un senso reale alla parola amicizia e alla solidariet\u00e0 alpina.<\/em><\/p>\n<p style=\"text-align: justify; line-height: normal;\"><em>Piero, da quando la sua amata Anna lo aveva lasciato (e non aveva perso un giorno, fino a quando la malattia lo aveva permesso di andare a trovarla) aveva trovato la sua seconda casa: nella solidariet\u00e0, nel contatto con gli altri alpini, con la voglia di portare a compimento ogni cosa che noi del direttivo proponevamo.<\/em><\/p>\n<p style=\"text-align: justify; line-height: normal;\"><em>La sua visione delle cose, retaggio di una vita semplice, ma anche dura in giovinezza, sapeva accettare, seppur talvolta mugugnando, cose che poi si realizzavano con il suo apporto e nelle quali si buttava animo e corpo.<\/em><\/p>\n<p style=\"text-align: justify; line-height: normal; margin-bottom: 0pt;\"><em>Lo vedo ancora pelare quintali di patate, lo vedo incoraggiare qualche giovane, lo vedo pieno di entusiasmo leggere i suoi interminabili discorsi a cui qualcuno aveva scompigliato le pagine.<\/em><\/p>\n<p style=\"text-align: justify; line-height: normal;\"><em>Lo vedo dopo una giornata trascorsa a montare capannoni od altro chiedere a gran voce \u201c\u2026e la marenda?\u201d\u2026 ci\u00f2 segnava la fine del lavoro e l\u2019inizio di momenti da trascorrere in allegria.<\/em><\/p>\n<p style=\"text-align: justify; line-height: normal;\"><em>Non elencher\u00f2 qui tutto quanto ha fatto Piero dal 1992, cio\u00e8 da quando \u00e8 diventato presidente del gruppo ANA di Arvier (sezione nella quale era presente fin dalla sua fondazione).<\/em><\/p>\n<p style=\"text-align: justify; line-height: normal;\"><em>Voglio solo ricordare alcune piccole cose che dimostrano quanto la solidariet\u00e0 alpina con lui si concretizzata.<\/em><\/p>\n<p style=\"text-align: justify; line-height: normal; text-indent: -18pt;\"><em>&#8211;<span style=\"line-height: normal; font-variant: normal; font-family: 'Times New Roman'; font-size: 7pt; font-weight: normal;\">\u00a0\u00a0\u00a0\u00a0\u00a0\u00a0\u00a0\u00a0\u00a0 <\/span>Terremoto dell\u2019Aquila: raccolti insieme alla Pro Loco e a diverse altre associazioni 7.000,00 \u20ac di cui 3.500,00 \u20ac quota alpini donati tramite la sezione ANA regionale<\/em><\/p>\n<p style=\"text-align: justify; line-height: normal; text-indent: -18pt;\"><em>&#8211;<span style=\"line-height: normal; font-variant: normal; font-family: 'Times New Roman'; font-size: 7pt; font-weight: normal;\">\u00a0\u00a0\u00a0\u00a0\u00a0\u00a0\u00a0\u00a0\u00a0 <\/span>Alluvione in Liguria: donati 3.000,00 \u20ac alla sezione ANA di Vernazza<\/em><\/p>\n<p style=\"text-align: justify; line-height: normal;\"><em>Non elencher\u00f2 le \u201cpiccole-grandi\u201d donazioni di 500,00 \u20ac a persone in difficolt\u00e0 od altro, ma si deve sapere che tutto ci\u00f2 \u00e8 stato fatto grazie a Piero.<\/em><\/p>\n<p style=\"text-align: justify; line-height: normal;\"><em>Vorrei con tutto il cuore credere che al cimitero, quando nel momento dell\u2019addio e del raccoglimento una voce rotta dall\u2019emozione ha gridato \u201cAlpino Pivot Piero\u2026\u201d e tutti hanno risposto \u201cPresente!\u201d, il nostro Presidente era veramente presente nel nostro cuore.<\/em><\/p>\n<p style=\"text-align: right; line-height: normal;\" align=\"right\"><em>Jorrioz Remo<\/em><\/p>\n<table border=\"0\" align=\"center\">\n<tbody>\n<tr>\n<td><a href=\"https:\/\/arvier.eu\/wp-content\/uploads\/2011\/01\/2010_Aprile_-_H.jpg\"><img loading=\"lazy\" decoding=\"async\" class=\" size-full wp-image-311\" src=\"https:\/\/arvier.eu\/wp-content\/uploads\/2011\/01\/2010_Aprile_-_b.jpg\" alt=\"2010 Aprile - b\" width=\"125\" height=\"188\" \/><\/a><\/td>\n<td><a href=\"https:\/\/arvier.eu\/wp-content\/uploads\/2011\/01\/2011_Piero_e_Walter_H.jpg\"><img loading=\"lazy\" decoding=\"async\" class=\" size-full wp-image-313\" src=\"https:\/\/arvier.eu\/wp-content\/uploads\/2011\/01\/2011_Piero_e_Walter_b.jpg\" alt=\"2011 Piero e Walter b\" width=\"250\" height=\"188\" \/><\/a><\/td>\n<\/tr>\n<tr>\n<td style=\"text-align: center;\"><strong>\u00a02010 &#8211; Sfilata<\/strong><\/td>\n<td style=\"text-align: center;\"><strong>2011 &#8211; Piero insieme\u00a0all&rsquo;amico Walter<\/strong><\/td>\n<\/tr>\n<\/tbody>\n<\/table>\n<p style=\"text-align: center;\"><strong><strong>\u00a0\u00a0\u00a0\u00a0\u00a0\u00a0\u00a0\u00a0\u00a0\u00a0\u00a0\u00a0\u00a0\u00a0\u00a0<\/strong><\/strong><\/p>\n<p style=\"text-align: center;\"><strong><strong><a href=\"https:\/\/arvier.eu\/wp-content\/uploads\/2011\/01\/Festa_degli_Alpini_2014_H.jpg\"><img loading=\"lazy\" decoding=\"async\" class=\" size-full wp-image-315\" src=\"https:\/\/arvier.eu\/wp-content\/uploads\/2011\/01\/Festa_degli_Alpini_2014_b.jpg\" alt=\"Festa degli Alpini 2014 b\" width=\"500\" height=\"187\" \/><\/a>\u00a0\u00a0\u00a0\u00a0\u00a0 <\/strong><\/strong><\/p>\n<p style=\"text-align: center;\"><strong><strong>2014 &#8211; Festa Gruppo Alpini Arvier<br \/>\n<\/strong><\/strong><\/p>\n<p style=\"text-align: center;\">\n<p style=\"text-align: center;\"><a href=\"https:\/\/arvier.eu\/wp-content\/uploads\/2011\/01\/Alpini2015_H.jpg\"><img loading=\"lazy\" decoding=\"async\" class=\" size-full wp-image-317\" src=\"https:\/\/arvier.eu\/wp-content\/uploads\/2011\/01\/Alpini2015_b.jpg\" alt=\"Alpini2015 b\" width=\"600\" height=\"401\" \/><\/a><\/p>\n<p style=\"text-align: center;\">\u00a0<strong style=\"text-align: center;\"><strong>2015 &#8211; Festa Gruppo Alpini Arvier<\/strong><\/strong><\/p>\n<p style=\"text-align: center;\"><a href=\"https:\/\/arvier.eu\/wp-content\/uploads\/2011\/01\/alpini2018h.jpg\"><img loading=\"lazy\" decoding=\"async\" class=\" size-full wp-image-318\" src=\"https:\/\/arvier.eu\/wp-content\/uploads\/2011\/01\/alpini2018h.jpg\" alt=\"alpini2018h\" width=\"600\" height=\"450\" \/><\/a><\/p>\n<p style=\"text-align: center;\"><strong style=\"text-align: center;\"><strong>2018 &#8211; Festa Gruppo Alpini Arvier<\/strong><\/strong><\/p>\n","protected":false},"excerpt":{"rendered":"<p>Le Gruppo Alpini \u00ab Giuseppe Chevr\u00e8re \u00bb d\u2019Arvier a \u00e9t\u00e9 constitu\u00e9 en m\u00e9moire de ce chasseur alpin originaire de la commune et mort au combat.<\/p>\n","protected":false},"author":1,"featured_media":0,"parent":7375,"menu_order":4,"comment_status":"closed","ping_status":"closed","template":"","meta":{"footnotes":""},"tags":[],"class_list":["post-7202","page","type-page","status-publish","hentry"],"publishpress_future_action":{"enabled":false,"date":"2026-04-24 11:43:39","action":"change-status","newStatus":"draft","terms":[],"taxonomy":"post_tag","extraData":[]},"publishpress_future_workflow_manual_trigger":{"enabledWorkflows":[]},"_links":{"self":[{"href":"https:\/\/arvier.eu\/fr\/wp-json\/wp\/v2\/pages\/7202","targetHints":{"allow":["GET"]}}],"collection":[{"href":"https:\/\/arvier.eu\/fr\/wp-json\/wp\/v2\/pages"}],"about":[{"href":"https:\/\/arvier.eu\/fr\/wp-json\/wp\/v2\/types\/page"}],"author":[{"embeddable":true,"href":"https:\/\/arvier.eu\/fr\/wp-json\/wp\/v2\/users\/1"}],"replies":[{"embeddable":true,"href":"https:\/\/arvier.eu\/fr\/wp-json\/wp\/v2\/comments?post=7202"}],"version-history":[{"count":0,"href":"https:\/\/arvier.eu\/fr\/wp-json\/wp\/v2\/pages\/7202\/revisions"}],"up":[{"embeddable":true,"href":"https:\/\/arvier.eu\/fr\/wp-json\/wp\/v2\/pages\/7375"}],"wp:attachment":[{"href":"https:\/\/arvier.eu\/fr\/wp-json\/wp\/v2\/media?parent=7202"}],"wp:term":[{"taxonomy":"post_tag","embeddable":true,"href":"https:\/\/arvier.eu\/fr\/wp-json\/wp\/v2\/tags?post=7202"}],"curies":[{"name":"wp","href":"https:\/\/api.w.org\/{rel}","templated":true}]}}