{"id":7207,"date":"2011-01-25T13:49:43","date_gmt":"2011-01-25T12:49:43","guid":{"rendered":"https:\/\/arvier.eu\/sci-club-corrado-gex\/"},"modified":"2022-08-25T15:47:34","modified_gmt":"2022-08-25T13:47:34","slug":"sci-club-corrado-gex","status":"publish","type":"page","link":"https:\/\/arvier.eu\/fr\/associazioni\/sci-club-corrado-gex\/","title":{"rendered":"Sci Club Corrado Gex"},"content":{"rendered":"<p style=\"text-align: center;\"><img loading=\"lazy\" decoding=\"async\" class=\" size-full wp-image-171\" src=\"https:\/\/arvier.eu\/wp-content\/uploads\/2011\/01\/SCI_CLUB.jpg\" alt=\"SCI_CLUB\" width=\"143\" height=\"100\"><\/p>\n<p style=\"text-align: justify;\">Lo <strong>sci club Corrado Gex<\/strong> nasce nell\u2019inverno del 1963 grazie alla volont\u00e0 di alcuni appassionati delle discipline invernali e fu promotore dello <strong>sci nordico<\/strong> e dello <strong>sci alpino<\/strong>. Sino a met\u00e0 degli anni ottanta i bambini delle classi elementari venivano portati in pullman a Courmayeur, dove si cimentavano in corsi della durata di 10 lezioni. I bambini aspettavano con impazienza il mercoled\u00ec pomeriggio per ritrovarsi tutti&nbsp; insieme sul pullman, grazie agli insostituibili accompagnatori tra cui i mitici Lubina, Dino, Ettore, e poi non scordiamoci delle indimenticabili merende a base di cioccolata calda e panino al prosciutto a fine corso!<br \/>\nSuccessivamente nasce la collaborazione con lo sci club Valgrisenche e vengono organizzati sia corsi di avvicinamento che corsi agonistici, nelle varie categorie, e i bambini iniziano a sciare sulle nevi di Valgrisenche. La collaborazione \u00e8 ormai collaudata e pertanto ogni stagione a ottobre vengono riproposti i corsi per i bambini della scuola dell\u2019infanzia e della scuola primaria, oltre a quelli delle scuole medie, sia a livelli principianti che nel settore agonistico. Con alti e bassi fortunatamente ci sono sempre parecchi bambini che si avvicinano alle discipline invernali.<br \/>\nNegli anni alcuni ragazzi si sono distinti e sono diventati maestri di sci alpino, come ad esempio Ettore Junin e Matteo Joris che hanno anche gareggiato per la nazionale italiana, Nicole Joris, Joel Bethaz, ora maestro delle nuove leve e Daniele Perrier, cresciuto sotto le ali del maestro Angelo Bois.<br \/>\nPer diverse stagioni \u00e8 stato organizzato anche un corso di sci nordico a Planaval, sia per bambini che per adulti, qualche anno di riposo e poi grazie anche alla collaborazione con il maestro Claudio Mondet sono ripresi i corsi di avvicinamento allo sci nordico.<\/p>\n<p style=\"text-align: justify;\">Inoltre dal 2004 lo sci club organizza anche corsi di avvicinamento allo <strong>sci alpinismo<\/strong>, coadiuvati dalla G.A. Marco Camandona, che negli anni hanno avuto sempre un ottimo successo, infatti viste le continue richiesta dalla stagione 2010-2011 viene organizzato anche il corso avanzato. Collaborano, ormai da alcuni anni, anche la G.A. Mathieu Vallet e l\u2019asp.G.A. Andrea Benato, entrambi di Arvier e pertanto motivo di ulteriore orgoglio per lo sci club. Grazie alla passione di Marco dalla stagione 2011-2012 \u00e8 attivo anche un corso agonistico per allenare e accompagnare i giovani alle competizioni, vi partecipano una decina di ragazzi molto motivati e impegnati ad imparare al meglio sia la tecnica di salita che di discesa. Oltre agli eventi didattici vengono organizzate, sempre nella nicchia dello sci alpinismo, escursioni guidate ai 4000 valdostani su due giorni e, a grande richiesta, un\u2019uscita con l\u2019elicottero: l\u2019h\u00e9lirandonn\u00e9e.<\/p>\n<table style=\"margin-left: auto; margin-right: auto; width: 736px; height: 285px;\" border=\"0\">\n<tbody>\n<tr>\n<td style=\"text-align: center;\"><img loading=\"lazy\" decoding=\"async\" class=\"size-full wp-image-172\" src=\"https:\/\/arvier.eu\/wp-content\/uploads\/2011\/01\/Corso_ski_alp_2012_-_1.jpg\" alt=\"Corso_ski_alp_2012_-_1\" width=\"350\" height=\"262\"><\/td>\n<td valign=\"top\"><img loading=\"lazy\" decoding=\"async\" class=\"size-full wp-image-173\" src=\"https:\/\/arvier.eu\/wp-content\/uploads\/2011\/01\/Corso_ski_alp_2012_-_2.jpg\" alt=\"Corso_ski_alp_2012_-_2\" width=\"350\" height=\"263\"><\/td>\n<\/tr>\n<\/tbody>\n<\/table>\n<p style=\"text-align: justify;\">&nbsp;<\/p>\n<p style=\"text-align: justify;\">Da decenni tra Natale e l\u2019epifania soci e non si ritrovano a Planaval per la ormai tradizionale <strong>fiaccolata<\/strong>, negli anni le adesioni sono decisamente aumentate arrivando a circa 100 persone che scendono dalla strada di la Clusaz formando un bellissimo serpentone giallo-arancione che illumina il cielo.<br \/>\nInoltre visto che lo sci club crede molto nella formazione dei bambini, grazie allo sport, organizza da diversi anni uscite sulla neve con le scuole di Arvier; i bambini si sono cimentati in diverse attivit\u00e0 tra cui passeggiate nei boschi di Planaval e di Valgrisenche con le ciaspole, lezioni di soccorso in montagna in cui sono stati impegnati nella simulazione di un intervento di primo soccorso sulla valanga mediante l\u2019uso degli strumenti ARVA, pala e sonda, con l\u2019ausilio del cane da valanga, oltre che all\u2019esperienza dell\u2019elicottero del soccorso alpino valdostano che si \u00e8 esibito in una dimostrazione di soccorso, e sul quale successivamente i bambini hanno potuto salire e ammirare il velivolo da vicino ed in seguito \u201cinterrogare\u201d i componenti dell\u2019equipaggio, caccia al tesoro con il tema la montagna, lezione di sci nordico per i bambini dell\u2019ultimo anno della scuola dell\u2019infanzia e della prima e seconda classe della scuola primaria.<\/p>\n<p><img loading=\"lazy\" decoding=\"async\" class=\" size-full wp-image-174\" style=\"display: block; margin-left: auto; margin-right: auto;\" src=\"https:\/\/arvier.eu\/wp-content\/uploads\/2011\/01\/Larrivo_dellelicottero.jpg\" alt=\"Larrivo_dellelicottero\" width=\"233\" height=\"350\"><\/p>\n<p style=\"text-align: justify;\">&nbsp;<\/p>\n<p style=\"text-align: justify;\">Dal 1995 lo sci club \u00e8 anche impegnato nell\u2019organizzazione del <strong>Tour du Rutor<\/strong>, nato ad un\u2019idea di Marco Camandona e Gildo Vuillen, in collaborazione con la Pro Loco. Alla terza edizione la FISI gli assegna il Campionato italiano e da qui la popolarit\u00e0 del TDR \u00e8 in ascesa! La quarta edizione (1998) del TDR sar\u00e0 prima prova in Italia di coppa Europa, purtroppo caratterizzata dal brutto tempo. Nel 2002 il TDR apre le porte ai giovani, tracciando un percorso ridotto per loro. Nel 2003 nasce il Troph\u00e9e des Alpes: l\u2019unione di due gare accomunate dalla stessa concezione dello scialpinismo agonistico, caratterizzata da percorsi severi, dove si alternano valloni e creste affilate, boschi di larici e canaloni, alpeggi e cime elevate.<br \/>\nPer il decimo compleanno il TDR fa il bis, si sperimentano i due giorni di gara: la prima tappa in Valgrisenche e la seconda sul tracciato classico dello Ch\u00e2teau-Blanc con partenza e arrivo da Planaval. Nel 2005 arriva la finale di Coppa del Mondo e nel 2009 il TDR oltre ad essere nuovamente la finale di Coppa del Mondo diventa <em>extr\u00eame<\/em> e biennale. <em>Extr\u00eame<\/em> perch\u00e9 l\u2019organizzazione decide di sperimentare i tre giorni di gara e i metri di dislivello positivo diventano circa 7.000!<\/p>\n<p style=\"text-align: justify;\">Nel 2011 viene disputata una prova di \u201ccollaudo\u201d in quanto dal 2012 il TDR far\u00e0 parte del prestigioso circuito <a href=\"http:\/\/www.grandecourse.com\/\"><em>La Grande Course<\/em><\/a>, che unisce le pi\u00f9 importanti gare di sci alpinismo, quali la Pierra Menta (Francia), la Patrouille des Glaciers (Svizzera), l\u2019Adamello ski Raid, il Trofeo Mezzalama e appunto il TDR (Italia).<br \/>\nDal 2012 il TDR Extr\u00eame, cambia nuovamente nome e diventa Millet Tour du Rutor Extr\u00eame, grazie alla preziosa collaborazione con la Millet, azienda francese, molto affermata nell\u2019abbigliamento sportivo sia invernale che estivo.<br \/>\nUlteriori informazioni si possono trovare sul sito ufficiale della manifestazione: <a href=\"http:\/\/www.tourdurutor.com\/\">www.tourdurutor.com<\/a><br \/>\nSul tema della gara di sci alpinismo lo sci club ha organizzato, nel marzo del 2009, una mostra fotografica tematica in collaborazione con il comune di Avise. Per questa stagione, \u00e8 stata allestita lungo le strade del borgo di Arvier (Photo Alp Arvier), inaugurata durante la stagione estiva, una mostra fotografica, che si protrarr\u00e0 fino allo svolgersi della manifestazione sportiva.<\/p>\n<p style=\"text-align: justify;\"><span style=\"text-decoration: underline;\">Per informazioni:<\/span><\/p>\n<p><strong>Roberto Perrier<\/strong> (Presidente)&nbsp; 339.85.733.78<\/p>\n<p>e-mail: sciclubcorradogex@tiscali.it<\/p>\n<p>Sito : <a href=\"http:\/\/www.corradogex.it\/\">www.corradogex.it<\/a><\/p>\n<p><strong>Sede<\/strong> : Piazza Chanoux n.2<br \/>\n(aperta da novembre ad aprile tutti i mercoled\u00ec dalle ore 20.30 alle ore 21,30, dove \u00e8 possibile passare per rinnovare la tessera sociale, la tessera Fisi, iscriversi ai corsi e perch\u00e9 no fare semplicemente due chiacchiere)<\/p>\n<p>Altri membri del <strong>direttivo<\/strong>:<br \/>\nMarco Camandona \u2013 Vice Presidente<br \/>\nCristina Bellone \u2013 Segretaria<br \/>\nBarbara Luboz<br \/>\nClaudine Clusaz<br \/>\nMario Ruggeri<\/p>\n","protected":false},"excerpt":{"rendered":"<p>Lo sci club Corrado Gex nasce nell\u2019inverno del 1963 grazie alla volont\u00e0 di alcuni appassionati delle discipline invernali e fu promotore dello sci nordico e dello sci alpino.<\/p>\n","protected":false},"author":1,"featured_media":0,"parent":7375,"menu_order":5,"comment_status":"closed","ping_status":"closed","template":"","meta":{"footnotes":""},"tags":[],"class_list":["post-7207","page","type-page","status-publish","hentry"],"publishpress_future_action":{"enabled":false,"date":"2026-04-25 10:44:05","action":"change-status","newStatus":"draft","terms":[],"taxonomy":"post_tag","extraData":[]},"publishpress_future_workflow_manual_trigger":{"enabledWorkflows":[]},"_links":{"self":[{"href":"https:\/\/arvier.eu\/fr\/wp-json\/wp\/v2\/pages\/7207","targetHints":{"allow":["GET"]}}],"collection":[{"href":"https:\/\/arvier.eu\/fr\/wp-json\/wp\/v2\/pages"}],"about":[{"href":"https:\/\/arvier.eu\/fr\/wp-json\/wp\/v2\/types\/page"}],"author":[{"embeddable":true,"href":"https:\/\/arvier.eu\/fr\/wp-json\/wp\/v2\/users\/1"}],"replies":[{"embeddable":true,"href":"https:\/\/arvier.eu\/fr\/wp-json\/wp\/v2\/comments?post=7207"}],"version-history":[{"count":0,"href":"https:\/\/arvier.eu\/fr\/wp-json\/wp\/v2\/pages\/7207\/revisions"}],"up":[{"embeddable":true,"href":"https:\/\/arvier.eu\/fr\/wp-json\/wp\/v2\/pages\/7375"}],"wp:attachment":[{"href":"https:\/\/arvier.eu\/fr\/wp-json\/wp\/v2\/media?parent=7207"}],"wp:term":[{"taxonomy":"post_tag","embeddable":true,"href":"https:\/\/arvier.eu\/fr\/wp-json\/wp\/v2\/tags?post=7207"}],"curies":[{"name":"wp","href":"https:\/\/api.w.org\/{rel}","templated":true}]}}