{"id":7215,"date":"2011-01-25T13:50:19","date_gmt":"2011-01-25T12:50:19","guid":{"rendered":"https:\/\/arvier.eu\/sezione-pesca\/"},"modified":"2022-03-12T12:00:21","modified_gmt":"2022-03-12T11:00:21","slug":"peche-section-darvier","status":"publish","type":"page","link":"https:\/\/arvier.eu\/fr\/associazioni\/peche-section-darvier\/","title":{"rendered":"P\u00eache section d&rsquo;Arvier"},"content":{"rendered":"<div>\n<p>La section d\u2019Arvier est n\u00e9e vers le milieu des ann\u00e9es 1950 et regroupe aujourd\u2019hui environ cinquante p\u00eacheurs, provenant de diff\u00e9rentes communes (Arvier, Avise, Introd, Rh\u00eames-Notre-Dame, Rh\u00eames-Saint-Georges, Saint-Nicolas, Saint-Pierre, Valgrisenche, Valsavarenche et Villeneuve).<\/p>\n<p>Conform\u00e9ment \u00e0 la&nbsp;<a class=\"external-link\" title=\"Questo \u00e8 un collegamento ad un sito esterno.\" href=\"http:\/\/www.consiglio.regione.vda.it\/banche_dati\/leggi_regolamenti\/dettaglio_i.asp?pk_lr=2385&amp;versione=V\">&nbsp;loi r\u00e9gionale n\u00b0 30 du 2 septembre 1996<\/a>&nbsp;modifiant la loi r\u00e9gionale n\u00b0 34 du 11 ao\u00fbt 1976 portant nouvelles dispositions en mati\u00e8re de p\u00eache et r\u00e9gissant le fonctionnement du Consortium r\u00e9gional pour la protection, l&rsquo;expansion et la pratique de la p\u00eache en Vall\u00e9e d&rsquo;Aoste, les comp\u00e9tences des Comit\u00e9s de section couvrent les domaines suivants :<\/p>\n<p>a) L\u2019administration des fonds de la section ;<br \/>\nb) L&rsquo;\u00e9laboration de propositions \u00e0 pr\u00e9senter au Conseil d&rsquo;administration du Consortium par l\u2019interm\u00e9diaire de leurs repr\u00e9sentants ;<br \/>\nc) L&rsquo;exercice des activit\u00e9s que ce m\u00eame Consortium leur confie, sur les eaux et le territoire de leur comp\u00e9tence selon les dispositions qui seront \u00e9tablies par un r\u00e8glement appropri\u00e9 ;<br \/>\nd) La promotion et la r\u00e9alisation de toute autre initiative valorisant le sport de la p\u00eache et le patrimoine piscicole, qui reste dans le cadre de leur comp\u00e9tence et ne contraste pas avec les activit\u00e9s et objectifs g\u00e9n\u00e9raux du Consortium.<\/p>\n<p><strong>Zones de p\u00eache de la section :<\/strong><\/p>\n<p>1. Fleuve Doire Balt\u00e9e, du pont de l\u2019\u00c9quilivaz jusqu\u2019aux limites de la commune de Sarre ;<br \/>\n2. Torrent Vertosan, tout son axe ;<br \/>\n3. Petit lac du col de Joux ;<br \/>\n4. Torrent Verrogne, tout son axe ;<br \/>\n5. Doire de Valgrisenche, tout son axe avec ses torrents lat\u00e9raux ;<br \/>\n6. Barrage de Beauregard ;<br \/>\n7. Lac du Fond ;<br \/>\n8. Doire de Rh\u00eames, tout son axe ;<br \/>\n9. Torrent Savara, jusqu\u2019au pont de Chevr\u00e8re, aux limites du Parc national du Grand-Paradis.<\/p>\n<p><strong>R\u00e9serves o\u00f9 il est interdit de p\u00eacher :<br \/>\n<\/strong><\/p>\n<p>1. Localit\u00e9 La Ressia, au hameau de Planaval, dans la commune d\u2019Arvier ;<br \/>\n2. Le petit lac Pellaud et ses sources, dans la commune de Rh\u00eames-Notre-Dame ;<br \/>\n3. Actuellement, dans la zone de l\u2019Enfer d\u2019Arvier, \u00e0 cause des \u00e9boulements.<\/p>\n<p>Pour plus d\u2019informations :<\/p>\n<p><strong>Remo Jorrioz<\/strong>&nbsp;(pr\u00e9sident) : +39 33 83 16 97 00<\/p>\n<p><strong>Si\u00e8ge :<\/strong>&nbsp;l\u2019ancienne biblioth\u00e8que (\u00e0 c\u00f4t\u00e9 de la banque) 35, rue Corrado Gex : les directives relatives \u00e0 la p\u00eache sont affich\u00e9es au tableau d\u2019affichage de la section.<\/p>\n<div><strong>Consortium de la p\u00eache de la Vall\u00e9e d\u2019Aoste<\/strong><br \/>\n15\/D, avenue des Lanciers d&rsquo;Aoste &#8211; 11100 Aoste<\/div>\n<div>Courriel:&nbsp;<span id=\"cloaka291f4198722367fd8f5a92d59bcbd43\"><a href=\"mailto:info@consorziopesca.vda.it\">info@consorziopesca.vda.it<\/a><\/span><\/div>\n<div>Site internet:&nbsp;<a class=\"external-link\" title=\"Questo \u00e8 un collegamento ad un sito esterno.\" href=\"http:\/\/www.pescavda.it\/\">www.pescavda.it<\/a><\/div>\n<\/div>\n<div><\/div>\n<div><\/div>\n<div>Tel: 0165 40752<br \/>\nFax: 0165 1845152<\/div>\n<div><\/div>\n<div><\/div>\n","protected":false},"excerpt":{"rendered":"<p>La section d\u2019Arvier est n\u00e9e vers le milieu des ann\u00e9es 1950 et regroupe aujourd\u2019hui environ cinquante p\u00eacheurs, provenant de diff\u00e9rentes communes (Arvier, Avise, Introd, Rh\u00eames-Notre-Dame, Rh\u00eames-Saint-Georges, Saint-Nicolas, Saint-Pierre, Valgrisenche, Valsavarenche et Villeneuve).<\/p>\n","protected":false},"author":1,"featured_media":0,"parent":7375,"menu_order":7,"comment_status":"closed","ping_status":"closed","template":"","meta":{"footnotes":""},"tags":[],"class_list":["post-7215","page","type-page","status-publish","hentry"],"publishpress_future_action":{"enabled":false,"date":"2026-04-24 15:37:49","action":"change-status","newStatus":"draft","terms":[],"taxonomy":"post_tag","extraData":[]},"publishpress_future_workflow_manual_trigger":{"enabledWorkflows":[]},"_links":{"self":[{"href":"https:\/\/arvier.eu\/fr\/wp-json\/wp\/v2\/pages\/7215","targetHints":{"allow":["GET"]}}],"collection":[{"href":"https:\/\/arvier.eu\/fr\/wp-json\/wp\/v2\/pages"}],"about":[{"href":"https:\/\/arvier.eu\/fr\/wp-json\/wp\/v2\/types\/page"}],"author":[{"embeddable":true,"href":"https:\/\/arvier.eu\/fr\/wp-json\/wp\/v2\/users\/1"}],"replies":[{"embeddable":true,"href":"https:\/\/arvier.eu\/fr\/wp-json\/wp\/v2\/comments?post=7215"}],"version-history":[{"count":0,"href":"https:\/\/arvier.eu\/fr\/wp-json\/wp\/v2\/pages\/7215\/revisions"}],"up":[{"embeddable":true,"href":"https:\/\/arvier.eu\/fr\/wp-json\/wp\/v2\/pages\/7375"}],"wp:attachment":[{"href":"https:\/\/arvier.eu\/fr\/wp-json\/wp\/v2\/media?parent=7215"}],"wp:term":[{"taxonomy":"post_tag","embeddable":true,"href":"https:\/\/arvier.eu\/fr\/wp-json\/wp\/v2\/tags?post=7215"}],"curies":[{"name":"wp","href":"https:\/\/api.w.org\/{rel}","templated":true}]}}