{"id":7221,"date":"2011-01-25T13:50:22","date_gmt":"2011-01-25T12:50:22","guid":{"rendered":"https:\/\/arvier.eu\/asd-pol-grand-paradis\/"},"modified":"2022-03-03T12:27:03","modified_gmt":"2022-03-03T11:27:03","slug":"asd-pol-grand-paradis","status":"publish","type":"page","link":"https:\/\/arvier.eu\/fr\/associazioni\/asd-pol-grand-paradis\/","title":{"rendered":"U.S. Grand Paradis &#8211; Corrado Gex"},"content":{"rendered":"<p style=\"text-align: justify;\"><span style=\"color: #444444; line-height: 21.3px;\"><span style=\"text-align: justify;\">Tra la primavera e l&rsquo;estate del 2015 prende corpo un progetto di cui si discute da qualche tempo: la fusione tra l&rsquo;Asd Corrado Gex, l&rsquo;Us Introd (entrambe squadre militanti nel campionato di Seconda categoria) e la Polisportiva Comunit\u00e0 montana Grand Paradis, che cura un settore giovanile con oltre duecento piccoli atleti. Un passo diventato necessario per offrire un futuro alle due realt\u00e0 calcistiche di Arvier e Introd e per garantire una prospettiva sportiva ai tanti giovani calciatori cresciuti nelle file della Polisportiva Grand Paradis. A giugno si tiene l&rsquo;assemblea che sancisce la fusione, formalizzata dalla Figc &#8211; Federazione italiana giuoco calcio con comunicazione datata 7 luglio 2015. Nasce cos\u00ec l&rsquo;Asd Pol. Grand Paradis (presidente \u00e8 Cristiano Florio di Villeneuve), iscritta al campionato di Seconda categoria con un organico che \u00e8 il risultato dei giocatori portati \u00ab\u00a0in dote\u00a0\u00bb dall&rsquo;Asd Corrado Gex e dall&rsquo;Us Introd. E con un futuro garantito dalle giovani leve provenienti dal settore giovanile della Polisportiva Comunit\u00e0 montana Grand Paradis.\u00a0\u00bb<\/span><br \/>\n<\/span><\/p>\n<h3 style=\"text-align: center;\">HISTOIRE: CORRADO GEX&#8230;GRAND PARADIS&#8230;CORRADO GEX<\/h3>\n<p>En 1975, quelques jeunes d\u2019Arvier et d\u2019Avise se r\u00e9unirent pour constituer une union sportive intercommunale.<br \/>\nSous la direction du premier pr\u00e9sident,<strong>\u00a0Giuseppe Garin<\/strong>, un groupe de personnes, qui avaient en commun la m\u00eame passion pour le football, trouva les ressources financi\u00e8res afin d\u2019acheter des tenues et, pour la premi\u00e8re fois, d\u2019inscrire une \u00e9quipe au championnat de troisi\u00e8me cat\u00e9gorie.<\/p>\n<p>En juin 1976, \u00e0 la fin d\u2019une saison o\u00f9 l\u2019on ne s\u2019attendait vraiment pas \u00e0 de grands r\u00e9sultats l\u2019\u00e9quipe remporta le 1er Trofeo Cirillo Blanc. Ce fut cette ann\u00e9e-l\u00e0 qui jeta de solides bases pour l\u2019avenir de la soci\u00e9t\u00e9 sportive.<br \/>\n<strong>Carlo Compagnoni<\/strong>\u00a0succ\u00e9da au deuxi\u00e8me pr\u00e9sident,\u00a0<strong>Giuseppe Armand<\/strong>\u00a0: gr\u00e2ce \u00e0 leur travail, la soci\u00e9t\u00e9 \u00e9volua et put cr\u00e9er un secteur Jeunes qui, depuis 1979, n\u2019a plus connu de moments de pause.<\/p>\n<p>Dans les ann\u00e9es 1980, l\u2019activit\u00e9 du regrett\u00e9\u00a0<strong>Italo Guidetti<\/strong>\u00a0s\u2019av\u00e9ra tr\u00e8s importante : secr\u00e9taire infatigable, il d\u00e9fendit avec passion une certaine id\u00e9e de la discipline et de l\u2019engagement social, ainsi que des principes qui caract\u00e9risent notre association sportive aujourd\u2019hui encore.<br \/>\n\u00c0 cette \u00e9poque, la soci\u00e9t\u00e9 obtint d\u2019importants r\u00e9sultats, comme une deuxi\u00e8me place au championnat de troisi\u00e8me cat\u00e9gorie dans la saison 1980\/1981 et l\u2019acc\u00e8s des poussins aux finales r\u00e9gionales.<br \/>\nIl est impossible d\u2019oublier la victoire au championnat cadet de la saison 1986\/1987 et la deuxi\u00e8me place au championnat junior, l\u2019ann\u00e9e suivante.<br \/>\n\u00c0 cette m\u00eame p\u00e9riode, l\u2019Union sportive s\u2019adjugea \u00e0 quatre reprises la coppa disciplina (troph\u00e9e remis \u00e0 l\u2019\u00e9quipe ayant subi le moins de sanctions tout au long du championnat).<br \/>\nAu fil des ann\u00e9es, plusieurs personnes se succ\u00e9d\u00e8rent \u00e0 la direction, chacune apportant sa touche personnelle, qui marqua et caract\u00e9risa l\u2019histoire de l\u2019U.S. Corrado Gex.<\/p>\n<p>En 1990, la commune d\u2019Introd fit son entr\u00e9e au sein de la soci\u00e9t\u00e9.<\/p>\n<p>Durant la saison 1991\/1992, sous la pr\u00e9sidence de\u00a0<strong>Giorgio Jacquemod<\/strong>, la premi\u00e8re \u00e9quipe passa en deuxi\u00e8me cat\u00e9gorie et termina quatri\u00e8me du championnat suivant.<\/p>\n<p>Au mois de juin 1993, la soci\u00e9t\u00e9 changea de nom et devint \u00ab U.S. Grand-Paradis \u00bb.<\/p>\n<p>La premi\u00e8re \u00e9quipe termina le championnat de deuxi\u00e8me cat\u00e9gorie de la saison 1994\/1995 premier ex \u00e6quo avec Tavagnasco et fut battue aux penalties lors du match d\u00e9cisif, jou\u00e9 au stade communal de Sarre.<br \/>\nDurant les saisons suivantes, la premi\u00e8re \u00e9quipe occupa des places moyennes dans le classement de deuxi\u00e8me cat\u00e9gorie.<\/p>\n<p>En 1998\/1999, le secteur jeunes \u2013 toujours en expansion \u2013 remporta le championnat cadet et put acc\u00e9der \u00e0 la Coupe Pi\u00e9mont apr\u00e8s avoir remport\u00e9 le premier tour : un tr\u00e8s agr\u00e9able souvenir pour tout le monde.<br \/>\nEn 1999\/2000 malheureusement, \u00e0 la fin d\u2019un triste championnat de deuxi\u00e8me cat\u00e9gorie, l\u2019\u00e9quipe fut r\u00e9trograd\u00e9e en troisi\u00e8me cat\u00e9gorie, ce qui amena son pr\u00e9sident \u00e0 d\u00e9missionner, tandis que certains jeunes prometteurs, qui avaient grandi dans le secteur Jeunes, migr\u00e8rent vers des soci\u00e9t\u00e9s plus titr\u00e9es.<\/p>\n<p>Les ann\u00e9es suivantes furent tr\u00e8s dures : sous la pr\u00e9sidence d\u2019<strong>Armando Junin<\/strong>, le pr\u00e9sident actuel, les entra\u00eeneurs se succ\u00e9d\u00e8rent, tandis que plusieurs joueurs et dirigeants abandonn\u00e8rent l\u2019\u00e9quipe. Toutefois, lors de la saison 2004\/2005, la premi\u00e8re \u00e9quipe qui s\u2019\u00e9tait class\u00e9e deuxi\u00e8me de son championnat, gr\u00e2ce \u00e0 de gros sacrifices, fut admise en deuxi\u00e8me cat\u00e9gorie.<br \/>\nToutefois, lors de la saison suivante, l\u2019\u00e9quipe revint en troisi\u00e8me cat\u00e9gorie.<\/p>\n<p>Il est toujours difficile de se retrousser les manches et de recommencer, mais avec l\u2019appui constant de l\u2019Administration communale et gr\u00e2ce \u00e0 l\u2019enthousiasme de certains supporters, lors de la saison 2007\/2008, la soci\u00e9t\u00e9 r\u00e9ussit \u00e0 remporter le championnat de troisi\u00e8me cat\u00e9gorie, sous la pr\u00e9sidence de\u00a0<strong>Silvia Compagnoni<\/strong>\u00a0(pr\u00e9sidente tr\u00e8s active mais qui ne resta \u00e0 la pr\u00e9sidnece qu\u2019un an) : le match se joua sur le terrain d\u2019Arvier, ce qui permit aux supporters du village d\u2019y assister.<\/p>\n<p>Malheureusement, le terrain d\u2019Arvier n\u2019est pas homologu\u00e9 pour des matches de cat\u00e9gorie sup\u00e9rieure, ce qui obligea la soci\u00e9t\u00e9 \u00e0 utiliser les terrains d\u2019autres communes pour faire jouer son \u00e9quipe.<br \/>\nPour des raisons \u00e9conomiques, la soci\u00e9t\u00e9 d\u00e9cida que, quand l\u2019\u00e9quipe recevait, les matchs se jouaient \u00e0 \u00c9pinel, en septembre et en octobre, et \u00e0 Gressan, Charvensod, Roisan, Villeneuve ou Sarre, pendant le reste de la saison.<\/p>\n<p>Depuis l\u2019arriv\u00e9e de nouveaux dirigeants et de joueurs, ainsi que depuis le changement d\u2019entra\u00eeneur en juin 2009, la soci\u00e9t\u00e9 a engag\u00e9 un nouveau programme qui donne de bons r\u00e9sultats.<br \/>\nLa soci\u00e9t\u00e9 a d\u00e9sormais d\u00e9cid\u00e9 que, quand l\u2019\u00e9quipe re\u00e7oit, les matchs sont disput\u00e9s \u00e0 \u00c9pinel et, en hiver et au printemps, sur le terrain de Sarre.<\/p>\n<p>En juin 2011, la soci\u00e9t\u00e9 a chang\u00e9 de nom : elle s\u2019appelle d\u00e9sormais A.S.D. Corrado Gex et son si\u00e8ge est \u00e0 Arvier.<\/p>\n<p>Elle esp\u00e8re qu\u2019avec ce changement les jeunes du village retrouveront l\u2019envie de jouer au football, ainsi que de faire partie de la direction de la soci\u00e9t\u00e9, pour promouvoir activement ce sport extraordinaire que les jeunes et les supporters semblent avoir abandonn\u00e9 depuis quelques ann\u00e9es.<\/p>\n<p>Pour plus d\u2019informations :<\/p>\n<p style=\"text-align: justify;\"><strong style=\"font-size: revert; color: initial;\">Armando Junin<\/strong><span style=\"font-size: revert; color: initial;\">\u00a0347.22.59.082\u00a0<\/span><\/p>\n<p>Courriel: <a href=\"mailto:info@ciclibenato.com\">a.junin@alice.it<\/a><\/p>\n","protected":false},"excerpt":{"rendered":"<p>Tra la primavera e l&rsquo;estate del 2015 prende corpo un progetto di cui si discute da qualche tempo: la fusione tra l&rsquo;Asd Corrado Gex, l&rsquo;Us Introd (entrambe squadre militanti nel campionato di Seconda categoria) e la Polisportiva Comunit\u00e0 montana Grand Paradis, che cura un settore giovanile con oltre duecento piccoli atleti.<\/p>\n","protected":false},"author":1,"featured_media":0,"parent":7375,"menu_order":9,"comment_status":"closed","ping_status":"closed","template":"","meta":{"footnotes":""},"tags":[],"class_list":["post-7221","page","type-page","status-publish","hentry"],"publishpress_future_action":{"enabled":false,"date":"2026-04-22 01:03:54","action":"change-status","newStatus":"draft","terms":[],"taxonomy":"post_tag","extraData":[]},"publishpress_future_workflow_manual_trigger":{"enabledWorkflows":[]},"_links":{"self":[{"href":"https:\/\/arvier.eu\/fr\/wp-json\/wp\/v2\/pages\/7221","targetHints":{"allow":["GET"]}}],"collection":[{"href":"https:\/\/arvier.eu\/fr\/wp-json\/wp\/v2\/pages"}],"about":[{"href":"https:\/\/arvier.eu\/fr\/wp-json\/wp\/v2\/types\/page"}],"author":[{"embeddable":true,"href":"https:\/\/arvier.eu\/fr\/wp-json\/wp\/v2\/users\/1"}],"replies":[{"embeddable":true,"href":"https:\/\/arvier.eu\/fr\/wp-json\/wp\/v2\/comments?post=7221"}],"version-history":[{"count":0,"href":"https:\/\/arvier.eu\/fr\/wp-json\/wp\/v2\/pages\/7221\/revisions"}],"up":[{"embeddable":true,"href":"https:\/\/arvier.eu\/fr\/wp-json\/wp\/v2\/pages\/7375"}],"wp:attachment":[{"href":"https:\/\/arvier.eu\/fr\/wp-json\/wp\/v2\/media?parent=7221"}],"wp:term":[{"taxonomy":"post_tag","embeddable":true,"href":"https:\/\/arvier.eu\/fr\/wp-json\/wp\/v2\/tags?post=7221"}],"curies":[{"name":"wp","href":"https:\/\/api.w.org\/{rel}","templated":true}]}}