{"id":7223,"date":"2013-01-19T15:15:07","date_gmt":"2013-01-19T14:15:07","guid":{"rendered":"https:\/\/arvier.eu\/escursioni-e-sport\/"},"modified":"2022-03-03T12:28:45","modified_gmt":"2022-03-03T11:28:45","slug":"escursioni-e-sport","status":"publish","type":"page","link":"https:\/\/arvier.eu\/fr\/territorio\/escursioni-e-sport\/","title":{"rendered":"Randonn\u00e9es et sports"},"content":{"rendered":"<p>Le territoire communal d\u2019Arvier est si vari\u00e9 que les passionn\u00e9s de sport peuvent choisir entre de nombreuses activit\u00e9s.<\/p>\n<p>Pendant la belle saison, les amateurs d\u2019excursions tranquilles pourront d\u00e9couvrir nos nombreux\u00a0<a href=\"https:\/\/arvier.eu\/fr\/randonnees-sports\/randonnees.html\">itin\u00e9raires de randonn\u00e9es<\/a>\u00a0en montagne, mais aussi les simples promenades qu\u2019offrent les rues du village et de ses deux bourgs, alors que les plus t\u00e9m\u00e9raires pourront admirer Arvier depuis une perspective originale, en progressant sur nos voies d\u2019<a href=\"https:\/\/arvier.eu\/fr\/randonnees-sports\/escalade-libre.html\">escalade<\/a>, connues bien au-del\u00e0 de notre r\u00e9gion.<\/p>\n<p>Les passionn\u00e9s de football pourront se rencontrer au sein de l\u2019association\u00a0<a href=\"https:\/\/arvier.eu\/fr\/us-grand-paradis-corrado-gex.html\">Polisportiva Grand Paradis<\/a>\u00a0et les fans de v\u00e9lo et de VTT seront accueillis par l\u2019<a href=\"https:\/\/arvier.eu\/fr\/groupe-sportif-cicli-benato.html\">Associazione Sportiva Dilettantistica Cicli Benato<\/a>. Quant \u00e0 ceux qui choisissent d\u2019entra\u00eener leurs neurones, ils pourront se joindre au\u00a0<a href=\"https:\/\/arvier.eu\/fr\/comite-valdotain-d-echecs.html\">Comit\u00e9 vald\u00f4tain d\u2019\u00e9checs<\/a>.<\/p>\n<p>En hiver et au printemps, les sportifs amateurs d\u2019efforts appr\u00e9cieront sans aucun doute les itin\u00e9raires de\u00a0<a href=\"https:\/\/arvier.eu\/fr\/randonnees-sports\/ski-de-randonnee.html\">ski de randonn\u00e9e<\/a>, sport qui occupe une place toute sp\u00e9ciale \u00e0 Arvier puisque le\u00a0<a href=\"https:\/\/arvier.eu\/fr\/ski-club-corrado-gex.html\">club de ski Corrado Gex<\/a>\u00a0organise en effet, tous les deux ans, la c\u00e9l\u00e8bre comp\u00e9tition internationale \u00ab\u00a0<a class=\"external-link\" title=\"Questo \u00e8 un collegamento ad un sito esterno.\" href=\"http:\/\/www.tourdurutor.com\/\">Tour du Rutor<\/a>\u00a0\u00bb, qui fait aujourd\u2019hui partie du circuit de \u00ab\u00a0<a class=\"external-link\" title=\"Questo \u00e8 un collegamento ad un sito esterno.\" href=\"http:\/\/www.grandecourse.com\/\">La Grande Course<\/a>\u00a0\u00bb.<\/p>\n<p>Le\u00a0<a href=\"https:\/\/arvier.eu\/fr\/ski-club-corrado-gex.html\">club de ski Corrado Gex<\/a>\u00a0invite tous les skieurs de descente \u00e0 s\u2019inscrire aux diff\u00e9rents cours qu\u2019il organise chaque ann\u00e9e.<\/p>\n<p>En revanche, les\u00a0<strong>balades en raquettes<\/strong>\u00a0sont un sport que tout le monde peut pratiquer, pour d\u00e9couvrir notre territoire en toute tranquillit\u00e9 et en explorer la nature, les prairies et les for\u00eats enneig\u00e9es.<\/p>\n<p>En outre, notre village compte une section \u00ab\u00a0<a href=\"https:\/\/arvier.eu\/fr\/chasse-section-d-arvier.html\">chasse<\/a>\u00a0\u00bb et une section \u00ab\u00a0<a href=\"https:\/\/arvier.eu\/fr\/peche-section-d-arvier.html\">p\u00eache<\/a>\u00a0\u00bb tr\u00e8s actives, auxquelles ils faut ajouter des\u00a0<strong>cours<\/strong>\u00a0de gymnastique ou de yoga pour\u00a0<strong>adultes<\/strong>, organis\u00e9s par la\u00a0<a href=\"https:\/\/arvier.eu\/fr\/bibliotheque.html\">biblioth\u00e8que communale<\/a>\u00a0et de nombreuses\u00a0<strong>autres activit\u00e9s<\/strong>\u00a0dont, par exemple, la danse et l\u2019initiation \u00e0 l\u2019escalade, qui sont propos\u00e9es aux\u00a0<strong>enfants<\/strong>\u00a0tous les ans.<\/p>\n<p style=\"text-align: center;\">\u00a0<\/p>\n\n\n<p><\/p>\n","protected":false},"excerpt":{"rendered":"<p>Le territoire communal d\u2019Arvier est si vari\u00e9 que les passionn\u00e9s de sport peuvent choisir entre de nombreuses activit\u00e9s.<\/p>\n","protected":false},"author":1,"featured_media":0,"parent":7378,"menu_order":0,"comment_status":"closed","ping_status":"closed","template":"","meta":{"footnotes":""},"tags":[],"class_list":["post-7223","page","type-page","status-publish","hentry"],"publishpress_future_action":{"enabled":false,"date":"2026-05-09 11:41:02","action":"change-status","newStatus":"draft","terms":[],"taxonomy":"post_tag","extraData":[]},"publishpress_future_workflow_manual_trigger":{"enabledWorkflows":[]},"_links":{"self":[{"href":"https:\/\/arvier.eu\/fr\/wp-json\/wp\/v2\/pages\/7223","targetHints":{"allow":["GET"]}}],"collection":[{"href":"https:\/\/arvier.eu\/fr\/wp-json\/wp\/v2\/pages"}],"about":[{"href":"https:\/\/arvier.eu\/fr\/wp-json\/wp\/v2\/types\/page"}],"author":[{"embeddable":true,"href":"https:\/\/arvier.eu\/fr\/wp-json\/wp\/v2\/users\/1"}],"replies":[{"embeddable":true,"href":"https:\/\/arvier.eu\/fr\/wp-json\/wp\/v2\/comments?post=7223"}],"version-history":[{"count":0,"href":"https:\/\/arvier.eu\/fr\/wp-json\/wp\/v2\/pages\/7223\/revisions"}],"up":[{"embeddable":true,"href":"https:\/\/arvier.eu\/fr\/wp-json\/wp\/v2\/pages\/7378"}],"wp:attachment":[{"href":"https:\/\/arvier.eu\/fr\/wp-json\/wp\/v2\/media?parent=7223"}],"wp:term":[{"taxonomy":"post_tag","embeddable":true,"href":"https:\/\/arvier.eu\/fr\/wp-json\/wp\/v2\/tags?post=7223"}],"curies":[{"name":"wp","href":"https:\/\/api.w.org\/{rel}","templated":true}]}}