{"id":7226,"date":"2012-05-19T11:50:26","date_gmt":"2012-05-19T09:50:26","guid":{"rendered":"https:\/\/arvier.eu\/escursioni-e-sport\/sci-alpinismo\/"},"modified":"2022-03-03T12:43:50","modified_gmt":"2022-03-03T11:43:50","slug":"sci-alpinismo","status":"publish","type":"page","link":"https:\/\/arvier.eu\/fr\/territorio\/escursioni-e-sport\/sci-alpinismo\/","title":{"rendered":"Ski de randonn\u00e9e"},"content":{"rendered":"<h1><strong>BECCA DI TOS 3.302 m<\/strong><\/h1>\n<p>DIFFICULT\u00c9 : bon skieur \u2013 crampons utiles<br \/>\nD\u00c9NIVEL\u00c9 : 1 903 m<br \/>\nTEMPS DE MONT\u00c9E : 5 heures<br \/>\nPERIODE CONSEILL\u00c9E : mars \u00e0 mai<br \/>\nEXPOSITION : Nord<br \/>\nCARTOGRAPHIE : IGC 1:50.000 n\u00b0 3 \u2013 Le Parc national du Grand-Paradis<\/p>\n<p><strong>Point de d\u00e9part :<\/strong>\u00a0le hameau de\u00a0<a href=\"https:\/\/arvier.eu\/fr\/randonnees-sports\/ski-de-randonnee\/92-territoire\/arvier-et-ses-hameaux\/1197-chamin.html\">Chamin<\/a>\u00a0(1 399 m \u2013 23 km d\u2019Aoste) o\u00f9 vous arrivez en prenant la route qui monte \u00e0 Valgrisenche et puis en tournant \u00e0 gauche.<br \/>\n<strong>Mont\u00e9e :<\/strong>\u00a0depuis Chamin, allez jusqu\u2019aux pentes bois\u00e9es situ\u00e9es derri\u00e8re le village et remontez jusqu\u2019\u00e0 la clairi\u00e8re puis prenez le couloir raide menant aux pentes qui pr\u00e9c\u00e8dent le glacier de Tos. Restez sur la gauche et continuez jusqu\u2019au glacier : remontez-le utilisant comme point de rep\u00e8re les petits rochers du sommet, o\u00f9 vous pouvez arriver skis aux pieds.<br \/>\n<strong>Descente :<\/strong>\u00a0par l\u2019itin\u00e9raire de mont\u00e9e.<br \/>\n<strong>Notes techniques :<\/strong>\u00a0c\u2019est une randonn\u00e9e longue, pour des skieurs entra\u00een\u00e9s. Avec des conditions de neige dangereuses, ne montez pas au couloir raide qui permet d\u2019acc\u00e9der \u00e0 la partie la plus haute du parcours.<br \/>\n<strong>Fiche du milieu :<\/strong>\u00a0le vallon de Bor\u00e8gne \u00e9tant plut\u00f4t isol\u00e9, il est possible d\u2019apercevoir des troupeaux de chamois. Toutefois, l\u2019h\u00e9liski, qui est pratiqu\u00e9 \u00e0 cet endroit au printemps, d\u00e9range les animaux qui y vivent, justement \u00e0 la saison o\u00f9 ils doivent se remettre des rigueurs de l\u2019hiver.<\/p>\n<p><strong>\u00a0<\/strong><\/p>\n<p><img decoding=\"async\" class=\"aligncenter\" title=\"Foto Dujany Andr\u00e9\" src=\"https:\/\/arvier.eu\/images\/stories\/pagine\/Terriorio\/skialp%201.jpg\" alt=\"\" width=\"400\" \/><\/p>\n<h1>T\u00caTE DU RUTOR \u2013 TRAVERS\u00c9E DE BONNE \u00c0 PLANAVAL\u00a0 3.486 m<\/h1>\n<p>DIFFICULT\u00c9 : bon skieur et alpiniste<br \/>\nD\u00c9NIVEL\u00c9 POSITIF : 1 676 m \u2013 D\u00c9NIVEL\u00c9 N\u00c9GATIF : 1 929 m<br \/>\nTEMPS DE MONT\u00c9E : 5 \u00e0 6 heures<br \/>\nPERIODE CONSEILL\u00c9E : avril \u00e0 mai<br \/>\nEXPOSITION : Nord-Est<br \/>\nCARTOGRAPHIE : IGC 1:50.000 n\u00b0 3 \u2013 Le Parc national du Grand-Paradis<\/p>\n<p><img loading=\"lazy\" decoding=\"async\" class=\"aligncenter\" src=\"https:\/\/arvier.eu\/images\/stories\/pagine\/scialpinismo\/Traversata_Bonne-Planaval.jpg\" alt=\"Traversata_Bonne-Planaval\" width=\"514\" height=\"500\" \/><\/p>\n<p><strong>Point de d\u00e9part :<\/strong>\u00a0le hameau de Bonne (1 810 m \u2013 30 km d\u2019Aoste), que vous rejoignez depuis le chef-lieu de Valgrisenche, apr\u00e8s avoir tourn\u00e9 \u00e0 droite.<br \/>\n<strong>Mont\u00e9e :<\/strong>\u00a0depuis Bonne, partez en direction de l\u2019Ouest et, apr\u00e8s avoir travers\u00e9 une partie du bois, montez dans le vallon au-dessus. Restez un peu sur la gauche pour arriver au-dessous d\u2019une bosse situ\u00e9e \u00e0 2 338 m : restez sur la droite de la bosse et marchez \u00e0 mi-c\u00f4te sur une courte distance et sortez sur l\u2019\u00e9paule au-dessus, qui est bien visible.\u00a0Montez encore un peu \u00e0 mi-c\u00f4te, l\u00e0 o\u00f9 le terrain semble un peu plus plat, \u00e0 la base de pentes tr\u00e8s raides : remontez-les sur la droite, jusqu\u2019\u00e0 la cuvette au-dessous du petit col, situ\u00e9 en amont et \u00e0 l\u2019ouest du refuge Rifugio degli Angeli. Apr\u00e8s avoir pass\u00e9 ce petit col \u2013 \u00e0 pied, \u00e9ventuellement \u2013\u00a0tournez \u00e0 gauche pour gagner la partie la plus haute du glacier de Morion : restez toujours sur la gauche pour le traverser et rejoignez le versant oriental raide de la T\u00eate du Rutor. Poursuivez \u00e0 ski tant que les conditions de la neige le permettent, puis montez au sommet \u00e0 pied.<br \/>\n<strong>Descente :<\/strong>\u00a0descendez vers le col du Rutor et longez la base du Ch\u00e2teau Blanc, afin d\u2019atteindre le petit vallon qui s\u2019est cr\u00e9\u00e9 entre ce dernier sommet et le Doravidi Sud. Rejoignez la d\u00e9pression, franchissez quelques rochers \u2013 \u00e0 pied, \u00e9ventuellement \u2013 pour arriver au glacier du Ch\u00e2teau Blanc. Descendez en direction Nord-Est et prenez le vallon d\u2019Orfeuille, en faisant attention \u00e0 ne pas vous d\u00e9placer trop \u00e0 droite, o\u00f9 il y a des chutes de pierres.<br \/>\nVous arrivez ais\u00e9ment \u00e0 l\u2019alpage de Plan Petet \u00e0 2 284 m ; puis restez \u00e0 gauche et \u00e9vitez, par une travers\u00e9e, le couloir que vous voyez. Peu apr\u00e8s, entrez dans ce couloir et, ensuite, traversez une terrasse qui vous permet d\u2019arriver en amont du village de Planaval, \u00e0 1 557 m.<br \/>\n<strong>Notes techniques :<\/strong>\u00a0l\u2019itin\u00e9raire de cette travers\u00e9e longue et complexe est destin\u00e9 aux skieurs exp\u00e9riment\u00e9s connaissant bien la haute montagne.<br \/>\n<strong>Fiche du milieu :<\/strong>\u00a0l\u2019itin\u00e9raire permet d\u2019observer le glacier du Rutor, qui s\u2019\u00e9tend vers la vall\u00e9e de La Thuile et qui est l\u2019une des masses glaciales les plus vastes du versant Sud des Alpes.<\/p>\n<p><img decoding=\"async\" class=\"caption aligncenter\" title=\"Foto Archivio Tour du Rutor\" src=\"https:\/\/arvier.eu\/images\/stories\/pagine\/scialpinismo\/skialp%202.jpg\" alt=\"\" width=\"400\" \/><\/p>\n<div><em>Photo : archives Tour du Rutor<\/em><\/div>\n<h1>T\u00caTE DU RUTOR \u2013 TRAVERS\u00c9E DE LA THUILE \u00c0 PLANAVAL 3.486 m<\/h1>\n<p>DIFFICULT\u00c9 : bon skieur et alpiniste \u2013 corde, piolet et crampons utiles<br \/>\nD\u00c9NIVEL\u00c9 POSITIF : 1 836 m<br \/>\nTEMPS DE MONT\u00c9E : 7 heures<br \/>\nEXPOSITION : Nord<\/p>\n<p><strong><img loading=\"lazy\" decoding=\"async\" class=\"aligncenter\" src=\"https:\/\/arvier.eu\/images\/stories\/pagine\/scialpinismo\/Testa_del_Rutor_da_La_Thuile.jpg\" alt=\"Testa_del_Rutor_da_La_Thuile\" width=\"526\" height=\"500\" \/><\/strong><\/p>\n<p><strong>Point de d\u00e9part :<\/strong>\u00a0le village de La Joux (1 650 m), que vous rejoignez depuis le chef-lieu de La Thuile.<br \/>\n<strong>Mont\u00e9e :<\/strong>\u00a0depuis le village de La Joux, traversez le torrent en passant sur un pont assez large et suivez la trace du chemin qui, en \u00e9t\u00e9, m\u00e8ne au refuge A. Deffeyes et qui est bien indiqu\u00e9 sur le panneau. Vous montez le long du torrent jusqu\u2019aux cascades et puis vous tournez carr\u00e9ment \u00e0 gauche pour arriver aux alpages du Glacier (2 143 m).<br \/>\n64a \u2013 si les conditions de la neige ne sont pas optimales, il vaut peut-\u00eatre mieux contourner le promontoire Santa Margherita vers la droite, afin d\u2019\u00e9viter la pente raide qui m\u00e8ne au refuge.<br \/>\n64 \u2013 continuez \u00e0 suivre la trace du sentier, montez la pente raide en amont de l\u2019alpage et traversez petit \u00e0 petit en direction sud-est, jusqu\u2019aux bosses qui pr\u00e9c\u00e8dent le refuge A. Deffeyes (2 494 m) : si vous voulez effectuer l\u2019excursion en deux journ\u00e9es, arr\u00eatez-vous pour passer la nuit au refuge. Toujours suivant la m\u00eame direction, arrivez au glacier du Rutor en contournant ou en franchissant les d\u00e9pressions que vous rencontrez. Restez sur la gauche et, en suivant des pentes douces, longez la base des monts Flambeau, Doravidi et Ch\u00e2teau Blanc. Puis, \u00e0 quelques m\u00e8tres en dessous de la cr\u00eate, commencez \u00e0 faire un ample virage \u00e0 droite, jusque l\u00e0 o\u00f9 il est possible d\u2019apercevoir le sommet. Montez alors la dorsale finale et gagnez vite le sommet (3 486 m), les skis aux pieds.<\/p>\n<p><img loading=\"lazy\" decoding=\"async\" class=\"aligncenter\" src=\"https:\/\/arvier.eu\/images\/stories\/pagine\/scialpinismo\/Testa_del_Rutor_da_Bonne.jpg\" alt=\"Testa_del_Rutor_da_Bonne\" width=\"708\" height=\"500\" \/><\/p>\n<p><strong>Descente :<\/strong><\/p>\n<p>67c \u2013 descente \u00e0\u00a0<a href=\"https:\/\/arvier.eu\/fr\/arvier-et-ses-hameaux\/planaval-et-chez-les-roset.html\">Planaval<\/a>\u00a0: depuis le sommet, descendez le long du glacier du Rutor sur le versant nord-ouest, jusqu\u2019au col situ\u00e9 entre les monts Ch\u00e2teau Blanc et Doravidi, parfois en faisant \u00e0 pied les derniers m\u00e8tres. Descendez le glacier Ch\u00e2teau Blanc dans la zone centre\/rive droite, avant de vous engager dans le vallon d\u2019Orfeuille. Arrivez \u00e0 l\u2019alpage de Plan Petet (2 284 m) \u2013 itin\u00e9raire libre \u2013 puis prenez la route carrossable jusqu\u2019\u00e0 Planaval.<br \/>\nAutres itin\u00e9raires de descente :<br \/>\n64 \u2013 par l\u2019itin\u00e9raire de mont\u00e9e ;<br \/>\n64b \u2013 depuis le sommet, descendez quelques dizaines de m\u00e8tres de d\u00e9nivel\u00e9 et poursuivez au centre du glacier du Rutor, en passant \u00e0 droite de la Vedette (3 332 m). Regagnez l\u2019itin\u00e9raire de mont\u00e9e \u00e0 proximit\u00e9 du refuge.<br \/>\n64c \u2013 depuis le sommet, descendez quelques dizaines de m\u00e8tres de d\u00e9nivel\u00e9, puis poursuivez en direction ouest, en passant \u00e0 gauche de la Vedette (3 332 m). Continuez \u00e0 descendre en pente douce, en direction nord-ouest, jusqu\u2019\u00e0 l\u2019ample col de Loydon Est. Puis, descendez le versant ouest et, en skiant dans la zone centre\/rive droite, arrivez au refuge Rutor (2 033 m). Descendez la vall\u00e9e \u2013 itin\u00e9raire libre \u2013 et rejoignez les Mollettes, Savonne et Crot, puis, le long de la route carrossable, le Miroir (1 280 m). Il est possible de rentrer en taxi et par les remont\u00e9es m\u00e9caniques de La Rosi\u00e8re \u2013 La Thuile ;<br \/>\n64d \u2013 depuis le sommet, descendez quelques dizaines de m\u00e8tres de d\u00e9nivel\u00e9, puis poursuivez en direction ouest jusqu\u2019au col d\u2019Avernet (3 332 m) et continuez en skiant au centre du vallon jusqu\u2019au refuge Rutor (2 033 m). Raccordez-vous \u00e0 l\u2019itin\u00e9raire de descente 64c (tr\u00e8s bon skieur alpiniste) ;<br \/>\n67a et 67b \u2013 descente vers Bonne, suivant l\u2019itin\u00e9raire de mont\u00e9e d\u00e9crit pour la travers\u00e9e de Bonne \u00e0 Planaval.<br \/>\nNotes techniques : partez tr\u00e8s t\u00f4t puisqu\u2019il s\u2019agit d\u2019une longue randonn\u00e9e. La descente \u00e0 Planaval est une tr\u00e8s bonne solution et fait partie de la c\u00e9l\u00e8bre comp\u00e9tition de ski de randonn\u00e9e \u00ab\u00a0<a class=\"external-link\" title=\"Questo \u00e8 un collegamento ad un sito esterno.\" href=\"http:\/\/www.tourdurutor.com\/\">Tour du Rutor<\/a>\u00a0\u00bb<\/p>\n<p><a href=\"https:\/\/arvier.eu\/images\/stories\/pagine\/scialpinismo\/Skialp_1H.JPG\"><img loading=\"lazy\" decoding=\"async\" class=\"aligncenter\" title=\"Foto Dujany Andr\u00e9\" src=\"https:\/\/arvier.eu\/images\/stories\/pagine\/scialpinismo\/Skialp_1b.jpg\" alt=\"Skialp 1b\" width=\"400\" height=\"300\" \/><\/a><\/p>\n<p><strong>Sources:<\/strong><\/p>\n<p><strong>&#8211;\u00a0 Pietro Giglio e Emile Noussan, Scialpinismo in Valle d\u2019Aosta, Musumeci Editore, Aosta 1993.<br \/>\n<\/strong><strong>&#8211;\u00a0 Alessandro Mezzavilla e David Pellissier, Orizzonti Bianchi, Martini Multimedia Editore, St Vincent 2004.<\/strong><\/p>\n","protected":false},"excerpt":{"rendered":"<p>BECCA DI TOS 3.302 m DIFFICULT\u00c9 : bon skieur \u2013 crampons utiles D\u00c9NIVEL\u00c9 : 1 903 m TEMPS DE MONT\u00c9E : 5 heures PERIODE CONSEILL\u00c9E : mars \u00e0 mai EXPOSITION : Nord CARTOGRAPHIE : IGC 1:50.<\/p>\n","protected":false},"author":1,"featured_media":0,"parent":7223,"menu_order":1,"comment_status":"closed","ping_status":"closed","template":"","meta":{"footnotes":""},"tags":[],"class_list":["post-7226","page","type-page","status-publish","hentry"],"publishpress_future_action":{"enabled":false,"date":"2026-05-08 06:30:50","action":"change-status","newStatus":"draft","terms":[],"taxonomy":"post_tag","extraData":[]},"publishpress_future_workflow_manual_trigger":{"enabledWorkflows":[]},"_links":{"self":[{"href":"https:\/\/arvier.eu\/fr\/wp-json\/wp\/v2\/pages\/7226","targetHints":{"allow":["GET"]}}],"collection":[{"href":"https:\/\/arvier.eu\/fr\/wp-json\/wp\/v2\/pages"}],"about":[{"href":"https:\/\/arvier.eu\/fr\/wp-json\/wp\/v2\/types\/page"}],"author":[{"embeddable":true,"href":"https:\/\/arvier.eu\/fr\/wp-json\/wp\/v2\/users\/1"}],"replies":[{"embeddable":true,"href":"https:\/\/arvier.eu\/fr\/wp-json\/wp\/v2\/comments?post=7226"}],"version-history":[{"count":0,"href":"https:\/\/arvier.eu\/fr\/wp-json\/wp\/v2\/pages\/7226\/revisions"}],"up":[{"embeddable":true,"href":"https:\/\/arvier.eu\/fr\/wp-json\/wp\/v2\/pages\/7223"}],"wp:attachment":[{"href":"https:\/\/arvier.eu\/fr\/wp-json\/wp\/v2\/media?parent=7226"}],"wp:term":[{"taxonomy":"post_tag","embeddable":true,"href":"https:\/\/arvier.eu\/fr\/wp-json\/wp\/v2\/tags?post=7226"}],"curies":[{"name":"wp","href":"https:\/\/api.w.org\/{rel}","templated":true}]}}