{"id":7262,"date":"2011-11-07T22:34:55","date_gmt":"2011-11-07T21:34:55","guid":{"rendered":"https:\/\/arvier.eu\/castelli\/"},"modified":"2022-03-12T11:45:43","modified_gmt":"2022-03-12T10:45:43","slug":"castelli","status":"publish","type":"page","link":"https:\/\/arvier.eu\/fr\/territorio\/beni-storici-artistici\/castelli\/","title":{"rendered":"Les ch\u00e2teaux\u00a0"},"content":{"rendered":"\n<h3 class=\"wp-block-heading\">CH\u00c2TEAU LA MOTHE (chef-lieu)<\/h3>\n\n\n\n<figure class=\"wp-block-image\"><img decoding=\"async\" src=\"https:\/\/arvier.eu\/images\/stories\/pagine\/Castelli\/La_Mothe_3.jpg\" alt=\"La_Mothe_3\"\/><\/figure>\n\n\n\n<p>Ch\u00e2teau La Mothe \u2013 Photo d\u2019Andrea Vallet<\/p>\n\n\n\n<p>Le ch\u00e2teau La Mothe fut construit vers la fin du&nbsp;<strong>XIIIe si\u00e8cle<\/strong>&nbsp;(1290), sur un \u00e9peron rocheux qui domine le bourg d\u2019Arvier et l\u2019\u00e9glise paroissiale, consacr\u00e9e aux saints Sulpice et Antoine.<br>Ses vestiges encore visibles sont le mur d\u2019enceinte, encore en bon \u00e9tat, une tour, situ\u00e9e du c\u00f4t\u00e9 ouest, un \u00e9difice construit contre celle-ci et une deuxi\u00e8me tour, c\u00f4t\u00e9 sud, dans laquelle se trouvait un escalier.<\/p>\n\n\n\n<p>Une \u00e9tude arch\u00e9ologique effectu\u00e9e r\u00e9cemment a d\u00e9montr\u00e9 que le ch\u00e2teau a \u00e9t\u00e9 r\u00e9am\u00e9nag\u00e9 \u00e0 plusieurs reprises.<\/p>\n\n\n\n<p>Il ne nous reste de la&nbsp;premi\u00e8re p\u00e9riode&nbsp;qu\u2019une grande quantit\u00e9 de bois (dat\u00e9, par dendrochronologie, des ann\u00e9es 1236-1237), qui fut r\u00e9utilis\u00e9 lors des restructurations du ch\u00e2teau.<br>La partie originale de ce b\u00e2timent, qui est encore en bon \u00e9tat, remonte, quant \u00e0 elle, \u00e0 la&nbsp;deuxi\u00e8me p\u00e9riode&nbsp;(XIVe si\u00e8cle).<br>Il s\u2019agit d\u2019une construction r\u00e9sidentielle de quatre \u00e9tages, dot\u00e9s de plusieurs ouvertures et d\u2019un toit entour\u00e9 de cr\u00e9neaux.<br>La&nbsp;troisi\u00e8me p\u00e9riode&nbsp;(XVe si\u00e8cle) fut caract\u00e9ris\u00e9e par la r\u00e9novation et l\u2019\u00e9largissement du mur d\u2019enceinte et par la construction de deux corps de b\u00e2timent, situ\u00e9s \u00e0 l\u2019est de la tour principale, dont les ruines ne permettent pas de d\u00e9terminer la destination.<br>Au cours du XVIe si\u00e8cle&nbsp;(quatri\u00e8me p\u00e9riode), deux nouveaux b\u00e2timents furent construits :<br>\u2013 le premier, un grand bloc central, reliait les deux corps de b\u00e2timent d\u00e9j\u00e0 existants. Cette nouvelle structure destin\u00e9e \u00e0 l\u2019habitation comportait trois \u00e9tages, aux pi\u00e8ces s\u00e9par\u00e9es par des cloisons en bois.&nbsp;<br>&nbsp;Au premier \u00e9tage se trouvent les vestiges d\u2019une chemin\u00e9e d\u2019une grande qualit\u00e9 artistique, ce qui permet de supposer que ces locaux \u00e9taient habit\u00e9s par la noblesse. L\u2019importance de cet \u00e9tage est confirm\u00e9e par le fait que les dimensions de ses sols ont affect\u00e9 celles de la tour du XIVe si\u00e8cle.<br>\u2013 le deuxi\u00e8me b\u00e2timent consiste en une cage d\u2019escalier, appuy\u00e9e au b\u00e2timent principal et comportant \u00e9galement trois \u00e9tages. L\u2019escalier qui se trouvait \u00e0 l\u2019int\u00e9rieur \u00e9tait h\u00e9lico\u00efdal et ses marches en pierre, ins\u00e9r\u00e9es dans le mur p\u00e9rim\u00e9tral, s\u2019appuyaient sur une colonne centrale en ma\u00e7onnerie.<br>Cet escalier reliait les divers \u00e9tages et sa pr\u00e9sence laisse supposer qu\u2019il n\u2019y avait pas de raccordements verticaux \u00e0 l\u2019int\u00e9rieur des autres b\u00e2timents.<\/p>\n\n\n\n<p>C\u2019est \u00e9galement \u00e0 cette \u00e9poque que remontent de nombreux ajouts d\u00e9coratifs et structurels, tels qu\u2019un nouvel \u00e9largissement du mur d\u2019enceinte, la construction d\u2019un nouveau portail caract\u00e9ris\u00e9 par une d\u00e9coration particuli\u00e8rement soign\u00e9e et la r\u00e9alisation, dans la zone destin\u00e9e \u00e0 l\u2019habitation, de quelques fresques ayant pour sujet la nature.<br>Enfin, la&nbsp;cinqui\u00e8me p\u00e9riode, au XIXe si\u00e8cle, est marqu\u00e9e par une nouvelle subdivision des locaux du ch\u00e2teau, partiellement abandonn\u00e9, au moyen de cloisons ou de murs internes, en vue de l\u2019utilisation de ces espaces pour des activit\u00e9s rurales : le rez-de-chauss\u00e9e de la tour fut notamment transform\u00e9 en \u00e9table.<br>Cette transformation rurale a concern\u00e9 essentiellement les locaux du rez-de-chauss\u00e9e et n\u2019a presque pas eu d\u2019influence sur les \u00e9tages sup\u00e9rieurs.<\/p>\n\n\n\n<figure class=\"wp-block-table\"><table><tbody><tr><td><img decoding=\"async\" src=\"https:\/\/arvier.eu\/wp-content\/uploads\/2022\/03\/La_Mothe_int_1b.jpg\" alt=\"\"><a href=\"https:\/\/arvier.eu\/images\/stories\/pagine\/Castelli\/La_Mothe_int_1H.jpg\"><\/a><\/td><td><img decoding=\"async\" src=\"blob:https:\/\/arvier.eu\/16555f89-e465-4e09-8737-e6d97cf38ad0\" alt=\"\"><a href=\"https:\/\/arvier.eu\/images\/stories\/pagine\/Castelli\/La_Mothe_int_2H.jpg\"><\/a><\/td><\/tr><\/tbody><\/table><\/figure>\n\n\n\n<p>Int\u00e9rieur du ch\u00e2teau La Mothe \u2013 Photo d\u2019Andrea Vallet<\/p>\n\n\n\n<p>Au fil des si\u00e8cles, le ch\u00e2teau passa entre les mains de plusieurs familles nobles.<br>Comme les terres qui l\u2019entouraient, il appartenait initialement \u00e0 la famille noble de&nbsp;<strong>Arverio<\/strong>, dont la derni\u00e8re h\u00e9riti\u00e8re \u00e9pousa, au cours de la seconde moiti\u00e9 du XIIIe si\u00e8cle, le noble savoyard&nbsp;<strong>Aymar de La Mothe<\/strong>, dont le ch\u00e2teau prit le nom.<br>Toujours \u00e0 la suite d\u2019un mariage, le ch\u00e2teau passa entre les mains des&nbsp;<strong>seigneurs d\u2019Avise<\/strong>&nbsp;, avant \u2013 \u00e0 partir de la fin du XVIIe si\u00e8cle \u2013 d\u2019\u00eatre tenu en coseigneurie par les familles nobles<strong>&nbsp;Lostan et Sarriod de la Tour<\/strong>, qui le laiss\u00e8rent \u00e0 l\u2019abandon, puisqu\u2019ils n\u2019y habitaient pas et n\u2019y faisaient aucun entretien.<br>\u00c0 l\u2019heure actuelle, le ch\u00e2teau La Mothe appartient \u00e0 la Commune d\u2019Arvier qui, gr\u00e2ce \u00e0 des financements r\u00e9gionaux et europ\u00e9ens, a fait r\u00e9aliser une \u00e9tude arch\u00e9ologique approfondie du b\u00e2timent, dont le toit a \u00e9t\u00e9 reconstruit et les murs consolid\u00e9s. L\u2019aire environnante, \u00e9galement r\u00e9am\u00e9nag\u00e9e, accueille des spectacles musicaux et th\u00e9\u00e2traux durant la belle saison.<br>L\u2019administration communale s\u2019est engag\u00e9e dans un processus de valorisation de cet \u00e9difice, et recherche des financements, afin de mettre en \u0153uvre un projet consistant \u00e0 y installer des activit\u00e9s li\u00e9es au tourisme et \u00e0 l\u2019accueil.<\/p>\n\n\n\n<hr class=\"wp-block-separator\"\/>\n\n\n\n<h3 class=\"wp-block-heading\"><strong><a><\/a>MAISON FORTE DE PLANAVAL \u2013 (Planaval)<\/strong><\/h3>\n\n\n\n<figure class=\"wp-block-image\"><img decoding=\"async\" src=\"https:\/\/arvier.eu\/images\/stories\/pagine\/Castelli\/castello_Planaval.jpg\" alt=\"castello_Planaval\"\/><\/figure>\n\n\n\n<p>&nbsp;Maison forte de Planaval \u2013 Photo de Nathalie Luboz<\/p>\n\n\n\n<p>La maison forte de Planaval est situ\u00e9e sur un \u00e9peron rocheux, \u00e0 1 560 m d\u2019altitude, dans une position strat\u00e9gique qui surplombe la vall\u00e9e et en permet le contr\u00f4le.<br>Elle fut construite au d\u00e9but du XIVe si\u00e8cle \u2013 probablement en&nbsp;<strong>1330<\/strong>&nbsp;\u2013 par<strong>&nbsp;Rodolphe d\u2019Avise<\/strong>, qui \u00e9tait d\u00e9j\u00e0 seigneur de Rochefort et de Montmayeur.<\/p>\n\n\n\n<p>La seigneurie d\u2019Avise, l\u2019une des plus anciennes de la Vall\u00e9e, \u00e9tait tr\u00e8s \u00e9tendue et comprenait \u00e9galement le Valgrisenche qui \u00e9tait \u00e0 l\u2019\u00e9poque, gr\u00e2ce au col du Mont, un passage tr\u00e8s fr\u00e9quent\u00e9 vers la Savoie. Les maisons fortes de Rochefort, qui domine le bourg de Leverogne, de Montmayeur, \u00e0 l\u2019entr\u00e9e du Valgrisenche, et de Planaval, en position centrale, permettaient de contr\u00f4ler les voies commerciales vers la France et d\u2019affirmer la juridiction des seigneurs.<br>\u00c0 ce sujet, il est utile de rappeler certains aspects historiques de cette p\u00e9riode du Moyen-\u00c2ge en Vall\u00e9e d\u2019Aoste. Les comtes de Savoie, dont la r\u00e9sidence habituelle \u00e9tait \u00e0 Chamb\u00e9ry, avaient besoin de repr\u00e9sentants sur leurs territoires. C\u2019est ainsi qu\u2019au cours de la seconde moiti\u00e9 du XIIIe si\u00e8cle, ils cr\u00e9\u00e8rent des&nbsp;<em>bailliages<\/em>&nbsp;sur leurs domaines et qu\u2019ils nomm\u00e8rent un bailli \u00e0 Aoste. Les ch\u00e2telains d\u00e9pendaient administrativement et militairement de ce dernier, qui contr\u00f4lait ainsi toutes les fortifications du bailliage.<br>La construction du ch\u00e2teau de Planaval fit l\u2019objet d\u2019un important contentieux entre Rodolphe d\u2019Avise et le bailli, dont l\u2019issue fut tranch\u00e9e par le comte de Savoie.<br>Voyons maintenant comment Jean-Baptiste de Tillier, appel\u00e9 \u00e0 juste titre \u00ab le p\u00e8re de l\u2019histoire vald\u00f4taine \u00bb, a retrac\u00e9 cette dispute :<\/p>\n\n\n\n<p><em>Apr\u00e8s la mort de Guidonin, Rodolphe son ain\u00e9 se vit, avec ses deux fils Pierre et Humbert, recherch\u00e9 par le bailli d&rsquo;Aoste Pierre de Duing, qui voulait inhiber la construction du ch\u00e2teau de Planaval, celle d&rsquo;un \u00e9tang, soit vivier, &#8230; pr\u00e9tendant que c&rsquo;\u00e9taient l\u00e0 des droits de r\u00e9gale non compris dans l&rsquo;inf\u00e9odation.<\/em><br><em>Le seigneur Rodolphe fut oblig\u00e9 de se d\u00e9fendre par devant les commissaires que le souverain envoya pour ce sujet \u00e0 Aoste. Il n&rsquo;eut pas de peine \u00e0 faire conster de ses droits, au moyen des titres cit\u00e9s ci-dessus et d&rsquo;autres qu&rsquo;il produisit, et \u00e0 obtenir une sentence favorable. C&rsquo;est pourquoi les commissaires, \u00e0 leur retour en Savoie, et sur l&rsquo;avis du Conseil r\u00e9sidant \u00e0 Chamb\u00e9ry, prononc\u00e8rent que le seigneur Rodolphe et ses fils devaient \u00eatre maintenus sans aucun trouble dans l&rsquo;usage de toute la juridiction donc ils \u00e9taient en possessoire, et ce m\u00eame Conseil souverain les y r\u00e9int\u00e9gra et les en r\u00e9investit au non du comte Am\u00e9, suivant la coutume de la Vall\u00e9e d&rsquo;Aoste, moyennant un hommage-lige de quarante-huit sols annuels, outre les tributs et autres devoirs auquels ils \u00e9taient tenus \u00e0 part pour les autres biens qu&rsquo; ils poss\u00e9daient.<\/em><br><em>Cette sentence \u00e9tait dat\u00e9e du vendredi apr\u00e8s la f\u00eate de saint&nbsp; Barnab\u00e9 ap\u00f4tre de l&rsquo;an 1312.<\/em><\/p>\n\n\n\n<p>La maison forte de Planaval est un b\u00e2timent rectangulaire, dont trois c\u00f4t\u00e9s sont d\u2019origine, alors que le mur du c\u00f4t\u00e9 sud, qui \u00e9tait d\u00e9j\u00e0 en ruine au d\u00e9but du XXe si\u00e8cle, a \u00e9t\u00e9 reconstruit, tout comme le toit.<br>L\u2019int\u00e9rieur \u00e9tait autrefois r\u00e9parti en trois grandes salles superpos\u00e9es, s\u00e9par\u00e9es par des cloisons et le b\u00e2timent \u00e9tait couvert d\u2019un toit \u00e0 double pan.<br>L\u2019entr\u00e9e se trouvait sur l\u2019un des deux c\u00f4t\u00e9s longs, \u00e0 la hauteur du premier \u00e9tage. De l\u2019autre c\u00f4t\u00e9, s\u2019ouvrait une porte secondaire, une sorte d\u2019issue de secours qui donnait sur un \u00e9troit sentier surplombant un pr\u00e9cipice.<br>Au XX<sup>e<\/sup>&nbsp;si\u00e8cle, la maison forte a fait l\u2019objet d\u2019importants travaux de r\u00e9novation, qui lui ont conf\u00e9r\u00e9 son aspect actuel, caract\u00e9ris\u00e9 par la juxtaposition de parties en b\u00e9ton arm\u00e9 et de parties originales en ma\u00e7onnerie.<br>Elle appartient actuellement \u00e0 des particuliers.<\/p>\n\n\n\n<hr class=\"wp-block-separator\"\/>\n\n\n\n<h3 class=\"wp-block-heading\"><strong><a><\/a>CH\u00c2TEAU DE MONTMAYEUR \u2013 (Grand-Haury)<\/strong><\/h3>\n\n\n\n<figure class=\"wp-block-image\"><img decoding=\"async\" src=\"https:\/\/arvier.eu\/images\/stories\/pagine\/Castelli\/Montmayeur_2.jpg\" alt=\"Montmayeur_2\"\/><\/figure>\n\n\n\n<p>Ch\u00e2teau de Montmayeur \u2013 Photo d\u2019Andrea Vallet<\/p>\n\n\n\n<p>Fond\u00e9 en 1271 sur les vestiges d\u2019un b\u00e2timent pr\u00e9c\u00e9dent, datant au Xe si\u00e8cle, ce ch\u00e2teau se trouve \u00e0 1150 m\u00e8tres d\u2019altitude, peu apr\u00e8s l\u2019entr\u00e9e du Valgrisenche. L\u2019on peut y acc\u00e9der en suivant un sentier qui part du hameau du Grand-Haury.<br>Comme le laissent supposer ses nombreuses meurtri\u00e8res, sa position \u00e9lev\u00e9e a certainement \u00e9t\u00e9 choisie pour des raisons d\u00e9fensives.<br>Initialement propri\u00e9t\u00e9 des&nbsp;<strong>seigneurs d\u2019Avise<\/strong>, le ch\u00e2teau de Montmayeur donna son nom \u00e0 la branche de cette famille noble qui le poss\u00e9dait.<br>Au d\u00e9but du XIVe si\u00e8cle, il devint la propri\u00e9t\u00e9 directe du comte Am\u00e9d\u00e9e de Savoie, qui le fit partiellement reconstruire, mais la famille d\u2019Avise re\u00e7ut \u00e0 nouveau l\u2019investiture du ch\u00e2teau en 1359.<br>Nous savons que le ch\u00e2teau \u00e9tait encore habit\u00e9 en 1430 mais nous ignorons vers quelle date il fut abandonn\u00e9.<br>De forme presque circulaire, le b\u00e2timent est muni d\u2019un double mur d\u2019enceinte, r\u00e9alis\u00e9 en plusieurs phases et son mur ext\u00e9rieur comprend une tour cylindrique, ainsi qu\u2019une salle destin\u00e9e aux gardes qui surveillaient l\u2019entr\u00e9e situ\u00e9e \u00e0 proximit\u00e9.<br>La tour comporte trois niveaux et son entr\u00e9e est plac\u00e9e \u00e0 la hauteur du deuxi\u00e8me \u00e9tage. \u00c0 c\u00f4t\u00e9 d\u2019elle, se trouvent les vestiges d\u2019un \u00e9difice \u00e0 base rectangulaire, qui y \u00e9tait probablement reli\u00e9.<br>Le ch\u00e2teau de Montmayeur appartient actuellement \u00e0 des particuliers.<\/p>\n\n\n\n<p><strong>La l\u00e9gende de Montmayeur<\/strong><\/p>\n\n\n\n<p><em>En 1450, le comte de Montmayeur, feudataire savoyard, perdit le proc\u00e8s qui l\u2019avait oppos\u00e9 pendant tr\u00e8s longtemps \u00e0 un de ses cousins devant le tribunal de Chamb\u00e9ry, pr\u00e9sid\u00e9 par l\u2019inflexible juge Guy de Feissigny.<\/em><br><em>Quelques jours plus tard, pour se venger de cette d\u00e9faite judiciaire, ce grand seigneur invita le juge \u00e0 d\u00eener en lui faisant croire que, pour faire la paix avec son cousin, il allait organiser une grande f\u00eate avec de nombreux convives. En r\u00e9alit\u00e9, il avait l\u2019intention de lui faire payer sa d\u00e9cision !<\/em><br><em>Quand l\u2019invit\u00e9 arriva chez le comte, il s\u2019aper\u00e7ut qu\u2019ils \u00e9taient seuls tous les deux.<\/em><br><em>Apr\u00e8s un riche d\u00eener, Feissigny fut accompagn\u00e9 dans une salle sombre.<\/em><br><em>Il comprit alors quelles \u00e9taient les vraies intentions du comte : il y avait l\u00e0 un billot couvert d\u2019un drap noir et autour ce celui-ci, des hommes cagoul\u00e9s prirent place.<\/em><br><em>Le comte fit couper la t\u00eate au juge et pla\u00e7a celle-ci dans un sac de jute.<\/em><br><em>Le jour suivant, il alla \u00e0 cheval jusqu\u2019\u00e0 Chamb\u00e9ry avec ce sac sur les \u00e9paules, se pr\u00e9senta au tribunal et dit : \u00ab Je vous apporte le document qui manquait au cours de mon proc\u00e8s ! \u00bb.<\/em><br><em>Apr\u00e8s avoir jet\u00e9 le sac sur la table d\u2019un geste rageur, il sortit du palais de justice et disparut en quelques instants.<\/em><br><em>D\u2019apr\u00e8s la l\u00e9gende, le comte franchit les Alpes et se r\u00e9fugia \u00e0 l\u2019entr\u00e9e du Valgrisenche, o\u00f9 il fit construire le ch\u00e2teau qui porte encore aujourd\u2019hui son nom.<\/em>&nbsp;<\/p>\n\n\n\n<hr class=\"wp-block-separator\"\/>\n\n\n\n<p><strong>BIBLIOGRAPHIE<\/strong>&#8211; E.D. BONA, P. COSTA CALCAGNO, Castelli della Valle d\u2019Aosta, Novara 1979, p. 86- A. ZANOTTO, Castelli valdostani, Quart (AO) 1990, pp. 60-61-62;- G. DE GATTIS, F. BOVET, M. CORTELAZZO, Il castello di La Mothe in comune di Arvier, in BSBAC, Regione Autonoma Valle d\u2019Aosta, n. 3\/2006, Aosta 2007, pp. 134-143;- R.BERTON, Les ch\u00e2teaux du Val d\u2019Aoste, Imprimerie vald\u00f4taine, Aosta 2006, p 20;- AA. VV, \u00ab Planaval \u2013 Histoire, m\u00e9moire et traditions d\u2019une petite communaut\u00e9 \u00bb, edizioni LeCh\u00e2teau, Aosta, 2009Territoire<\/p>\n","protected":false},"excerpt":{"rendered":"<p>CH\u00c2TEAU LA MOTHE (chef-lieu) Ch\u00e2teau La Mothe \u2013 Photo d\u2019Andrea Vallet Le ch\u00e2teau La Mothe fut construit vers la fin du&nbsp;XIIIe si\u00e8cle&nbsp;(1290), sur un \u00e9peron rocheux qui domine le bourg d\u2019Arvier et l\u2019\u00e9glise paroissiale, consacr\u00e9e aux saints Sulpice et Antoine.<\/p>\n","protected":false},"author":1,"featured_media":0,"parent":7386,"menu_order":0,"comment_status":"closed","ping_status":"closed","template":"","meta":{"footnotes":""},"tags":[],"class_list":["post-7262","page","type-page","status-publish","hentry"],"publishpress_future_action":{"enabled":false,"date":"2026-04-24 13:50:41","action":"change-status","newStatus":"draft","terms":[],"taxonomy":"post_tag","extraData":[]},"publishpress_future_workflow_manual_trigger":{"enabledWorkflows":[]},"_links":{"self":[{"href":"https:\/\/arvier.eu\/fr\/wp-json\/wp\/v2\/pages\/7262","targetHints":{"allow":["GET"]}}],"collection":[{"href":"https:\/\/arvier.eu\/fr\/wp-json\/wp\/v2\/pages"}],"about":[{"href":"https:\/\/arvier.eu\/fr\/wp-json\/wp\/v2\/types\/page"}],"author":[{"embeddable":true,"href":"https:\/\/arvier.eu\/fr\/wp-json\/wp\/v2\/users\/1"}],"replies":[{"embeddable":true,"href":"https:\/\/arvier.eu\/fr\/wp-json\/wp\/v2\/comments?post=7262"}],"version-history":[{"count":0,"href":"https:\/\/arvier.eu\/fr\/wp-json\/wp\/v2\/pages\/7262\/revisions"}],"up":[{"embeddable":true,"href":"https:\/\/arvier.eu\/fr\/wp-json\/wp\/v2\/pages\/7386"}],"wp:attachment":[{"href":"https:\/\/arvier.eu\/fr\/wp-json\/wp\/v2\/media?parent=7262"}],"wp:term":[{"taxonomy":"post_tag","embeddable":true,"href":"https:\/\/arvier.eu\/fr\/wp-json\/wp\/v2\/tags?post=7262"}],"curies":[{"name":"wp","href":"https:\/\/api.w.org\/{rel}","templated":true}]}}