{"id":7287,"date":"2012-05-18T08:03:00","date_gmt":"2012-05-18T06:03:00","guid":{"rendered":"https:\/\/arvier.eu\/consorzi-e-consorterie\/cmf-boregne-pileo-leytin\/"},"modified":"2022-03-03T13:44:21","modified_gmt":"2022-03-03T12:44:21","slug":"cmf-boregne-pileo-leytin","status":"publish","type":"page","link":"https:\/\/arvier.eu\/fr\/territorio\/consorzi-e-consorterie\/cmf-boregne-pileo-leytin\/","title":{"rendered":"CMF \u201cBoregne-Pileo-Leytin\u201d"},"content":{"rendered":"\n<figure class=\"wp-block-table is-style-stripes\"><table><tbody><tr><td> <div>Arr\u00eat\u00e9 de reconnaissance<br><\/div><\/td><td> <div>\u00a0\u00a0 Arr\u00eat\u00e9 du Pr\u00e9sident du Gouvernement n\u00b0 188 du 7 mars 1988<\/div> <\/td><\/tr><tr><td>Nombre de membres <\/td><td>\n<div>&nbsp;&nbsp;280<\/div>\n<\/td><\/tr><tr><td>\n<div>Superficie totale comprensorio<\/div>\n<\/td><td>\n<div>&nbsp;&nbsp;2407.85.27 ha<\/div>\n<\/td><\/tr><tr><td> <div>Pr\u00e9sident du consortium<\/div> <\/td><td>\n<div>&nbsp;&nbsp;<strong>Clusaz Andrea<\/strong><\/div>\n<\/td><\/tr><\/tbody><\/table><\/figure>\n\n\n\n<div class=\"wp-block-image is-style-default\"><figure class=\"aligncenter\"><a href=\"https:\/\/arvier.eu\/wp-content\/uploads\/2012\/05\/Pileo_Borgne_Leytin_-_h.jpg\"><img decoding=\"async\" src=\"https:\/\/arvier.eu\/wp-content\/uploads\/2012\/05\/Pileo_Borgne_Leytin_-_b.jpg\" alt=\"Pileo_Borgne_Leytin_-_b\" class=\"wp-image-612\"\/><\/a><\/figure><\/div>\n\n\n\n<p class=\"has-text-align-center\">\u00a0<\/p>\n\n\n\n<p>Les conseils de direction des consortiums, \u00e9tant donn\u00e9 leurs fonctions de coordination et de gestion des installations et des structures de leur ressort, doivent \u00eatre pr\u00e9alablement inform\u00e9s de toute modification\/op\u00e9ration concernant lesdites structures.<\/p>\n\n\n\n<p><strong>Nous demandons donc \u00e0 tous les membres de ne pas ouvrir les sections des rus, de ne pas ouvrir, ni fermer les bassins et\/ou les vannes, ni les regards sans l\u2019autorisation pr\u00e9alable du consortium.<\/strong><\/p>\n\n\n\n<p>Par cons\u00e9quent, quiconque d\u00e9sire effectuer des op\u00e9rations sur les ouvrages du consortium doit contacter pr\u00e9alablement le Bureau des consortiums et des consorteries de l&rsquo;Unit\u00e9s des Communes vald\u00f4taines Grand-Paradis\u00a0<strong>(t\u00e9l\u00e9phone 0165 921807 \u2013 921820).<\/strong><\/p>\n\n\n\n<p class=\"has-text-align-center\"><strong>COMIT\u00c9 DIRECTEUR CMF\u00a0<strong>BOREGNE-PILEO-LEYTIN<\/strong><br>en fonction jusqu\u2019en 2017<\/strong>\u00a0<\/p>\n\n\n\n<figure class=\"wp-block-table is-style-stripes\"><table><tbody><tr><td>CLUSAZ Andrea<\/td><td>PR\u00c9SIDENT<\/td><\/tr><tr><td>RONC Roberto<\/td><td>VICE-PR\u00c9SIDENT<\/td><\/tr><tr><td>ROLLET Eric<\/td><td>CONSEILLER<\/td><\/tr><tr><td>CASETTA Donato<\/td><td>CONSEILLER<\/td><\/tr><tr><td>BOVARD Marco<\/td><td>CONSEILLER<\/td><\/tr><tr><td>BACCHI Valter<\/td><td>CONSEILLER<\/td><\/tr><tr><td>ROLLET Marcello<\/td><td>CONSEILLER<\/td><\/tr><tr><td>VALLET Enrico<\/td><td>REPR\u00c9SENTANT DE LA COMMUNE D\u2019ARVIER<\/td><\/tr><tr><td>SUINO Loris<\/td><td>REPR\u00c9SENTANT DE LA COMMUNE D\u2019INTROD<\/td><\/tr><\/tbody><\/table><\/figure>\n","protected":false},"excerpt":{"rendered":"<p>Arr\u00eat\u00e9 de reconnaissance \u00a0\u00a0 Arr\u00eat\u00e9 du Pr\u00e9sident du Gouvernement n\u00b0 188 du 7 mars 1988 Nombre de membres &nbsp;&nbsp;280 Superficie totale comprensorio &nbsp;&nbsp;2407.<\/p>\n","protected":false},"author":1,"featured_media":0,"parent":7282,"menu_order":1,"comment_status":"closed","ping_status":"closed","template":"","meta":{"footnotes":""},"tags":[],"class_list":["post-7287","page","type-page","status-publish","hentry"],"publishpress_future_action":{"enabled":false,"date":"2026-04-24 13:33:47","action":"change-status","newStatus":"draft","terms":[],"taxonomy":"post_tag","extraData":[]},"publishpress_future_workflow_manual_trigger":{"enabledWorkflows":[]},"_links":{"self":[{"href":"https:\/\/arvier.eu\/fr\/wp-json\/wp\/v2\/pages\/7287","targetHints":{"allow":["GET"]}}],"collection":[{"href":"https:\/\/arvier.eu\/fr\/wp-json\/wp\/v2\/pages"}],"about":[{"href":"https:\/\/arvier.eu\/fr\/wp-json\/wp\/v2\/types\/page"}],"author":[{"embeddable":true,"href":"https:\/\/arvier.eu\/fr\/wp-json\/wp\/v2\/users\/1"}],"replies":[{"embeddable":true,"href":"https:\/\/arvier.eu\/fr\/wp-json\/wp\/v2\/comments?post=7287"}],"version-history":[{"count":0,"href":"https:\/\/arvier.eu\/fr\/wp-json\/wp\/v2\/pages\/7287\/revisions"}],"up":[{"embeddable":true,"href":"https:\/\/arvier.eu\/fr\/wp-json\/wp\/v2\/pages\/7282"}],"wp:attachment":[{"href":"https:\/\/arvier.eu\/fr\/wp-json\/wp\/v2\/media?parent=7287"}],"wp:term":[{"taxonomy":"post_tag","embeddable":true,"href":"https:\/\/arvier.eu\/fr\/wp-json\/wp\/v2\/tags?post=7287"}],"curies":[{"name":"wp","href":"https:\/\/api.w.org\/{rel}","templated":true}]}}