{"id":7290,"date":"2012-05-18T08:03:32","date_gmt":"2012-05-18T06:03:32","guid":{"rendered":"https:\/\/arvier.eu\/consorzi-e-consorterie\/cmf-eaux-sourdes\/"},"modified":"2022-03-03T13:45:51","modified_gmt":"2022-03-03T12:45:51","slug":"cmf-eaux-sourdes","status":"publish","type":"page","link":"https:\/\/arvier.eu\/fr\/territorio\/consorzi-e-consorterie\/cmf-eaux-sourdes\/","title":{"rendered":"CMF \u201cEaux Sourdes\u201d"},"content":{"rendered":"\n<figure class=\"wp-block-table is-style-stripes\"><table><tbody><tr><td> Arr\u00eat\u00e9 de reconnaissance<\/td><td> <div>\u00a0 \u00a0Arr\u00eat\u00e9 du Pr\u00e9sident du Gouvernement n\u00b0 547 du 15 mai 1984<\/div> <\/td><\/tr><tr><td> <div>Nombre de membre<\/div> <\/td><td>\n<div>&nbsp; 269<\/div>\n<\/td><\/tr><tr><td>\n<div>Superficie totale comprensorio<\/div>\n<\/td><td>\n<div>&nbsp; 78.05.39 ha<\/div>\n<\/td><\/tr><tr><td> <div>Pr\u00e9sident du consortium<\/div> <\/td><td>\n<div><strong>&nbsp; Perrier Roberto<\/strong><\/div>\n<\/td><\/tr><\/tbody><\/table><\/figure>\n\n\n\n<div class=\"wp-block-image is-style-default\"><figure class=\"aligncenter\"><a href=\"https:\/\/arvier.eu\/wp-content\/uploads\/2012\/05\/Eaux_Sourdes_-_h.jpg\"><img decoding=\"async\" src=\"https:\/\/arvier.eu\/wp-content\/uploads\/2012\/05\/Eaux_Sourdes_-_b.jpg\" alt=\"Foto aerea con confini CMF Eaux Sourdes\" class=\"wp-image-615\"\/><\/a><\/figure><\/div>\n\n\n\n<p class=\"has-text-align-center\">\u00a0<\/p>\n\n\n\n<p>Les conseils de direction des consortiums, \u00e9tant donn\u00e9 leurs fonctions de coordination et de gestion des installations et des structures de leur ressort, doivent \u00eatre pr\u00e9alablement inform\u00e9s de toute modification\/op\u00e9ration concernant lesdites structures.<\/p>\n\n\n\n<p><strong>Nous demandons donc \u00e0 tous les membres de ne pas ouvrir les sections des rus, de ne pas ouvrir, ni fermer les bassins et\/ou les vannes, ni les regards sans l\u2019autorisation pr\u00e9alable du consortium.<\/strong><\/p>\n\n\n\n<p>Par cons\u00e9quent, quiconque d\u00e9sire effectuer des op\u00e9rations sur les ouvrages du consortium doit contacter pr\u00e9alablement le Bureau des consortiums et des consorteries de l&rsquo;Unit\u00e9s des Communes vald\u00f4taines Grand-Paradis&nbsp;<strong>(t\u00e9l\u00e9phone 0165 921807 \u2013 921820).<\/strong><\/p>\n\n\n\n<p class=\"has-text-align-center\"><strong>COMIT\u00c9 DIRECTEUR CMF EAUX SOURDES<br>en fonction jusqu\u2019en 2017<\/strong><\/p>\n\n\n\n<figure class=\"wp-block-table is-style-stripes\"><table><tbody><tr><td>PERRIER Roberto<\/td><td>PRESIDENTE<\/td><\/tr><tr><td>LUCIANAZ Donato<\/td><td>VICE PRESIDENTE<\/td><\/tr><tr><td>ARMAND Giuseppe<\/td><td>CONSIGLIERE<\/td><\/tr><tr><td>BOVET Giorgio<\/td><td>CONSIGLIERE<\/td><\/tr><tr><td>LANDRA Giuseppe<\/td><td>CONSIGLIERE<\/td><\/tr><tr><td>SPINARDI Matteo<\/td><td>CONSIGLIERE<\/td><\/tr><tr><td>PELLISSIER Thierry<\/td><td>CONSIGLIERE<\/td><\/tr><\/tbody><\/table><\/figure>\n","protected":false},"excerpt":{"rendered":"<p>Arr\u00eat\u00e9 de reconnaissance \u00a0 \u00a0Arr\u00eat\u00e9 du Pr\u00e9sident du Gouvernement n\u00b0 547 du 15 mai 1984 Nombre de membre &nbsp; 269 Superficie totale comprensorio &nbsp; 78.<\/p>\n","protected":false},"author":1,"featured_media":0,"parent":7282,"menu_order":2,"comment_status":"closed","ping_status":"closed","template":"","meta":{"footnotes":""},"tags":[],"class_list":["post-7290","page","type-page","status-publish","hentry"],"publishpress_future_action":{"enabled":false,"date":"2026-04-24 13:58:27","action":"change-status","newStatus":"draft","terms":[],"taxonomy":"post_tag","extraData":[]},"publishpress_future_workflow_manual_trigger":{"enabledWorkflows":[]},"_links":{"self":[{"href":"https:\/\/arvier.eu\/fr\/wp-json\/wp\/v2\/pages\/7290","targetHints":{"allow":["GET"]}}],"collection":[{"href":"https:\/\/arvier.eu\/fr\/wp-json\/wp\/v2\/pages"}],"about":[{"href":"https:\/\/arvier.eu\/fr\/wp-json\/wp\/v2\/types\/page"}],"author":[{"embeddable":true,"href":"https:\/\/arvier.eu\/fr\/wp-json\/wp\/v2\/users\/1"}],"replies":[{"embeddable":true,"href":"https:\/\/arvier.eu\/fr\/wp-json\/wp\/v2\/comments?post=7290"}],"version-history":[{"count":0,"href":"https:\/\/arvier.eu\/fr\/wp-json\/wp\/v2\/pages\/7290\/revisions"}],"up":[{"embeddable":true,"href":"https:\/\/arvier.eu\/fr\/wp-json\/wp\/v2\/pages\/7282"}],"wp:attachment":[{"href":"https:\/\/arvier.eu\/fr\/wp-json\/wp\/v2\/media?parent=7290"}],"wp:term":[{"taxonomy":"post_tag","embeddable":true,"href":"https:\/\/arvier.eu\/fr\/wp-json\/wp\/v2\/tags?post=7290"}],"curies":[{"name":"wp","href":"https:\/\/api.w.org\/{rel}","templated":true}]}}