{"id":7300,"date":"2012-05-26T11:58:59","date_gmt":"2012-05-26T09:58:59","guid":{"rendered":"https:\/\/arvier.eu\/toponimia\/"},"modified":"2022-03-03T13:50:11","modified_gmt":"2022-03-03T12:50:11","slug":"toponimia","status":"publish","type":"page","link":"https:\/\/arvier.eu\/fr\/territorio\/toponimia\/","title":{"rendered":"Toponymie"},"content":{"rendered":"\n<p>Les toponymes, c\u2019est-\u00e0-dire les noms attribu\u00e9s aux lieux au fil des si\u00e8cles, repr\u00e9sentent une source in\u00e9puisable d\u2019informations et une cl\u00e9 de lecture pr\u00e9cieuse du territoire, r\u00e9v\u00e9lant de nombreux d\u00e9tails quant aux personnes qui y ont habit\u00e9 au fil du temps.<\/p>\n\n\n\n<p>La compr\u00e9hension de leur signification n\u2019est pas toujours facile, ni imm\u00e9diate mais, gr\u00e2ce aux anciens documents et \u00e0 l\u2019apport fondamental de la tradition orale, il est possible de faire des d\u00e9couvertes fort int\u00e9ressantes.<\/p>\n\n\n\n<p>Avant d\u2019examiner les toponymes et de les situer dans leur contexte, il est essentiel de proc\u00e9der \u00e0 leur recensement.<\/p>\n\n\n\n<p>Une \u00e9tude syst\u00e9matique visant \u00e0 relever tous les toponymes de la r\u00e9gion, dans leur forme traditionnelle francoproven\u00e7ale, a \u00e9t\u00e9 lanc\u00e9e en 1986 par l\u2019Assessorat de l\u2019instruction publique et r\u00e9alis\u00e9e par le<em>&nbsp;Bureau r\u00e9gional pour l\u2019ethnologie et la linguistique<\/em>&nbsp;(BREL).<\/p>\n\n\n\n<p>Ce recensement avait \u00e9galement pour objectif de conserver la m\u00e9moire de ces noms, souvent li\u00e9s \u00e0 la vie rurale et aux activit\u00e9s agricoles, qui sont destin\u00e9s \u00e0 \u00eatre progressivement oubli\u00e9s.<\/p>\n\n\n\n<p>Pour ce qui est du territoire de la commune d\u2019Arvier, le recensement, effectu\u00e9 par une&nbsp;<em>\u00e9quipe<\/em>&nbsp;soud\u00e9e de quatre&nbsp;<em>Arvel\u00e8n<\/em>, s\u2019est termin\u00e9 en 2000, apr\u00e8s deux ans de travail environ.<\/p>\n\n\n\n<p>De nombreux t\u00e9moins ont \u00e9t\u00e9 interview\u00e9s et 1785 noms de lieux en patois ont \u00e9t\u00e9 recens\u00e9s : ceux-ci vont des noms des hameaux aux noms par lesquels un propri\u00e9taire d\u00e9signe une portion de potager de quelques m\u00e8tres carr\u00e9s !<\/p>\n\n\n\n<p>Les toponymes, parfois encore amplement utilis\u00e9s et parfois \u00ab retrouv\u00e9s \u00bb, ont ensuite \u00e9t\u00e9 transcrits en utilisant la graphie propos\u00e9e par le BREL et ins\u00e9r\u00e9s dans un fichier : pour chacun d\u2019entre eux, l\u2019on a indiqu\u00e9 les coordonn\u00e9es relatives aux plans cadastraux, l\u2019altitude, les caract\u00e9ristiques et la nature du terrain, les variantes et les autres noms en usage, ainsi que l\u2019identit\u00e9 du ou des t\u00e9moins, la signification du nom selon ceux-ci et toutes les autres informations disponibles.<\/p>\n\n\n\n<p>Les toponymes ont ensuite \u00e9t\u00e9 report\u00e9s sur les 61 plans cadastraux du territoire communal.<\/p>\n\n\n\n<p>Les r\u00e9sultats de ce recensement peuvent \u00eatre consult\u00e9s au BREL, y compris sur support informatique.<\/p>\n\n\n\n<p>Cette recherche, les documents d\u2019archives et les publications en mati\u00e8re de toponymie ont \u00e9t\u00e9 utilis\u00e9s pour \u00e9tablir les d\u00e9nominations officielles des villages, des hameaux et des autres localit\u00e9s importantes de la Commune d\u2019Arvier, approuv\u00e9es, aux termes de l\u2019article 2 de la loi r\u00e9gionale n\u00b0 61 du 9 d\u00e9cembre 1976, par l\u2019arr\u00eat\u00e9 du Pr\u00e9sident de la R\u00e9gion n\u00b0 12 du 13 janvier 2011.<\/p>\n\n\n\n<p>\u00c0 cette occasion, c\u2019est la graphie fran\u00e7aise qui a \u00e9t\u00e9 adopt\u00e9e, en tenant compte de la d\u00e9nomination traditionnelle francoproven\u00e7ale.<\/p>\n\n\n\n<p>Les toponymes patois des villages et des quartiers de la Commune sont les suivants :<\/p>\n\n\n\n<figure class=\"wp-block-table\"><table><tbody><tr><td><strong>Arv\u00ec<\/strong><br><strong>La Criha<\/strong><br><strong>La Rou\u00ee<\/strong><br><strong>Levrogne<\/strong><br><strong>Lo Gran T\u00fb<\/strong><br><strong>Lo Pitcho\u00f9 T\u00fb<\/strong><br><strong>Lo Vern\u00e0i<\/strong><br><strong>Mecosse<\/strong><br><strong>Mezepira<\/strong><br><strong>Plan-\u00f3<\/strong><br><strong>Rotsef\u00f4<\/strong><br><strong>Tchu Fourgn\u00ec<\/strong><br><strong>Tchu Ga\u00e8n<\/strong><br><strong>Tchu le Dz\u00e9<\/strong><br><strong>Tchu Modz\u00e8<\/strong><br><strong>Tchu Sage<\/strong><br><strong>Tchu Tomas\u00e8<\/strong><br><strong>Tchu Roz\u00e8<\/strong><br><strong>Tchu Vitch\u00f3n<\/strong><br><strong>Tsam\u00e8n<\/strong><br><strong>Tsam\u00e8ntson<\/strong><\/td><td><a href=\"https:\/\/arvier.eu\/arvier-e-frazioni.html\"><em>Arvier<\/em><\/a><br><a href=\"https:\/\/arvier.eu\/arvier-e-frazioni\/la-crete.html\"><em>La Cr\u00eate<\/em><\/a><br><a href=\"https:\/\/arvier.eu\/arvier-e-frazioni\/la-ravoire.html\"><em>La Ravoire<\/em><\/a><br><a href=\"https:\/\/arvier.eu\/arvier-e-frazioni\/leverogne.html\"><em>Leverogne<\/em><\/a><br><a href=\"https:\/\/arvier.eu\/arvier-e-frazioni\/grand-haury.html\"><em>Le Grand-Haury<\/em><\/a><br><a href=\"https:\/\/arvier.eu\/arvier-e-frazioni\/petit-haury.html\"><em>Le Petit-Haury<\/em><\/a><br><a href=\"https:\/\/arvier.eu\/arvier-e-frazioni\/verney.html\"><em>Le Verney<\/em><\/a><br><a href=\"https:\/\/arvier.eu\/arvier-e-frazioni\/mecosse.html\"><em>Mecosse<\/em><\/a><br><a href=\"https:\/\/arvier.eu\/arvier-e-frazioni\/baisepierre.html\"><em>Baise-Pierre<\/em><\/a><br><a href=\"https:\/\/arvier.eu\/arvier-e-frazioni\/planaval-e-chez-les-roset.html\"><em>Planaval<\/em><\/a><br><a href=\"https:\/\/arvier.eu\/arvier-e-frazioni\/rochefort.html\"><em>Rochefort<\/em><\/a><br><a href=\"https:\/\/arvier.eu\/arvier-e-frazioni\/chez-les-fournier-e-chez-les-moget.html\"><em>Chez-les-Fournier<\/em><\/a><br><a href=\"https:\/\/arvier.eu\/arvier-e-frazioni\/chez-les-garin.html\"><em>Chez-les-Garin<\/em><\/a><br><em>Chez-les-Gex<\/em><br><a href=\"https:\/\/arvier.eu\/arvier-e-frazioni\/chez-les-fournier-e-chez-les-moget.html\"><em>Chez-les-Moget<\/em><\/a><br><em>Chez-les-Sage<\/em><br><em>Chez-les-Thomasset<\/em><br><a href=\"https:\/\/arvier.eu\/arvier-e-frazioni\/planaval-e-chez-les-roset.html\"><em>Chez-les-Roset<\/em><\/a><br><em>Chez-les-Vection<\/em><br><a href=\"https:\/\/arvier.eu\/arvier-e-frazioni\/chamin.html\"><em>Chamin<\/em><\/a><br><a href=\"https:\/\/arvier.eu\/arvier-e-frazioni\/chamencon.html\"><em>Chamen\u00e7on<\/em><\/a><\/td><\/tr><\/tbody><\/table><\/figure>\n","protected":false},"excerpt":{"rendered":"<p>Les toponymes, c\u2019est-\u00e0-dire les noms attribu\u00e9s aux lieux au fil des si\u00e8cles, repr\u00e9sentent une source in\u00e9puisable d\u2019informations et une cl\u00e9 de lecture pr\u00e9cieuse du territoire, r\u00e9v\u00e9lant de nombreux d\u00e9tails quant aux personnes qui y ont habit\u00e9 au fil du temps.<\/p>\n","protected":false},"author":1,"featured_media":0,"parent":7378,"menu_order":8,"comment_status":"closed","ping_status":"closed","template":"","meta":{"footnotes":""},"tags":[],"class_list":["post-7300","page","type-page","status-publish","hentry"],"publishpress_future_action":{"enabled":false,"date":"2026-05-10 06:20:55","action":"change-status","newStatus":"draft","terms":[],"taxonomy":"post_tag","extraData":[]},"publishpress_future_workflow_manual_trigger":{"enabledWorkflows":[]},"_links":{"self":[{"href":"https:\/\/arvier.eu\/fr\/wp-json\/wp\/v2\/pages\/7300","targetHints":{"allow":["GET"]}}],"collection":[{"href":"https:\/\/arvier.eu\/fr\/wp-json\/wp\/v2\/pages"}],"about":[{"href":"https:\/\/arvier.eu\/fr\/wp-json\/wp\/v2\/types\/page"}],"author":[{"embeddable":true,"href":"https:\/\/arvier.eu\/fr\/wp-json\/wp\/v2\/users\/1"}],"replies":[{"embeddable":true,"href":"https:\/\/arvier.eu\/fr\/wp-json\/wp\/v2\/comments?post=7300"}],"version-history":[{"count":0,"href":"https:\/\/arvier.eu\/fr\/wp-json\/wp\/v2\/pages\/7300\/revisions"}],"up":[{"embeddable":true,"href":"https:\/\/arvier.eu\/fr\/wp-json\/wp\/v2\/pages\/7378"}],"wp:attachment":[{"href":"https:\/\/arvier.eu\/fr\/wp-json\/wp\/v2\/media?parent=7300"}],"wp:term":[{"taxonomy":"post_tag","embeddable":true,"href":"https:\/\/arvier.eu\/fr\/wp-json\/wp\/v2\/tags?post=7300"}],"curies":[{"name":"wp","href":"https:\/\/api.w.org\/{rel}","templated":true}]}}