{"id":7309,"date":"2011-12-03T19:52:43","date_gmt":"2011-12-03T18:52:43","guid":{"rendered":"https:\/\/arvier.eu\/corrado-gex-2\/"},"modified":"2022-03-03T13:54:11","modified_gmt":"2022-03-03T12:54:11","slug":"corrado-gex-2","status":"publish","type":"page","link":"https:\/\/arvier.eu\/fr\/enfants-du-pays\/corrado-gex-2\/","title":{"rendered":"Corrado Gex"},"content":{"rendered":"\n<h4 class=\"wp-block-heading\"><strong>CORRADO GEX (1932-1966)<\/strong><\/h4>\n\n\n\n<figure class=\"wp-block-table aligncenter is-style-stripes\"><table><tbody><tr><td class=\"has-text-align-center\" data-align=\"center\"><img loading=\"lazy\" decoding=\"async\" class=\" size-full wp-image-563\" style=\"border: 1px solid #000000;\" src=\"https:\/\/arvier.eu\/wp-content\/uploads\/2011\/12\/Gex.jpg\" alt=\"Gex\" width=\"146\" height=\"223\"><\/td><td class=\"has-text-align-center\" data-align=\"center\"><img loading=\"lazy\" decoding=\"async\" class=\" size-full wp-image-564\" style=\"border: 1px solid #000000;\" src=\"https:\/\/arvier.eu\/wp-content\/uploads\/2011\/12\/Gex_bis.jpg\" alt=\"Gex_bis\" width=\"225\" height=\"225\"><\/td><\/tr><\/tbody><\/table><\/figure>\n\n\n\n<p>UN ENFANT DU PAYS : Corrado Gex<br>Texte de Patrizia Morelli, tir\u00e9 de \u00ab Planaval \u2013 Histoire, m\u00e9moire et traditions d\u2019une petite communaut\u00e9 \u00bb, \u00e9ditions LeCh\u00e2teau, Aoste, 2009<\/p>\n\n\n\n<p>\u00ab Corrado Gex \u00e9tait quelqu\u2019un qui se donnait la peine de traverser la rue pour venir vous saluer \u00bb : cette image du jeune d\u00e9put\u00e9 qui, malgr\u00e9 son succ\u00e8s politique pr\u00e9coce, avait su garder intactes la fra\u00eecheur et la spontan\u00e9it\u00e9 des rapports humains avec ses concitoyens &#8211; \u00e9voqu\u00e9e par un vieil Arvelein -, d\u00e9peint parfaitement le caract\u00e8re ouvert de Corrado Gex et l\u2019attachement qu\u2019il avait pour son village natal.<br>Il \u00e9tait n\u00e9 \u00e0 Leverogne, dans la commune d\u2019Arvier, le 12 avril 1932. Son p\u00e8re, Lucien, \u00e9tait secr\u00e9taire communal et sa m\u00e8re, Anita Coccoz, originaire de La Salle, travaillait \u00e0 la commune.<br>Corrado fr\u00e9quenta l\u2019\u00e9cole \u00e9l\u00e9mentaire de Leverogne, un grand b\u00e2timent \u00e0 la sortie du village o\u00f9 les classes \u00e9taient bien plus nombreuses que de nos jours. Il \u00e9tait brillant \u00e9l\u00e8ve et ses camarades de l\u2019\u00e9poque se souviennent de lui comme d\u2019un enfant vif, toujours pr\u00eat \u00e0 entra\u00eener les autres ou \u00e0 se faire embarquer dans des aventures inspir\u00e9es des prouesses de Sandokan, le h\u00e9ros de leur enfance.<br>Ses parents, bien qu\u2019issus de familles paysannes, avaient fait des \u00e9tudes sup\u00e9rieures et surent transmettre \u00e0 leur enfant une grande ouverture d\u2019esprit.<br>En 1947, la famille Gex s\u2019\u00e9tablit \u00e0 Aoste, o\u00f9 Corrado commen\u00e7a \u00e0 fr\u00e9quenter le lyc\u00e9e. Une ancienne camarade de classe se souvient du sourire rayonnant de sympathie de Corrado et de lui qui jouait quelques notes avec le frustap\u00f2.<br>Le changement de domicile n\u2019\u00e9loigna pas Corrado de son village, au contraire, il renfor\u00e7a ses liens avec ses origines, surtout avec Planaval, hameau o\u00f9 se niche la maison paternelle sur la porte d\u2019entr\u00e9e de laquelle il avait inscrit la phrase \u00ab M\u00e9ison l\u2019a \u00e0 nom t\u00f6rna \u00bb.<br>\u00c9tudiant universitaire \u00e0 Turin, Corrado se r\u00e9fugiait \u00e0 Planaval pour pr\u00e9parer ses examens et il \u00e9tait fr\u00e9quent de le voir assis sur un rocher aux pieds du ch\u00e2teau, plong\u00e9 dans ses livres.<br>En 1957, il obtint sa licence en droit avec mention et d\u00e9cida de s\u2019adonner \u00e0 une de ses grandes passions : la politique. \u00c0 l\u2019\u00e2ge de 27 ans, il fut \u00e9lu parmi les premiers au Conseil de la Vall\u00e9e et fut aussit\u00f4t nomm\u00e9 assesseur \u00e0 l\u2019Instruction Publique ; il se distingua par son esprit novateur.<br>On lui doit la distribution gratuite des livres \u00e0 tous les \u00e9l\u00e8ves des \u00e9coles \u00e9l\u00e9mentaires, ainsi que la fondation de l\u2019Institut Professionnel R\u00e9gional et du Coll\u00e8ge d\u2019Etudes F\u00e9d\u00e9ralistes.<br>Il d\u00e9missionna en 1963, pour occuper la charge de d\u00e9put\u00e9 de la Vall\u00e9e d\u2019Aoste au Parlement italien, o\u00f9 il fut \u00e9lu par une coalition qui regroupait les forces de gauche et l\u2019Union Vald\u00f4taine.<\/p>\n\n\n\n<p>(\u2026)<\/p>\n\n\n\n<p>F\u00e9d\u00e9raliste convaincu, il travailla inlassablement \u00e0 la cr\u00e9ation d\u2019une Europe f\u00e9d\u00e9rale au sein de laquelle la Vall\u00e9e d\u2019Aoste devait s\u2019int\u00e9grer afin de sauvegarder son identit\u00e9 et son particularisme.<br>Il \u00e9tait aussi passionn\u00e9 de sport et aimait les sports de montagne et l\u2019aviation l\u00e9g\u00e8re en particulier.<br>Ce fut justement son grand amour pour le vol en montagne &#8211; qui lui avait valu la premi\u00e8re autorisation \u00e0 atterrir sur un glacier &#8211; qui le conduisit \u00e0 la mort, le 25 avril 1966. Son Pilatus Porter s\u2019\u00e9crasa pr\u00e8s de Castelnuovo di Ceva.<br>Avec le d\u00e9put\u00e9 vald\u00f4tain, les sept autres passagers du petit avion trouv\u00e8rent la mort et la Vall\u00e9e d\u2019Aoste toute enti\u00e8re fut touch\u00e9e par ce deuil.<br>Corrado Gex a l\u00e9gu\u00e9 \u00e0 la Vall\u00e9e d\u2019Aoste un patrimoine d\u2019actions et d\u2019id\u00e9es, un h\u00e9ritage constitu\u00e9 \u00e0 la fois de modernit\u00e9 et d\u2019attachement aux traditions, de passion pour la technologie et d\u2019amour pour les lettres et la po\u00e9sie.<\/p>\n\n\n\n<p>Voil\u00e0 un petit po\u00e8me qui t\u00e9moigne du lien qui unissait Corrado Gex \u00e0 sa terre :<\/p>\n\n\n\n<p><strong>Le cr\u00e9puscule du soir<\/strong><\/p>\n\n\n\n<p>Le vatze sont dza embou\u00e9ite<br>Le tci\u00e9vr\u00e0i i boi<br>Genie hoccalle pe la llioi<\/p>\n\n\n\n<p>L\u2019ombra ian su de ders\u00f2<br>L\u2019eue i toran torne cli\u00e9a<br>Le m\u00e9inou dz\u00f2ion i bie, i botci\u00f4n de la bi\u00e9a.<\/p>\n\n\n\n<p>Lo sol\u00e0i beuche eunc\u00f4 su le becque<br>M\u00e9i l\u2019est dza quase i\u00e0<br>Et on sent de tceu c\u00f4t\u00e9 que s\u2019approtze lo na.<\/p>\n\n\n\n<p>Mon c\u0153ur houi l\u2019est tristo et dze penso:<br>L\u2019est-\u00ec, comme semble, lo veullazdo d\u2019eun cou<br>La via, l\u2019amour, lo mondo di ten de nohre vioux ?<\/p>\n\n\n\n<p><strong>Corrado di Dz\u00e9i<\/strong><\/p>\n\n\n\n<p class=\"has-text-align-center\"><span style=\"font-size: 10pt;\"><strong>Resoconto serata&nbsp; \u00ab\u00a0En souvenir de Corrado Gex\u00a0\u00bb del 18-11-16<\/strong><\/span><\/p>\n\n\n\n<div class=\"wp-block-image is-style-default\"><figure class=\"aligncenter\"><img decoding=\"async\" src=\"https:\/\/arvier.eu\/wp-content\/uploads\/2011\/12\/CorradoGex.png\" alt=\"CorradoGex\" class=\"wp-image-565\"\/><\/figure><\/div>\n\n\n\n<p class=\"has-text-align-center\"><\/p>\n\n\n\n<p>Sono stati i ricordi i protagonisti della serata \u201cEn souvenir de Corrado Gex\u201d, tenutasi presso la sala polivalente venerd\u00ec 18 novembre, con grande partecipazione di pubblico.<br>A completamento delle celebrazioni del mese di aprile la serata \u00e8 stata pensata dall\u2019Amministrazione comunale al fine di ricordare la figura del giovane deputato di Arvier al di fuori dell\u2019ufficialit\u00e0, dando la parola a chi l\u2019ha frequentato, a chi ha collaborato con lui durante i sui incarichi pubblici e a chi ha condiviso interessi e passioni.<\/p>\n\n\n\n<p>Primo a prendere la parola \u00e8 stato Louis Martin, suo stretto collaboratore nella segreteria dell\u2019Assessorato all\u2019Istruzione pubblica; a partire dal loro primo incontro, avvenuto nel 1948, presso la libreria Gex di via della Stazione ad Aosta, Martin ha tracciato, con dovizia di particolari, tutto il percorso politico ed amministrativo di Corrado Gex, dall\u2019elezione al Consiglio regionale nel 1959, all\u2019et\u00e0 di 27 anni, alla nomina alla carica di Assessore, sino alla sua elezione alla Camera dei Deputati nel 1963, terminando con il ricordo del loro ultimo incontro, pochi giorni prima della sua prematura scomparsa.<br>Joseph C\u00e9sar Perrin ha, invece, ricordato la loro comune frequentazione alla Jeunesse Vald\u00f4taine, alla met\u00e0 degli anni Cinquanta, la visione innovativa nel mondo della scuola del giovanissimo Assessore ed, infine, la sua tragica morte.<br>Degli anni del liceo e dell\u2019Universit\u00e0 a Torino ha parlato Andrea Paillex, che ha, inoltre, ricordato la frequentazione di entrambi al Cercle de la culture vald\u00f4taine, diretto da Monsignor Joseph Brean.<br>Il Senatore Cesare Dujany si \u00e8, invece, soffermato sugli ideali di Corrado Gex e sulla sua azione politica in un periodo complesso, quale quello degli anni Sessanta, sottolineando la lungimiranza e la caratura del personaggio politico.<br>Di vivace intelligenza, di umilt\u00e0, ma anche di grande eleganza e di educazione, ha parlato Ma\u00eft\u00e9 Genevoix, gi\u00e0 Capo Ufficio Stampa della Regione, ricordando alcuni episodi significativi e simpatici.<br>Lilly Breuv\u00e9 ha, invece, ricordato l\u2019entusiasmo e la passione che Corrado metteva in tutto ci\u00f2 che faceva, definendolo \u201cun uomo avanti con i tempi\u201d, sempre con il sorriso e con la voglia di vivere in velocit\u00e0.<br>La passione per il volo, gli atterraggi sui ghiacciai, le operazioni di soccorso e di rifornimento ai rifugi, oltre le giornate passate insieme, sono stati il filo conduttore dell\u2019intervento del pilota Cesare Balbis.<br>In conclusione di serata, sono intervenuti gli amici di Corrado, Gianni Torrione e Renzo Roux, presenti nel pubblico, che hanno saputo trasmettere con grande emozione i loro ricordi di giovent\u00f9.<\/p>\n","protected":false},"excerpt":{"rendered":"<p>CORRADO GEX (1932-1966) UN ENFANT DU PAYS : Corrado GexTexte de Patrizia Morelli, tir\u00e9 de \u00ab Planaval \u2013 Histoire, m\u00e9moire et traditions d\u2019une petite communaut\u00e9 \u00bb, \u00e9ditions LeCh\u00e2teau, Aoste, 2009 \u00ab Corrado Gex \u00e9tait quelqu\u2019un qui se donnait la peine de traverser la rue pour venir vous saluer \u00bb : cette image du jeune d\u00e9put\u00e9 qui, malgr\u00e9 son succ\u00e8s politique pr\u00e9coce, avait su garder intactes la fra\u00eecheur et la spontan\u00e9it\u00e9 des rapports humains avec ses concitoyens &#8211; \u00e9voqu\u00e9e par un vieil Arvelein -, d\u00e9peint parfaitement le caract\u00e8re ouvert de Corrado Gex et l\u2019attachement qu\u2019il avait pour son village natal.<\/p>\n","protected":false},"author":1,"featured_media":0,"parent":7385,"menu_order":2,"comment_status":"closed","ping_status":"closed","template":"","meta":{"footnotes":""},"tags":[],"class_list":["post-7309","page","type-page","status-publish","hentry"],"publishpress_future_action":{"enabled":false,"date":"2026-05-09 15:39:21","action":"change-status","newStatus":"draft","terms":[],"taxonomy":"post_tag","extraData":[]},"publishpress_future_workflow_manual_trigger":{"enabledWorkflows":[]},"_links":{"self":[{"href":"https:\/\/arvier.eu\/fr\/wp-json\/wp\/v2\/pages\/7309","targetHints":{"allow":["GET"]}}],"collection":[{"href":"https:\/\/arvier.eu\/fr\/wp-json\/wp\/v2\/pages"}],"about":[{"href":"https:\/\/arvier.eu\/fr\/wp-json\/wp\/v2\/types\/page"}],"author":[{"embeddable":true,"href":"https:\/\/arvier.eu\/fr\/wp-json\/wp\/v2\/users\/1"}],"replies":[{"embeddable":true,"href":"https:\/\/arvier.eu\/fr\/wp-json\/wp\/v2\/comments?post=7309"}],"version-history":[{"count":0,"href":"https:\/\/arvier.eu\/fr\/wp-json\/wp\/v2\/pages\/7309\/revisions"}],"up":[{"embeddable":true,"href":"https:\/\/arvier.eu\/fr\/wp-json\/wp\/v2\/pages\/7385"}],"wp:attachment":[{"href":"https:\/\/arvier.eu\/fr\/wp-json\/wp\/v2\/media?parent=7309"}],"wp:term":[{"taxonomy":"post_tag","embeddable":true,"href":"https:\/\/arvier.eu\/fr\/wp-json\/wp\/v2\/tags?post=7309"}],"curies":[{"name":"wp","href":"https:\/\/api.w.org\/{rel}","templated":true}]}}