{"id":7313,"date":"2011-12-03T19:53:24","date_gmt":"2011-12-03T18:53:24","guid":{"rendered":"https:\/\/arvier.eu\/jean-francois-ferrod\/"},"modified":"2022-08-25T15:47:38","modified_gmt":"2022-08-25T13:47:38","slug":"jean-francois-ferrod","status":"publish","type":"page","link":"https:\/\/arvier.eu\/fr\/enfants-du-pays\/jean-francois-ferrod\/","title":{"rendered":"Jean-Fran\u00e7ois Ferrod"},"content":{"rendered":"\n<h4 class=\"wp-block-heading\"><strong>JEAN-FRAN\u00c7OIS FERROD (1662-1730)<\/strong><\/h4>\n\n\n\n<p>Jean-Fran\u00e7ois Ferrod na\u00eet \u00e0 Arvier, en 1662.<br>Malgr\u00e9 ses origines modestes, gr\u00e2ce \u00e0 sa force de volont\u00e9, il obtient une ma\u00eetrise en droit \u00e0 l\u2019universit\u00e9 de Turin en 1688. <br>Pendant l\u2019invasion de l\u2019arm\u00e9e fran\u00e7aise de 1691, il est pris en otage et ce n\u2019est qu\u2019\u00e0 son retour qu\u2019il commence \u00e0 exercer la profession d\u2019avocat. <br>Encore pauvre, il \u00e9pouse la fille d\u2019un coll\u00e8gue : Maria Clara Brunel. <br>Durant les ann\u00e9es qui suivent, il ach\u00e8te et exploite avec succ\u00e8s les mines de cuivre d\u2019Ollomont, en soci\u00e9t\u00e9 avec le baron de Quart, Perron de Saint- Martin. En 1700, il loue pour neuf ans \u00e0 l\u2019\u00e9v\u00eaque d\u2019Aoste toutes les mines de cuivre et de plomb de la vall\u00e9e de Cogne. En outre, il se lance dans l\u2019entreprise des fournitures militaires, activit\u00e9 que se r\u00e9v\u00e8le tr\u00e8s rentable et lui permet d\u2019acqu\u00e9rir plusieurs domaines dans le Pi\u00e9mont et en Savoie. <br>Ambitieux et capable, en octobre 1704, il est nomm\u00e9 Intendant d\u00e9put\u00e9 des Etats de Savoie et, gr\u00e2ce aux revenus de ses activit\u00e9s, il ach\u00e8te de nombreux autres fiefs. <br>En 1708, il devient le propri\u00e9taire du ch\u00e2teau de Sarre et en modifie radicalement la structure, qui date de 1242. <br>Au fil des ann\u00e9es, le baron Ferrod finit par crouler sous les dettes, \u00e0 cause d\u2019op\u00e9rations financi\u00e8res malheureuses et de son train de vie excessif, \u00e0 tel point qu\u2019en 1722, il est emprisonn\u00e9 \u00e0 Turin, avant que le roi Victor-Am\u00e9d\u00e9e II ne le fasse transf\u00e9rer \u00e0 Bard, o\u00f9 il meurt, en proie \u00e0 la folie, le 1er novembre 1730.<br>A cause d\u2019une hypoth\u00e8que, le ch\u00e2teau de Sarre retourne dans les mains de ses pr\u00e9c\u00e9dents propri\u00e9taires et, en 1869, il est vendu au roi d\u2019Italie Victor-Emmanuel II qui en fait sa r\u00e9serve de chasse. <br>Plus r\u00e9cemment, le ch\u00e2teau a \u00e9t\u00e9 habit\u00e9 par les princes du Pi\u00e9mont Humbert et Marie-Jos\u00e9e, pendant leurs vacances. <br>Depuis 1989, il appartient \u00e0 la R\u00e9gion autonome Vall\u00e9e d\u2019Aoste.<\/p>\n\n\n\n<p>&nbsp;<\/p>\n","protected":false},"excerpt":{"rendered":"<p>JEAN-FRAN\u00c7OIS FERROD (1662-1730) Jean-Fran\u00e7ois Ferrod na\u00eet \u00e0 Arvier, en 1662.<\/p>\n","protected":false},"author":1,"featured_media":0,"parent":7385,"menu_order":0,"comment_status":"closed","ping_status":"closed","template":"","meta":{"footnotes":""},"tags":[],"class_list":["post-7313","page","type-page","status-publish","hentry"],"publishpress_future_action":{"enabled":false,"date":"2026-04-25 10:45:45","action":"change-status","newStatus":"draft","terms":[],"taxonomy":"post_tag","extraData":[]},"publishpress_future_workflow_manual_trigger":{"enabledWorkflows":[]},"_links":{"self":[{"href":"https:\/\/arvier.eu\/fr\/wp-json\/wp\/v2\/pages\/7313","targetHints":{"allow":["GET"]}}],"collection":[{"href":"https:\/\/arvier.eu\/fr\/wp-json\/wp\/v2\/pages"}],"about":[{"href":"https:\/\/arvier.eu\/fr\/wp-json\/wp\/v2\/types\/page"}],"author":[{"embeddable":true,"href":"https:\/\/arvier.eu\/fr\/wp-json\/wp\/v2\/users\/1"}],"replies":[{"embeddable":true,"href":"https:\/\/arvier.eu\/fr\/wp-json\/wp\/v2\/comments?post=7313"}],"version-history":[{"count":0,"href":"https:\/\/arvier.eu\/fr\/wp-json\/wp\/v2\/pages\/7313\/revisions"}],"up":[{"embeddable":true,"href":"https:\/\/arvier.eu\/fr\/wp-json\/wp\/v2\/pages\/7385"}],"wp:attachment":[{"href":"https:\/\/arvier.eu\/fr\/wp-json\/wp\/v2\/media?parent=7313"}],"wp:term":[{"taxonomy":"post_tag","embeddable":true,"href":"https:\/\/arvier.eu\/fr\/wp-json\/wp\/v2\/tags?post=7313"}],"curies":[{"name":"wp","href":"https:\/\/api.w.org\/{rel}","templated":true}]}}