{"id":7329,"date":"2011-01-06T18:43:13","date_gmt":"2011-01-06T17:43:13","guid":{"rendered":"https:\/\/arvier.eu\/uffici-comunali\/tributi\/"},"modified":"2022-03-03T18:16:25","modified_gmt":"2022-03-03T17:16:25","slug":"tributi","status":"publish","type":"page","link":"https:\/\/arvier.eu\/fr\/uffici-comunali\/tributi\/","title":{"rendered":"Taxes"},"content":{"rendered":"\n<figure class=\"wp-block-table is-style-stripes\"><table><tbody><tr><td>Responsable du service<\/td><td><strong>Mauro RAVASENGA<\/strong><\/td><\/tr><tr><td>R\u00e9f\u00e9rent du service<\/td><td><strong>Patrizia GALLO<\/strong><\/td><\/tr><tr><td>Courriel<\/td><td><strong>tributi@comune.arvier.ao.it<\/strong><\/td><\/tr><tr><td>Telefono<\/td><td><strong>0165.929828<\/strong><\/td><\/tr><tr><td>Fax<\/td><td><strong>0165.929003<\/strong><\/td><\/tr><\/tbody><\/table><\/figure>\n\n\n\n<figure class=\"wp-block-table\"><table><tbody><tr><td>Horaire<\/td><td> <div>Lundi<\/div><br><div>Mardi<\/div> <div>Mercredi<\/div> <div>Jeudi<\/div> <div>Vendredi<\/div> <\/td><td>\n<div>8:00 &#8211; 12:00&nbsp; 14:00 &#8211; 17:00<\/div>\n<div>8:00 &#8211; 12:00<\/div>\n<div>8:00 &#8211; 12:00<\/div>\n<div>8:00 &#8211; 12:00&nbsp; 14:00 &#8211; 17:00<\/div>\n<div>8:00 &#8211; 12:00<\/div>\n<\/td><\/tr><\/tbody><\/table><\/figure>\n\n\n\n<p>Ce service est charg\u00e9 des activit\u00e9s li\u00e9es \u00e0 l\u2019application des taxes et des imp\u00f4ts communaux, ainsi que des autorisations relatives au commerce s\u00e9dentaire et au commerce ambulant, de m\u00eame que des t\u00e2ches relatives \u00e0 la police administrative.<\/p>\n\n\n\n<p>Les attributions du service en mati\u00e8re d\u2019imp\u00f4ts comportent la d\u00e9termination des personnes imposables et de l\u2019assiette de l\u2019imp\u00f4t, la d\u00e9finition et l\u2019\u00e9tablissement du montant y aff\u00e9rent, le contr\u00f4le des d\u00e9clarations, l\u2019\u00e9tablissement des listes de d\u00e9biteurs et\/ou des listes pour l\u2019envoi des avis de paiement, ainsi que le contr\u00f4le de l\u2019application des imp\u00f4ts et le recouvrement forc\u00e9.<\/p>\n\n\n\n<p>Le bureau comp\u00e9tent g\u00e8re les rapports avec les contribuables : il fournit des renseignements, examine la position des int\u00e9ress\u00e9s et traite les contestations, variations, cessations, etc. ; il peut \u00e9galement donner des \u00e9claircissements et des conseils relativement aux avis de paiement des taxes et imp\u00f4ts communaux.<br>Il s\u2019occupe \u00e9galement de l&rsquo;application des dispositions l\u00e9gislatives relatives aux activit\u00e9s commerciales, tant s\u00e9dentaires que sur la place publique, et est comp\u00e9tent en mati\u00e8re de modalit\u00e9s de ventes extraordinaires, d&rsquo;indication et de bonne exposition des prix sur la marchandise mise en vente, d\u2019horaire des commerces et de jours de fermeture de ces derniers, ainsi que de contr\u00f4les relatifs au d\u00e9but et \u00e0 la cessation de toute activit\u00e9 commerciale.<br>Enfin, c\u2019est \u00e0 ce bureau que reviennent les comp\u00e9tences en mati\u00e8re de police administrative : r\u00e9glementation des activit\u00e9s sujettes \u00e0 licence ou autorisation, ainsi que d\u00e9livrance des permis y aff\u00e9rents et application de sanctions administratives en cas d\u2019infraction. Activit\u00e9s soumises aux r\u00e8gles de la police administrative : agences d\u2019affaires, installation de machines de jeu, soci\u00e9t\u00e9 de gestion d\u2019ascenseurs, de monte-charge et de plateformes \u00e9l\u00e9vatrices, de salles de bal et de jeu, spectacles ambulants et petits divertissements publics.<\/p>\n\n\n\n<h2 class=\"wp-block-heading\">Comp\u00e9tences et services fournis<\/h2>\n\n\n\n<p>Taxes\/imp\u00f4ts :<br>\u25aa \u00c9laboration des avis de paiement TARSU<br>\u25aa TARSU et ICI : constatation et traitement du contentieux<br>\u25aa \u00c9laboration des d\u00e9cisions relatives aux remboursements TARSU et ICI, ainsi que calcul des int\u00e9r\u00eats<br>\u25aa Rapports avec le contribuable (informations, \u00e9tude de la position de ce dernier, contestations, variations, cessations, etc., \u00e9claircissements et conseils relativement aux avis de paiement des taxes et imp\u00f4ts communaux)<\/p>\n\n\n\n<p>Commerce :<br>\u25aa Communication d\u2019ouverture\/de reprise en sous-main et de cessation d\u2019activit\u00e9s commerciales sur espace priv\u00e9<br>\u25aa Autorisation d\u2019ouverture\/de reprise en sous-main et de cessation d\u2019activit\u00e9 commerciale et d\u2019\u00e9tablissement public accueillant des spectacles (bar, restaurant, auberge, discoth\u00e8que, etc.)<br>\u25aa Communication relative \u00e0 une op\u00e9ration de vente extraordinaire pour liquidation et soldes<br>\u25aa Autorisation au commerce sur un espace public et occupation de places de stationnement pour un march\u00e9<br>\u25aa Autorisation sanitaire pour activit\u00e9s commerciales et artisanales<br>\u25aa Autorisation \u00e0 l&rsquo;exercice de la profession de barbier, coiffeur, esth\u00e9ticien\/ne et tatoueur<br>\u25aa Autorisation \u00e0 l\u2019organisation de f\u00eates, foires, et de manifestations \u00e0 caract\u00e8re gastronomique ou public<br>\u25aa Autorisation au spectacle itin\u00e9rant<br>\u25aa Autorisations \u00e0 l\u2019installation et \u00e0 la gestion d\u2019ascenseurs<br>\u25aa Autorisations la location de v\u00e9hicules avec ou sans chauffeur \u2013 taxi<br>\u25aa Proc\u00e9dures administratives relatives aux stations service \u2013 distribution de carburant pour v\u00e9hicules<\/p>\n","protected":false},"excerpt":{"rendered":"<p>Responsable du service Mauro RAVASENGA R\u00e9f\u00e9rent du service Patrizia GALLO Courriel tributi@comune.<\/p>\n","protected":false},"author":1,"featured_media":0,"parent":7091,"menu_order":7,"comment_status":"closed","ping_status":"closed","template":"","meta":{"footnotes":""},"tags":[],"class_list":["post-7329","page","type-page","status-publish","hentry"],"publishpress_future_action":{"enabled":false,"date":"2026-04-28 10:48:17","action":"change-status","newStatus":"draft","terms":[],"taxonomy":"post_tag","extraData":[]},"publishpress_future_workflow_manual_trigger":{"enabledWorkflows":[]},"_links":{"self":[{"href":"https:\/\/arvier.eu\/fr\/wp-json\/wp\/v2\/pages\/7329","targetHints":{"allow":["GET"]}}],"collection":[{"href":"https:\/\/arvier.eu\/fr\/wp-json\/wp\/v2\/pages"}],"about":[{"href":"https:\/\/arvier.eu\/fr\/wp-json\/wp\/v2\/types\/page"}],"author":[{"embeddable":true,"href":"https:\/\/arvier.eu\/fr\/wp-json\/wp\/v2\/users\/1"}],"replies":[{"embeddable":true,"href":"https:\/\/arvier.eu\/fr\/wp-json\/wp\/v2\/comments?post=7329"}],"version-history":[{"count":0,"href":"https:\/\/arvier.eu\/fr\/wp-json\/wp\/v2\/pages\/7329\/revisions"}],"up":[{"embeddable":true,"href":"https:\/\/arvier.eu\/fr\/wp-json\/wp\/v2\/pages\/7091"}],"wp:attachment":[{"href":"https:\/\/arvier.eu\/fr\/wp-json\/wp\/v2\/media?parent=7329"}],"wp:term":[{"taxonomy":"post_tag","embeddable":true,"href":"https:\/\/arvier.eu\/fr\/wp-json\/wp\/v2\/tags?post=7329"}],"curies":[{"name":"wp","href":"https:\/\/api.w.org\/{rel}","templated":true}]}}