{"id":7414,"date":"2011-01-25T13:50:19","date_gmt":"2011-01-25T12:50:19","guid":{"rendered":"https:\/\/arvier.eu\/associazioni\/sezione-caccia\/"},"modified":"2022-03-12T11:58:35","modified_gmt":"2022-03-12T10:58:35","slug":"chasse-section-darvier","status":"publish","type":"page","link":"https:\/\/arvier.eu\/fr\/associazioni\/chasse-section-darvier\/","title":{"rendered":"Chasse section d&rsquo;Arvier"},"content":{"rendered":"<div style=\"text-align: center;\"><img loading=\"lazy\" decoding=\"async\" class=\" size-full wp-image-550\" src=\"https:\/\/arvier.eu\/wp-content\/uploads\/2011\/01\/logo_caccia.gif\" alt=\"logo_caccia\" width=\"130\" height=\"130\"><\/div>\n<p>La&nbsp;<strong>section d\u2019Arvier<\/strong>, qui fait partie de la circonscription cyn\u00e9g\u00e9tique n\u00b0 2 du Grand Paradis, est n\u00e9e dans les ann\u00e9es 1950 et regroupe environ quarante chasseurs.<br \/>\nLa&nbsp;<strong>direction de la section<\/strong>&nbsp;se compose de&nbsp;<strong>neuf<\/strong>&nbsp;membres, \u00e9lus par l\u2019Assembl\u00e9e g\u00e9n\u00e9rale des chasseurs, qui exercent leurs fonctions pendant cinq ann\u00e9es et peuvent \u00eatre r\u00e9\u00e9lus.<\/p>\n<p>Les sections communales (voir la&nbsp;<a class=\"external-link\" title=\"Questo \u00e8 un collegamento ad un sito esterno.\" href=\"http:\/\/www.consiglio.regione.vda.it\/banche_dati\/leggi_regolamenti\/dettaglio_i.asp?tipo=L&amp;numero_legge=64%2F94&amp;versione=V\">loi r\u00e9gionale n\u00b0 64 du 27 ao\u00fbt 1994<\/a>, ortant mesures de protection et de gestion de la faune sauvage et r\u00e9glementation de la chasse) sont charg\u00e9s de :<br \/>\n&#8211; \u00e9lire les repr\u00e9sentants de la circonscription selon les modalit\u00e9s \u00e9tablies par le Comit\u00e9 r\u00e9gional de la gestion de la chasse ;<br \/>\n&#8211; proposer au Comit\u00e9 r\u00e9gional de la gestion de la chasse toutes mesures jug\u00e9es n\u00e9cessaires pour am\u00e9liorer la gestion de la chasse et pour prot\u00e9ger et accro\u00eetre le patrimoine faunistique r\u00e9gional ;<br \/>\n&#8211; immatriculer les chasseurs ;<br \/>\n&#8211; r\u00e9aliser concr\u00e8tement les programmes annuels sur le territoire relevant de leurs comp\u00e9tences ;<br \/>\n&#8211; administrer les fonds de la section ;<br \/>\n&#8211; proposer au Comit\u00e9 de la chasse les mesures n\u00e9cessaires \u00e0 prot\u00e9ger et accro\u00eetre le patrimoine faunistique du territoire relevant de leurs comp\u00e9tences ;<br \/>\n&#8211; signaler au Comit\u00e9 de la chasse les \u00e9ventuels manquements de la part des gardes pr\u00e9pos\u00e9s \u00e0 la surveillance de la chasse, sur le territoire de la r\u00e9serve r\u00e9gionale, ainsi que des r\u00e9serves priv\u00e9es.<\/p>\n<p>Pour plus d\u2019informations :<\/p>\n<p><strong>Ars\u00e8ne Riblan (presidente)<\/strong>: 349.66.54.967<\/p>\n<p><strong>Si\u00e8ge :<\/strong>&nbsp;l\u2019ancienne biblioth\u00e8que (\u00e0 c\u00f4t\u00e9 de la banque), rue Corrado Gex.<\/p>\n<p>Comit\u00e9 r\u00e9gional de la gestion de la chasse :<br \/>\n24, avenue des Lanciers d&rsquo;Aoste &#8211; 11100 AOSTE<br \/>\nSite:&nbsp;<a class=\"external-link\" href=\"http:\/\/www.comitatovenatorio.vda.it\/\">www.comitatovenatorio.vda.it<br \/>\n<\/a>T\u00e9l. +39 0165 35660<\/p>\n","protected":false},"excerpt":{"rendered":"<p>La&nbsp;section d\u2019Arvier, qui fait partie de la circonscription cyn\u00e9g\u00e9tique n\u00b0 2 du Grand Paradis, est n\u00e9e dans les ann\u00e9es 1950 et regroupe environ quarante chasseurs.<\/p>\n","protected":false},"author":1,"featured_media":0,"parent":7375,"menu_order":8,"comment_status":"closed","ping_status":"closed","template":"","meta":{"footnotes":""},"tags":[],"class_list":["post-7414","page","type-page","status-publish","hentry"],"publishpress_future_action":{"enabled":false,"date":"2026-04-25 10:45:54","action":"change-status","newStatus":"draft","terms":[],"taxonomy":"post_tag","extraData":[]},"publishpress_future_workflow_manual_trigger":{"enabledWorkflows":[]},"_links":{"self":[{"href":"https:\/\/arvier.eu\/fr\/wp-json\/wp\/v2\/pages\/7414","targetHints":{"allow":["GET"]}}],"collection":[{"href":"https:\/\/arvier.eu\/fr\/wp-json\/wp\/v2\/pages"}],"about":[{"href":"https:\/\/arvier.eu\/fr\/wp-json\/wp\/v2\/types\/page"}],"author":[{"embeddable":true,"href":"https:\/\/arvier.eu\/fr\/wp-json\/wp\/v2\/users\/1"}],"replies":[{"embeddable":true,"href":"https:\/\/arvier.eu\/fr\/wp-json\/wp\/v2\/comments?post=7414"}],"version-history":[{"count":0,"href":"https:\/\/arvier.eu\/fr\/wp-json\/wp\/v2\/pages\/7414\/revisions"}],"up":[{"embeddable":true,"href":"https:\/\/arvier.eu\/fr\/wp-json\/wp\/v2\/pages\/7375"}],"wp:attachment":[{"href":"https:\/\/arvier.eu\/fr\/wp-json\/wp\/v2\/media?parent=7414"}],"wp:term":[{"taxonomy":"post_tag","embeddable":true,"href":"https:\/\/arvier.eu\/fr\/wp-json\/wp\/v2\/tags?post=7414"}],"curies":[{"name":"wp","href":"https:\/\/api.w.org\/{rel}","templated":true}]}}